{"id":17308,"date":"2022-06-21T15:45:36","date_gmt":"2022-06-21T13:45:36","guid":{"rendered":"https:\/\/metropolevsech.eu\/?page_id=17308"},"modified":"2023-04-15T14:16:22","modified_gmt":"2023-04-15T12:16:22","slug":"knihovny","status":"publish","type":"page","link":"https:\/\/metropolevsech.eu\/vi\/o-nas\/dobra-praxe-vzdelavani-pracovniku\/knihovny\/","title":{"rendered":"(\u010ce\u0161tina) Knihovny, domy d\u011bt\u00ed a ml\u00e1de\u017ee a galerie"},"content":{"rendered":"<p class=\"qtranxs-available-languages-message qtranxs-available-languages-message-vi\">R\u1ea5t ti\u1ebfc, m\u1ee5c n\u00e0y ch\u1ec9 t\u1ed3n t\u1ea1i \u1edf <a href=\"https:\/\/metropolevsech.eu\/cs\/wp-json\/wp\/v2\/pages\/17308\" class=\"qtranxs-available-language-link qtranxs-available-language-link-cs\" title=\"\u010ce\u0161tina\">Ti\u1ebfng S\u00e9c<\/a>.<\/p>","protected":false},"excerpt":{"rendered":"<p>R\u1ea5t ti\u1ebfc, m\u1ee5c n\u00e0y ch\u1ec9 t\u1ed3n t\u1ea1i \u1edf Ti\u1ebfng S\u00e9c.<\/p>\n<a class=\"more-block\" href=\"https:\/\/metropolevsech.eu\/vi\/o-nas\/dobra-praxe-vzdelavani-pracovniku\/knihovny\/\">\u0110\u1ecdc th\u00eam<\/a>","protected":false},"author":12,"featured_media":0,"parent":17161,"menu_order":2,"comment_status":"closed","ping_status":"closed","template":"","meta":[],"acf":[],"_links":{"self":[{"href":"https:\/\/metropolevsech.eu\/vi\/wp-json\/wp\/v2\/pages\/17308"}],"collection":[{"href":"https:\/\/metropolevsech.eu\/vi\/wp-json\/wp\/v2\/pages"}],"about":[{"href":"https:\/\/metropolevsech.eu\/vi\/wp-json\/wp\/v2\/types\/page"}],"author":[{"embeddable":true,"href":"https:\/\/metropolevsech.eu\/vi\/wp-json\/wp\/v2\/users\/12"}],"replies":[{"embeddable":true,"href":"https:\/\/metropolevsech.eu\/vi\/wp-json\/wp\/v2\/comments?post=17308"}],"version-history":[{"count":10,"href":"https:\/\/metropolevsech.eu\/vi\/wp-json\/wp\/v2\/pages\/17308\/revisions"}],"predecessor-version":[{"id":18927,"href":"https:\/\/metropolevsech.eu\/vi\/wp-json\/wp\/v2\/pages\/17308\/revisions\/18927"}],"up":[{"embeddable":true,"href":"https:\/\/metropolevsech.eu\/vi\/wp-json\/wp\/v2\/pages\/17161"}],"wp:attachment":[{"href":"https:\/\/metropolevsech.eu\/vi\/wp-json\/wp\/v2\/media?parent=17308"}],"curies":[{"name":"wp","href":"https:\/\/api.w.org\/{rel}","templated":true}]}}