{"id":17534,"date":"2022-08-02T22:14:18","date_gmt":"2022-08-02T20:14:18","guid":{"rendered":"https:\/\/metropolevsech.eu\/?page_id=17534"},"modified":"2024-12-16T21:22:53","modified_gmt":"2024-12-16T20:22:53","slug":"zahranicni-spoluprace","status":"publish","type":"page","link":"https:\/\/metropolevsech.eu\/vi\/o-nas\/projekty-a-spoluprace-s-hmp\/zahranicni-spoluprace\/","title":{"rendered":"(\u010ce\u0161tina) Zahrani\u010dn\u00ed spolupr\u00e1ce"},"content":{"rendered":"<p class=\"qtranxs-available-languages-message qtranxs-available-languages-message-vi\">R\u1ea5t ti\u1ebfc, m\u1ee5c n\u00e0y ch\u1ec9 t\u1ed3n t\u1ea1i \u1edf <a href=\"https:\/\/metropolevsech.eu\/cs\/wp-json\/wp\/v2\/pages\/17534\" class=\"qtranxs-available-language-link qtranxs-available-language-link-cs\" title=\"\u010ce\u0161tina\">Ti\u1ebfng S\u00e9c<\/a>.<\/p>","protected":false},"excerpt":{"rendered":"<p>R\u1ea5t ti\u1ebfc, m\u1ee5c n\u00e0y ch\u1ec9 t\u1ed3n t\u1ea1i \u1edf Ti\u1ebfng S\u00e9c.<\/p>\n<a class=\"more-block\" href=\"https:\/\/metropolevsech.eu\/vi\/o-nas\/projekty-a-spoluprace-s-hmp\/zahranicni-spoluprace\/\">\u0110\u1ecdc th\u00eam<\/a>","protected":false},"author":12,"featured_media":0,"parent":17505,"menu_order":1,"comment_status":"closed","ping_status":"closed","template":"","meta":[],"acf":[],"_links":{"self":[{"href":"https:\/\/metropolevsech.eu\/vi\/wp-json\/wp\/v2\/pages\/17534"}],"collection":[{"href":"https:\/\/metropolevsech.eu\/vi\/wp-json\/wp\/v2\/pages"}],"about":[{"href":"https:\/\/metropolevsech.eu\/vi\/wp-json\/wp\/v2\/types\/page"}],"author":[{"embeddable":true,"href":"https:\/\/metropolevsech.eu\/vi\/wp-json\/wp\/v2\/users\/12"}],"replies":[{"embeddable":true,"href":"https:\/\/metropolevsech.eu\/vi\/wp-json\/wp\/v2\/comments?post=17534"}],"version-history":[{"count":6,"href":"https:\/\/metropolevsech.eu\/vi\/wp-json\/wp\/v2\/pages\/17534\/revisions"}],"predecessor-version":[{"id":21353,"href":"https:\/\/metropolevsech.eu\/vi\/wp-json\/wp\/v2\/pages\/17534\/revisions\/21353"}],"up":[{"embeddable":true,"href":"https:\/\/metropolevsech.eu\/vi\/wp-json\/wp\/v2\/pages\/17505"}],"wp:attachment":[{"href":"https:\/\/metropolevsech.eu\/vi\/wp-json\/wp\/v2\/media?parent=17534"}],"curies":[{"name":"wp","href":"https:\/\/api.w.org\/{rel}","templated":true}]}}