{"id":18202,"date":"2022-12-08T21:12:36","date_gmt":"2022-12-08T20:12:36","guid":{"rendered":"https:\/\/metropolevsech.eu\/?page_id=18202"},"modified":"2025-11-11T11:33:48","modified_gmt":"2025-11-11T10:33:48","slug":"jak-propagovat-vase-aktivity","status":"publish","type":"page","link":"https:\/\/metropolevsech.eu\/vi\/o-nas\/projekty-a-spoluprace-s-hmp\/jak-propagovat-vase-aktivity\/","title":{"rendered":"L\u00e0m th\u1ebf n\u00e0o \u0111\u1ec3 qu\u1ea3ng b\u00e1 c\u00e1c ho\u1ea1t \u0111\u1ed9ng c\u1ee7a qu\u00ed v\u1ecb"},"content":{"rendered":"<p><img loading=\"lazy\" class=\"alignright size-full wp-image-18252\" src=\"https:\/\/metropolevsech.eu\/wp-content\/uploads\/2022\/12\/mhmpmockup.png\" alt=\"\" width=\"1200\" height=\"630\" srcset=\"https:\/\/metropolevsech.eu\/wp-content\/uploads\/2022\/12\/mhmpmockup.png 1200w, https:\/\/metropolevsech.eu\/wp-content\/uploads\/2022\/12\/mhmpmockup-300x158.png 300w, https:\/\/metropolevsech.eu\/wp-content\/uploads\/2022\/12\/mhmpmockup-1040x546.png 1040w, https:\/\/metropolevsech.eu\/wp-content\/uploads\/2022\/12\/mhmpmockup-768x403.png 768w, https:\/\/metropolevsech.eu\/wp-content\/uploads\/2022\/12\/mhmpmockup-670x352.png 670w\" sizes=\"(max-width: 1200px) 100vw, 1200px\" \/><span style=\"font-weight: 400;\">\u00a0nevl\u00e1dn\u00ed neziskov\u00e1 organizace, migrantsk\u00fd spolek, pra\u017esk\u00e1 m\u011bstsk\u00e1 \u010d\u00e1st nebo ve\u0159ejn\u00e1 instituce (nap\u0159. \u0161kola, DDM \u010di knihovna) a cht\u011bli byste propagovat sv\u00e9 nekomer\u010dn\u00ed aktivity <\/span><\/p>\n<p><span style=\"font-weight: 400;\">L\u00e0 m\u1ed9t t\u1ed5 ch\u1ee9c phi l\u1ee3i nhu\u1eadn phi ch\u00ednh ph\u1ee7, m\u1ed9t hi\u1ec7p h\u1ed9i c\u1ee7a ng\u01b0\u1eddi di c\u01b0, m\u1ed9t qu\u1eadn c\u1ee7a th\u00e0nh ph\u1ed1 Praha ho\u1eb7c m\u1ed9t t\u1ed5 ch\u1ee9c c\u00f4ng c\u1ed9ng (v\u00ed d\u1ee5: tr\u01b0\u1eddng h\u1ecdc, Cung v\u0103n ho\u00e1 thi\u1ebfu nhi ho\u1eb7c th\u01b0 vi\u1ec7n) v\u00e0 qu\u00ed v\u1ecb mu\u1ed1n qu\u1ea3ng b\u00e1 c\u00e1c ho\u1ea1t \u0111\u1ed9ng phi th\u01b0\u01a1ng m\u1ea1i c\u1ee7a m\u00ecnh ho\u1eb7c b\u1ea5t k\u1ef3 th\u00f4ng tin n\u00e0o kh\u00e1c v\u1ec1 ho\u1ea1t \u0111\u1ed9ng c\u1ee7a m\u00ecnh (vd: ch\u01b0\u01a1ng tr\u00ecnh h\u00e0ng th\u00e1ng c\u1ee7a trung t\u00e2m, k\u1ebft qu\u1ea3 d\u1ef1 \u00e1n, s\u1ed5 h\u01b0\u1edbng d\u1eabn, ph\u00e2n t\u00edch ) tr\u00ean website v\u00e0 Facebook Th\u1ee7 \u0111\u00f4 c\u1ee7a m\u1ecdi ng\u01b0\u1eddi? Qu\u00ed v\u1ecb c\u00f3 th\u1ec3 chu\u1ea9n b\u1ecb m\u1ed9t b\u00e0i vi\u1ebft ng\u1eafn \u0111\u1ec3 ch\u00fang t\u00f4i \u0111\u0103ng l\u00ean trang web ch\u00ednh trong ph\u1ea7n <\/span><a href=\"https:\/\/metropolevsech.eu\/vi\/news\/\"><span style=\"font-weight: 400;\">Tin t\u1ee9c<\/span><\/a><span style=\"font-weight: 400;\"> ho\u1eb7c <\/span><a href=\"https:\/\/metropolevsech.eu\/vi\/events\/\"><span style=\"font-weight: 400;\">S\u1ef1 ki\u1ec7n<\/span><\/a><span style=\"font-weight: 400;\">. N\u1ebfu qu\u00fd v\u1ecb c\u00f3 m\u1ed9t cu\u1ed9c ph\u1ecfng v\u1ea5n th\u00fa v\u1ecb ho\u1eb7c m\u1ed9t c\u00e2u chuy\u1ec7n \u0111\u1ea7y c\u1ea3m h\u1ee9ng v\u1ec1 ng\u01b0\u1eddi n\u01b0\u1edbc ngo\u00e0i s\u1ed1ng \u1edf Praha, ch\u00fang t\u00f4i s\u1ebd s\u1eb5n l\u00f2ng chia s\u1ebb c\u00e2u chuy\u1ec7n trong m\u1ee5c <\/span><a href=\"https:\/\/metropolevsech.eu\/vi\/expats\/\"><span style=\"font-weight: 400;\">Ng\u01b0\u1eddi n\u01b0\u1edbc ngo\u00e0i \u1edf Praha<\/span><\/a><span style=\"font-weight: 400;\">.<\/span><\/p>\n<p><span style=\"font-weight: 400;\">C\u00e1c b\u00e0i vi\u1ebft \u0111\u00f3ng g\u00f3p g\u1eedi \u0111\u1ebfn \u0111\u1ecba ch\u1ec9 email: <\/span><a href=\"http:\/\/integrace@praha.eu.\/\"><span style=\"font-weight: 400;\">integrace@praha.eu.<\/span><\/a><\/p>\n<p><span style=\"font-weight: 400;\">D\u01b0\u1edbi \u0111\u00e2y l\u00e0 m\u1ed9t s\u1ed1 m\u1eb9o v\u1ec1 c\u00e1ch t\u1ea1o b\u00e0i \u0111\u0103ng<\/span><\/p>\n<p><b>H\u01b0\u1edbng d\u1eabn c\u01a1 b\u1ea3n v\u1ec1 d\u1ea1ng b\u00e0i vi\u1ebft \u0111\u01b0\u1ee3c \u0111\u0103ng tr\u00ean trang<\/b> <b>web<\/b><\/p>\n<ul>\n<li style=\"font-weight: 400;\" aria-level=\"1\"><span style=\"font-weight: 400;\">Vi\u1ebft v\u1ec1 t\u1ed5 ch\u1ee9c c\u1ee7a q\u00fai v\u1ecb \u1edf <\/span><b>\u0111\u1ea1i t\u1eeb nh\u00e2n x\u01b0ng ng\u00f4i th\u1ee9 ba<\/b><span style=\"font-weight: 400;\"> (v\u00ed d\u1ee5: InB\u00e1ze, z.s. cung c\u1ea5p c\u00e1c kh\u00f3a h\u1ecdc ti\u1ebfng S\u00e9c cho tr\u1ebb em v\u00e0 ng\u01b0\u1eddi l\u1edbn&#8230;).<\/span><\/li>\n<li style=\"font-weight: 400;\" aria-level=\"1\"><span style=\"font-weight: 400;\">B\u00e0i vi\u1ebft ph\u1ea3i <\/span><b>d\u1ec5 hi\u1ec3u c\u1ea3 cho ng\u01b0\u1eddi n\u01b0\u1edbc ngo\u00e0i<\/b><span style=\"font-weight: 400;\">, do \u0111\u00f3 kh\u00f4ng s\u1eed d\u1ee5ng c\u00e1c t\u1eeb vi\u1ebft t\u1eaft kh\u00f4ng x\u00e1c \u0111\u1ecbnh ho\u1eb7c c\u00e1c c\u1ee5m t\u1eeb c\u1ee5 th\u1ec3 m\u00e0 kh\u00f4ng c\u00f3 gi\u1ea3i th\u00edch ho\u1eb7c ng\u1eef c\u1ea3nh (v\u00ed d\u1ee5: m\u00f9a \u0111\u00f4ng c\u1ee7a Lada :-)).<\/span><\/li>\n<li style=\"font-weight: 400;\" aria-level=\"1\"><span style=\"font-weight: 400;\">T\u1ed1t nh\u1ea5t l\u00e0 <\/span><b>g\u1eedi b\u00e0i vi\u1ebft 2 \u0111\u1ebfn 3 tu\u1ea7n tr\u01b0\u1edbc khi<\/b> <b>s\u1ef1 ki\u1ec7n b\u1eaft \u0111\u1ea7u<\/b><span style=\"font-weight: 400;\"> \u2013 c\u00e1c b\u00e0i vi\u1ebft \u0111\u01b0\u1ee3c d\u1ecbch sang ti\u1ebfng Anh, ti\u1ebfng Nga, ti\u1ebfng Ukraina v\u00e0 ti\u1ebfng Vi\u1ec7t, do \u0111\u00f3 c\u1ea7n c\u00f3 \u0111\u1ee7 th\u1eddi gian \u0111\u1ec3 c\u00f4ng b\u1ed1 th\u00f4ng tin b\u1eb1ng t\u1ea5t c\u1ea3 c\u00e1c ng\u00f4n ng\u1eef.<\/span><\/li>\n<li style=\"font-weight: 400;\" aria-level=\"1\"><b>H\u00e3y<\/b> <b>\u0111\u00ednh k\u00e8m h\u00ecnh \u1ea3nh, \u00e1p ph\u00edch ho\u1eb7c c\u00e1c t\u00e0i li\u1ec7u kh\u00e1c \u0111\u1ec3 \u0111\u0103ng t\u1ea3i.<\/b><span style=\"font-weight: 400;\"> K\u00edch th\u01b0\u1edbc t\u1ec7p t\u1ed1i \u0111a l\u00e0 2MB.<\/span><\/li>\n<\/ul>\n<p><span style=\"font-weight: 400;\">N\u1ebfu q\u00fai v\u1ecb \u0111\u00e3 c\u00f3 s\u1eb5n c\u00e1c b\u00e0i vi\u1ebft b\u1eb1ng c\u00e1c ng\u00f4n ng\u1eef kh\u00e1c xin vui l\u00f2ng g\u1eedi lu\u00f4n cho ch\u00fang t\u00f4i. Ch\u00fang t\u00f4i c\u0169ng d\u1ecbch th\u00f4ng tin tr\u00ean \u00e1p ph\u00edch n\u1ebfu t\u1ea5t c\u1ea3 c\u00e1c th\u00f4ng tin kh\u00f4ng c\u00f3 trong b\u00e0i vi\u1ebft v\u1ec1 s\u1ef1 ki\u1ec7n<\/span><\/p>\n<p><span style=\"font-weight: 400;\">V\u00ed d\u1ee5, <\/span><b>TIN T\u1ee8C<\/b><span style=\"font-weight: 400;\"> nh\u1eb1m m\u1ee5c \u0111\u00edch th\u00f4ng b\u00e1o v\u1ec1:<\/span><\/p>\n<ul>\n<li style=\"font-weight: 400;\" aria-level=\"1\"><span style=\"font-weight: 400;\">nh\u1eefng thay \u0111\u1ed5i quan tr\u1ecdng, c\u00e1c ho\u1ea1t \u0111\u1ed9ng d\u00e0i h\u1ea1n ho\u1eb7c c\u00e1c tin t\u1ee9c m\u1edbi v\u1ec1 ho\u1ea1t \u0111\u1ed9ng c\u1ee7a c\u00e1c t\u1ed5 ch\u1ee9c phi ch\u00ednh ph\u1ee7 phi l\u1ee3i nhu\u1eadn (v\u00ed d\u1ee5: d\u1ecbch v\u1ee5 m\u1edbi, d\u1ef1 \u00e1n), u\u1ef7 ban, v.v.,<\/span><\/li>\n<li style=\"font-weight: 400;\" aria-level=\"1\"><span style=\"font-weight: 400;\">c\u00e1c kh\u00f3a h\u1ecdc \u0111\u01b0\u1ee3c cung c\u1ea5p,<\/span><\/li>\n<li style=\"font-weight: 400;\" aria-level=\"1\"><span style=\"font-weight: 400;\">c\u00e1c cu\u1ed9c thi v\u00e0 ho\u1ea1t \u0111\u1ed9ng kh\u00f4ng ch\u1ec9 di\u1ec5n ra trong m\u1ed9t ng\u00e0y m\u00e0 c\u00f3 t\u00ednh ch\u1ea5t \u0111\u1ec1u \u0111\u1eb7n (v\u00ed d\u1ee5: ch\u01b0\u01a1ng tr\u00ecnh ho\u1ea1t \u0111\u1ed9ng c\u1ee7a c\u00e1c t\u1ed5 ch\u1ee9c phi ch\u00ednh ph\u1ee7, phi l\u1ee3i nhu\u1eadn trong th\u00e1ng nh\u1ea5t \u0111\u1ecbnh, c\u00e1c ho\u1ea1t \u0111\u1ed9ng \u0111\u1ecbnh k\u1ef3 \u2013 c\u00e1c bu\u1ed5i thuy\u1ebft gi\u1ea3ng, h\u1ed9i th\u1ea3o, v.v.).<\/span><\/li>\n<\/ul>\n<p><b>L\u00e0m th\u1ebf n\u00e0o \u0111\u1ec3 t\u1ea1o m\u1ed9t b\u00e0i \u0111\u0103ng trong ph\u1ea7n TIN T\u1ee8C?<\/b><\/p>\n<p><span style=\"font-weight: 400;\"><div class=\"box-ok\"><\/span><\/p>\n<p><b>Ti\u00eau \u0111\u1ec1 ng\u1eafn<\/b><\/p>\n<p><span style=\"font-weight: 400;\">B\u00e0i vi\u1ebft ph\u1ea7n tin t\u1ee9c <\/span><b>kh\u00f4ng d\u00e0i<\/b> <b>qu\u00e1 n\u1eeda trang<\/b><\/p>\n<p><span style=\"font-weight: 400;\">Li\u00ean k\u1ebft v\u1edbi <\/span><b>trang web, Facebook, c\u00e1c m\u1ea1ng x\u00e3 h\u1ed9i kh\u00e1c<\/b><span style=\"font-weight: 400;\"> (&#8220;\u0110\u1ec3 bi\u1ebft th\u00eam th\u00f4ng tin h\u00e3y truy c\u1eadp v\u00e0o&#8230;&#8221;)<\/span><\/p>\n<p><span style=\"font-weight: 400;\"><div class=\"box-ok\"><\/div><\/span><\/p>\n<p><b>S\u1ef0 KI\u1ec6N<\/b><span style=\"font-weight: 400;\"> nh\u1eb1m m\u1ee5c \u0111\u00edch, v\u00ed d\u1ee5, \u0111\u1ec3 th\u00f4ng b\u00e1o v\u1ec1 <\/span><b>c\u00e1c ho\u1ea1t \u0111\u1ed9ng m\u1ed9t l\u1ea7n c\u1ee7a t\u1ed5 ch\u1ee9c phi ch\u00ednh ph\u1ee7, phi l\u1ee3i nhu\u1eadn, th\u00e0nh ph\u1ed1 v\u00e0 c\u00e1c t\u1ed5 ch\u1ee9c kh\u00e1c, li\u00ean quan \u0111\u1ebfn m\u1ed9t ng\u00e0y c\u1ee5 th\u1ec3 ho\u1eb7c trong kho\u1ea3ng th\u1eddi gian ng\u1eafn <\/b><span style=\"font-weight: 400;\">(l\u1ec5 h\u1ed9i, tham quan d\u00e3 ngo\u1ea1i, thuy\u1ebft gi\u1ea3ng v\u00e0 h\u1ed9i th\u1ea3o m\u1ed9t l\u1ea7n, c\u00e1c s\u1ef1 ki\u1ec7n v\u0103n h\u00f3a, gi\u1ea3i tr\u00ed v\u00e0 th\u1ec3 thao n\u00f3i chung).<\/span><\/p>\n<p><b>L\u00e0m th\u1ebf n\u00e0o \u0111\u1ec3 t\u1ea1o m\u1ed9t<\/b> <b>b\u00e0i \u0111\u0103ng trong ph\u1ea7n S\u1ef0 KI\u1ec6N?<\/b><\/p>\n<p><b>Ti\u00eau \u0111\u1ec1 ng\u1eafn<\/b><\/p>\n<p><span style=\"font-weight: 400;\">M\u00f4 t\u1ea3 s\u1ef1 ki\u1ec7n trong ph\u1ea1m vi <\/span><b>t\u1ed1i \u0111a n\u1eeda trang<\/b><span style=\"font-weight: 400;\">. H\u00e3y nh\u1edb <\/span><b>bao g\u1ed3m:<\/b><\/p>\n<ul>\n<li style=\"font-weight: 400;\" aria-level=\"1\"><span style=\"font-weight: 400;\">\u2014 T\u00ean s\u1ef1 ki\u1ec7n, n\u1ed9i dung<\/span><\/li>\n<li style=\"font-weight: 400;\" aria-level=\"1\"><span style=\"font-weight: 400;\">\u2014 Di\u1ec5n ra khi n\u00e0o v\u00e0 \u1edf \u0111\u00e2u<\/span><\/li>\n<li style=\"font-weight: 400;\" aria-level=\"1\"><span style=\"font-weight: 400;\">\u2014 D\u00e0nh cho ai<\/span><\/li>\n<li style=\"font-weight: 400;\" aria-level=\"1\"><span style=\"font-weight: 400;\">\u2014 Th\u00f4ng tin v\u1ec1 l\u1ec7 ph\u00ed v\u00e0o c\u1eeda ho\u1eb7c v\u00e0o c\u1eeda mi\u1ec5n ph\u00ed<\/span><\/li>\n<li style=\"font-weight: 400;\" aria-level=\"1\"><span style=\"font-weight: 400;\">\u2014 C\u00f3 c\u1ea7n \u0111\u0103ng nh\u1eadp\/\u0111\u0103ng k\u00fd tr\u01b0\u1edbc hay kh\u00f4ng \u2013 \u0111\u00ednh k\u00e8m li\u00ean k\u1ebft \u0111\u1ebfn m\u1eabu \u0111\u0103ng k\u00fd ho\u1eb7c ng\u01b0\u1eddi ch\u1ecbu tr\u00e1ch nhi\u1ec7m<\/span><\/li>\n<li style=\"font-weight: 400;\" aria-level=\"1\"><span style=\"font-weight: 400;\">\u2014 Li\u00ean k\u1ebft \u0111\u1ebfn <\/span><b>trang web, Facebook, c\u00e1c m\u1ea1ng x\u00e3 h\u1ed9i kh\u00e1c<\/b><span style=\"font-weight: 400;\"> (&#8220;\u0110\u1ec3 bi\u1ebft th\u00eam th\u00f4ng tin h\u00e3y truy c\u1eadp v\u00e0o\u2026<\/span><\/li>\n<\/ul>\n<p><span style=\"font-weight: 400;\"><\/div><\/span><\/p>\n<p><br style=\"font-weight: 400;\" \/><br style=\"font-weight: 400;\" \/><\/p>","protected":false},"excerpt":{"rendered":"<p>\u00a0nevl\u00e1dn\u00ed neziskov\u00e1 organizace, migrantsk\u00fd spolek, pra\u017esk\u00e1 m\u011bstsk\u00e1 \u010d\u00e1st nebo ve\u0159ejn\u00e1 instituce (nap\u0159. \u0161kola, DDM \u010di knihovna) a cht\u011bli byste propagovat sv\u00e9 nekomer\u010dn\u00ed aktivity L\u00e0 m\u1ed9t t\u1ed5 ch\u1ee9c phi l\u1ee3i nhu\u1eadn phi ch\u00ednh ph\u1ee7, m\u1ed9t hi\u1ec7p h\u1ed9i c\u1ee7a ng\u01b0\u1eddi di c\u01b0,&#8230;<\/p>\n<a class=\"more-block\" href=\"https:\/\/metropolevsech.eu\/vi\/o-nas\/projekty-a-spoluprace-s-hmp\/jak-propagovat-vase-aktivity\/\">\u0110\u1ecdc th\u00eam<\/a>","protected":false},"author":7,"featured_media":0,"parent":17505,"menu_order":3,"comment_status":"closed","ping_status":"closed","template":"","meta":[],"acf":[],"_links":{"self":[{"href":"https:\/\/metropolevsech.eu\/vi\/wp-json\/wp\/v2\/pages\/18202"}],"collection":[{"href":"https:\/\/metropolevsech.eu\/vi\/wp-json\/wp\/v2\/pages"}],"about":[{"href":"https:\/\/metropolevsech.eu\/vi\/wp-json\/wp\/v2\/types\/page"}],"author":[{"embeddable":true,"href":"https:\/\/metropolevsech.eu\/vi\/wp-json\/wp\/v2\/users\/7"}],"replies":[{"embeddable":true,"href":"https:\/\/metropolevsech.eu\/vi\/wp-json\/wp\/v2\/comments?post=18202"}],"version-history":[{"count":39,"href":"https:\/\/metropolevsech.eu\/vi\/wp-json\/wp\/v2\/pages\/18202\/revisions"}],"predecessor-version":[{"id":23984,"href":"https:\/\/metropolevsech.eu\/vi\/wp-json\/wp\/v2\/pages\/18202\/revisions\/23984"}],"up":[{"embeddable":true,"href":"https:\/\/metropolevsech.eu\/vi\/wp-json\/wp\/v2\/pages\/17505"}],"wp:attachment":[{"href":"https:\/\/metropolevsech.eu\/vi\/wp-json\/wp\/v2\/media?parent=18202"}],"curies":[{"name":"wp","href":"https:\/\/api.w.org\/{rel}","templated":true}]}}