{"id":18273,"date":"2022-01-26T21:42:31","date_gmt":"2022-01-26T20:42:31","guid":{"rendered":"https:\/\/metropolevsech.eu\/?page_id=18273"},"modified":"2023-10-29T18:30:40","modified_gmt":"2023-10-29T17:30:40","slug":"domy-deti-a-mladeze-ddm","status":"publish","type":"page","link":"https:\/\/metropolevsech.eu\/vi\/praha\/volny-cas\/deti\/domy-deti-a-mladeze-ddm\/","title":{"rendered":"(\u010ce\u0161tina) Domy d\u011bt\u00ed a ml\u00e1de\u017ee (DDM)"},"content":{"rendered":"<p class=\"qtranxs-available-languages-message qtranxs-available-languages-message-vi\">R\u1ea5t ti\u1ebfc, m\u1ee5c n\u00e0y ch\u1ec9 t\u1ed3n t\u1ea1i \u1edf <a href=\"https:\/\/metropolevsech.eu\/cs\/wp-json\/wp\/v2\/pages\/18273\" class=\"qtranxs-available-language-link qtranxs-available-language-link-cs\" title=\"\u010ce\u0161tina\">Ti\u1ebfng S\u00e9c<\/a>.<\/p>","protected":false},"excerpt":{"rendered":"<p>R\u1ea5t ti\u1ebfc, m\u1ee5c n\u00e0y ch\u1ec9 t\u1ed3n t\u1ea1i \u1edf Ti\u1ebfng S\u00e9c.<\/p>\n<a class=\"more-block\" href=\"https:\/\/metropolevsech.eu\/vi\/praha\/volny-cas\/deti\/domy-deti-a-mladeze-ddm\/\">\u0110\u1ecdc th\u00eam<\/a>","protected":false},"author":7,"featured_media":0,"parent":526,"menu_order":1,"comment_status":"closed","ping_status":"closed","template":"","meta":[],"acf":[],"_links":{"self":[{"href":"https:\/\/metropolevsech.eu\/vi\/wp-json\/wp\/v2\/pages\/18273"}],"collection":[{"href":"https:\/\/metropolevsech.eu\/vi\/wp-json\/wp\/v2\/pages"}],"about":[{"href":"https:\/\/metropolevsech.eu\/vi\/wp-json\/wp\/v2\/types\/page"}],"author":[{"embeddable":true,"href":"https:\/\/metropolevsech.eu\/vi\/wp-json\/wp\/v2\/users\/7"}],"replies":[{"embeddable":true,"href":"https:\/\/metropolevsech.eu\/vi\/wp-json\/wp\/v2\/comments?post=18273"}],"version-history":[{"count":5,"href":"https:\/\/metropolevsech.eu\/vi\/wp-json\/wp\/v2\/pages\/18273\/revisions"}],"predecessor-version":[{"id":19676,"href":"https:\/\/metropolevsech.eu\/vi\/wp-json\/wp\/v2\/pages\/18273\/revisions\/19676"}],"up":[{"embeddable":true,"href":"https:\/\/metropolevsech.eu\/vi\/wp-json\/wp\/v2\/pages\/526"}],"wp:attachment":[{"href":"https:\/\/metropolevsech.eu\/vi\/wp-json\/wp\/v2\/media?parent=18273"}],"curies":[{"name":"wp","href":"https:\/\/api.w.org\/{rel}","templated":true}]}}