{"id":18678,"date":"2023-03-08T08:43:48","date_gmt":"2023-03-08T07:43:48","guid":{"rendered":"https:\/\/metropolevsech.eu\/?page_id=18678"},"modified":"2025-07-20T09:27:28","modified_gmt":"2025-07-20T07:27:28","slug":"informace-pro-nove-prichozi-z-ukrajiny","status":"publish","type":"page","link":"https:\/\/metropolevsech.eu\/vi\/potrebuji-resit\/pobyt-na-uzemi-ceske-republiky\/informace-pro-nove-prichozi-z-ukrajiny\/","title":{"rendered":"Th\u00f4ng tin d\u00e0nh cho ng\u01b0\u1eddi m\u1edbi \u0111\u1ebfn t\u1eeb Ukraina"},"content":{"rendered":"<p><\/p>\n<p style=\"font-weight: 400;\">Ch\u00fang t\u00f4i mang \u0111\u1ebfn cho q\u00fay v\u1ecb m\u1ed9t c\u00e1i nh\u00ecn t\u1ed5ng quan v\u1ec1 th\u00f4ng tin v\u00e0 \u0111\u1ecba ch\u1ec9 li\u00ean h\u1ec7 n\u01a1i qu\u00fd v\u1ecb c\u00f3 th\u1ec3 \u0111\u1ebfn:<\/p>\n<ul>\n<li style=\"font-weight: 400;\"><a href=\"https:\/\/pomocukrajine.praha.eu\/cz\/centrum-nasledne-podpory-uprchlikum-z-ukrajiny\">Trung t\u00e2m h\u1ed7 tr\u1ee3 ti\u1ebfp theo d\u00e0nh cho ng\u01b0\u1eddi t\u1ecb n\u1ea1n t\u1eeb Ukraine (CNPUU)<\/a> &#8211; gi\u00fap t\u00ecm nh\u00e0 \u1edf, ch\u0103m s\u00f3c s\u1ee9c kh\u1ecfe, gi\u00e1o d\u1ee5c v\u00e0 gi\u1ea3i quy\u1ebft thu nh\u1eadp (vi\u1ec7c l\u00e0m, tr\u1ee3 c\u1ea5p).<\/li>\n<li style=\"font-weight: 400;\">Nh\u1eefng th\u00f4ng tin quan tr\u1ecdng v\u00e0 c\u1eadp nh\u1eadt v\u1ec1 h\u1ed7 tr\u1ee3 cho ng\u01b0\u1eddi t\u1ecb n\u1ea1n v\u00e0 c\u00e1c ho\u1ea1t \u0111\u1ed9ng c\u1ee7a th\u00e0nh ph\u1ed1 \u2014 trang web <a href=\"https:\/\/pomocukrajine.praha.eu\/cz\/uvod\">Th\u1ee7 \u0111\u00f4 Praha d\u00e0nh cho Ukraina<\/a>.<\/li>\n<li style=\"font-weight: 400;\">\u0110\u1ec3 c\u00f3 th\u00f4ng tin \u0111\u1ea7y \u0111\u1ee7 v\u00e0 \u0111\u1ea3m b\u1ea3o cho c\u00f4ng d\u00e2n Ukraina v\u1ec1 th\u1eddi gian c\u01b0 tr\u00fa c\u1ee7a h\u1ecd \u1edf C\u1ed9ng h\u00f2a S\u00e9c, h\u00e3y theo d\u00f5i <a href=\"https:\/\/ipc.gov.cz\/docasna-ochrana\/\">trang web ipc.gov.cz\u00a0<\/a><\/li>\n<li style=\"font-weight: 400;\">D\u1ecbch v\u1ee5 th\u00f4ng tin d\u00e0nh cho nh\u1eefng ng\u01b0\u1eddi t\u1ecb n\u1ea1n t\u1eeb Ukraina \u0111\u00e3 \u0111\u1ebfn Praha \u0111\u01b0\u1ee3c cung c\u1ea5p b\u1edfi\u00a0<a href=\"https:\/\/pomocukrajine.praha.eu\/\">trang Praha \u0111\u1ec3 gi\u00fap \u0111\u1ee1 Ukraina.<\/a><\/li>\n<li style=\"font-weight: 400;\"><a href=\"https:\/\/www.vlada.cz\/assets\/ppov\/vvozp\/aktuality\/ZP-a-pomoc-Ukrajine.pdf\">H\u1ed7 tr\u1ee3 ng\u01b0\u1eddi khuy\u1ebft t\u1eadt t\u1eeb Ukraine \u0111\u1ebfn C\u1ed9ng h\u00f2a S\u00e9c<\/a>.<\/li>\n<\/ul>\n<p>Qu\u00fd v\u1ecb c\u1ea7n th\u00eam th\u00f4ng tin? B\u1ed9 N\u1ed9i v\u1ee5 \u0111\u00e3 thi\u1ebft l\u1eadp <strong>\u0111\u01b0\u1eddng d\u00e2y \u0111i\u1ec7n tho\u1ea1i: +420 974 801 802 <\/strong>v\u00e0 email: <a href=\"mailto:ukrajina@mvcr.cz\">ukrajina@mvcr.cz<\/a><\/p>\n<p><strong>Qu\u00fd v\u1ecb c\u1ea7n s\u1ef1 tr\u1ee3 gi\u00fap v\u00e0 t\u01b0 v\u1ea5n mi\u1ec5n ph\u00ed?<\/strong> C\u00e1c t\u1ed5 ch\u1ee9c phi l\u1ee3i nhu\u1eadn phi ch\u00ednh ph\u1ee7 cung c\u1ea5p d\u1ecbch v\u1ee5 t\u01b0 v\u1ea5n ph\u00e1p l\u00fd v\u00e0 x\u00e3 h\u1ed9i v\u00e0 c\u00e1c d\u1ecbch v\u1ee5 kh\u00e1c:<\/p>\n<ul>\n<li style=\"font-weight: 400;\"><a href=\"https:\/\/www.opu.cz\/cs\/\">T\u1ed5 ch\u1ee9c gi\u00fap \u0111\u1ee1 ng\u01b0\u1eddi t\u1ecb n\u1ea1n<\/a>: +420 730 158 779, +420 730 158 781<\/li>\n<li style=\"font-weight: 400;\"><a href=\"https:\/\/www.migrace.com\/cs\/clanky\/1315_sledujeme-situaci-na-ukrajine-a-jsme-pripraveni-pomoci\">Hi\u1ec7p h\u1ed9i v\u00ec h\u1ed9i nh\u1eadp v\u00e0 di d\u00e2n<\/a>: +420 224 224 379, poradna@migration.com<\/li>\n<li style=\"font-weight: 400;\"><a href=\"https:\/\/inbaze.cz\/pravni-a-socialni-poradenstvi\/\">InB\u00e1ze<\/a>: (+420) 739 037 353, info@inbaze.cz<\/li>\n<li style=\"font-weight: 400;\"><a href=\"https:\/\/www.cicops.cz\/cz\/kontakty\/17-praha-pernerova\/34-praha-socialni-poradenstvi-pernerova\">Trung t\u00e2m H\u1ed9i nh\u1eadp ng\u01b0\u1eddi n\u01b0\u1edbc ngo\u00e0i<\/a>: +420 704 600 700, info@cicops.cz<\/li>\n<li style=\"font-weight: 400;\"><a href=\"https:\/\/icpraha.com\/ukrajina\/\">Trung t\u00e2m H\u1ed9i nh\u1eadp Praha<\/a> \u2013 t\u01b0 v\u1ea5n ph\u00e1p l\u00fd v\u00e0 x\u00e3 h\u1ed9i, phi\u00ean d\u1ecbch v\u00e0 c\u00e1c d\u1ecbch v\u1ee5 kh\u00e1c, trung t\u00e2m th\u00f4ng tin c\u1ee7a ch\u00fang t\u00f4i<\/li>\n<li style=\"font-weight: 400;\"><a href=\"https:\/\/metropolevsech.eu\/wp-admin\/post.php?post=2065&amp;action=edit\">\u0110\u01b0\u1eddng d\u00e2y n\u00f3ng cung c\u1ea5p th\u00f4ng tin Charita CH S\u00e9c<\/a> b\u1eb1ng ti\u1ebfng S\u00e9c v\u00e0 ti\u1ebfng Ukraina.<\/li>\n<li style=\"font-weight: 400;\">H\u1ed7 tr\u1ee3 t\u00e2m l\u00fd v\u00e0 t\u00e2m l\u00fd x\u00e3 h\u1ed9i mi\u1ec5n ph\u00ed v\u00e0 tr\u1ef1c ti\u1ebfp \u0111\u01b0\u1ee3c cung c\u1ea5p b\u1edfi hi\u1ec7p h\u1ed9i <a href=\"https:\/\/amiga-migrant.cz\/\">AMIGA <\/a>v\u1edbi c\u00e1c \u0111\u1ed1i t\u00e1c trong d\u1ef1 \u00e1n\u00a0<a href=\"https:\/\/www.dumka.cz\/cz\">DUMKA<\/a>: +420 778 979 211,\u00a0<a href=\"mailto:dumka@amiga-migrant.cz\">dumka@amiga-migrant.cz<\/a>.<\/li>\n<\/ul>\n<p style=\"font-weight: 400;\"><div class=\"box-ok\"> Ch\u00fang t\u00f4i s\u1ebd c\u1eadp nh\u1eadt th\u00f4ng tin c\u00f3 s\u1eb5n cho qu\u00fd v\u1ecb. H\u00e3y heo d\u00f5i trang web c\u1ee7a ch\u00fang t\u00f4i trong ph\u1ea7n\u00a0<a href=\"https:\/\/metropolevsech.eu\/cs\/news\/\">Tin t\u1ee9c<\/a>\u00a0v\u00e0\u00a0<a href=\"https:\/\/www.facebook.com\/metropolevsech\/\">Facebook Th\u1ee7 \u0111\u00f4 c\u1ee7a m\u1ecdi ng\u01b0\u1eddi!<\/a> <\/div><\/p>\n<p><strong>Qu\u00fd v\u1ecb mu\u1ed1n gi\u00fap \u0111\u1ee1, nh\u01b0ng kh\u00f4ng bi\u1ebft ph\u1ea3i h\u01b0\u1edbng s\u1ef1 gi\u00fap \u0111\u1ee1 c\u1ee7a m\u00ecnh t\u1edbi \u0111\u00e2u? Qu\u00fd v\u1ecb c\u1ea7n th\u00f4ng tin?<\/strong><\/p>\n<ul>\n<li>Tr\u00ean trang web<a href=\"http:\/\/www.nasiukrajinci.cz\"> nasiukrajinci.cz<\/a>, qu\u00fd v\u1ecb s\u1ebd t\u00ecm th\u1ea5y h\u01b0\u1edbng d\u1eabn tr\u1ee3 gi\u00fap tr\u00ean to\u00e0n qu\u1ed1c s\u1ebd gi\u00fap qu\u00fd v\u1ecb \u0111\u1ecbnh h\u01b0\u1edbng.<\/li>\n<li>N\u1ebfu qu\u00fd v\u1ecb cung c\u1ea5p h\u1ed7 tr\u1ee3 v\u1edbi quy m\u00f4 l\u1edbn (to\u00e0n b\u1ed9 kh\u00e1ch s\u1ea1n, ph\u01b0\u01a1ng ti\u1ec7n giao th\u00f4ng c\u00f4ng c\u1ed9ng, v.v.), h\u00e3y li\u00ean h\u1ec7 v\u1edbi <a href=\"https:\/\/www.nasiukrajinci.cz\/hlavni-strana\/\">Trung t\u00e2m h\u1ed7 tr\u1ee3 Ukraina.<\/a><\/li>\n<li>N\u1ebfu qu\u00fd v\u1ecb tr\u1ee3 gi\u00fap v\u1edbi quy m\u00f4 nh\u1ecf ho\u1eb7c ng\u01b0\u1ee3c l\u1ea1i y\u00eau c\u1ea7u s\u1ef1 tr\u1ee3 gi\u00fap, h\u00e3y s\u1eed d\u1ee5ng n\u1ec1n t\u1ea3ng <a href=\"https:\/\/www.nasiukrajinci.cz\/hlavni-strana\/\">Tr\u1ee3 gi\u00fap Ukraina<\/a>, \u0111\u01b0\u1ee3c cung c\u1ea5p b\u1edfi <a href=\"https:\/\/migracnikonsorcium.cz\/cs\/\">Hi\u1ec7p h\u1ed9i c\u00e1c t\u1ed5 ch\u1ee9c phi ch\u00ednh ph\u1ee7 l\u00e0m vi\u1ec7c v\u1edbi ng\u01b0\u1eddi di c\u01b0.<\/a><\/li>\n<li>M\u1ed9t bi\u1ec3n ch\u1ec9 d\u1eabn v\u1edbi c\u00e1c li\u00ean k\u1ebft \u0111\u1ebfn c\u00e1c quy\u00ean g\u00f3p t\u00e0i ch\u00ednh ho\u1eb7c v\u1eadt ch\u1ea5t \u0111\u00e3 \u0111\u01b0\u1ee3c x\u00e1c minh v\u00e0 th\u00f4ng tin kh\u00e1c \u0111\u01b0\u1ee3c cung c\u1ea5p b\u1edfi <a href=\"http:\/\/www.stojimezaukrajinou.cz\">stojimezaukrajinou.cz.<\/a><\/li>\n<li>Qu\u00fd v\u1ecb c\u00f3 th\u1ec3 cung c\u1ea5p ch\u1ed7 \u1edf cho c\u00e1c gia \u0111\u00ecnh \u0111ang ch\u1ea1y tr\u1ed1n kh\u1ecfi chi\u1ebfn tranh tr\u1ef1c ti\u1ebfp tr\u00ean l\u00e3nh th\u1ed5 c\u1ee7a th\u1ee7 \u0111\u00f4 Praha? Xin vui l\u00f2ng \u0111i\u1ec1n v\u00e0o bi\u1ec3u m\u1eabu tr\u00ean <a href=\"https:\/\/pomahej-ukrajine.cz\/\">pomocukrajine.eu.<\/a><\/li>\n<li>Vi\u1ec7n tr\u1ee3 nh\u00e2n \u0111\u1ea1o d\u00e0nh cho Ukraina v\u00e0 \u0111\u1ec1 ngh\u1ecb h\u1ed7 tr\u1ee3 y t\u1ebf <a href=\"https:\/\/www.mzcr.cz\/humanitarni-pomoc-ukrajine-a-nabidky-zdravotnicke-pomoci\/\">tr\u00ean trang web c\u1ee7a B\u1ed9 Y t\u1ebf.<\/a><\/li>\n<\/ul>\n<p><\/p>","protected":false},"excerpt":{"rendered":"<p>Ch\u00fang t\u00f4i mang \u0111\u1ebfn cho q\u00fay v\u1ecb m\u1ed9t c\u00e1i nh\u00ecn t\u1ed5ng quan v\u1ec1 th\u00f4ng tin v\u00e0 \u0111\u1ecba ch\u1ec9 li\u00ean h\u1ec7 n\u01a1i qu\u00fd v\u1ecb c\u00f3 th\u1ec3 \u0111\u1ebfn: Trung t\u00e2m h\u1ed7 tr\u1ee3 ti\u1ebfp theo d\u00e0nh cho ng\u01b0\u1eddi t\u1ecb n\u1ea1n t\u1eeb Ukraine (CNPUU)&#8230;<\/p>\n<a class=\"more-block\" href=\"https:\/\/metropolevsech.eu\/vi\/potrebuji-resit\/pobyt-na-uzemi-ceske-republiky\/informace-pro-nove-prichozi-z-ukrajiny\/\">\u0110\u1ecdc th\u00eam<\/a>","protected":false},"author":7,"featured_media":0,"parent":554,"menu_order":5,"comment_status":"closed","ping_status":"closed","template":"","meta":[],"acf":[],"_links":{"self":[{"href":"https:\/\/metropolevsech.eu\/vi\/wp-json\/wp\/v2\/pages\/18678"}],"collection":[{"href":"https:\/\/metropolevsech.eu\/vi\/wp-json\/wp\/v2\/pages"}],"about":[{"href":"https:\/\/metropolevsech.eu\/vi\/wp-json\/wp\/v2\/types\/page"}],"author":[{"embeddable":true,"href":"https:\/\/metropolevsech.eu\/vi\/wp-json\/wp\/v2\/users\/7"}],"replies":[{"embeddable":true,"href":"https:\/\/metropolevsech.eu\/vi\/wp-json\/wp\/v2\/comments?post=18678"}],"version-history":[{"count":76,"href":"https:\/\/metropolevsech.eu\/vi\/wp-json\/wp\/v2\/pages\/18678\/revisions"}],"predecessor-version":[{"id":23467,"href":"https:\/\/metropolevsech.eu\/vi\/wp-json\/wp\/v2\/pages\/18678\/revisions\/23467"}],"up":[{"embeddable":true,"href":"https:\/\/metropolevsech.eu\/vi\/wp-json\/wp\/v2\/pages\/554"}],"wp:attachment":[{"href":"https:\/\/metropolevsech.eu\/vi\/wp-json\/wp\/v2\/media?parent=18678"}],"curies":[{"name":"wp","href":"https:\/\/api.w.org\/{rel}","templated":true}]}}