{"id":2065,"date":"2017-02-13T14:12:25","date_gmt":"2017-02-13T13:12:25","guid":{"rendered":"https:\/\/metropolevsech.eu\/?page_id=2065"},"modified":"2025-05-13T13:09:17","modified_gmt":"2025-05-13T11:09:17","slug":"uvodni-stranka","status":"publish","type":"page","link":"https:\/\/metropolevsech.eu\/vi\/","title":{"rendered":"L\u1eddi m\u1edf \u0111\u1ea7u"},"content":{"rendered":"<p>Ch\u00fang t\u00f4i xin gi\u1edbi thi\u1ec7u v\u1edbi qu\u00fd v\u1ecb m\u1ed9t trang web m\u1edbi, ch\u1ee7 y\u1ebfu d\u00e0nh cho nh\u1eefng ng\u01b0\u1eddi di c\u01b0 \u0111ang sinh s\u1ed1ng \u1edf Praha. Nh\u01b0ng \u0111\u1ed3ng th\u1eddi, t\u1ea5t c\u1ea3 c\u01b0 d\u00e2n c\u1ee7a th\u1ee7 \u0111\u00f4 Praha, n\u01a1i ng\u00e0y c\u00e0ng tr\u1edf n\u00ean \u0111a d\u1ea1ng v\u1ec1 v\u0103n h\u00f3a, gi\u1ed1ng nh\u01b0 nhi\u1ec1u th\u00e0nh ph\u1ed1 l\u1edbn kh\u00e1c c\u1ee7a ch\u00e2u \u00c2u, c\u0169ng s\u1ebd t\u00ecm th\u1ea5y \u0111\u01b0\u1ee3c th\u00f4ng tin c\u1ea7n thi\u1ebft.<\/p>\n<div class=\"lRu31\"><a href=\"\/\/metropolevsech.eu\/cs\/o-webove-strance\/\"><span class=\"HwtZe\" lang=\"vi\"><span class=\"jCAhz ChMk0b\"><span class=\"ryNqvb\">&#8211; Th\u00f4ng tin th\u00eam v\u1ec1 trang web &#8211;<\/span><\/span><\/span><\/a><\/div>\n<div class=\"homepage-yellow-infobox\">\n<p style=\"text-align: center;\"><strong><a href=\"https:\/\/metropolevsech.eu\/cs\/kontakty\/informace-pro-nove-prichozi-z-ukrajiny\/\">Th\u00f4ng tin c\u1eadp nh\u1eadt d\u00e0nh cho c\u00f4ng d\u00e2n Ukraina.<\/a><img loading=\"lazy\" class=\"aligncenter size-full wp-image-18613 \" style=\"margin-left: 0.5em; margin-bottom: -0.5em;\" src=\"https:\/\/metropolevsech.eu\/wp-content\/uploads\/2023\/03\/ukrflag.png\" alt=\"\" width=\"25\" height=\"25\" srcset=\"https:\/\/metropolevsech.eu\/wp-content\/uploads\/2023\/03\/ukrflag.png 1200w, https:\/\/metropolevsech.eu\/wp-content\/uploads\/2023\/03\/ukrflag-300x300.png 300w, https:\/\/metropolevsech.eu\/wp-content\/uploads\/2023\/03\/ukrflag-1040x1040.png 1040w, https:\/\/metropolevsech.eu\/wp-content\/uploads\/2023\/03\/ukrflag-150x150.png 150w, https:\/\/metropolevsech.eu\/wp-content\/uploads\/2023\/03\/ukrflag-768x768.png 768w, https:\/\/metropolevsech.eu\/wp-content\/uploads\/2023\/03\/ukrflag-670x670.png 670w, https:\/\/metropolevsech.eu\/wp-content\/uploads\/2023\/03\/ukrflag-109x109.png 109w, https:\/\/metropolevsech.eu\/wp-content\/uploads\/2023\/03\/ukrflag-125x125.png 125w\" sizes=\"(max-width: 25px) 100vw, 25px\" \/><\/strong><\/p>\n<\/div>\n<p><\/p>","protected":false},"excerpt":{"rendered":"<p>Ch\u00fang t\u00f4i xin gi\u1edbi thi\u1ec7u v\u1edbi qu\u00fd v\u1ecb m\u1ed9t trang web m\u1edbi, ch\u1ee7 y\u1ebfu d\u00e0nh cho nh\u1eefng ng\u01b0\u1eddi di c\u01b0 \u0111ang sinh s\u1ed1ng \u1edf Praha. Nh\u01b0ng \u0111\u1ed3ng th\u1eddi, t\u1ea5t c\u1ea3 c\u01b0 d\u00e2n c\u1ee7a th\u1ee7 \u0111\u00f4 Praha, n\u01a1i ng\u00e0y c\u00e0ng tr\u1edf&#8230;<\/p>\n<a class=\"more-block\" href=\"https:\/\/metropolevsech.eu\/vi\/\">\u0110\u1ecdc th\u00eam<\/a>","protected":false},"author":3,"featured_media":9393,"parent":0,"menu_order":0,"comment_status":"closed","ping_status":"closed","template":"page-home.php","meta":[],"acf":[],"_links":{"self":[{"href":"https:\/\/metropolevsech.eu\/vi\/wp-json\/wp\/v2\/pages\/2065"}],"collection":[{"href":"https:\/\/metropolevsech.eu\/vi\/wp-json\/wp\/v2\/pages"}],"about":[{"href":"https:\/\/metropolevsech.eu\/vi\/wp-json\/wp\/v2\/types\/page"}],"author":[{"embeddable":true,"href":"https:\/\/metropolevsech.eu\/vi\/wp-json\/wp\/v2\/users\/3"}],"replies":[{"embeddable":true,"href":"https:\/\/metropolevsech.eu\/vi\/wp-json\/wp\/v2\/comments?post=2065"}],"version-history":[{"count":117,"href":"https:\/\/metropolevsech.eu\/vi\/wp-json\/wp\/v2\/pages\/2065\/revisions"}],"predecessor-version":[{"id":22830,"href":"https:\/\/metropolevsech.eu\/vi\/wp-json\/wp\/v2\/pages\/2065\/revisions\/22830"}],"wp:featuredmedia":[{"embeddable":true,"href":"https:\/\/metropolevsech.eu\/vi\/wp-json\/wp\/v2\/media\/9393"}],"wp:attachment":[{"href":"https:\/\/metropolevsech.eu\/vi\/wp-json\/wp\/v2\/media?parent=2065"}],"curies":[{"name":"wp","href":"https:\/\/api.w.org\/{rel}","templated":true}]}}