{"id":20935,"date":"2024-11-04T15:07:08","date_gmt":"2024-11-04T14:07:08","guid":{"rendered":"https:\/\/metropolevsech.eu\/?page_id=20935"},"modified":"2026-01-23T18:08:26","modified_gmt":"2026-01-23T17:08:26","slug":"nemocnice-v-praze-specializovane-na-peci-o-cizince","status":"publish","type":"page","link":"https:\/\/metropolevsech.eu\/vi\/potrebuji-resit\/zdravotnictvi-zdravotni-a-socialni-pojisteni\/lekari-a-pohotovost\/nemocnice-v-praze-specializovane-na-peci-o-cizince\/","title":{"rendered":"B\u1ec7nh vi\u1ec7n t\u1ea1i Praha"},"content":{"rendered":"<p>C\u00e1c b\u1ec7nh vi\u1ec7n v\u00e0 c\u01a1 s\u1edf y t\u1ebf sau \u0111\u00e2y chuy\u00ean cung c\u1ea5p c\u00e1c d\u1ecbch v\u1ee5 ch\u0103m s\u00f3c s\u1ee9c kh\u1ecfe cho ng\u01b0\u1eddi n\u01b0\u1edbc ngo\u00e0i:<\/p>\n<h4>B\u1ec7nh vi\u1ec7n \u0110\u1ea1i h\u1ecdc Motol, Khoa n\u1ed9i t\u1ed5ng h\u1ee3p<\/h4>\n<p>V \u00davalu 84, 150 06 Praha 5<\/p>\n<p>+420 224 431 111 \u00a0cizinecke@fnmotol.cz<\/p>\n<ul>\n<li><a href=\"\/\/www.fnmotol.cz\/samoplatci\/zdravotni-pece-pro-cizince\/\">Tr\u00ean trang web c\u1ee7a h\u1ecd<\/a>, b\u1ea1n s\u1ebd t\u00ecm th\u1ea5y th\u00f4ng tin h\u1eefu \u00edch v\u1ec1 c\u00e1ch \u0111i\u1ec1u tr\u1ecb d\u00e0nh ri\u00eang cho ng\u01b0\u1eddi<\/li>\n<\/ul>\n<p>L\u1ec5 t\u00e2n d\u00e0nh cho tr\u1ebb em n\u01b0\u1edbc ngo\u00e0i: +420 224 433 690<\/p>\n<p>L\u1ec5 t\u00e2n d\u00e0nh cho ng\u01b0\u1eddi n\u01b0\u1edbc ngo\u00e0i: +420 224 433 682<\/p>\n<p>&nbsp;<\/p>\n<h4><strong>B\u1ec7nh vi\u1ec7n Na Homolce, khoa d\u00e0nh cho ng\u01b0\u1eddi n\u01b0\u1edbc ngo\u00e0i\u00a0<\/strong><\/h4>\n<p>Roentgenova 2\/37, 150 30 Praha 5<\/p>\n<p>+420 257 271 111<\/p>\n<p>hospital@homolka.cz<\/p>\n<p><span style=\"font-weight: 400;\">www.homolka.cz<\/span><\/p>\n<p><span style=\"font-weight: 400;\">C\u00e1c th\u00f4ng tin ti\u1ebfp theo<\/span><\/p>\n<p><span style=\"font-weight: 400;\">+420 257 273 289<\/span><\/p>\n<p><span style=\"font-weight: 400;\">+420 257 272 144<\/span><\/p>\n<p>&nbsp;<\/p>\n<h4><b>B\u1ec7nh vi\u1ec7n Na Bulovce<\/b><\/h4>\n<p><span style=\"font-weight: 400;\">Bud\u00ednova 67\/2, 280 00 Praha 8, Libe\u0148<\/span><\/p>\n<p><span style=\"font-weight: 400;\">+420 266 081 111<\/span><\/p>\n<p><span style=\"font-weight: 400;\">www.bulovka.cz<\/span><\/p>\n<p>&nbsp;<\/p>\n<h4><strong>B\u1ec7nh vi\u1ec7n Thomayerova\u00a0<\/strong><\/h4>\n<p><span style=\"font-weight: 400;\">V\u00edde\u0148sk\u00e1, 140 00 Praha 4<\/span><\/p>\n<p><span style=\"font-weight: 400;\">+420 261 081 111<\/span><\/p>\n<p><span style=\"font-weight: 400;\">www.ftn.cz<\/span><\/p>\n<h4><\/h4>\n<h4><strong>B\u1ec7nh vi\u1ec7n Na Franti\u0161ku<\/strong><\/h4>\n<p><span style=\"font-weight: 400;\">Na Franti\u0161ku 847\/8, 110 00 Praha 1, Star\u00e9 M\u011bsto<\/span><\/p>\n<p><span style=\"font-weight: 400;\">+420 222 801 111<\/span><\/p>\n<p><span style=\"font-weight: 400;\">www.nnfp.cz<\/span><\/p>","protected":false},"excerpt":{"rendered":"<p>C\u00e1c b\u1ec7nh vi\u1ec7n v\u00e0 c\u01a1 s\u1edf y t\u1ebf sau \u0111\u00e2y chuy\u00ean cung c\u1ea5p c\u00e1c d\u1ecbch v\u1ee5 ch\u0103m s\u00f3c s\u1ee9c kh\u1ecfe cho ng\u01b0\u1eddi n\u01b0\u1edbc ngo\u00e0i: B\u1ec7nh vi\u1ec7n \u0110\u1ea1i h\u1ecdc Motol, Khoa n\u1ed9i t\u1ed5ng h\u1ee3p V \u00davalu 84, 150 06 Praha 5&#8230;<\/p>\n<a class=\"more-block\" href=\"https:\/\/metropolevsech.eu\/vi\/potrebuji-resit\/zdravotnictvi-zdravotni-a-socialni-pojisteni\/lekari-a-pohotovost\/nemocnice-v-praze-specializovane-na-peci-o-cizince\/\">\u0110\u1ecdc th\u00eam<\/a>","protected":false},"author":7,"featured_media":0,"parent":648,"menu_order":0,"comment_status":"closed","ping_status":"closed","template":"","meta":[],"acf":[],"_links":{"self":[{"href":"https:\/\/metropolevsech.eu\/vi\/wp-json\/wp\/v2\/pages\/20935"}],"collection":[{"href":"https:\/\/metropolevsech.eu\/vi\/wp-json\/wp\/v2\/pages"}],"about":[{"href":"https:\/\/metropolevsech.eu\/vi\/wp-json\/wp\/v2\/types\/page"}],"author":[{"embeddable":true,"href":"https:\/\/metropolevsech.eu\/vi\/wp-json\/wp\/v2\/users\/7"}],"replies":[{"embeddable":true,"href":"https:\/\/metropolevsech.eu\/vi\/wp-json\/wp\/v2\/comments?post=20935"}],"version-history":[{"count":17,"href":"https:\/\/metropolevsech.eu\/vi\/wp-json\/wp\/v2\/pages\/20935\/revisions"}],"predecessor-version":[{"id":24553,"href":"https:\/\/metropolevsech.eu\/vi\/wp-json\/wp\/v2\/pages\/20935\/revisions\/24553"}],"up":[{"embeddable":true,"href":"https:\/\/metropolevsech.eu\/vi\/wp-json\/wp\/v2\/pages\/648"}],"wp:attachment":[{"href":"https:\/\/metropolevsech.eu\/vi\/wp-json\/wp\/v2\/media?parent=20935"}],"curies":[{"name":"wp","href":"https:\/\/api.w.org\/{rel}","templated":true}]}}