{"id":20938,"date":"2024-11-04T15:14:46","date_gmt":"2024-11-04T14:14:46","guid":{"rendered":"https:\/\/metropolevsech.eu\/?page_id=20938"},"modified":"2026-01-24T13:41:50","modified_gmt":"2026-01-24T12:41:50","slug":"zdravotni-pece-o-tehotne-zeny-cizinky-a-novorozence","status":"publish","type":"page","link":"https:\/\/metropolevsech.eu\/vi\/potrebuji-resit\/zdravotnictvi-zdravotni-a-socialni-pojisteni\/lekari-a-pohotovost\/zdravotni-pece-o-tehotne-zeny-cizinky-a-novorozence\/","title":{"rendered":"Mang thai v\u00e0 nu\u00f4i d\u1ea1y con c\u00e1i"},"content":{"rendered":"<p>Tr\u00ean trang web Praha &#8211; Th\u1ee7 \u0111\u00f4 c\u1ee7a m\u1ecdi ng\u01b0\u1eddi, ch\u00fang t\u00f4i s\u1ebd cung c\u1ea5p cho b\u1ea1n m\u1ed9t s\u1ed1 l\u1eddi khuy\u00ean thi\u1ebft th\u1ef1c cho th\u1eddi k\u1ef3 mang thai v\u00e0 sinh con.<\/p>\n<p>D\u1ecbch v\u1ee5 ch\u0103m s\u00f3c ph\u1ee5 khoa v\u00e0 ch\u0103m s\u00f3c thai s\u1ea3n \u1edf\u00a0 C\u1ed9ng h\u00f2a S\u00e9c \u0111\u1ea1t ti\u00eau chu\u1ea9n cao. Ph\u1ee5 n\u1eef mang thai \u1edf C\u1ed9ng h\u00f2a S\u00e9c th\u01b0\u1eddng xuy\u00ean \u0111\u1ebfn ph\u00f2ng kh\u00e1m thai s\u1ea3n v\u00e0 ph\u00f2ng kh\u00e1m ph\u1ee5 khoa. \u1ede C\u1ed9ng h\u00f2a S\u00e9c, vi\u1ec7c sinh con t\u1ea1i b\u1ec7nh vi\u1ec7n r\u1ea5t ph\u1ed5 bi\u1ebfn, c\u00f2n sinh con t\u1ea1i nh\u00e0 ch\u1ec9 l\u00e0 ngo\u1ea1i l\u1ec7 v\u00e0 ch\u1ee7 \u0111\u1ec1 n\u00e0y g\u00e2y ra nhi\u1ec1u tranh c\u00e3i. Do \u0111\u00f3, t\u00ecnh h\u00ecnh c\u00f3 th\u1ec3 r\u1ea5t kh\u00e1c so v\u1edbi phong t\u1ee5c \u1edf qu\u1ed1c gia b\u1ea1n. \u1ede Praha, b\u1ea1n c\u0169ng c\u1ea7n ph\u1ea3i \u0111\u0103ng k\u00fd tr\u01b0\u1edbc \u0111\u1ec3 sinh con t\u1ea1i b\u1ec7nh vi\u1ec7n ph\u1ee5 s\u1ea3n m\u00e0 b\u1ea1n l\u1ef1a ch\u1ecdn.<\/p>\n<p>B\u1ea1n c\u00f3 th\u1ec3 t\u00ecm th\u1ea5y th\u00f4ng tin v\u1ec1 c\u00e1ch \u0111\u0103ng k\u00fd v\u00e0o b\u1ec7nh vi\u1ec7n ph\u1ee5 s\u1ea3n tr\u00ean trang web c\u1ee7a t\u1eebng b\u1ec7nh vi\u1ec7n b\u1eb1ng ti\u1ebfng S\u00e9c v\u00e0 \u0111\u00f4i khi l\u00e0 b\u1eb1ng ti\u1ebfng Anh. V\u00ed d\u1ee5. <a href=\"https:\/\/apolinar.eu\/porodnice\/tehotenstvi\/chci-rodit-u-apolinare\/\">B\u1ec7nh vi\u1ec7n \u0110a khoa Praha (U Apolin\u00e1\u0159e)<\/a>. N\u1ebfu b\u1ea1n c\u1ea7n phi\u00ean d\u1ecbch ho\u1eb7c d\u1ecbch thu\u1eadt, b\u1ea1n c\u00f3 th\u1ec3 s\u1eed d\u1ee5ng d\u1ecbch v\u1ee5 mi\u1ec5n ph\u00ed c\u1ee7a <a href=\"https:\/\/metropolevsech.eu\/cs\/kontakty\/seznam-interkulturnich-pracovniku\/\">c\u00e1c nh\u00e2n vi\u00ean giao v\u0103n h\u00f3a.<\/a><\/p>\n<p><strong>B\u1ea3o hi\u1ec3m y t\u1ebf cho ph\u1ee5 n\u1eef mang thai:<\/strong><\/p>\n<ul>\n<li><strong>B\u1ea3o hi\u1ec3m y t\u1ebf c\u00f4ng c\u1ed9ng:<\/strong> N\u1ebfu ph\u1ee5 n\u1eef mang thai c\u00f3 b\u1ea3o hi\u1ec3m y t\u1ebf c\u00f4ng c\u1ed9ng th\u00ec kh\u00f4ng c\u1ea7n ph\u1ea3i mua th\u00eam b\u1ea3o hi\u1ec3m cho thai k\u1ef3 ho\u1eb7c khi sinh \u0111\u1ebb. Tr\u1ebb em s\u1ebd t\u1ef1 \u0111\u1ed9ng \u0111\u01b0\u1ee3c b\u1ea3o hi\u1ec3m y t\u1ebf c\u00f4ng c\u1ed9ng (xem b\u00ean d\u01b0\u1edbi).<\/li>\n<li><strong>B\u1ea3o hi\u1ec3m y t\u1ebf th\u01b0\u01a1ng m\u1ea1i<\/strong>: N\u1ebfu ph\u1ee5 n\u1eef c\u00f3 b\u1ea3o hi\u1ec3m th\u01b0\u01a1ng m\u1ea1i, n\u00ean mua th\u00eam b\u1ea3o hi\u1ec3m cho vi\u1ec7c ch\u0103m s\u00f3c tr\u01b0\u1edbc khi sinh v\u00e0 khi sinh. V\u00ed d\u1ee5, b\u1ea3o hi\u1ec3m bao g\u1ed3m c\u00e1c d\u1ecbch v\u1ee5 ki\u1ec3m tra tr\u01b0\u1edbc khi sinh, kh\u00e1m s\u1ee9c kh\u1ecfe \u0111\u1ecbnh k\u1ef3, sinh n\u1edf v\u00e0 ch\u0103m s\u00f3c tr\u1ebb s\u01a1 sinh. \u0110\u1ed1i v\u1edbi lo\u1ea1i b\u1ea3o hi\u1ec3m n\u00e0y, th\u1eddi h\u1ea1n b\u1ea3o hi\u1ec3m t\u1ed1i thi\u1ec3u th\u00f4ng th\u01b0\u1eddng l\u00e0 12 th\u00e1ng v\u00e0 \u0111\u00f4i khi ph\u1ea3i t\u00ednh \u0111\u1ebfn th\u1eddi gian ch\u1edd, c\u00f3 th\u1ec3 k\u00e9o d\u00e0i t\u1edbi v\u00e0i th\u00e1ng. Ngo\u00e0i ra, m\u1ed9t s\u1ed1 c\u00f4ng ty b\u1ea3o hi\u1ec3m c\u00f3 nh\u1eefng h\u1ea1n ch\u1ebf d\u1ef1a tr\u00ean \u0111\u1ed9 tu\u1ed5i c\u1ee7a ng\u01b0\u1eddi m\u1eb9.<\/li>\n<\/ul>\n<div class=\"box-ok\"> <em>\u0110\u1ec3 bi\u1ebft th\u00eam th\u00f4ng tin v\u1ec1 c\u00e1c l\u1ef1a ch\u1ecdn b\u1ea3o hi\u1ec3m v\u00e0 ch\u0103m s\u00f3c cho ph\u1ee5 n\u1eef mang thai, ch\u00fang t\u00f4i khuy\u00ean b\u1ea1n n\u00ean tham d\u1ef1 c\u00e1c <a href=\"https:\/\/icpraha.com\/akce\/\">kh\u00f3a h\u1ecdc v\u0103n h\u00f3a x\u00e3 h\u1ed9i<\/a> theo ch\u1ee7 \u0111\u1ec1 do Trung t\u00e2m h\u1ed9i nh\u1eadp Praha v\u00e0 c\u00e1c t\u1ed5 ch\u1ee9c phi ch\u00ednh ph\u1ee7, phi l\u1ee3i nhu\u1eadn kh\u00e1c t\u1ed5 ch\u1ee9c ho\u1eb7c s\u1eed d\u1ee5ng c\u00e1c d\u1ecbch v\u1ee5 t\u01b0 v\u1ea5n x\u00e3 h\u1ed9i.<\/em> <\/div>\n<p>&nbsp;<\/p>\n<p><strong>B\u1ea3o hi\u1ec3m y t\u1ebf cho tr\u1ebb em\u00a0 ng\u01b0\u1eddi n\u01b0\u1edbc ngo\u00e0i sinh ra t\u1ea1i C\u1ed9ng h\u00f2a S\u00e9c<\/strong><\/p>\n<p>Tr\u1ebb em sinh ra t\u1ea1i C\u1ed9ng h\u00f2a S\u00e9c s\u1ebd \u0111\u01b0\u1ee3c h\u01b0\u1edfng c\u00e1c quy \u0111\u1ecbnh kh\u00e1c nhau v\u1ec1 b\u1ea3o hi\u1ec3m y t\u1ebf, t\u00f9y thu\u1ed9c v\u00e0o lo\u1ea1i h\u00ecnh th\u1ee9c c\u01b0 tr\u00fa c\u1ee7a cha m\u1eb9. N\u1ebfu cha m\u1eb9 l\u00e0 c\u00f4ng d\u00e2n EU, \u0111\u1ee9a tr\u1ebb s\u1ebd \u0111\u01b0\u1ee3c b\u1ea3o hi\u1ec3m y t\u1ebf c\u00f4ng c\u1ed9ng. T\u1eeb ng\u00e0y 1 th\u00e1ng 1 n\u0103m 2024, t\u1ea5t c\u1ea3 ng\u01b0\u1eddi n\u01b0\u1edbc ngo\u00e0i d\u01b0\u1edbi 18 tu\u1ed5i c\u00f3 gi\u1ea5y ph\u00e9p c\u01b0 tr\u00fa d\u00e0i h\u1ea1n c\u0169ng \u0111\u1ec1u l\u00e0 ng\u01b0\u1eddi tham gia b\u1ea3o hi\u1ec3m y t\u1ebf c\u00f4ng. Tuy nhi\u00ean, quy \u0111\u1ecbnh n\u00e0y kh\u00f4ng \u00e1p d\u1ee5ng \u0111\u1ed1i v\u1edbi ng\u01b0\u1eddi n\u01b0\u1edbc ngo\u00e0i d\u01b0\u1edbi 18 tu\u1ed5i c\u00f3 th\u1ecb th\u1ef1c d\u00e0i h\u1ea1n ho\u1eb7c gi\u1ea5y ph\u00e9p c\u01b0 tr\u00fa t\u1ea1m th\u1eddi v\u1edbi t\u01b0 c\u00e1ch l\u00e0 th\u00e0nh vi\u00ean gia \u0111\u00ecnh c\u1ee7a c\u00f4ng d\u00e2n EU.<\/p>\n<p>N\u1ebfu b\u1ea1n l\u00e0 c\u00f4ng d\u00e2n n\u01b0\u1edbc th\u1ee9 ba, \u0111i\u1ec1u n\u00e0y ph\u1ee5 thu\u1ed9c v\u00e0o vi\u1ec7c li\u1ec7u b\u1ea1n v\u1edbi t\u01b0 c\u00e1ch l\u00e0 cha m\u1eb9 c\u00f3:<\/p>\n<ul>\n<li><strong>Gi\u1ea5y ph\u00e9p c\u01b0 tr\u00fa d\u00e0i h\u1ea1n ho\u1eb7c v\u0129nh tr\u00fa (ho\u1eb7c b\u1ea3o v\u1ec7 qu\u1ed1c t\u1ebf) t\u1ea1i C\u1ed9ng h\u00f2a S\u00e9c<\/strong><\/li>\n<li>N\u1ebfu b\u1ea1n, v\u1edbi t\u01b0 c\u00e1ch l\u00e0 cha ho\u1eb7c m\u1eb9 c\u1ee7a \u0111\u1ee9a tr\u1ebb, c\u00f3 gi\u1ea5y ph\u00e9p c\u01b0 tr\u00fa d\u00e0i h\u1ea1n ho\u1eb7c v\u0129nh tr\u00fa, \u0111\u1ee9a tr\u1ebb s\u1ebd t\u1ef1 \u0111\u1ed9ng \u0111\u01b0\u1ee3c tham gia b\u1ea3o hi\u1ec3m y t\u1ebf c\u00f4ng c\u1ed9ng ngay t\u1eeb khi sinh ra v\u00e0 b\u1ea3o hi\u1ec3m n\u00e0y v\u1eabn c\u00f3 hi\u1ec7u l\u1ef1c ngay c\u1ea3 trong qu\u00e1 tr\u00ecnh n\u1ed9p \u0111\u01a1n xin gi\u1ea5y ph\u00e9p c\u01b0 tr\u00fa d\u00e0i h\u1ea1n. \u0110\u01a1n xin c\u1ea5p gi\u1ea5y ph\u00e9p c\u01b0 tr\u00fa cho tr\u1ebb em ph\u1ea3i \u0111\u01b0\u1ee3c n\u1ed9p trong v\u00f2ng 60 ng\u00e0y k\u1ec3 t\u1eeb ng\u00e0y tr\u1ebb sinh ra. Cha m\u1eb9 ph\u1ea3i th\u00f4ng b\u00e1o cho c\u00f4ng ty b\u1ea3o hi\u1ec3m y t\u1ebf trong v\u00f2ng 8 ng\u00e0y sau khi sinh.<\/li>\n<li><strong>Th\u1ecb th\u1ef1c d\u00e0i h\u1ea1n<\/strong><br \/>\nN\u1ebfu m\u1ed9t \u0111\u1ee9a tr\u1ebb \u0111\u01b0\u1ee3c sinh ra t\u1ea1i C\u1ed9ng h\u00f2a S\u00e9c, tr\u1ebb s\u1ebd \u0111\u01b0\u1ee3c b\u1ea3o hi\u1ec3m t\u1eeb khi sinh ra cho \u0111\u1ebfn cu\u1ed1i th\u00e1ng m\u00e0 tr\u1ebb \u0111\u01b0\u1ee3c 60 ng\u00e0y tu\u1ed5i. L\u00e0 cha m\u1eb9 ph\u1ea3i mua b\u1ea3o hi\u1ec3m y t\u1ebf to\u00e0n di\u1ec7n cho con m\u00ecnh.<\/li>\n<\/ul>\n<p>Quan tr\u1ecdng: B\u1ea3o hi\u1ec3m y t\u1ebf c\u1ee7a tr\u1ebb em c\u00f3 li\u00ean quan \u0111\u1ebfn gi\u1ea5y ph\u00e9p c\u01b0 tr\u00fa c\u1ee7a tr\u1ebb, v\u00ec v\u1eady \u0111\u1eebng qu\u00ean n\u1ed9p \u0111\u01a1n xin b\u1ea3o hi\u1ec3m cho con b\u1ea1n k\u1ecbp th\u1eddi h\u1ea1n. B\u1ea1n c\u00f3 th\u1ec3 t\u00ecm th\u00eam th\u00f4ng tin tr\u00ean <a href=\"https:\/\/frs.gov.cz\/typy-viz-a-pobytu\/obcane-tretich-zemi\/pobyt-ditete-narozeneho-na-uzemi-ceske-republiky\/\">C\u1ed5ng th\u00f4ng tin d\u00e0nh cho ng\u01b0\u1eddi n\u01b0\u1edbc ngo\u00e0i c\u1ee7a B\u1ed9 N\u1ed9i v\u1ee5.<\/a><\/p>\n<p><strong>Ki\u1ec3m tra ph\u00f2ng ng\u1eeba d\u00e0nh cho tr\u1ebb em<\/strong><\/p>\n<p>T\u1ea1i C\u1ed9ng h\u00f2a S\u00e9c, tr\u1ebb em v\u00e0 thanh thi\u1ebfu ni\u00ean s\u1ebd \u0111\u01b0\u1ee3c b\u00e1c s\u0129 \u0111a khoa cung c\u1ea5p d\u1ecbch v\u1ee5 ch\u0103m s\u00f3c ph\u00f2ng ng\u1eeba th\u01b0\u1eddng xuy\u00ean. Sau khi xu\u1ea5t vi\u1ec7n, tr\u1ebb th\u01b0\u1eddng \u0111\u01b0\u1ee3c ki\u1ec3m tra s\u1ee9c kh\u1ecfe l\u1ea7n \u0111\u1ea7u ti\u00ean t\u1ea1i nh\u00e0 trong v\u00f2ng 2 ng\u00e0y. C\u00e1c l\u1ea7n ki\u1ec3m tra ti\u1ebfp theo \u0111\u01b0\u1ee3c th\u1ef1c hi\u1ec7n khi tr\u1ebb \u0111\u01b0\u1ee3c 6 tu\u1ea7n, 3 th\u00e1ng v\u00e0 sau \u0111\u00f3 l\u00e0 1-2 th\u00e1ng m\u1ed9t l\u1ea7n cho \u0111\u1ebfn khi tr\u1ebb \u0111\u01b0\u1ee3c 1 tu\u1ed5i. Sau n\u0103m \u0111\u1ea7u ti\u00ean, tr\u1ebb s\u1ebd \u0111\u01b0\u1ee3c kh\u00e1m s\u1ee9c kh\u1ecfe \u0111\u1ecbnh k\u1ef3 l\u00fac 18 th\u00e1ng tu\u1ed5i v\u00e0 t\u1eeb 3 tu\u1ed5i tr\u1edf l\u00ean, c\u1ee9 2 n\u0103m m\u1ed9t l\u1ea7n cho \u0111\u1ebfn khi tr\u1ebb \u0111\u01b0\u1ee3c 17 tu\u1ed5i. B\u00e1c s\u0129 s\u1ebd ghi nh\u1eefng th\u00f4ng tin quan tr\u1ecdng t\u1eeb c\u00e1c l\u1ea7n kh\u00e1m v\u00e0 ti\u00eam ch\u1ee7ng v\u00e0o th\u1ebb b\u1ea3o hi\u1ec3m y t\u1ebf \u0111\u1ec3 tr\u1ebb c\u00f3 th\u1ec3 tra c\u1ee9u th\u00f4ng tin ngay c\u1ea3 trong nh\u1eefng tr\u01b0\u1eddng h\u1ee3p kh\u1ea9n c\u1ea5p. Kh\u00e1m r\u0103ng \u0111\u01b0\u1ee3c th\u1ef1c hi\u1ec7n hai l\u1ea7n m\u1ed9t n\u0103m (l\u1ea7n \u0111\u1ea7u ti\u00ean t\u1eeb 6-12 th\u00e1ng) v\u00e0 kh\u00e1m ph\u1ee5 khoa l\u1ea7n \u0111\u1ea7u ti\u00ean \u0111\u01b0\u1ee3c khuy\u1ebfn ngh\u1ecb cho c\u00e1c b\u00e9 g\u00e1i khi 15 tu\u1ed5i. N\u1ebfu con b\u1ea1n c\u00f3 b\u1ea3o hi\u1ec3m y t\u1ebf c\u00f4ng, t\u1ea5t c\u1ea3 c\u00e1c l\u1ea7n kh\u00e1m ph\u00f2ng ng\u1eeba \u0111\u1ec1u \u0111\u01b0\u1ee3c b\u1ea3o hi\u1ec3m chi tr\u1ea3.<\/p>","protected":false},"excerpt":{"rendered":"<p>Tr\u00ean trang web Praha &#8211; Th\u1ee7 \u0111\u00f4 c\u1ee7a m\u1ecdi ng\u01b0\u1eddi, ch\u00fang t\u00f4i s\u1ebd cung c\u1ea5p cho b\u1ea1n m\u1ed9t s\u1ed1 l\u1eddi khuy\u00ean thi\u1ebft th\u1ef1c cho th\u1eddi k\u1ef3 mang thai v\u00e0 sinh con. D\u1ecbch v\u1ee5 ch\u0103m s\u00f3c ph\u1ee5 khoa v\u00e0 ch\u0103m s\u00f3c&#8230;<\/p>\n<a class=\"more-block\" href=\"https:\/\/metropolevsech.eu\/vi\/potrebuji-resit\/zdravotnictvi-zdravotni-a-socialni-pojisteni\/lekari-a-pohotovost\/zdravotni-pece-o-tehotne-zeny-cizinky-a-novorozence\/\">\u0110\u1ecdc th\u00eam<\/a>","protected":false},"author":7,"featured_media":0,"parent":648,"menu_order":0,"comment_status":"closed","ping_status":"closed","template":"","meta":[],"acf":[],"_links":{"self":[{"href":"https:\/\/metropolevsech.eu\/vi\/wp-json\/wp\/v2\/pages\/20938"}],"collection":[{"href":"https:\/\/metropolevsech.eu\/vi\/wp-json\/wp\/v2\/pages"}],"about":[{"href":"https:\/\/metropolevsech.eu\/vi\/wp-json\/wp\/v2\/types\/page"}],"author":[{"embeddable":true,"href":"https:\/\/metropolevsech.eu\/vi\/wp-json\/wp\/v2\/users\/7"}],"replies":[{"embeddable":true,"href":"https:\/\/metropolevsech.eu\/vi\/wp-json\/wp\/v2\/comments?post=20938"}],"version-history":[{"count":25,"href":"https:\/\/metropolevsech.eu\/vi\/wp-json\/wp\/v2\/pages\/20938\/revisions"}],"predecessor-version":[{"id":24560,"href":"https:\/\/metropolevsech.eu\/vi\/wp-json\/wp\/v2\/pages\/20938\/revisions\/24560"}],"up":[{"embeddable":true,"href":"https:\/\/metropolevsech.eu\/vi\/wp-json\/wp\/v2\/pages\/648"}],"wp:attachment":[{"href":"https:\/\/metropolevsech.eu\/vi\/wp-json\/wp\/v2\/media?parent=20938"}],"curies":[{"name":"wp","href":"https:\/\/api.w.org\/{rel}","templated":true}]}}