{"id":21356,"date":"2024-12-16T21:25:40","date_gmt":"2024-12-16T20:25:40","guid":{"rendered":"https:\/\/metropolevsech.eu\/?page_id=21356"},"modified":"2024-12-16T23:23:52","modified_gmt":"2024-12-16T22:23:52","slug":"predstaveni-projektu-unites","status":"publish","type":"page","link":"https:\/\/metropolevsech.eu\/vi\/o-nas\/projekty-a-spoluprace-s-hmp\/zahranicni-spoluprace\/projekt-unites-hl-m-praha-partnerem-v-mezinarodnim-projektu-o-integraci\/predstaveni-projektu-unites\/","title":{"rendered":"(\u010ce\u0161tina) P\u0159edstaven\u00ed projektu UNITES"},"content":{"rendered":"<p class=\"qtranxs-available-languages-message qtranxs-available-languages-message-vi\">R\u1ea5t ti\u1ebfc, m\u1ee5c n\u00e0y ch\u1ec9 t\u1ed3n t\u1ea1i \u1edf <a href=\"https:\/\/metropolevsech.eu\/cs\/wp-json\/wp\/v2\/pages\/21356\" class=\"qtranxs-available-language-link qtranxs-available-language-link-cs\" title=\"\u010ce\u0161tina\">Ti\u1ebfng S\u00e9c<\/a>.<\/p>","protected":false},"excerpt":{"rendered":"<p>R\u1ea5t ti\u1ebfc, m\u1ee5c n\u00e0y ch\u1ec9 t\u1ed3n t\u1ea1i \u1edf Ti\u1ebfng S\u00e9c.<\/p>\n<a class=\"more-block\" href=\"https:\/\/metropolevsech.eu\/vi\/o-nas\/projekty-a-spoluprace-s-hmp\/zahranicni-spoluprace\/projekt-unites-hl-m-praha-partnerem-v-mezinarodnim-projektu-o-integraci\/predstaveni-projektu-unites\/\">\u0110\u1ecdc th\u00eam<\/a>","protected":false},"author":7,"featured_media":0,"parent":21343,"menu_order":1,"comment_status":"closed","ping_status":"closed","template":"","meta":[],"acf":[],"_links":{"self":[{"href":"https:\/\/metropolevsech.eu\/vi\/wp-json\/wp\/v2\/pages\/21356"}],"collection":[{"href":"https:\/\/metropolevsech.eu\/vi\/wp-json\/wp\/v2\/pages"}],"about":[{"href":"https:\/\/metropolevsech.eu\/vi\/wp-json\/wp\/v2\/types\/page"}],"author":[{"embeddable":true,"href":"https:\/\/metropolevsech.eu\/vi\/wp-json\/wp\/v2\/users\/7"}],"replies":[{"embeddable":true,"href":"https:\/\/metropolevsech.eu\/vi\/wp-json\/wp\/v2\/comments?post=21356"}],"version-history":[{"count":6,"href":"https:\/\/metropolevsech.eu\/vi\/wp-json\/wp\/v2\/pages\/21356\/revisions"}],"predecessor-version":[{"id":21358,"href":"https:\/\/metropolevsech.eu\/vi\/wp-json\/wp\/v2\/pages\/21356\/revisions\/21358"}],"up":[{"embeddable":true,"href":"https:\/\/metropolevsech.eu\/vi\/wp-json\/wp\/v2\/pages\/21343"}],"wp:attachment":[{"href":"https:\/\/metropolevsech.eu\/vi\/wp-json\/wp\/v2\/media?parent=21356"}],"curies":[{"name":"wp","href":"https:\/\/api.w.org\/{rel}","templated":true}]}}