{"id":21630,"date":"2025-02-05T15:42:28","date_gmt":"2025-02-05T14:42:28","guid":{"rendered":"https:\/\/metropolevsech.eu\/?page_id=21630"},"modified":"2025-02-03T13:32:57","modified_gmt":"2025-02-03T12:32:57","slug":"obcanska-a-politicka-participace","status":"publish","type":"page","link":"https:\/\/metropolevsech.eu\/vi\/obcanska-a-politicka-participace\/","title":{"rendered":"(\u010ce\u0161tina) Ob\u010dansk\u00e1 a politick\u00e1 participace"},"content":{"rendered":"<p class=\"qtranxs-available-languages-message qtranxs-available-languages-message-vi\">R\u1ea5t ti\u1ebfc, m\u1ee5c n\u00e0y ch\u1ec9 t\u1ed3n t\u1ea1i \u1edf <a href=\"https:\/\/metropolevsech.eu\/cs\/wp-json\/wp\/v2\/pages\/21630\" class=\"qtranxs-available-language-link qtranxs-available-language-link-cs\" title=\"\u010ce\u0161tina\">Ti\u1ebfng S\u00e9c<\/a>, <a href=\"https:\/\/metropolevsech.eu\/en\/wp-json\/wp\/v2\/pages\/21630\" class=\"qtranxs-available-language-link qtranxs-available-language-link-en\" title=\"English\">Ti\u1ebfng Anh (M\u1ef9)<\/a> v\u00e0 <a href=\"https:\/\/metropolevsech.eu\/ua\/wp-json\/wp\/v2\/pages\/21630\" class=\"qtranxs-available-language-link qtranxs-available-language-link-ua\" title=\"\u0423\u043a\u0440\u0430\u0457\u043d\u0441\u044c\u043a\u0430\">\u0423\u043a\u0440\u0430\u0457\u043d\u0441\u044c\u043a\u0430<\/a>.<\/p>","protected":false},"excerpt":{"rendered":"<p>R\u1ea5t ti\u1ebfc, m\u1ee5c n\u00e0y ch\u1ec9 t\u1ed3n t\u1ea1i \u1edf Ti\u1ebfng S\u00e9c, Ti\u1ebfng Anh (M\u1ef9) v\u00e0 \u0423\u043a\u0440\u0430\u0457\u043d\u0441\u044c\u043a\u0430.<\/p>\n<a class=\"more-block\" href=\"https:\/\/metropolevsech.eu\/vi\/obcanska-a-politicka-participace\/\">\u0110\u1ecdc th\u00eam<\/a>","protected":false},"author":7,"featured_media":0,"parent":0,"menu_order":0,"comment_status":"closed","ping_status":"closed","template":"","meta":[],"acf":[],"_links":{"self":[{"href":"https:\/\/metropolevsech.eu\/vi\/wp-json\/wp\/v2\/pages\/21630"}],"collection":[{"href":"https:\/\/metropolevsech.eu\/vi\/wp-json\/wp\/v2\/pages"}],"about":[{"href":"https:\/\/metropolevsech.eu\/vi\/wp-json\/wp\/v2\/types\/page"}],"author":[{"embeddable":true,"href":"https:\/\/metropolevsech.eu\/vi\/wp-json\/wp\/v2\/users\/7"}],"replies":[{"embeddable":true,"href":"https:\/\/metropolevsech.eu\/vi\/wp-json\/wp\/v2\/comments?post=21630"}],"version-history":[{"count":20,"href":"https:\/\/metropolevsech.eu\/vi\/wp-json\/wp\/v2\/pages\/21630\/revisions"}],"predecessor-version":[{"id":21754,"href":"https:\/\/metropolevsech.eu\/vi\/wp-json\/wp\/v2\/pages\/21630\/revisions\/21754"}],"wp:attachment":[{"href":"https:\/\/metropolevsech.eu\/vi\/wp-json\/wp\/v2\/media?parent=21630"}],"curies":[{"name":"wp","href":"https:\/\/api.w.org\/{rel}","templated":true}]}}