{"id":21639,"date":"2025-02-05T16:02:29","date_gmt":"2025-02-05T15:02:29","guid":{"rendered":"https:\/\/metropolevsech.eu\/?page_id=21639"},"modified":"2025-02-03T11:50:07","modified_gmt":"2025-02-03T10:50:07","slug":"jaka-mam-obcanska-a-politicka-prava","status":"publish","type":"page","link":"https:\/\/metropolevsech.eu\/vi\/jaka-mam-obcanska-a-politicka-prava\/","title":{"rendered":"(\u010ce\u0161tina) Jak\u00e1 m\u00e1m ob\u010dansk\u00e1 a politick\u00e1 pr\u00e1va?"},"content":{"rendered":"<p class=\"qtranxs-available-languages-message qtranxs-available-languages-message-vi\">R\u1ea5t ti\u1ebfc, m\u1ee5c n\u00e0y ch\u1ec9 t\u1ed3n t\u1ea1i \u1edf <a href=\"https:\/\/metropolevsech.eu\/cs\/wp-json\/wp\/v2\/pages\/21639\" class=\"qtranxs-available-language-link qtranxs-available-language-link-cs\" title=\"\u010ce\u0161tina\">Ti\u1ebfng S\u00e9c<\/a>, <a href=\"https:\/\/metropolevsech.eu\/en\/wp-json\/wp\/v2\/pages\/21639\" class=\"qtranxs-available-language-link qtranxs-available-language-link-en\" title=\"English\">Ti\u1ebfng Anh (M\u1ef9)<\/a> v\u00e0 <a href=\"https:\/\/metropolevsech.eu\/ua\/wp-json\/wp\/v2\/pages\/21639\" class=\"qtranxs-available-language-link qtranxs-available-language-link-ua\" title=\"\u0423\u043a\u0440\u0430\u0457\u043d\u0441\u044c\u043a\u0430\">\u0423\u043a\u0440\u0430\u0457\u043d\u0441\u044c\u043a\u0430<\/a>.<\/p>","protected":false},"excerpt":{"rendered":"<p>R\u1ea5t ti\u1ebfc, m\u1ee5c n\u00e0y ch\u1ec9 t\u1ed3n t\u1ea1i \u1edf Ti\u1ebfng S\u00e9c, Ti\u1ebfng Anh (M\u1ef9) v\u00e0 \u0423\u043a\u0440\u0430\u0457\u043d\u0441\u044c\u043a\u0430.<\/p>\n<a class=\"more-block\" href=\"https:\/\/metropolevsech.eu\/vi\/jaka-mam-obcanska-a-politicka-prava\/\">\u0110\u1ecdc th\u00eam<\/a>","protected":false},"author":7,"featured_media":0,"parent":0,"menu_order":0,"comment_status":"closed","ping_status":"closed","template":"","meta":[],"acf":[],"_links":{"self":[{"href":"https:\/\/metropolevsech.eu\/vi\/wp-json\/wp\/v2\/pages\/21639"}],"collection":[{"href":"https:\/\/metropolevsech.eu\/vi\/wp-json\/wp\/v2\/pages"}],"about":[{"href":"https:\/\/metropolevsech.eu\/vi\/wp-json\/wp\/v2\/types\/page"}],"author":[{"embeddable":true,"href":"https:\/\/metropolevsech.eu\/vi\/wp-json\/wp\/v2\/users\/7"}],"replies":[{"embeddable":true,"href":"https:\/\/metropolevsech.eu\/vi\/wp-json\/wp\/v2\/comments?post=21639"}],"version-history":[{"count":22,"href":"https:\/\/metropolevsech.eu\/vi\/wp-json\/wp\/v2\/pages\/21639\/revisions"}],"predecessor-version":[{"id":21721,"href":"https:\/\/metropolevsech.eu\/vi\/wp-json\/wp\/v2\/pages\/21639\/revisions\/21721"}],"wp:attachment":[{"href":"https:\/\/metropolevsech.eu\/vi\/wp-json\/wp\/v2\/media?parent=21639"}],"curies":[{"name":"wp","href":"https:\/\/api.w.org\/{rel}","templated":true}]}}