{"id":21690,"date":"2025-02-05T08:41:58","date_gmt":"2025-02-05T07:41:58","guid":{"rendered":"https:\/\/metropolevsech.eu\/?page_id=21690"},"modified":"2025-02-03T13:25:11","modified_gmt":"2025-02-03T12:25:11","slug":"%d1%83%d0%ba%d1%80%d0%b0%d1%97%d0%bd%d1%81%d1%8c%d0%ba%d0%b0-uzitecne-kontakty-a-odkazy","status":"publish","type":"page","link":"https:\/\/metropolevsech.eu\/vi\/%d1%83%d0%ba%d1%80%d0%b0%d1%97%d0%bd%d1%81%d1%8c%d0%ba%d0%b0-uzitecne-kontakty-a-odkazy\/","title":{"rendered":"(\u010ce\u0161tina) U\u017eite\u010dn\u00e9 kontakty a odkazy"},"content":{"rendered":"<p class=\"qtranxs-available-languages-message qtranxs-available-languages-message-vi\">R\u1ea5t ti\u1ebfc, m\u1ee5c n\u00e0y ch\u1ec9 t\u1ed3n t\u1ea1i \u1edf <a href=\"https:\/\/metropolevsech.eu\/cs\/wp-json\/wp\/v2\/pages\/21690\" class=\"qtranxs-available-language-link qtranxs-available-language-link-cs\" title=\"\u010ce\u0161tina\">Ti\u1ebfng S\u00e9c<\/a>, <a href=\"https:\/\/metropolevsech.eu\/en\/wp-json\/wp\/v2\/pages\/21690\" class=\"qtranxs-available-language-link qtranxs-available-language-link-en\" title=\"English\">Ti\u1ebfng Anh (M\u1ef9)<\/a> v\u00e0 <a href=\"https:\/\/metropolevsech.eu\/ua\/wp-json\/wp\/v2\/pages\/21690\" class=\"qtranxs-available-language-link qtranxs-available-language-link-ua\" title=\"\u0423\u043a\u0440\u0430\u0457\u043d\u0441\u044c\u043a\u0430\">\u0423\u043a\u0440\u0430\u0457\u043d\u0441\u044c\u043a\u0430<\/a>.<\/p>","protected":false},"excerpt":{"rendered":"<p>R\u1ea5t ti\u1ebfc, m\u1ee5c n\u00e0y ch\u1ec9 t\u1ed3n t\u1ea1i \u1edf Ti\u1ebfng S\u00e9c, Ti\u1ebfng Anh (M\u1ef9) v\u00e0 \u0423\u043a\u0440\u0430\u0457\u043d\u0441\u044c\u043a\u0430.<\/p>\n<a class=\"more-block\" href=\"https:\/\/metropolevsech.eu\/vi\/%d1%83%d0%ba%d1%80%d0%b0%d1%97%d0%bd%d1%81%d1%8c%d0%ba%d0%b0-uzitecne-kontakty-a-odkazy\/\">\u0110\u1ecdc th\u00eam<\/a>","protected":false},"author":7,"featured_media":0,"parent":0,"menu_order":0,"comment_status":"closed","ping_status":"closed","template":"","meta":[],"acf":[],"_links":{"self":[{"href":"https:\/\/metropolevsech.eu\/vi\/wp-json\/wp\/v2\/pages\/21690"}],"collection":[{"href":"https:\/\/metropolevsech.eu\/vi\/wp-json\/wp\/v2\/pages"}],"about":[{"href":"https:\/\/metropolevsech.eu\/vi\/wp-json\/wp\/v2\/types\/page"}],"author":[{"embeddable":true,"href":"https:\/\/metropolevsech.eu\/vi\/wp-json\/wp\/v2\/users\/7"}],"replies":[{"embeddable":true,"href":"https:\/\/metropolevsech.eu\/vi\/wp-json\/wp\/v2\/comments?post=21690"}],"version-history":[{"count":12,"href":"https:\/\/metropolevsech.eu\/vi\/wp-json\/wp\/v2\/pages\/21690\/revisions"}],"predecessor-version":[{"id":21749,"href":"https:\/\/metropolevsech.eu\/vi\/wp-json\/wp\/v2\/pages\/21690\/revisions\/21749"}],"wp:attachment":[{"href":"https:\/\/metropolevsech.eu\/vi\/wp-json\/wp\/v2\/media?parent=21690"}],"curies":[{"name":"wp","href":"https:\/\/api.w.org\/{rel}","templated":true}]}}