{"id":2179,"date":"2017-02-19T08:01:48","date_gmt":"2017-02-19T07:01:48","guid":{"rendered":"https:\/\/metropolevsech.eu\/?page_id=2179"},"modified":"2026-03-02T15:06:50","modified_gmt":"2026-03-02T14:06:50","slug":"integracni-centrum-praha","status":"publish","type":"page","link":"https:\/\/metropolevsech.eu\/vi\/kontakty\/integracni-centrum-praha\/","title":{"rendered":"Trung t\u00e2m h\u1ed9i nh\u1eadp Praha"},"content":{"rendered":"<p><img loading=\"lazy\" class=\"alignnone wp-image-24029 size-content-image\" src=\"https:\/\/metropolevsech.eu\/wp-content\/uploads\/2025\/11\/Obra\u0301zek-14.11.2025-v-11.07-670x194.jpeg\" alt=\"\" width=\"670\" height=\"194\" srcset=\"https:\/\/metropolevsech.eu\/wp-content\/uploads\/2025\/11\/Obra\u0301zek-14.11.2025-v-11.07-670x194.jpeg 670w, https:\/\/metropolevsech.eu\/wp-content\/uploads\/2025\/11\/Obra\u0301zek-14.11.2025-v-11.07-300x87.jpeg 300w, https:\/\/metropolevsech.eu\/wp-content\/uploads\/2025\/11\/Obra\u0301zek-14.11.2025-v-11.07-1040x301.jpeg 1040w, https:\/\/metropolevsech.eu\/wp-content\/uploads\/2025\/11\/Obra\u0301zek-14.11.2025-v-11.07-768x222.jpeg 768w, https:\/\/metropolevsech.eu\/wp-content\/uploads\/2025\/11\/Obra\u0301zek-14.11.2025-v-11.07-1536x444.jpeg 1536w, https:\/\/metropolevsech.eu\/wp-content\/uploads\/2025\/11\/Obra\u0301zek-14.11.2025-v-11.07.jpeg 1868w\" sizes=\"(max-width: 670px) 100vw, 670px\" \/><\/p>\n<p>Trung t\u00e2m h\u1ed9i nh\u1eadp Praha (Integra\u010dn\u00ed centrum Praha, o. p. s.\u2013 ICP) \u0111\u01b0\u1ee3c th\u00e0nh l\u1eadp b\u1edfi th\u1ee7 \u0111\u00f4 Praha v\u00e0o ng\u00e0y 14.03.2012 v\u00e0 t\u1eeb \u0111\u00f3 \u0111\u1ebfn gi\u1edd trung t\u00e2m \u0111\u00e3 gi\u00fap \u0111\u1ee1 h\u00e0ng ngh\u00ecn ng\u01b0\u1eddi di c\u01b0 h\u1ed9i nh\u1eadp v\u00e0o x\u00e3 h\u1ed9i S\u00e9c. ICP l\u00e0 m\u1ed9t trong 18 trung t\u00e2m h\u1ed9i nh\u1eadp n\u1eb1m \u1edf t\u1eebng t\u1ec9nh c\u1ee7a C\u1ed9ng h\u00f2a S\u00e9c. ICP ho\u1ea1t \u0111\u1ed9ng tr\u00ean \u0111\u1ecba b\u00e0n th\u1ee7 \u0111\u00f4 Praha, n\u01a1i h\u1ecd cung c\u1ea5p c\u00e1c d\u1ecbch v\u1ee5 cho ng\u01b0\u1eddi di c\u01b0 c\u00f9ng v\u1edbi c\u00e1c t\u1ed5 ch\u1ee9c phi l\u1ee3i nhu\u1eadn \u0111\u1ed1i t\u00e1c.<\/p>\n<p>ICP c\u00f3 tr\u1ee5 s\u1edf ch\u00ednh t\u1ea1i <a href=\"\/\/www.icpraha.com\/praha-1-icp\/\">Praha 1<\/a> \u1edf ph\u1ed1 \u017ditn\u00e1 v\u00e0 2 chi nh\u00e1nh tr\u00ean kh\u1eafp Praha: <a href=\"\/\/www.icpraha.com\/praha-13\/\">Praha 13<\/a> \u2013 Lu\u017einy v\u00e0 <a href=\"\/\/www.icpraha.com\/praha-14\/\">Praha 14<\/a> \u2013 \u010cern\u00fd Most. \u0110\u1ecba ch\u1ec9 li\u00ean h\u1ec7 cho c\u00e1c chi nh\u00e1nh ri\u00eang l\u1ebb c\u00f3 th\u1ec3 \u0111\u01b0\u1ee3c t\u00ecm th\u1ea5y <a href=\"https:\/\/icpraha.com\/kontakty\/\">t\u1ea1i \u0111\u00e2y<\/a><a href=\"https:\/\/icpraha.com\/nove-pomahame-i-obcanum-evropske-unie\/\"><\/a><\/p>\n<p data-start=\"68\" data-end=\"285\">ICP cung c\u1ea5p \u0111\u1ea7y \u0111\u1ee7 c\u00e1c d\u1ecbch v\u1ee5 cho ng\u01b0\u1eddi di c\u01b0. \u0110\u1ed3ng th\u1eddi, t\u1ed5 ch\u1ee9c c\u0169ng \u0111\u00f3ng vai tr\u00f2 quan tr\u1ecdng trong vi\u1ec7c \u1ea3nh h\u01b0\u1edfng \u0111\u1ebfn ch\u00ednh s\u00e1ch h\u1ed9i nh\u1eadp \u0111\u1ecba ph\u01b0\u01a1ng v\u00e0 h\u1ee3p t\u00e1c v\u1edbi c\u00e1c chuy\u00ean gia t\u1eeb nhi\u1ec1u l\u0129nh v\u1ef1c kh\u00e1c nhau.<\/p>\n<p data-start=\"287\" data-end=\"524\">T\u1ea5t c\u1ea3 c\u00e1c d\u1ecbch v\u1ee5 c\u1ee7a ICP \u0111\u1ec1u mi\u1ec5n ph\u00ed. Ch\u1ec9 ri\u00eang c\u00e1c kh\u00f3a h\u1ecdc ti\u1ebfng S\u00e9c, h\u1ecdc vi\u00ean s\u1ebd \u0111\u00f3ng kho\u1ea3n \u0111\u1eb7t c\u1ecdc \u0111\u1ed9ng l\u1ef1c 2.000 CZK, kho\u1ea3n n\u00e0y s\u1ebd \u0111\u01b0\u1ee3c ho\u00e0n l\u1ea1i sau khi k\u1ebft th\u00fac kh\u00f3a h\u1ecdc n\u1ebfu h\u1ecdc vi\u00ean \u0111\u00e1p \u1ee9ng \u0111\u1ee7 c\u00e1c \u0111i\u1ec1u ki\u1ec7n c\u1ea7n thi\u1ebft.<\/p>\n<h3>C\u00e1c d\u1ecbch v\u1ee5 c\u1ee7a ICP d\u00e0nh cho ng\u01b0\u1eddi di c\u01b0<\/h3>\n<ul class=\"bullet\">\n<li><strong>Kh\u00f3a h\u1ecdc ti\u1ebfng S\u00e9c d\u00e0nh cho ng\u01b0\u1eddi l\u1edbn<\/strong> \u2013 C\u00e1c kh\u00f3a h\u1ecdc ng\u1eef ph\u00e1p ti\u00eau chu\u1ea9n d\u00e0nh cho ng\u01b0\u1eddi n\u00f3i ti\u1ebfng Slav (A1 \u2013 B1) v\u00e0 ng\u01b0\u1eddi kh\u00f4ng n\u00f3i ti\u1ebfng Slav (A1 \u2013 A2), v\u1edbi c\u1ea3 h\u00ecnh th\u1ee9c tr\u1ef1c ti\u1ebfp v\u00e0 tr\u1ef1c tuy\u1ebfn. Ngo\u00e0i ra c\u00f2n c\u00f3 c\u00e1c kh\u00f3a h\u1ecdc chuy\u00ean bi\u1ec7t: chu\u1ea9n b\u1ecb cho k\u1ef3 ki\u1ec3m tra xin\u00a0v\u0129nh tr\u00fa, ti\u1ebfng S\u00e9c ph\u1ee5c v\u1ee5 c\u00f4ng vi\u1ec7c, ho\u1eb7c kh\u00f3a h\u1ecdc giao ti\u1ebfp. M\u1ed9t l\u1ef1a ch\u1ecdn kh\u00e1c l\u00e0 kh\u00f3a h\u1ecdc e-learning d\u01b0\u1edbi h\u00ecnh th\u1ee9c t\u1ef1 h\u1ecdc d\u00e0nh cho ng\u01b0\u1eddi m\u1edbi b\u1eaft \u0111\u1ea7u v\u00e0 ng\u01b0\u1eddi tr\u00ecnh \u0111\u1ed9 trung c\u1ea5p th\u1ea5p.<\/li>\n<li><strong>Kh\u00f3a h\u1ecdc ti\u1ebfng S\u00e9c d\u00e0nh cho tr\u1ebb em<\/strong> \u2013 c\u00e1c kh\u00f3a h\u1ecdc d\u01b0\u1edbi d\u1ea1ng v\u1eeba h\u1ecdc v\u1eeba ch\u01a1i. Trong gi\u1edd h\u1ecdc c\u00e1c em kh\u00f4ng ch\u1ec9 h\u1ecdc th\u00eam ti\u1ebfng S\u00e9c m\u00e0 c\u00f2n quen th\u00eam b\u1ea1n m\u1edbi.<\/li>\n<li><strong>Kh\u00f3a h\u1ecdc \u0111\u1ecbnh h\u01b0\u1edbng v\u0103n h\u00f3a x\u00e3 h\u1ed9i<\/strong> \u2013 \u0111\u01b0\u1ee3c t\u1ed5 ch\u1ee9c d\u01b0\u1edbi d\u1ea1ng c\u00e1c b\u00e0i gi\u1ea3ng chuy\u00ean m\u00f4n. T\u1ea1i \u0111\u00e2y b\u1ea1n s\u1ebd bi\u1ebft to\u00e0n b\u1ed9 th\u00f4ng tin v\u1ec1 l\u1ecbch s\u1eed CH S\u00e9c, c\u00e1c phong t\u1ee5c v\u00e0 truy\u1ec1n th\u1ed1ng c\u1ee7a d\u00e2n t\u1ed9c S\u00e9c, c\u00e1c lo\u1ea1i c\u01b0 tr\u00fa t\u1ea1i CH S\u00e9c, v\u1ec1 h\u1ec7 th\u1ed1ng y t\u1ebf, x\u00e3 h\u1ed9i ho\u1eb7c gi\u00e1o d\u1ee5c t\u1ea1i CH S\u00e9c, v\u1ec1 t\u1edd khai thu\u1ebf v.v.<\/li>\n<li><strong>Ho\u1ea1t \u0111\u1ed9ng v\u0103n h\u00f3a v\u00e0 c\u1ed9ng \u0111\u1ed3ng<\/strong> \u2013 h\u00e0ng n\u0103m ICP t\u1ed5 ch\u1ee9c m\u1ed9t s\u1ed1 ho\u1ea1t \u0111\u1ed9ng v\u0103n h\u00f3a v\u00e0 c\u1ed9ng \u0111\u1ed3ng tr\u00ean kh\u1eafp Praha v\u1edbi m\u1ee5c \u0111\u00edch k\u00e9o g\u1ea7n ng\u01b0\u1eddi S\u00e9c \u0111\u1ebfn v\u1edbi ng\u01b0\u1eddi di c\u01b0 v\u00e0 h\u1ed7 tr\u1ee3 s\u1ef1 chung s\u1ed1ng th\u00e2n thi\u1ec7n gi\u1eefa h\u1ecd.<\/li>\n<li><strong>T\u01b0 v\u1ea5n ph\u00e1p l\u00fd<\/strong> \u2013 Cung c\u1ea5p th\u00f4ng tin v\u1ec1 h\u1ec7 th\u1ed1ng ph\u00e1p lu\u1eadt C\u1ed9ng h\u00f2a S\u00e9c, h\u1ed7 tr\u1ee3 trong vi\u1ec7c n\u1ed9p \u0111\u01a1n xin c\u01b0 tr\u00fa t\u1ea1i S\u00e9c ho\u1eb7c gia h\u1ea1n th\u1eddi gian c\u01b0 tr\u00fa, t\u01b0 v\u1ea5n c\u01a1 b\u1ea3n trong l\u0129nh v\u1ef1c lu\u1eadt d\u00e2n s\u1ef1 (v\u00ed d\u1ee5: ly h\u00f4n ho\u1eb7c ti\u1ec1n l\u01b0\u01a1ng ch\u01b0a \u0111\u01b0\u1ee3c tr\u1ea3 \u2013 kh\u00f4ng \u0111\u1ea1i di\u1ec7n t\u1ea1i t\u00f2a v\u00e0 kh\u00f4ng so\u1ea1n th\u1ea3o \u0111\u01a1n ki\u1ec7n), t\u01b0 v\u1ea5n ho\u1eb7c h\u1ed7 tr\u1ee3 trong th\u1ee7 t\u1ee5c h\u00e0nh ch\u00ednh. Trong l\u0129nh v\u1ef1c qu\u1ed1c t\u1ecbch, cung c\u1ea5p t\u01b0 v\u1ea5n trong c\u00e1c tr\u01b0\u1eddng h\u1ee3p ph\u1ee9c t\u1ea1p ho\u1eb7c li\u00ean quan \u0111\u1ebfn th\u1ee7 t\u1ee5c \u0111ang di\u1ec5n ra.<\/li>\n<li><strong>T\u01b0 v\u1ea5n x\u00e3 h\u1ed9i<\/strong> \u2013T\u01b0 v\u1ea5n gia \u0111\u00ecnh li\u00ean quan \u0111\u1ebfn sinh con c\u00e1c tr\u1ee3 c\u1ea5p li\u00ean quan \u0111\u1ebfn thai s\u1ea3n v\u00e0 ch\u0103m s\u00f3c con nh\u1ecf t\u01b0 v\u1ea5n ngh\u1ec1 nghi\u1ec7p h\u1ed7 tr\u1ee3 t\u00ecm ki\u1ebfm tr\u01b0\u1eddng m\u1eabu gi\u00e1o ti\u1ec3u h\u1ecdc v\u00e0 trung h\u1ecdc c\u00f4ng nh\u1eadn b\u1eb1ng c\u1ea5p n\u01b0\u1edbc ngo\u00e0i nostrifikace h\u1ed7 tr\u1ee3 t\u00ecm b\u00e1c s\u0129 v\u00e0 ch\u1ed7 \u1edf th\u00f4ng tin v\u1ec1 b\u1ea3o hi\u1ec3m y t\u1ebf v\u00e0 x\u00e3 h\u1ed9i t\u01b0 v\u1ea5n v\u1ec1 h\u00f4n nh\u00e2n,\u00a0 khai sinh, khai t\u1eed,\u00a0 h\u1ed7 tr\u1ee3 chuy\u00ean m\u00f4n khi l\u00e0m vi\u1ec7c v\u1edbi c\u01a1 quan nh\u00e0 n\u01b0\u1edbc t\u01b0 v\u1ea5n v\u1ec1 l\u01b0\u01a1ng h\u01b0u v\u00e0 tr\u1ee3 c\u1ea5p x\u00e3 h\u1ed9i h\u01b0\u1edbng d\u1eabn m\u1edf gi\u1ea5y ph\u00e9p kinh doanh ho\u1eb7c t\u01b0 v\u1ea5n c\u01a1 b\u1ea3n v\u1ec1 th\u1ee7 t\u1ee5c xin qu\u1ed1c t\u1ecbch h\u1ed7 tr\u1ee3 \u0111i c\u00f9ng \u0111\u1ebfn c\u00e1c c\u01a1 quan nh\u00e0 n\u01b0\u1edbc v\u00e0 t\u1ed5 ch\u1ee9c c\u00f4ng<\/li>\n<li><strong>Truy c\u1eadp th\u00f4ng tin<\/strong> \u2013 truy c\u1eadp internet mi\u1ec5n ph\u00ed, th\u01b0 vi\u1ec7n ngo\u1ea1i ng\u1eef v\u1edbi c\u00e1c quy\u1ec3n s\u00e1ch chuy\u00ean m\u00f4n, v\u0103n th\u01a1 v\u00e0 c\u00e1c t\u1ea1p ch\u00ed ngo\u1ea1i ng\u1eef v\u00e0 tivi.<\/li>\n<li><strong>C\u00f4ng vi\u1ec7c li\u00ean v\u0103n h\u00f3a<\/strong> \u2013 <strong>Th\u00f4ng d\u1ecbch h\u1ed7 tr\u1ee3 \u0111i k\u00e8m v\u00e0 tr\u1ee3 gi\u00fap<\/strong> khi \u0111i l\u00e0m vi\u1ec7c t\u1ea1i c\u00e1c c\u01a1 quan nh\u00e0 n\u01b0\u1edbc tr\u01b0\u1eddng h\u1ecdc b\u1ec7nh vi\u1ec7n v\u00e0 c\u00e1c t\u1ed5 ch\u1ee9c c\u00f4ng kh\u00e1c Nh\u00e2n vi\u00ean li\u00ean v\u0103n h\u00f3a s\u1ebd \u0111i c\u00f9ng h\u1ed7 tr\u1ee3 giao ti\u1ebfp v\u00e0 th\u00f4ng d\u1ecbch gi\u1edbi thi\u1ec7u nh\u1eefng kh\u00eda c\u1ea1nh c\u01a1 b\u1ea3n c\u1ee7a cu\u1ed9c s\u1ed1ng t\u1ea1i Praha t\u01b0 v\u1ea5n n\u01a1i c\u1ea7n li\u00ean h\u1ec7 v\u00ed d\u1ee5 nh\u01b0 nh\u00e2n vi\u00ean x\u00e3 h\u1ed9i t\u01b0 v\u1ea5n ph\u00e1p l\u00fd v\u00e0 \u0111\u1ec1 xu\u1ea5t c\u00e1c l\u1ef1a ch\u1ecdn h\u1ecdc ti\u1ebfng S\u00e9c D\u1ecbch v\u1ee5 \u0111\u01b0\u1ee3c cung c\u1ea5p b\u1eb1ng nhi\u1ec1u ng\u00f4n ng\u1eef ti\u1ebfng S\u00e9c ti\u1ebfng Anh, ti\u1ebfng Ukraine, ti\u1ebfng Nga, ti\u1ebfng Vi\u1ec7t, ti\u1ebfng Trung v\u00e0 ti\u1ebfng \u1ea2 R\u1eadp v\u00e0 ch\u1ec9 \u0111\u01b0\u1ee3c cung c\u1ea5p d\u1ef1a tr\u00ean vi\u1ec7c \u0111\u1eb7t h\u1eb9n tr\u01b0\u1edbc.<\/li>\n<li><strong>C\u01a1 h\u1ed9i tham gia<\/strong>\u00a0\u2013 tham gia c\u00e1c di\u1ec5n \u0111\u00e0n c\u1ed1 v\u1ea5n khu v\u1ef1c, c\u00f4ng vi\u1ec7c thi\u1ec7n nguy\u1ec7n.<\/li>\n<\/ul>\n<h3>Li\u00ean k\u1ebft<\/h3>\n<ul class=\"bullet-links\">\n<li><a href=\"\/\/www.icpraha.com\">Trang web c\u1ee7a ICP<\/a><\/li>\n<li><a href=\"\/\/www.facebook.com\/icpraha\">Trang Facebook c\u1ee7a ICP<\/a><\/li>\n<li><a href=\"\/\/www.integracnicentra.cz\">C\u00e1c trung t\u00e2m h\u1ed9i nh\u1eadp<\/a><\/li>\n<\/ul>\n<p><div class=\"box-ok\"> <em>H\u00e3y theo d\u00f5i trang Facebook c\u1ee7a ICP \u0111\u1ec3 n\u1eafm \u0111\u01b0\u1ee3c th\u00f4ng tin v\u1ec1 c\u00e1c s\u1ef1 ki\u1ec7n s\u1ebd \u0111\u01b0\u1ee3c t\u1ed5 ch\u1ee9c!<\/div> <\/em><\/p>\n<p><em><div class=\"box-ok\"> B\u1ea1n c\u00f3 \u0111i qua tr\u1ee5 s\u1edf ICP \u1edf ph\u1ed1 \u017ditn\u00e1 kh\u00f4ng? \u0110\u1eebng ng\u1ea1i gh\u00e9 th\u0103m v\u00e0 t\u00ecm hi\u1ec3u th\u00f4ng tin v\u1ec1 nh\u1eefng g\u00ec ICP c\u00f3 th\u1ec3 cung c\u1ea5p cho b\u1ea1n.<\/em><\/div><\/p>","protected":false},"excerpt":{"rendered":"<p>Trung t\u00e2m h\u1ed9i nh\u1eadp Praha (Integra\u010dn\u00ed centrum Praha, o. p. s.\u2013 ICP) \u0111\u01b0\u1ee3c th\u00e0nh l\u1eadp b\u1edfi th\u1ee7 \u0111\u00f4 Praha v\u00e0o ng\u00e0y 14.03.2012 v\u00e0 t\u1eeb \u0111\u00f3 \u0111\u1ebfn gi\u1edd trung t\u00e2m \u0111\u00e3 gi\u00fap \u0111\u1ee1 h\u00e0ng ngh\u00ecn ng\u01b0\u1eddi di c\u01b0 h\u1ed9i nh\u1eadp v\u00e0o&#8230;<\/p>\n<a class=\"more-block\" href=\"https:\/\/metropolevsech.eu\/vi\/kontakty\/integracni-centrum-praha\/\">\u0110\u1ecdc th\u00eam<\/a>","protected":false},"author":7,"featured_media":6707,"parent":895,"menu_order":0,"comment_status":"closed","ping_status":"closed","template":"","meta":[],"acf":[],"_links":{"self":[{"href":"https:\/\/metropolevsech.eu\/vi\/wp-json\/wp\/v2\/pages\/2179"}],"collection":[{"href":"https:\/\/metropolevsech.eu\/vi\/wp-json\/wp\/v2\/pages"}],"about":[{"href":"https:\/\/metropolevsech.eu\/vi\/wp-json\/wp\/v2\/types\/page"}],"author":[{"embeddable":true,"href":"https:\/\/metropolevsech.eu\/vi\/wp-json\/wp\/v2\/users\/7"}],"replies":[{"embeddable":true,"href":"https:\/\/metropolevsech.eu\/vi\/wp-json\/wp\/v2\/comments?post=2179"}],"version-history":[{"count":29,"href":"https:\/\/metropolevsech.eu\/vi\/wp-json\/wp\/v2\/pages\/2179\/revisions"}],"predecessor-version":[{"id":25033,"href":"https:\/\/metropolevsech.eu\/vi\/wp-json\/wp\/v2\/pages\/2179\/revisions\/25033"}],"up":[{"embeddable":true,"href":"https:\/\/metropolevsech.eu\/vi\/wp-json\/wp\/v2\/pages\/895"}],"wp:featuredmedia":[{"embeddable":true,"href":"https:\/\/metropolevsech.eu\/vi\/wp-json\/wp\/v2\/media\/6707"}],"wp:attachment":[{"href":"https:\/\/metropolevsech.eu\/vi\/wp-json\/wp\/v2\/media?parent=2179"}],"curies":[{"name":"wp","href":"https:\/\/api.w.org\/{rel}","templated":true}]}}