{"id":22006,"date":"2025-03-04T16:39:49","date_gmt":"2025-03-04T15:39:49","guid":{"rendered":"https:\/\/metropolevsech.eu\/?page_id=22006"},"modified":"2025-03-18T19:08:22","modified_gmt":"2025-03-18T18:08:22","slug":"%d1%83%d0%ba%d1%80%d0%b0%d1%97%d0%bd%d1%81%d1%8c%d0%ba%d0%b0-mezinarodni-ochrana","status":"publish","type":"page","link":"https:\/\/metropolevsech.eu\/vi\/potrebuji-resit\/pobyt-na-uzemi-ceske-republiky\/%d1%83%d0%ba%d1%80%d0%b0%d1%97%d0%bd%d1%81%d1%8c%d0%ba%d0%b0-mezinarodni-ochrana\/","title":{"rendered":"B\u1ea3o v\u1ec7 qu\u1ed1c t\u1ebf t\u1ea1i C\u1ed9ng h\u00f2a S\u00e9c"},"content":{"rendered":"<p>T\u1ea1i \u0111\u00e2y, b\u1ea1n s\u1ebd t\u00ecm hi\u1ec3u <strong>c\u00e1ch n\u1ed9p \u0111\u01a1n xin b\u1ea3o v\u1ec7 qu\u1ed1c t\u1ebf t\u1ea1i C\u1ed9ng h\u00f2a S\u00e9c<\/strong>, ai c\u00f3 quy\u1ec1n \u0111\u01b0\u1ee3c h\u01b0\u1edfng v\u00e0 quy tr\u00ecnh n\u00e0y s\u1ebd di\u1ec5n ra nh\u01b0 th\u1ebf n\u00e0o. B\u1ea1n s\u1ebd bi\u1ebft \u0111\u01b0\u1ee3c:<\/p>\n<ul>\n<li><strong>c\u00e1c th\u1ec3 lo\u1ea1i b\u1ea3o v\u1ec7 qu\u1ed1c t\u1ebf (<\/strong>t\u1ecb n\u1ea1n v\u00e0 b\u1ea3o v\u1ec7 b\u1ed5 sung).<\/li>\n<li><strong>quy\u1ec1n l\u1ee3i<\/strong> v\u00e0<strong> l\u1ee3i \u00edch<\/strong> c\u1ee7a ng\u01b0\u1eddi \u0111\u01b0\u1ee3c b\u1ea3o v\u1ec7 qu\u1ed1c t\u1ebf<\/li>\n<li>c\u00e1ch th\u1ee9c v\u00e0 \u0111\u1ecba \u0111i\u1ec3m <strong>n\u1ed9p \u0111\u01a1n xin<\/strong> b\u1ea3o v\u1ec7 qu\u1ed1c t\u1ebf<\/li>\n<li>B\u1ea1n c\u00f3 th\u1ec3 mong \u0111\u1ee3i <strong>s\u1ef1 h\u1ed7 tr\u1ee3<\/strong> g\u00ec t\u1eeb nh\u00e0 n\u01b0\u1edbc?<\/li>\n<li>B\u1ea1n c\u00f2n <strong>c\u00f3 nh\u1eefng l\u1ef1a ch\u1ecdn n\u00e0o kh\u00e1c<\/strong> \u0111\u1ec3 c\u01b0 tr\u00fa t\u1ea1i C\u1ed9ng h\u00f2a S\u00e9c<\/li>\n<\/ul>\n<p><strong>L\u00e0m th\u1ebf n\u00e0o \u0111\u1ec3 n\u1ed9p \u0111\u01a1n xin b\u1ea3o v\u1ec7 qu\u1ed1c t\u1ebf t\u1ea1i C\u1ed9ng h\u00f2a S\u00e9c?<\/strong><\/p>\n<p>N\u1ebfu b\u1ea1n <strong>kh\u00f4ng th\u1ec3 tr\u1edf v\u1ec1 n\u01b0\u1edbc v\u00ec g\u1eb7p nguy hi\u1ec3m nghi\u00eam tr\u1ecdng,<\/strong> b\u1ea1n c\u00f3 th\u1ec3 n\u1ed9p \u0111\u01a1n xin b<strong>\u1ea3o v\u1ec7 qu\u1ed1c t\u1ebf<\/strong> t\u1ea1i C\u1ed9ng h\u00f2a S\u00e9c. \u0110i\u1ec1u n\u00e0y \u0111\u01b0\u1ee3c cung c\u1ea5p d\u01b0\u1edbi h\u00ecnh th\u1ee9c <strong>t\u1ecb n\u1ea1n ho\u1eb7c b\u1ea3o v\u1ec7 b\u1ed5 sung.<\/strong><\/p>\n<p>Sau khi n\u1ed9p \u0111\u01a1n, <strong>b\u1ea1n ph\u1ea3i \u0111\u1ebfn trung t\u00e2m ti\u1ebfp nh\u1eadn<\/strong> \u0111\u1ec3 \u0111\u0103ng k\u00fd v\u00e0 ki\u1ec3m tra s\u1ee9c kh\u1ecfe c\u01a1 b\u1ea3n. Sau \u0111\u00f3, b\u1ea1n s\u1ebd \u0111\u01b0\u1ee3c chuy\u1ec3n \u0111\u1ebfn <strong>trung t\u00e2m c\u01b0 tr\u00fa<\/strong> \u0111\u1ec3 ch\u1edd quy\u1ebft \u0111\u1ecbnh v\u1ec1 \u0111\u01a1n c\u1ee7a m\u00ecnh. Qu\u00e1 tr\u00ecnh n\u00e0y th\u01b0\u1eddng m\u1ea5t <strong>t\u1edbi s\u00e1u th\u00e1ng<\/strong>. Trong qu\u00e1 tr\u00ecnh c\u01b0 tr\u00fa v\u00e0 sau khi \u0111\u01b0\u1ee3c c\u1ea5p b\u1ea5t k\u1ef3 quy\u1ec1n b\u1ea3o v\u1ec7 n\u00e0o, <strong>b\u1ea1n \u0111\u01b0\u1ee3c nh\u00e0 n\u01b0\u1edbc h\u1ed7 tr\u1ee3<\/strong> v\u1ec1 nh\u00e0 \u1edf, gi\u00e1o d\u1ee5c, ch\u0103m s\u00f3c s\u1ee9c kh\u1ecfe v\u00e0 tr\u1ee3 gi\u00fap x\u00e3 h\u1ed9i.<\/p>\n<h2><strong>C\u00f3 nh\u1eefng lo\u1ea1i h\u00ecnh b\u1ea3o v\u1ec7 qu\u1ed1c t\u1ebf n\u00e0o?<\/strong><\/h2>\n<p><strong>T\u1ecb n\u1ea1n<\/strong><\/p>\n<p>Quy\u1ec1n t\u1ecb n\u1ea1n \u0111\u01b0\u1ee3c c\u1ea5p cho nh\u1eefng ng\u01b0\u1eddi b\u1ecb theo d\u00f5i \u1edf qu\u00ea h\u01b0\u01a1ng c\u1ee7a h\u1ecd v\u00ec:<\/p>\n<ul>\n<li>quan \u0111i\u1ec3m ch\u00ednh tr\u1ecb<\/li>\n<li>t\u00f4n gi\u00e1o<\/li>\n<li>qu\u1ed1c t\u1ecbch<\/li>\n<li>t\u00ecnh d\u1ee5c<\/li>\n<li>ch\u1ee7ng t\u1ed9c ho\u1eb7c thu\u1ed9c v\u1ec1 m\u1ed9t nh\u00f3m x\u00e3 h\u1ed9i n\u00e0o \u0111\u00f3<\/li>\n<\/ul>\n<p>Quy\u1ec1n t\u1ecb n\u1ea1n c\u0169ng c\u00f3 th\u1ec3 \u0111\u01b0\u1ee3c c\u1ea5p <strong>v\u00ec l\u00fd do nh\u00e2n \u0111\u1ea1o<\/strong> ho\u1eb7c v\u00ec m\u1ee5c \u0111\u00edch <strong>\u0111o\u00e0n t\u1ee5 gia \u0111\u00ecnh<\/strong> n\u1ebfu m\u1ed9t trong nh\u1eefng ng\u01b0\u1eddi th\u00e2n y\u00eau c\u1ee7a b\u1ea1n \u0111\u00e3 \u0111\u01b0\u1ee3c c\u1ea5p quy\u1ec1n t\u1ecb n\u1ea1n t\u1ea1i C\u1ed9ng ho\u00e0 S\u00e9c.<\/p>\n<p><b><div class=\"box-fixa\"><\/b> N\u1ebfu \u0111\u01b0\u1ee3c c\u1ea5p t\u1ecb n\u1ea1n, <strong>b\u1ea1n ph\u1ea3i t\u1eeb b\u1ecf s\u1ef1 b\u1ea3o v\u1ec7 c\u1ee7a qu\u1ed1c gia c\u1ee7a m\u00ecnh<\/strong> v\u00e0 kh\u00f4ng \u0111\u01b0\u1ee3c ph\u00e9p quay l\u1ea1i \u0111\u00f3 trong su\u1ed1t th\u1eddi gian t\u1ecb n\u1ea1n. Sau khi ho\u00e0n t\u1ea5t th\u1eddi gian c\u01b0 tr\u00fa theo y\u00eau c\u1ea7u, b\u1ea1n c\u00f3 th\u1ec3 n\u1ed9p \u0111\u01a1n xin v\u0129nh tr\u00fa ho\u1eb7c nh\u1eadp qu\u1ed1c t\u1ecbch S\u00e9c.<b><\/div><\/b><\/p>\n<p>&nbsp;<\/p>\n<p><strong>B\u1ea3o v\u1ec7 b\u1ed5 sung<\/strong><\/p>\n<p>N\u1ebfu b\u1ea1n kh\u00f4ng \u0111\u1ee7 \u0111i\u1ec1u ki\u1ec7n xin t\u1ecb n\u1ea1n, b\u1ea1n c\u00f3 th\u1ec3 \u0111\u1ee7 \u0111i\u1ec1u ki\u1ec7n \u0111\u01b0\u1ee3c<strong> b\u1ea3o v\u1ec7 b\u1ed5 sung<\/strong> n\u1ebfu b\u1ea1n g\u1eb7p <strong>nguy hi\u1ec3m nghi\u00eam tr\u1ecdng<\/strong> \u1edf qu\u1ed1c gia c\u1ee7a m\u00ecnh, ch\u1eb3ng h\u1ea1n nh\u01b0:&lt;ulclass=bulletlink&gt;<\/p>\n<ul>\n<li>chi\u1ebfn tranh ho\u1eb7c xung \u0111\u1ed9t v\u0169 trang<\/li>\n<li>nguy c\u01a1 b\u1ecb tra t\u1ea5n, \u0111\u1ed1i x\u1eed v\u00f4 nh\u00e2n \u0111\u1ea1o ho\u1eb7c b\u1ecb \u0111e d\u1ecda nghi\u00eam tr\u1ecdng \u0111\u1ebfn t\u00ednh m\u1ea1ng<\/li>\n<\/ul>\n<p>Quy\u1ec1n b\u1ea3o v\u1ec7 b\u1ed5 sung \u0111\u01b0\u1ee3c c\u1ea5p <strong>trong m\u1ed9t kho\u1ea3ng th\u1eddi gian c\u00f3 h\u1ea1n<\/strong> v\u00e0 c\u00f3 <strong>th\u1ec3 \u0111\u01b0\u1ee3c gia h\u1ea1n<\/strong> n\u1ebfu l\u00fd do c\u1ea5p quy\u1ec1n v\u1eabn c\u00f2n.<\/p>\n<p><div class=\"box-fixa\"><span style=\"font-weight: 400;\">\u00a0<\/span>Ph\u1ea3i y\u00eau c\u1ea7u gia h\u1ea1n ch\u1eadm nh\u1ea5t l\u00e0 30 ng\u00e0y tr\u01b0\u1edbc khi th\u1eddi h\u1ea1n b\u1ea3o v\u1ec7 h\u1ebft h\u1ea1n. <span style=\"font-weight: 400;\"> <\/div><\/span><\/p>\n<h2><strong>L\u00e0m th\u1ebf n\u00e0o \u0111\u1ec3 xin b\u1ea3o v\u1ec7 qu\u1ed1c t\u1ebf?<\/strong><\/h2>\n<ul>\n<li><strong>\u0110\u0103ng k\u00fd tr\u1ef1c ti\u1ebfp<\/strong> t\u1ea1i <strong>B\u1ed9 N\u1ed9i v\u1ee5 C\u1ed9ng h\u00f2a S\u00e9c<\/strong> ho\u1eb7c t\u1ea1i c\u1eeda kh\u1ea9u bi\u00ean gi\u1edbi khi nh\u1eadp c\u1ea3nh v\u00e0o C\u1ed9ng h\u00f2a S\u00e9c.<\/li>\n<li>Sau khi n\u1ed9p \u0111\u01a1n, b\u1ea1n s\u1ebd \u0111\u01b0\u1ee3c \u0111\u01b0a \u0111\u1ebfn <strong>trung t\u00e2m ti\u1ebfp nh\u1eadn<\/strong> n\u01a1i:<\/li>\n<li>b\u1ea1n s\u1ebd \u0111\u01b0\u1ee3c <strong>kh\u00e1m s\u1ee9c kh\u1ecfe<\/strong><\/li>\n<li>l\u1ea5y <strong>d\u1ea5u v\u00e2n tay<\/strong><\/li>\n<li>b\u1ea1n s\u1ebd nh\u1eadn \u0111\u01b0\u1ee3c <strong>th\u1ebb c\u0103n c\u01b0\u1edbc c\u1ee7a ng\u01b0\u1eddi n\u1ed9p \u0111\u01a1n<\/strong><\/li>\n<li>Sau \u0111\u00f3, b\u1ea1n s\u1ebd \u0111\u01b0\u1ee3c chuy\u1ec3n \u0111\u1ebfn <strong>trung t\u00e2m c\u01b0 tr\u00fa<\/strong> \u0111\u1ec3 ch\u1edd quy\u1ebft \u0111\u1ecbnh.<\/li>\n<li>Trong qu\u00e1 tr\u00ecnh t\u1ed1 t\u1ee5ng, b\u1ea1n s\u1ebd ph\u1ea3i tr\u1ea3i qua c\u00e1c cu\u1ed9c ph\u1ecfng v\u1ea5n v\u1edbi <strong>B\u1ed9 N\u1ed9i v\u1ee5 C\u1ed9ng h\u00f2a S\u00e9c<\/strong> \u0111\u1ec3 \u0111\u00e1nh gi\u00e1 tr\u01b0\u1eddng h\u1ee3p c\u1ee7a b\u1ea1n.<\/li>\n<\/ul>\n<p>B\u1ea1n c\u00f3 quy\u1ec1n \u0111\u01b0\u1ee3c <strong>t\u01b0 v\u1ea5n ph\u00e1p l\u00fd v\u00e0 phi\u00ean d\u1ecbch mi\u1ec5n ph\u00ed trong su\u1ed1t qu\u00e1 tr\u00ecnh.<\/strong><\/p>\n<p>&nbsp;<\/p>\n<p><strong>B\u1ea1n s\u1ebd nh\u1eadn \u0111\u01b0\u1ee3c s\u1ef1 h\u1ed7 tr\u1ee3 n\u00e0o?<\/strong><\/p>\n<p>N\u1ebfu b\u1ea1n \u0111\u01b0\u1ee3c <strong>c\u1ea5p quy\u1ec1n b\u1ea3o v\u1ec7 qu\u1ed1c t\u1ebf<\/strong>, b\u1ea1n s\u1ebd \u0111\u01b0\u1ee3c h\u01b0\u1edfng s\u1ef1 h\u1ed7 tr\u1ee3 t\u1eeb nh\u00e0 n\u01b0\u1edbc theo <strong><a href=\"https:\/\/www.integracniprogram.cz\/\">Ch\u01b0\u01a1ng tr\u00ecnh h\u1ed9i nh\u1eadp nh\u00e0 n\u01b0\u1edbc (SIP):<\/a><\/strong><\/p>\n<ul>\n<li><strong>Nh\u00e0 \u1edf<\/strong> \u2013 h\u1ed7 tr\u1ee3 t\u00ecm nh\u00e0 \u1edf, chi ph\u00ed chuy\u1ec3n nh\u00e0 v\u00e0 trang thi\u1ebft b\u1ecb c\u01a1 b\u1ea3n.<\/li>\n<li><strong>Vi\u1ec7c l\u00e0m<\/strong> \u2013 kh\u1ea3 n\u0103ng l\u00e0m vi\u1ec7c m\u00e0 <strong>kh\u00f4ng c\u1ea7n gi\u1ea5y ph\u00e9p lao \u0111\u1ed9ng<\/strong>, \u0111\u01b0\u1ee3c s\u1edf lao \u0111\u1ed9ng h\u1ed7 tr\u1ee3 t\u00ecm vi\u1ec7c l\u00e0m ho\u1eb7c \u0111\u00e0o t\u1ea1o l\u1ea1i.<\/li>\n<li><strong>Gi\u00e1o d\u1ee5c<\/strong> \u2013 c\u00e1c kh\u00f3a h\u1ecdc ti\u1ebfng S\u00e9c chuy\u00ean s\u00e2u, ph\u1ed5 c\u1eadp gi\u00e1o d\u1ee5c, h\u1ed7 tr\u1ee3 tr\u1ebb em nh\u1eadp h\u1ecdc.<\/li>\n<li><strong>H\u1ed7 tr\u1ee3 x\u00e3 h\u1ed9i<\/strong> \u2013 h\u1ed7 tr\u1ee3 trong vi\u1ec7c giao ti\u1ebfp v\u1edbi ch\u00ednh quy\u1ec1n, kh\u1ea3 n\u0103ng \u0111\u01b0\u1ee3c h\u01b0\u1edfng ph\u00fac l\u1ee3i x\u00e3 h\u1ed9i.<\/li>\n<li><strong>Ch\u0103m s\u00f3c s\u1ee9c kh\u1ecfe<\/strong> \u2013 ti\u1ebfp c\u1eadn b\u1ea3o hi\u1ec3m y t\u1ebf c\u00f4ng c\u1ed9ng, h\u1ed7 tr\u1ee3 t\u00ecm b\u00e1c s\u0129.<\/li>\n<li><strong>H\u1ed7 tr\u1ee3 ph\u00e1p l\u00fd<\/strong> \u2013 c\u01a1 h\u1ed9i s\u1eed d\u1ee5ng c<strong>\u00e1c d\u1ecbch v\u1ee5 ph\u00e1p l\u00fd mi\u1ec5n ph\u00ed<\/strong>.<\/li>\n<\/ul>\n<p>B\u1ea1n c\u00f3 th\u1ec3 t\u00ecm th\u1ea5y th\u00f4ng tin chi ti\u1ebft tr\u00ean trang web c\u1ee7a <a href=\"https:\/\/www.mvcr.cz\/migrace\/clanek\/nase-hlavni-temata-mezinarodni-ochrana-mezinarodni-ochrana.aspx\">B\u1ed9 N\u1ed9i v\u1ee5 C\u1ed9ng h\u00f2a S\u00e9c<\/a> ho\u1eb7c trong c\u00e1c <a href=\"https:\/\/mv.gov.cz\/migrace\/docDetail.aspx?docid=22081172&amp;doctype=ART\">s\u1ed5 th\u00f4ng tin <\/a>b\u1eb1ng ti\u1ebfng S\u00e9c, ti\u1ebfng Anh, ti\u1ebfng Nga ho\u1eb7c ti\u1ebfng Ukraina.<\/p>","protected":false},"excerpt":{"rendered":"<p>T\u1ea1i \u0111\u00e2y, b\u1ea1n s\u1ebd t\u00ecm hi\u1ec3u c\u00e1ch n\u1ed9p \u0111\u01a1n xin b\u1ea3o v\u1ec7 qu\u1ed1c t\u1ebf t\u1ea1i C\u1ed9ng h\u00f2a S\u00e9c, ai c\u00f3 quy\u1ec1n \u0111\u01b0\u1ee3c h\u01b0\u1edfng v\u00e0 quy tr\u00ecnh n\u00e0y s\u1ebd di\u1ec5n ra nh\u01b0 th\u1ebf n\u00e0o. B\u1ea1n s\u1ebd bi\u1ebft \u0111\u01b0\u1ee3c: c\u00e1c th\u1ec3 lo\u1ea1i&#8230;<\/p>\n<a class=\"more-block\" href=\"https:\/\/metropolevsech.eu\/vi\/potrebuji-resit\/pobyt-na-uzemi-ceske-republiky\/%d1%83%d0%ba%d1%80%d0%b0%d1%97%d0%bd%d1%81%d1%8c%d0%ba%d0%b0-mezinarodni-ochrana\/\">\u0110\u1ecdc th\u00eam<\/a>","protected":false},"author":7,"featured_media":0,"parent":554,"menu_order":5,"comment_status":"closed","ping_status":"closed","template":"","meta":[],"acf":[],"_links":{"self":[{"href":"https:\/\/metropolevsech.eu\/vi\/wp-json\/wp\/v2\/pages\/22006"}],"collection":[{"href":"https:\/\/metropolevsech.eu\/vi\/wp-json\/wp\/v2\/pages"}],"about":[{"href":"https:\/\/metropolevsech.eu\/vi\/wp-json\/wp\/v2\/types\/page"}],"author":[{"embeddable":true,"href":"https:\/\/metropolevsech.eu\/vi\/wp-json\/wp\/v2\/users\/7"}],"replies":[{"embeddable":true,"href":"https:\/\/metropolevsech.eu\/vi\/wp-json\/wp\/v2\/comments?post=22006"}],"version-history":[{"count":24,"href":"https:\/\/metropolevsech.eu\/vi\/wp-json\/wp\/v2\/pages\/22006\/revisions"}],"predecessor-version":[{"id":22186,"href":"https:\/\/metropolevsech.eu\/vi\/wp-json\/wp\/v2\/pages\/22006\/revisions\/22186"}],"up":[{"embeddable":true,"href":"https:\/\/metropolevsech.eu\/vi\/wp-json\/wp\/v2\/pages\/554"}],"wp:attachment":[{"href":"https:\/\/metropolevsech.eu\/vi\/wp-json\/wp\/v2\/media?parent=22006"}],"curies":[{"name":"wp","href":"https:\/\/api.w.org\/{rel}","templated":true}]}}