{"id":22286,"date":"2025-03-26T11:43:07","date_gmt":"2025-03-26T10:43:07","guid":{"rendered":"https:\/\/metropolevsech.eu\/?page_id=22286"},"modified":"2025-03-26T11:43:07","modified_gmt":"2025-03-26T10:43:07","slug":"hrady","status":"publish","type":"page","link":"https:\/\/metropolevsech.eu\/vi\/hrady\/","title":{"rendered":"C\u00e1c t\u00f2a th\u00e0nh"},"content":{"rendered":"<p><\/p>\n<h4>L\u00e2u \u0111\u00e0i Praha<\/h4>\n<p><img loading=\"lazy\" class=\"alignnone wp-image-4742 size-content-image article-img\" src=\"\/\/metropolevsech.eu\/wp-content\/uploads\/2016\/12\/podzim5-670x161.jpg\" alt=\"\" width=\"670\" height=\"161\" srcset=\"https:\/\/metropolevsech.eu\/wp-content\/uploads\/2016\/12\/podzim5-670x161.jpg 670w, https:\/\/metropolevsech.eu\/wp-content\/uploads\/2016\/12\/podzim5-300x72.jpg 300w, https:\/\/metropolevsech.eu\/wp-content\/uploads\/2016\/12\/podzim5-768x185.jpg 768w, https:\/\/metropolevsech.eu\/wp-content\/uploads\/2016\/12\/podzim5.jpg 1040w\" sizes=\"(max-width: 670px) 100vw, 670px\" \/><br \/>\nT\u1eeb th\u1ebf k\u1ef7 9, L\u00e2u \u0111\u00e0i Praha \u0111\u00e3 l\u00e0 n\u01a1i \u1edf c\u1ee7a c\u00e1c ho\u00e0ng t\u1eed r\u1ed3i c\u00e1c v\u1ecb vua S\u00e9c, t\u1eeb n\u0103m 1918 l\u00e0 dinh t\u1ed5ng th\u1ed1ng c\u1ed9ng h\u00f2a. Trong l\u1ecbch s\u1eed c\u00f3 hai l\u1ea7n l\u00e0 n\u01a1i \u1edf ch\u00ednh c\u1ee7a ho\u00e0ng \u0111\u1ebf \u0111\u1ebf qu\u1ed1c La M\u00e3 Th\u1ea7n th\u00e1nh. Theo s\u00e1ch k\u1ef7 l\u1ee5c Guinness, L\u00e2u \u0111\u00e0i Praha \u0111\u01b0\u1ee3c cho l\u00e0 l\u00e2u \u0111\u00e0i c\u1ed5 l\u1edbn nh\u1ea5t th\u1ebf gi\u1edbi \u2013 n\u1eb1m tr\u00ean di\u1ec7n t\u00edch 570 m chi\u1ec1u d\u00e0i v\u00e0 130 m chi\u1ec1u r\u1ed9ng. M\u1ed9t ph\u1ea7n c\u1ee7a l\u00e2u \u0111\u00e0i l\u00e0 khu c\u00e1c t\u00f2a nh\u00e0 l\u1ecbch s\u1eed, trong \u0111\u00f3 c\u00f3 <strong>Nh\u00e0 th\u1edd th\u00e1nh V\u00edt<\/strong> n\u1ed5i b\u1eadt. N\u01a1i \u0111\u00e2y c\u1ea5t gi\u1eef \u0111\u1ed3 ch\u00e2u b\u00e1u c\u1ee7a c\u00e1c v\u1ecb vua S\u00e9c \u0111\u01b0\u1ee3c d\u00f9ng khi l\u00ean ng\u00f4i.<\/p>\n<p>L\u1ed1i v\u00e0o L\u00e2u \u0111\u00e0i Praha t\u1eeb m\u1ecdi ph\u00eda \u0111\u1ec1u \u0111\u01b0\u1ee3c b\u1ea3o v\u1ec7 b\u1edfi l\u00ednh g\u00e1c l\u00e2u \u0111\u00e0i.<\/p>\n<p>T\u00ecm hi\u1ec3u th\u00eam tr\u00ean <a href=\"\/\/www.prague.eu\/cs\/objekt\/mista\/31\/prazsky-hrad\">c\u1ed5ng \u0111i\u1ec7n t\u1eed du l\u1ecbch ch\u00ednh th\u1ee9c c\u1ee7a Praha Prague.eu<\/a>.<\/p>\n<h4>C\u00e1c khu v\u01b0\u1eddn c\u1ee7a T\u00f2a th\u00e0nh Praha<\/h4>\n<p><img loading=\"lazy\" class=\"alignnone wp-image-9198 size-content-image article-img\" src=\"\/\/metropolevsech.eu\/wp-content\/uploads\/2019\/04\/1-kralovska-zahrada-2-670x209.jpg\" alt=\"\" width=\"670\" height=\"209\" srcset=\"https:\/\/metropolevsech.eu\/wp-content\/uploads\/2019\/04\/1-kralovska-zahrada-2-670x209.jpg 670w, https:\/\/metropolevsech.eu\/wp-content\/uploads\/2019\/04\/1-kralovska-zahrada-2-300x94.jpg 300w, https:\/\/metropolevsech.eu\/wp-content\/uploads\/2019\/04\/1-kralovska-zahrada-2-768x240.jpg 768w, https:\/\/metropolevsech.eu\/wp-content\/uploads\/2019\/04\/1-kralovska-zahrada-2-1040x325.jpg 1040w, https:\/\/metropolevsech.eu\/wp-content\/uploads\/2019\/04\/1-kralovska-zahrada-2.jpg 1920w\" sizes=\"(max-width: 670px) 100vw, 670px\" \/><br \/>\n<em>foto \u00a9 Prague City Tourism<\/em><\/p>\n<p>V\u01b0\u1eddn th\u01b0\u1ee3ng uy\u1ec3n (Kr\u00e1lovsk\u00e1 zahrada) l\u00e0 khu v\u01b0\u1eddn qu\u00fd nh\u1ea5t trong t\u1ea5t c\u1ea3 c\u00e1c v\u01b0\u1eddn c\u1ee7a T\u00f2a th\u00e0nh t\u00ednh theo b\u1ec1 d\u00e0y l\u1ecbch s\u1eed. N\u00f3 \u0111\u01b0\u1ee3c th\u00e0nh l\u1eadp v\u00e0o n\u0103m 1534 b\u1edfi vua Ferdinand I. Habsbursk\u00fd v\u00e0 l\u1ea5y c\u1ea3m h\u1ee9ng t\u1eeb nh\u1eefng m\u00f4 h\u00ecnh c\u1ee7a \u00dd. Tuy nhi\u00ean di\u1ec7n m\u1ea1o hi\u1ec7n t\u1ea1i c\u1ee7a V\u01b0\u1eddn th\u01b0\u1ee3ng uy\u1ec3n c\u00f3 \u0111\u01b0\u1ee3c t\u1eeb l\u1ea7n s\u1eeda sang theo ki\u1ec3u Anh t\u1eeb gi\u1eefa th\u1ebf k\u1ef7 19. M\u1ed9t trong nh\u1eefng b\u00e1u v\u1eadt l\u1edbn nh\u1ea5t c\u1ee7a khu v\u01b0\u1eddn l\u00e0 \u0110\u00e0i phun n\u01b0\u1edbc bi\u1ebft h\u00e1t. \u0110\u00e2y l\u00e0 m\u1ed9t trong nh\u1eefng \u0111\u00e0i phun n\u01b0\u1edbc Ph\u1ee5c H\u01b0ng \u0111\u1eb9p nh\u1ea5t \u1edf ch\u00e2u \u00c2u. Nh\u1eefng khu v\u01b0\u1eddn ph\u00eda Nam (Rajsk\u00e1, Zahrada Na Valech v\u00e0 Hartigovsk\u00e1) tr\u1ea3i d\u00e0i tr\u01b0\u1edbc m\u1eb7t ti\u1ec1n ph\u00eda Nam c\u1ee7a T\u00f2a th\u00e0nh Praha m\u1edf ra m\u1ed9t c\u1ea3nh quan tuy\u1ec7t v\u1eddi c\u1ee7a Mal\u00e1 Strana, Star\u00e9 M\u011bsto v\u00e0 c\u1ea3 Pet\u0159\u00edn kh\u00f4ng xa.<\/p>\n<p>T\u00ecm hi\u1ec3u th\u00eam tr\u00ean <a href=\"\/\/www.prague.eu\/cs\/objekt\/mista\/505\/zahrady-prazskeho-hradu\">c\u1ed5ng \u0111i\u1ec7n t\u1eed du l\u1ecbch ch\u00ednh th\u1ee9c c\u1ee7a Praha Prague.eu<\/a>.<\/p>\n<h4>Vy\u0161ehrad<\/h4>\n<p><img loading=\"lazy\" class=\"alignnone wp-image-9195 article-img\" src=\"\/\/metropolevsech.eu\/wp-content\/uploads\/2019\/04\/vysehrad-zdroj-Prague-City-Tourism-670x447.jpg\" alt=\"\" width=\"670\" height=\"\" srcset=\"https:\/\/metropolevsech.eu\/wp-content\/uploads\/2019\/04\/vysehrad-zdroj-Prague-City-Tourism-670x447.jpg 670w, https:\/\/metropolevsech.eu\/wp-content\/uploads\/2019\/04\/vysehrad-zdroj-Prague-City-Tourism-300x200.jpg 300w, https:\/\/metropolevsech.eu\/wp-content\/uploads\/2019\/04\/vysehrad-zdroj-Prague-City-Tourism-768x512.jpg 768w, https:\/\/metropolevsech.eu\/wp-content\/uploads\/2019\/04\/vysehrad-zdroj-Prague-City-Tourism-1040x693.jpg 1040w, https:\/\/metropolevsech.eu\/wp-content\/uploads\/2019\/04\/vysehrad-zdroj-Prague-City-Tourism.jpg 2000w\" sizes=\"(max-width: 670px) 100vw, 670px\" \/><br \/>\n<em>foto \u00a9 Prague City Tourism<\/em><\/p>\n<p>Theo truy\u1ec1n thuy\u1ebft, Vy\u0161ehrad l\u00e0 n\u01a1i \u1edf l\u00e2u \u0111\u1eddi nh\u1ea5t c\u1ee7a c\u00e1c v\u01b0\u01a1ng c\u00f4ng S\u00e9c. Tuy nhi\u00ean ph\u00e1o \u0111\u00e0i c\u00f3 l\u1ebd \u0111\u00e3 xu\u1ea5t hi\u1ec7n t\u1eeb gi\u1eefa th\u1ebf k\u1ef7 10. T\u1eeb m\u1ecfm \u0111\u1ea5t nh\u00f4 cao tr\u00ean s\u00f4ng Vltava, ta c\u00f3 m\u1ed9t c\u1ea3nh quan ng\u1eafm Praha th\u1eadt \u0111\u1eb7c bi\u1ec7t. Trong khu\u00f4n vi\u00ean c\u1ee7a c\u00f4ng vi\u00ean tr\u00ean Vy\u0161ehrad \u1ea9n gi\u1ea5u nhi\u1ec1u kho b\u00e1u ki\u1ebfn tr\u00fac bao g\u1ed3m nh\u00e0 l\u1ea7u h\u00ecnh tr\u00f2n Th\u00e1nh Martin qu\u00fd hi\u1ebfm ki\u1ec3u R\u00f4man, nh\u00e0 th\u1edd Th\u00e1nh Petr v\u00e0 Pavel ki\u1ec3u t\u00e2n Gothic, ngh\u0129a trang d\u00e2n t\u1ed9c Slav\u00edn v\u00e0 h\u1ea7m x\u00e2y cu\u1ed1n d\u01b0\u1edbi l\u00f2ng \u0111\u1ea5t, n\u01a1i c\u1ea5t c\u1ee7a m\u1ed9t s\u1ed1 b\u1ea3n g\u1ed1c c\u1ee7a nh\u1eefng t\u00e1c ph\u1ea9m \u0111i\u00eau kh\u1eafc th\u1eddi Ba r\u1ed1c t\u1eeb c\u1ea7u S\u00e1c-l\u01a1.<\/p>\n<p>T\u00ecm hi\u1ec3u th\u00eam tr\u00ean\u00a0<a href=\"\/\/www.prague.eu\/cs\/objekt\/mista\/137\/vysehrad\">c\u1ed5ng \u0111i\u1ec7n t\u1eed du l\u1ecbch ch\u00ednh th\u1ee9c c\u1ee7a Praha Prague.eu<\/a>.<\/p>","protected":false},"excerpt":{"rendered":"<p>L\u00e2u \u0111\u00e0i Praha T\u1eeb th\u1ebf k\u1ef7 9, L\u00e2u \u0111\u00e0i Praha \u0111\u00e3 l\u00e0 n\u01a1i \u1edf c\u1ee7a c\u00e1c ho\u00e0ng t\u1eed r\u1ed3i c\u00e1c v\u1ecb vua S\u00e9c, t\u1eeb n\u0103m 1918 l\u00e0 dinh t\u1ed5ng th\u1ed1ng c\u1ed9ng h\u00f2a. Trong l\u1ecbch s\u1eed c\u00f3 hai l\u1ea7n l\u00e0 n\u01a1i&#8230;<\/p>\n<a class=\"more-block\" href=\"https:\/\/metropolevsech.eu\/vi\/hrady\/\">\u0110\u1ecdc th\u00eam<\/a>","protected":false},"author":7,"featured_media":0,"parent":0,"menu_order":0,"comment_status":"closed","ping_status":"closed","template":"","meta":[],"acf":[],"_links":{"self":[{"href":"https:\/\/metropolevsech.eu\/vi\/wp-json\/wp\/v2\/pages\/22286"}],"collection":[{"href":"https:\/\/metropolevsech.eu\/vi\/wp-json\/wp\/v2\/pages"}],"about":[{"href":"https:\/\/metropolevsech.eu\/vi\/wp-json\/wp\/v2\/types\/page"}],"author":[{"embeddable":true,"href":"https:\/\/metropolevsech.eu\/vi\/wp-json\/wp\/v2\/users\/7"}],"replies":[{"embeddable":true,"href":"https:\/\/metropolevsech.eu\/vi\/wp-json\/wp\/v2\/comments?post=22286"}],"version-history":[{"count":1,"href":"https:\/\/metropolevsech.eu\/vi\/wp-json\/wp\/v2\/pages\/22286\/revisions"}],"predecessor-version":[{"id":22289,"href":"https:\/\/metropolevsech.eu\/vi\/wp-json\/wp\/v2\/pages\/22286\/revisions\/22289"}],"wp:attachment":[{"href":"https:\/\/metropolevsech.eu\/vi\/wp-json\/wp\/v2\/media?parent=22286"}],"curies":[{"name":"wp","href":"https:\/\/api.w.org\/{rel}","templated":true}]}}