{"id":22291,"date":"2025-03-26T11:52:31","date_gmt":"2025-03-26T10:52:31","guid":{"rendered":"https:\/\/metropolevsech.eu\/?page_id=22291"},"modified":"2025-03-26T11:52:31","modified_gmt":"2025-03-26T10:52:31","slug":"mosty","status":"publish","type":"page","link":"https:\/\/metropolevsech.eu\/vi\/mosty\/","title":{"rendered":"C\u00e1c c\u00e2y c\u1ea7u"},"content":{"rendered":"<p><\/p>\n<p id=\"bridges\">Praha c\u00f3 d\u00f2ng s\u00f4ng S\u00e9c d\u00e0i nh\u1ea5t <a href=\"\/\/vi.wikipedia.org\/wiki\/Vltava\">Vltava<\/a> ch\u1ea3y qua. S\u00f4ng Vltava kh\u1edfi ngu\u1ed3n t\u1eeb Nam Bohemia, ch\u1ea3y qua Praha ti\u1ebfp t\u1ee5c \u0111\u1ebfn \u0110\u1ee9c. Praha c\u00f3 h\u01a1n <a href=\"\/\/www.milujuprahu.cz\/v-praze-je-30-mostu-mostku-ci-lavek-pres-vltavu\/\">30 c\u00e2y c\u1ea7u<\/a>, nh\u01b0ng c\u00e2y c\u1ea7u n\u1ed5i ti\u1ebfng nh\u1ea5t trong s\u1ed1 \u0111\u00f3 ch\u1eafc ch\u1eafn l\u00e0 c\u1ea7u S\u00e1c-l\u01a1.<\/p>\n<h4>C\u1ea7u S\u00e1c-l\u01a1<\/h4>\n<p><img loading=\"lazy\" class=\"alignnone wp-image-4743 size-content-image article-img\" src=\"\/\/metropolevsech.eu\/wp-content\/uploads\/2016\/12\/podzim6-670x161.jpg\" alt=\"\" width=\"670\" height=\"161\" srcset=\"https:\/\/metropolevsech.eu\/wp-content\/uploads\/2016\/12\/podzim6-670x161.jpg 670w, https:\/\/metropolevsech.eu\/wp-content\/uploads\/2016\/12\/podzim6-300x72.jpg 300w, https:\/\/metropolevsech.eu\/wp-content\/uploads\/2016\/12\/podzim6-768x185.jpg 768w, https:\/\/metropolevsech.eu\/wp-content\/uploads\/2016\/12\/podzim6.jpg 1040w\" sizes=\"(max-width: 670px) 100vw, 670px\" \/><br \/>\nC\u1ea7u S\u00e1c-l\u01a1 l\u00e0 c\u00e2y c\u1ea7u l\u00e2u \u0111\u1eddi nh\u1ea5t b\u1eafc qua s\u00f4ng Vltava \u1edf Praha v\u00e0 l\u00e0 c\u00e2y c\u1ea7u c\u00f2n l\u01b0u gi\u1eef \u0111\u01b0\u1ee3c l\u00e2u th\u1ee9 hai \u1edf C\u1ed9ng h\u00f2a S\u00e9c. C\u1ea7u S\u00e1c-l\u01a1 \u0111\u01b0\u1ee3c \u0111\u1eb7t t\u00ean theo ng\u01b0\u1eddi s\u00e1ng l\u1eadp, v\u1ecb vua S\u00e9c n\u1ed5i ti\u1ebfng nh\u1ea5t S\u00e1c-l\u01a1 IV. S\u1ef1 h\u00ecnh th\u00e0nh c\u1ee7a c\u00e2y c\u1ea7u g\u1eafn li\u1ec1n v\u1edbi nhi\u1ec1u truy\u1ec1n thuy\u1ebft. M\u1ed9t trong s\u1ed1 \u0111\u00f3 k\u1ec3 r\u1eb1ng, ng\u01b0\u1eddi ta \u0111\u00e3 s\u1eed d\u1ee5ng tr\u1ee9ng \u0111\u1ec3 x\u00e2y c\u1ea7u. C\u1ea7u S\u00e1c-l\u01a1 ng\u00e0y nay l\u00e0 c\u1ea7u n\u1ed1i gi\u1eefa hai ph\u01b0\u1eddng \u2013 Star\u00e9 M\u011bsto v\u00e0 Mal\u00e1 Strana \u2013 v\u00e0 con \u0111\u01b0\u1eddng ho\u00e0ng gia l\u1ecbch s\u1eed \u0111i qua c\u00e2y c\u1ea7u n\u00e0y.<\/p>\n<p>C\u1ea7u S\u00e1c-l\u01a1 \u0111\u01b0\u1ee3c ng\u01b0\u1eddi Vi\u1ec7t bi\u1ebft \u0111\u1ebfn v\u1edbi c\u00e1i t\u00ean C\u1ea7u T\u00ecnh do \u0111\u00e2y t\u1eebng l\u00e0 n\u01a1i h\u1eb9n h\u00f2 b\u00ed m\u1eadt c\u1ee7a nh\u1eefng c\u1eb7p t\u00ecnh nh\u00e2n Vi\u1ec7t.<\/p>","protected":false},"excerpt":{"rendered":"<p>Praha c\u00f3 d\u00f2ng s\u00f4ng S\u00e9c d\u00e0i nh\u1ea5t Vltava ch\u1ea3y qua. S\u00f4ng Vltava kh\u1edfi ngu\u1ed3n t\u1eeb Nam Bohemia, ch\u1ea3y qua Praha ti\u1ebfp t\u1ee5c \u0111\u1ebfn \u0110\u1ee9c. Praha c\u00f3 h\u01a1n 30 c\u00e2y c\u1ea7u, nh\u01b0ng c\u00e2y c\u1ea7u n\u1ed5i ti\u1ebfng nh\u1ea5t trong s\u1ed1 \u0111\u00f3 ch\u1eafc&#8230;<\/p>\n<a class=\"more-block\" href=\"https:\/\/metropolevsech.eu\/vi\/mosty\/\">\u0110\u1ecdc th\u00eam<\/a>","protected":false},"author":7,"featured_media":0,"parent":0,"menu_order":0,"comment_status":"closed","ping_status":"closed","template":"","meta":[],"acf":[],"_links":{"self":[{"href":"https:\/\/metropolevsech.eu\/vi\/wp-json\/wp\/v2\/pages\/22291"}],"collection":[{"href":"https:\/\/metropolevsech.eu\/vi\/wp-json\/wp\/v2\/pages"}],"about":[{"href":"https:\/\/metropolevsech.eu\/vi\/wp-json\/wp\/v2\/types\/page"}],"author":[{"embeddable":true,"href":"https:\/\/metropolevsech.eu\/vi\/wp-json\/wp\/v2\/users\/7"}],"replies":[{"embeddable":true,"href":"https:\/\/metropolevsech.eu\/vi\/wp-json\/wp\/v2\/comments?post=22291"}],"version-history":[{"count":1,"href":"https:\/\/metropolevsech.eu\/vi\/wp-json\/wp\/v2\/pages\/22291\/revisions"}],"predecessor-version":[{"id":22294,"href":"https:\/\/metropolevsech.eu\/vi\/wp-json\/wp\/v2\/pages\/22291\/revisions\/22294"}],"wp:attachment":[{"href":"https:\/\/metropolevsech.eu\/vi\/wp-json\/wp\/v2\/media?parent=22291"}],"curies":[{"name":"wp","href":"https:\/\/api.w.org\/{rel}","templated":true}]}}