{"id":22295,"date":"2025-03-26T11:58:03","date_gmt":"2025-03-26T10:58:03","guid":{"rendered":"https:\/\/metropolevsech.eu\/?page_id=22295"},"modified":"2025-03-26T11:58:03","modified_gmt":"2025-03-26T10:58:03","slug":"namesti","status":"publish","type":"page","link":"https:\/\/metropolevsech.eu\/vi\/namesti\/","title":{"rendered":"C\u00e1c qu\u1ea3ng tr\u01b0\u1eddng"},"content":{"rendered":"<p><\/p>\n<h4>Qu\u1ea3ng tr\u01b0\u1eddng Th\u00e0nh c\u1ed5 (<strong>Starom\u011bstsk\u00e9 n\u00e1m\u011bst\u00ed<\/strong>)<\/h4>\n<p><img loading=\"lazy\" class=\"alignnone wp-image-7880 size-content-image article-img\" src=\"\/\/metropolevsech.eu\/wp-content\/uploads\/2018\/12\/F5A9894-670x161.jpg\" alt=\"\" width=\"670\" height=\"\" srcset=\"https:\/\/metropolevsech.eu\/wp-content\/uploads\/2018\/12\/F5A9894-670x161.jpg 670w, https:\/\/metropolevsech.eu\/wp-content\/uploads\/2018\/12\/F5A9894-300x72.jpg 300w, https:\/\/metropolevsech.eu\/wp-content\/uploads\/2018\/12\/F5A9894-768x185.jpg 768w, https:\/\/metropolevsech.eu\/wp-content\/uploads\/2018\/12\/F5A9894.jpg 1040w\" sizes=\"(max-width: 670px) 100vw, 670px\" \/><br \/>\nQu\u1ea3ng tr\u01b0\u1eddng Th\u00e0nh c\u1ed5, tr\u01b0\u1edbc \u0111\u01b0\u1ee3c g\u1ecdi l\u00e0 Qu\u1ea3ng tr\u01b0\u1eddng l\u1edbn, ng\u01b0\u1eddi d\u00e2n c\u00f2n g\u1ecdi l\u00e0 \u201cStarom\u00e1k\u201d, n\u1eb1m t\u1ea1i trung t\u00e2m c\u1ee7a ph\u01b0\u1eddng Star\u00e9 M\u011bsto. T\u1ea1i \u0111\u00e2y ch\u00fang ta c\u00f3 th\u1ec3 t\u00ecm th\u1ea5y m\u1ed9t s\u1ed1 t\u00f2a nh\u00e0 l\u1ecbch s\u1eed quan tr\u1ecdng. Kh\u00e1ch tham quan ch\u1eafc ch\u1eafn kh\u00f4ng n\u00ean b\u1ecf qua <strong>T\u00f2a th\u1ecb ch\u00ednh c\u1ed5<\/strong> v\u1edbi <strong>\u0110\u1ed3ng h\u1ed3 c\u1ed5 Praha<\/strong> v\u00e0 <strong>Nh\u00e0 th\u1edd T\u00fdn<\/strong>. \u0110\u1ed3ng h\u1ed3 c\u1ed5 Praha \u2013 \u0111\u1ed3ng h\u1ed3 thi\u00ean v\u0103n trung c\u1ed5 v\u1edbi nh\u1eefng h\u00ecnh g\u1ed7 \u0111\u01b0\u1ee3c t\u1ea1c \u0111\u1ebdo tuy\u1ec7t v\u1eddi: h\u00ecnh th\u1ea7n ch\u1ebft, thi\u00ean th\u1ea7n hay m\u01b0\u1eddi hai t\u00f4ng \u0111\u1ed3 \u0111\u1ed5 chu\u00f4ng tr\u00ean th\u00e1p c\u1ee7a T\u00f2a th\u1ecb ch\u00ednh c\u1ed5 m\u1ed7i gi\u1edd \u0111\u1ed3ng h\u1ed3. Trong qu\u00e1 tr\u00ecnh l\u1ecbch s\u1eed, T\u00f2a th\u1ecb ch\u00ednh \u0111\u00e3 tr\u1edf th\u00e0nh n\u01a1i t\u1ed5 ch\u1ee9c \u0111\u00e1m c\u01b0\u1edbi d\u00e2n s\u1ef1 y\u00eau th\u00edch.<\/p>\n<p>Ng\u01b0\u1eddi Vi\u1ec7t c\u00f2n g\u1ecdi qu\u1ea3ng tr\u01b0\u1eddng Th\u00e0nh c\u1ed5 l\u00e0 qu\u1ea3ng tr\u01b0\u1eddng \u201ccon g\u00e0\u201d b\u1edfi v\u00ec tr\u00ean \u0110\u1ed3ng h\u1ed3 c\u1ed5 c\u00f3 t\u01b0\u1ee3ng con g\u00e0 m\u1ea1 v\u00e0ng lu\u00f4n c\u1ea5t ti\u1ebfng g\u00e1y v\u00e0o m\u1ed7i gi\u1edd \u0111\u1ed3ng h\u1ed3.<\/p>\n<p>Praha c\u00f3 b\u1ec1 d\u00e0y l\u1ecbch s\u1eed, v\u00ec th\u1ebf ta kh\u00f4ng th\u1ea5y l\u00e0m ng\u1ea1c nhi\u00ean khi c\u00f3 m\u1ed9t s\u1ed1 nh\u00e2n v\u1eadt n\u1ed5i ti\u1ebfng th\u1ebf gi\u1edbi \u0111\u00e3 sinh ra ho\u1eb7c s\u1ed1ng t\u1ea1i \u0111\u00e2y. Trong s\u1ed1 nh\u1eefng ng\u01b0\u1eddi n\u1ed5i ti\u1ebfng nh\u1ea5t g\u1ed3m c\u00f3 v\u1ecb vua S\u00e9c v\u00e0 ho\u00e0ng \u0111\u1ebf La M\u00e3 S\u00e1c-l\u01a1 IV, nh\u00e0 so\u1ea1n nh\u1ea1c Anton\u00edn Dvo\u0159\u00e1k, n\u1eef ca s\u0129 opera Ema Destinnov\u00e1 hay nh\u00e0 v\u0103n Franz Kafka, Karel \u010capek v\u00e0 Jan Neruda. Nh\u00e0 so\u1ea1n nh\u1ea1c W. A. Mozart t\u1eebng s\u1ed1ng v\u00e0 so\u1ea1n nh\u1ea1c m\u1ed9t th\u1eddi gian ng\u1eafn t\u1ea1i Praha. Praha c\u0169ng l\u00e0 n\u01a1i quay phim y\u00eau th\u00edch c\u1ee7a r\u1ea5t nhi\u1ec1u \u0111\u1ea1o di\u1ec5n S\u00e9c l\u1eabn \u0111\u1ea1o di\u1ec5n n\u01b0\u1edbc ngo\u00e0i.<\/p>\n<p>T\u00ecm hi\u1ec3u th\u00eam tr\u00ean\u00a0<a href=\"\/\/www.prague.eu\/cs\/objekt\/mista\/183\/staromestske-namesti\">c\u1ed5ng \u0111i\u1ec7n t\u1eed du l\u1ecbch ch\u00ednh th\u1ee9c c\u1ee7a Praha Prague.eu<\/a>.<\/p>\n<h4>Qu\u1ea3ng tr\u01b0\u1eddng Malostransk\u00e9 (Malostransk\u00e9 n\u00e1m\u011bst\u00ed)<\/h4>\n<p><img loading=\"lazy\" class=\"wp-image-9203 size-content-image article-img\" src=\"\/\/metropolevsech.eu\/wp-content\/uploads\/2019\/04\/malostransk\u00e9-n\u00e1m\u011bst\u00ed-670x503.jpg\" alt=\"\" width=\"670\" height=\"\" srcset=\"https:\/\/metropolevsech.eu\/wp-content\/uploads\/2019\/04\/malostransk\u00e9-n\u00e1m\u011bst\u00ed-670x503.jpg 670w, https:\/\/metropolevsech.eu\/wp-content\/uploads\/2019\/04\/malostransk\u00e9-n\u00e1m\u011bst\u00ed-300x225.jpg 300w, https:\/\/metropolevsech.eu\/wp-content\/uploads\/2019\/04\/malostransk\u00e9-n\u00e1m\u011bst\u00ed-768x576.jpg 768w, https:\/\/metropolevsech.eu\/wp-content\/uploads\/2019\/04\/malostransk\u00e9-n\u00e1m\u011bst\u00ed-1040x780.jpg 1040w\" sizes=\"(max-width: 670px) 100vw, 670px\" \/><br \/>\n<em>foto \u00a9 Prague.eu<\/em><\/p>\n<p>Qu\u1ea3ng tr\u01b0\u1eddng c\u00f3 nhi\u1ec1u t\u00f2a nh\u00e0 v\u00e0 cung \u0111i\u1ec7n l\u1ecbch s\u1eed \u0111\u01b0\u1ee3c t\u1ea1o th\u00e0nh t\u1eeb hai ph\u1ea7n \u0111\u01b0\u1ee3c k\u1ebft n\u1ed1i b\u1edfi \u0111i\u1ec3m n\u1ed5i b\u1eadt c\u1ee7a to\u00e0n b\u1ed9 khu v\u1ef1c \u2013 nh\u00e0 th\u1edd Th\u00e1nh Nicholas. Qu\u1ea3ng tr\u01b0\u1eddng l\u00e0 m\u1ed9t trong nh\u1eefng \u0111i\u1ec3m du l\u1ecbch h\u1ea5p d\u1eabn nh\u1ea5t c\u1ee7a Praha v\u00e0 l\u00e0 m\u1ed9t ph\u1ea7n c\u1ee7a Con \u0111\u01b0\u1eddng ho\u00e0ng gia. T\u1eeb n\u0103m 2016, qu\u1ea3ng tr\u01b0\u1eddng \u0111\u01b0\u1ee3c d\u00f9ng \u0111\u1ec3 t\u1ed5 ch\u1ee9c c\u00e1c bu\u1ed5i g\u1eb7p g\u1ee1, tri\u1ec3n l\u00e3m ho\u1eb7c chi\u1ebfu phim. Tr\u00ean qu\u1ea3ng tr\u01b0\u1eddng c\u00f3 nh\u00e0 th\u1edd Th\u00e1nh Nicholas. Nh\u00e0 th\u1edd Ba r\u1ed1c n\u1ed5i ti\u1ebfng nh\u1ea5t Praha n\u00e0y l\u00e0 m\u1ed9t trong nh\u1eefng t\u00f2a nh\u00e0 Ba r\u1ed1c qu\u00fd b\u00e1u nh\u1ea5t t\u1eeb ph\u00eda B\u1eafc c\u1ee7a d\u00e3y n\u00fai Alps. V\u00f2m nh\u00e0 th\u1edd c\u00f3 \u0111\u01b0\u1eddng k\u00ednh 20 m \u0111\u00e1ng ng\u01b0\u1ee1ng m\u1ed9, chi\u1ec1u cao b\u00ean trong t\u00ednh \u0111\u1ebfn ch\u00f3p ch\u00f9m \u0111\u00e8n h\u01a1n 49 m \u0111\u01b0\u1ee3c coi l\u00e0 ph\u1ea7n trong nh\u00e0 cao nh\u1ea5t c\u1ee7a Praha. \u0110\u00e2y c\u0169ng l\u00e0 v\u00ed d\u1ee5 tuy\u1ec7t v\u1eddi cho s\u1ef1 trang tr\u00ed c\u1ee7a th\u1eddi Ba r\u1ed1c tr\u00ean \u0111\u1ec9nh cao. Trong nh\u00e0 th\u1edd quanh n\u0103m di\u1ec5n ra c\u00e1c chu\u1ed7i bu\u1ed5i h\u00f2a nh\u1ea1c s\u1eed d\u1ee5ng c\u00e2y \u0111\u1ea1i phong c\u1ea7m l\u1ecbch s\u1eed t\u1eeb th\u1ebf k\u1ef7 18.<\/p>\n<p>T\u00ecm hi\u1ec3u th\u00eam tr\u00ean\u00a0<a href=\"\/\/www.prague.eu\/cs\/objekt\/mista\/2740\/malostranske-namesti\">c\u1ed5ng \u0111i\u1ec7n t\u1eed du l\u1ecbch ch\u00ednh th\u1ee9c c\u1ee7a Praha Prague.eu<\/a>.<\/p>","protected":false},"excerpt":{"rendered":"<p>Qu\u1ea3ng tr\u01b0\u1eddng Th\u00e0nh c\u1ed5 (Starom\u011bstsk\u00e9 n\u00e1m\u011bst\u00ed) Qu\u1ea3ng tr\u01b0\u1eddng Th\u00e0nh c\u1ed5, tr\u01b0\u1edbc \u0111\u01b0\u1ee3c g\u1ecdi l\u00e0 Qu\u1ea3ng tr\u01b0\u1eddng l\u1edbn, ng\u01b0\u1eddi d\u00e2n c\u00f2n g\u1ecdi l\u00e0 \u201cStarom\u00e1k\u201d, n\u1eb1m t\u1ea1i trung t\u00e2m c\u1ee7a ph\u01b0\u1eddng Star\u00e9 M\u011bsto. T\u1ea1i \u0111\u00e2y ch\u00fang ta c\u00f3 th\u1ec3 t\u00ecm th\u1ea5y m\u1ed9t&#8230;<\/p>\n<a class=\"more-block\" href=\"https:\/\/metropolevsech.eu\/vi\/namesti\/\">\u0110\u1ecdc th\u00eam<\/a>","protected":false},"author":7,"featured_media":0,"parent":0,"menu_order":0,"comment_status":"closed","ping_status":"closed","template":"","meta":[],"acf":[],"_links":{"self":[{"href":"https:\/\/metropolevsech.eu\/vi\/wp-json\/wp\/v2\/pages\/22295"}],"collection":[{"href":"https:\/\/metropolevsech.eu\/vi\/wp-json\/wp\/v2\/pages"}],"about":[{"href":"https:\/\/metropolevsech.eu\/vi\/wp-json\/wp\/v2\/types\/page"}],"author":[{"embeddable":true,"href":"https:\/\/metropolevsech.eu\/vi\/wp-json\/wp\/v2\/users\/7"}],"replies":[{"embeddable":true,"href":"https:\/\/metropolevsech.eu\/vi\/wp-json\/wp\/v2\/comments?post=22295"}],"version-history":[{"count":1,"href":"https:\/\/metropolevsech.eu\/vi\/wp-json\/wp\/v2\/pages\/22295\/revisions"}],"predecessor-version":[{"id":22298,"href":"https:\/\/metropolevsech.eu\/vi\/wp-json\/wp\/v2\/pages\/22295\/revisions\/22298"}],"wp:attachment":[{"href":"https:\/\/metropolevsech.eu\/vi\/wp-json\/wp\/v2\/media?parent=22295"}],"curies":[{"name":"wp","href":"https:\/\/api.w.org\/{rel}","templated":true}]}}