{"id":22299,"date":"2025-03-26T12:02:31","date_gmt":"2025-03-26T11:02:31","guid":{"rendered":"https:\/\/metropolevsech.eu\/?page_id=22299"},"modified":"2025-03-26T12:03:38","modified_gmt":"2025-03-26T11:03:38","slug":"kostely","status":"publish","type":"page","link":"https:\/\/metropolevsech.eu\/vi\/kostely\/","title":{"rendered":"C\u00e1c nh\u00e0 th\u1edd"},"content":{"rendered":"<p><\/p>\n<h4>Nh\u00e0 th\u1edd Th\u00e1nh Nicholas \u1edf Mal\u00e1 Strana (Kostel sv. Mikul\u00e1\u0161e \u2013 Mal\u00e1 Strana)<\/h4>\n<p><img loading=\"lazy\" class=\"alignnone wp-image-9204 size-content-image article-img\" src=\"\/\/metropolevsech.eu\/wp-content\/uploads\/2019\/04\/kostel-svat\u00e9ho-mikul\u00e1\u0161e-prague-city-tourism-670x447.jpg\" alt=\"\" width=\"670\" height=\"\" srcset=\"https:\/\/metropolevsech.eu\/wp-content\/uploads\/2019\/04\/kostel-svat\u00e9ho-mikul\u00e1\u0161e-prague-city-tourism-670x447.jpg 670w, https:\/\/metropolevsech.eu\/wp-content\/uploads\/2019\/04\/kostel-svat\u00e9ho-mikul\u00e1\u0161e-prague-city-tourism-300x200.jpg 300w, https:\/\/metropolevsech.eu\/wp-content\/uploads\/2019\/04\/kostel-svat\u00e9ho-mikul\u00e1\u0161e-prague-city-tourism-768x512.jpg 768w, https:\/\/metropolevsech.eu\/wp-content\/uploads\/2019\/04\/kostel-svat\u00e9ho-mikul\u00e1\u0161e-prague-city-tourism-1040x693.jpg 1040w\" sizes=\"(max-width: 670px) 100vw, 670px\" \/><br \/>\n<em>foto \u00a9 Prague City Tourism<\/em><\/p>\n<p>Nh\u00e0 th\u1edd Ba r\u1ed1c n\u1ed5i ti\u1ebfng nh\u1ea5t Praha n\u00e0y l\u00e0 m\u1ed9t trong nh\u1eefng t\u00f2a nh\u00e0 Ba r\u1ed1c qu\u00fd b\u00e1u nh\u1ea5t t\u1eeb ph\u00eda B\u1eafc c\u1ee7a d\u00e3y n\u00fai Alps. V\u00f2m nh\u00e0 th\u1edd c\u00f3 \u0111\u01b0\u1eddng k\u00ednh 20 m \u0111\u00e1ng ng\u01b0\u1ee1ng m\u1ed9, chi\u1ec1u cao b\u00ean trong t\u00ednh \u0111\u1ebfn ch\u00f3p ch\u00f9m \u0111\u00e8n h\u01a1n 49 m \u0111\u01b0\u1ee3c coi l\u00e0 ph\u1ea7n trong nh\u00e0 cao nh\u1ea5t c\u1ee7a Praha. \u0110\u00e2y c\u0169ng l\u00e0 v\u00ed d\u1ee5 tuy\u1ec7t v\u1eddi cho s\u1ef1 trang tr\u00ed c\u1ee7a th\u1eddi Ba r\u1ed1c tr\u00ean \u0111\u1ec9nh cao. Trong nh\u00e0 th\u1edd quanh n\u0103m di\u1ec5n ra c\u00e1c chu\u1ed7i bu\u1ed5i h\u00f2a nh\u1ea1c s\u1eed d\u1ee5ng c\u00e2y \u0111\u1ea1i phong c\u1ea7m l\u1ecbch s\u1eed t\u1eeb th\u1ebf k\u1ef7 18.<\/p>\n<p>T\u00ecm hi\u1ec3u th\u00eam tr\u00ean <a href=\"\/\/www.prague.eu\/cs\/objekt\/mista\/166\/kostel-sv-mikulase-mala-strana\">c\u1ed5ng \u0111i\u1ec7n t\u1eed du l\u1ecbch ch\u00ednh th\u1ee9c c\u1ee7a Praha Prague.eu<\/a>.<\/p>","protected":false},"excerpt":{"rendered":"<p>Nh\u00e0 th\u1edd Th\u00e1nh Nicholas \u1edf Mal\u00e1 Strana (Kostel sv. Mikul\u00e1\u0161e \u2013 Mal\u00e1 Strana) foto \u00a9 Prague City Tourism Nh\u00e0 th\u1edd Ba r\u1ed1c n\u1ed5i ti\u1ebfng nh\u1ea5t Praha n\u00e0y l\u00e0 m\u1ed9t trong nh\u1eefng t\u00f2a nh\u00e0 Ba r\u1ed1c qu\u00fd b\u00e1u nh\u1ea5t t\u1eeb ph\u00eda&#8230;<\/p>\n<a class=\"more-block\" href=\"https:\/\/metropolevsech.eu\/vi\/kostely\/\">\u0110\u1ecdc th\u00eam<\/a>","protected":false},"author":7,"featured_media":0,"parent":0,"menu_order":0,"comment_status":"closed","ping_status":"closed","template":"","meta":[],"acf":[],"_links":{"self":[{"href":"https:\/\/metropolevsech.eu\/vi\/wp-json\/wp\/v2\/pages\/22299"}],"collection":[{"href":"https:\/\/metropolevsech.eu\/vi\/wp-json\/wp\/v2\/pages"}],"about":[{"href":"https:\/\/metropolevsech.eu\/vi\/wp-json\/wp\/v2\/types\/page"}],"author":[{"embeddable":true,"href":"https:\/\/metropolevsech.eu\/vi\/wp-json\/wp\/v2\/users\/7"}],"replies":[{"embeddable":true,"href":"https:\/\/metropolevsech.eu\/vi\/wp-json\/wp\/v2\/comments?post=22299"}],"version-history":[{"count":1,"href":"https:\/\/metropolevsech.eu\/vi\/wp-json\/wp\/v2\/pages\/22299\/revisions"}],"predecessor-version":[{"id":22302,"href":"https:\/\/metropolevsech.eu\/vi\/wp-json\/wp\/v2\/pages\/22299\/revisions\/22302"}],"wp:attachment":[{"href":"https:\/\/metropolevsech.eu\/vi\/wp-json\/wp\/v2\/media?parent=22299"}],"curies":[{"name":"wp","href":"https:\/\/api.w.org\/{rel}","templated":true}]}}