{"id":22303,"date":"2025-03-26T12:11:28","date_gmt":"2025-03-26T11:11:28","guid":{"rendered":"https:\/\/metropolevsech.eu\/?page_id=22303"},"modified":"2025-03-26T12:11:28","modified_gmt":"2025-03-26T11:11:28","slug":"domy","status":"publish","type":"page","link":"https:\/\/metropolevsech.eu\/vi\/domy\/","title":{"rendered":"C\u00e1c t\u00f2a nh\u00e0"},"content":{"rendered":"<p><\/p>\n<h4>Nh\u00e0 h\u00e1t d\u00e2n t\u1ed9c (N\u00e1rodn\u00ed divadlo)<\/h4>\n<p><img loading=\"lazy\" class=\"alignnone wp-image-9206 size-content-image article-img\" src=\"\/\/metropolevsech.eu\/wp-content\/uploads\/2019\/04\/narodni-divadlo-motiv-Prague-city-tourism-670x209.jpg\" alt=\"\" width=\"670\" height=\"\" srcset=\"https:\/\/metropolevsech.eu\/wp-content\/uploads\/2019\/04\/narodni-divadlo-motiv-Prague-city-tourism-670x209.jpg 670w, https:\/\/metropolevsech.eu\/wp-content\/uploads\/2019\/04\/narodni-divadlo-motiv-Prague-city-tourism-300x94.jpg 300w, https:\/\/metropolevsech.eu\/wp-content\/uploads\/2019\/04\/narodni-divadlo-motiv-Prague-city-tourism-768x240.jpg 768w, https:\/\/metropolevsech.eu\/wp-content\/uploads\/2019\/04\/narodni-divadlo-motiv-Prague-city-tourism-1040x325.jpg 1040w, https:\/\/metropolevsech.eu\/wp-content\/uploads\/2019\/04\/narodni-divadlo-motiv-Prague-city-tourism.jpg 1920w\" sizes=\"(max-width: 670px) 100vw, 670px\" \/><br \/>\n<em>foto \u00a9 Prague City Tourism<\/em><\/p>\n<p>Nh\u00e0 h\u00e1t d\u00e2n t\u1ed9c l\u00e0 nh\u00e0 h\u00e1t \u0111\u1ea1i di\u1ec7n c\u1ee7a C\u1ed9ng h\u00f2a S\u00e9c, \u0111\u01b0\u1ee3c x\u00e2y l\u00ean nh\u1edd qu\u1ef9 quy\u00ean g\u00f3p to\u00e0n qu\u1ed1c\u00a0v\u00e0 \u0111\u01b0\u1ee3c m\u1edf ra l\u1ea7n \u0111\u1ea7u ti\u00ean v\u00e0o n\u0103m 1881, l\u1ea7n th\u1ee9 hai sau v\u1ee5 h\u1ecfa ho\u1ea1n v\u00e0o n\u0103m 1883. C\u00e1c trang tr\u00ed b\u00ean ngo\u00e0i l\u1eabn b\u00ean trong nh\u00e0 h\u00e1t r\u1ea5t cu\u1ed1n h\u00fat b\u1edfi \u0111\u01b0\u1ee3c d\u00e1t v\u00e0ng phong ph\u00fa, tr\u00ean \u0111\u00f3 l\u00e0 nh\u1eefng t\u00e1c ph\u1ea9m ki\u1ec7t t\u00e1c c\u1ee7a c\u00e1c t\u00e1c gi\u1ea3 S\u00e9c th\u1ebf k\u1ef7 19 \u2013 M. Al\u0161, F. \u017den\u00ed\u0161ek, V. Hynais, J. V. Myslbek v.v. B\u1ea1n s\u1ebd c\u00f3 nh\u1eefng tr\u1ea3i nghi\u1ec7m kh\u00f3 qu\u00ean khi \u0111\u1ebfn nh\u00e0 h\u00e1t \u0111\u1ec3 xem k\u1ecbch n\u00f3i, opera ho\u1eb7c ballet trong kh\u00f4ng gian tuy\u1ec7t \u0111\u1eb9p c\u1ee7a nh\u00e0 h\u00e1t.<\/p>\n<p>T\u00ecm hi\u1ec3u th\u00eam tr\u00ean <a href=\"\/\/www.prague.eu\/cs\/objekt\/mista\/202\/narodni-divadlo\">c\u1ed5ng \u0111i\u1ec7n t\u1eed du l\u1ecbch ch\u00ednh th\u1ee9c c\u1ee7a Praha Prague.eu<\/a>.<\/p>\n<h4>Obecn\u00ed d\u016fm<\/h4>\n<p><img loading=\"lazy\" class=\"alignnone wp-image-7885 size-content-image article-img\" src=\"\/\/metropolevsech.eu\/wp-content\/uploads\/2018\/12\/F5A9917-670x161.jpg\" alt=\"\" width=\"670\" height=\"\" srcset=\"https:\/\/metropolevsech.eu\/wp-content\/uploads\/2018\/12\/F5A9917-670x161.jpg 670w, https:\/\/metropolevsech.eu\/wp-content\/uploads\/2018\/12\/F5A9917-300x72.jpg 300w, https:\/\/metropolevsech.eu\/wp-content\/uploads\/2018\/12\/F5A9917-768x185.jpg 768w, https:\/\/metropolevsech.eu\/wp-content\/uploads\/2018\/12\/F5A9917.jpg 1040w\" sizes=\"(max-width: 670px) 100vw, 670px\" \/><br \/>\nT\u00f2a nh\u00e0 T\u00e2n ngh\u1ec7 thu\u1eadt t\u1eeb nh\u1eefng n\u0103m 1905-1911 l\u00e0 minh ch\u1ee9ng c\u1ee7a kh\u1ea3 n\u0103ng v\u00e0 ch\u1ea5t l\u01b0\u1ee3ng ngh\u1ec7 thu\u1eadt l\u1eabn th\u1ee7 c\u00f4ng \u0111\u1ec9nh cao. Qu\u00e1n c\u00e0 ph\u00ea, nh\u00e0 h\u00e0ng Ph\u00e1p v\u00e0 Plze\u0148, qu\u00e1n bar M\u1ef9 v\u00e0 c\u1ea3 ph\u00f2ng Th\u1ecb tr\u01b0\u1edfng hay ph\u00f2ng h\u00f2a nh\u1ea1c Smetana l\u00e0 nh\u1eefng ph\u00f2ng T\u00e2n ngh\u1ec7 thu\u1eadt ho\u00e0n h\u1ea3o \u0111\u01b0\u1ee3c trang tr\u00ed b\u1edfi nh\u1eefng h\u1ecda s\u0129 v\u00e0 nh\u00e0 \u0111i\u00eau kh\u1eafc h\u00e0ng \u0111\u1ea7u nh\u01b0 A. Mucha, J. Preisler, L. \u0160aloun v.v. Nh\u1eefng ng\u01b0\u1eddi y\u00eau m\u1ebfn T\u00e2n ngh\u1ec7 thu\u1eadt c\u00f3 th\u1ec3 tham gia c\u00e1c bu\u1ed5i tham quan to\u00e0n b\u1ed9 t\u00f2a nh\u00e0 c\u00f3 ng\u01b0\u1eddi h\u01b0\u1edbng d\u1eabn.<\/p>\n<p>T\u00ecm hi\u1ec3u th\u00eam tr\u00ean <a href=\"\/\/www.prague.eu\/cs\/objekt\/mista\/417\/obecni-dum\">c\u1ed5ng \u0111i\u1ec7n t\u1eed du l\u1ecbch ch\u00ednh th\u1ee9c c\u1ee7a Praha Prague.eu<\/a>.<\/p>","protected":false},"excerpt":{"rendered":"<p>Nh\u00e0 h\u00e1t d\u00e2n t\u1ed9c (N\u00e1rodn\u00ed divadlo) foto \u00a9 Prague City Tourism Nh\u00e0 h\u00e1t d\u00e2n t\u1ed9c l\u00e0 nh\u00e0 h\u00e1t \u0111\u1ea1i di\u1ec7n c\u1ee7a C\u1ed9ng h\u00f2a S\u00e9c, \u0111\u01b0\u1ee3c x\u00e2y l\u00ean nh\u1edd qu\u1ef9 quy\u00ean g\u00f3p to\u00e0n qu\u1ed1c\u00a0v\u00e0 \u0111\u01b0\u1ee3c m\u1edf ra l\u1ea7n \u0111\u1ea7u ti\u00ean v\u00e0o&#8230;<\/p>\n<a class=\"more-block\" href=\"https:\/\/metropolevsech.eu\/vi\/domy\/\">\u0110\u1ecdc th\u00eam<\/a>","protected":false},"author":7,"featured_media":0,"parent":0,"menu_order":0,"comment_status":"closed","ping_status":"closed","template":"","meta":[],"acf":[],"_links":{"self":[{"href":"https:\/\/metropolevsech.eu\/vi\/wp-json\/wp\/v2\/pages\/22303"}],"collection":[{"href":"https:\/\/metropolevsech.eu\/vi\/wp-json\/wp\/v2\/pages"}],"about":[{"href":"https:\/\/metropolevsech.eu\/vi\/wp-json\/wp\/v2\/types\/page"}],"author":[{"embeddable":true,"href":"https:\/\/metropolevsech.eu\/vi\/wp-json\/wp\/v2\/users\/7"}],"replies":[{"embeddable":true,"href":"https:\/\/metropolevsech.eu\/vi\/wp-json\/wp\/v2\/comments?post=22303"}],"version-history":[{"count":1,"href":"https:\/\/metropolevsech.eu\/vi\/wp-json\/wp\/v2\/pages\/22303\/revisions"}],"predecessor-version":[{"id":22306,"href":"https:\/\/metropolevsech.eu\/vi\/wp-json\/wp\/v2\/pages\/22303\/revisions\/22306"}],"wp:attachment":[{"href":"https:\/\/metropolevsech.eu\/vi\/wp-json\/wp\/v2\/media?parent=22303"}],"curies":[{"name":"wp","href":"https:\/\/api.w.org\/{rel}","templated":true}]}}