{"id":22330,"date":"2025-03-27T12:47:11","date_gmt":"2025-03-27T11:47:11","guid":{"rendered":"https:\/\/metropolevsech.eu\/?page_id=22330"},"modified":"2026-02-02T18:04:12","modified_gmt":"2026-02-02T17:04:12","slug":"hlaseni-mista-pobytu-cizince","status":"publish","type":"page","link":"https:\/\/metropolevsech.eu\/vi\/hlaseni-mista-pobytu-cizince\/","title":{"rendered":"Th\u00f4ng b\u00e1o \u0111\u1ecba ch\u1ec9 c\u01b0 tr\u00fa cho B\u1ed9 N\u1ed9i v\u1ee5 CH S\u00e9c"},"content":{"rendered":"<p>M\u1ed9t khi b\u1ea1n chuy\u1ec3n nh\u00e0, b\u1ea1n c\u00f3 h\u1ea1n 30 ng\u00e0y \u0111\u1ec3 th\u00f4ng b\u00e1o chuy\u1ec3n \u0111\u1ecba ch\u1ec9 cho B\u1ed9 N\u1ed9i v\u1ee5 CH S\u00e9c.<\/p>\n<div class=\"box-fixa\">\n<p><em>B\u1ea1n h\u00e3y \u0111\u00e1nh d\u1ea5u chu\u00f4ng v\u00e0 ghi t\u00ean m\u00ecnh l\u00ean h\u00f2m th\u01b0 c\u00e0ng s\u1edbm c\u00e0ng t\u1ed1t, \u0111\u1ec3 c\u00f3 th\u1ec3 b\u1ea3o \u0111\u1ea3m b\u1ea1n s\u1ebd nh\u1eadn \u0111\u01b0\u1ee3c m\u1ecdi th\u01b0 t\u1eeb h\u00e0nh ch\u00ednh. C\u00e1c \u1ee7y ban th\u01b0\u1eddng g\u1eedi nh\u1eefng th\u00f4ng tin quan tr\u1ecdng b\u1eb1ng th\u01b0 b\u1ea3o \u0111\u1ea3m b\u1ea1n ph\u1ea3i nh\u1eadn t\u1eadn tay. N\u1ebfu ng\u01b0\u1eddi \u0111\u01b0a th\u01b0 kh\u00f4ng g\u1eb7p b\u1ea1n \u1edf nh\u00e0, h\u1ecd s\u1ebd \u0111\u1ec3 l\u1ea1i trong h\u00f2m th\u01b0 gi\u1ea5y g\u1ecdi ra b\u01b0u \u0111i\u1ec7n g\u1ea7n nh\u1ea5t l\u1ea5y th\u01b0 b\u1ea3o \u0111\u1ea3m. N\u1ebfu b\u1ea1n kh\u00f4ng l\u1ea5y th\u01b0 trong v\u00f2ng 10 ng\u00e0y, b\u1ee9c th\u01b0 \u0111\u00f3 s\u1ebd \u0111\u01b0\u1ee3c t\u00ednh l\u00e0 b\u1ea1n \u0111\u00e3 nh\u1eadn<\/em><\/p>\n<p><\/div><\/p>","protected":false},"excerpt":{"rendered":"<p>M\u1ed9t khi b\u1ea1n chuy\u1ec3n nh\u00e0, b\u1ea1n c\u00f3 h\u1ea1n 30 ng\u00e0y \u0111\u1ec3 th\u00f4ng b\u00e1o chuy\u1ec3n \u0111\u1ecba ch\u1ec9 cho B\u1ed9 N\u1ed9i v\u1ee5 CH S\u00e9c.<\/p>\n<a class=\"more-block\" href=\"https:\/\/metropolevsech.eu\/vi\/hlaseni-mista-pobytu-cizince\/\">\u0110\u1ecdc th\u00eam<\/a>","protected":false},"author":7,"featured_media":0,"parent":0,"menu_order":0,"comment_status":"closed","ping_status":"closed","template":"","meta":[],"acf":[],"_links":{"self":[{"href":"https:\/\/metropolevsech.eu\/vi\/wp-json\/wp\/v2\/pages\/22330"}],"collection":[{"href":"https:\/\/metropolevsech.eu\/vi\/wp-json\/wp\/v2\/pages"}],"about":[{"href":"https:\/\/metropolevsech.eu\/vi\/wp-json\/wp\/v2\/types\/page"}],"author":[{"embeddable":true,"href":"https:\/\/metropolevsech.eu\/vi\/wp-json\/wp\/v2\/users\/7"}],"replies":[{"embeddable":true,"href":"https:\/\/metropolevsech.eu\/vi\/wp-json\/wp\/v2\/comments?post=22330"}],"version-history":[{"count":8,"href":"https:\/\/metropolevsech.eu\/vi\/wp-json\/wp\/v2\/pages\/22330\/revisions"}],"predecessor-version":[{"id":22807,"href":"https:\/\/metropolevsech.eu\/vi\/wp-json\/wp\/v2\/pages\/22330\/revisions\/22807"}],"wp:attachment":[{"href":"https:\/\/metropolevsech.eu\/vi\/wp-json\/wp\/v2\/media?parent=22330"}],"curies":[{"name":"wp","href":"https:\/\/api.w.org\/{rel}","templated":true}]}}