{"id":22339,"date":"2025-03-27T13:55:40","date_gmt":"2025-03-27T12:55:40","guid":{"rendered":"https:\/\/metropolevsech.eu\/?page_id=22339"},"modified":"2026-02-02T18:57:04","modified_gmt":"2026-02-02T17:57:04","slug":"vymena-ridicskeho-prukazu","status":"publish","type":"page","link":"https:\/\/metropolevsech.eu\/vi\/vymena-ridicskeho-prukazu\/","title":{"rendered":"\u0110\u1ed5i b\u1eb1ng l\u00e1i xe"},"content":{"rendered":"<p>Ngh\u0129a v\u1ee5 ph\u1ea3i \u0111\u1ed5i b\u1eb1ng l\u00e1i xe n\u01b0\u1edbc ngo\u00e0i sang b\u1eb1ng l\u00e1i xe S\u00e9c \u0111\u01b0\u1ee3c \u00e1p d\u1ee5ng cho t\u1ea5t c\u1ea3 c\u00e1c ng\u01b0\u1eddi di c\u01b0 kh\u00f4ng ph\u1ea3i c\u00f4ng d\u00e2n n\u01b0\u1edbc th\u00e0nh vi\u00ean Li\u00ean minh ch\u00e2u \u00c2u v\u00e0 c\u00f3 v\u0129nh tr\u00fa ho\u1eb7c t\u1ea1m tr\u00fa b\u1eb1ng th\u1ecb th\u1ef1c d\u00e0i h\u1ea1n t\u1ea1i C\u1ed9ng h\u00f2a S\u00e9c cho th\u1eddi gian d\u00e0i h\u01a1n 1 n\u0103m. Ng\u01b0\u1eddi di c\u01b0 ph\u1ea3i xin \u0111\u1ed5i b\u1eb1ng trong v\u00f2ng 3 th\u00e1ng k\u1ec3 t\u1eeb ng\u00e0y gi\u1ea5y ph\u00e9p v\u0129nh tr\u00fa ho\u1eb7c t\u1ea1m tr\u00fa b\u1eb1ng th\u1ecb th\u1ef1c d\u00e0i h\u1ea1n c\u00f3 gi\u00e1 tr\u1ecb.<\/p>\n<p>Ch\u1ec9 nh\u1eefng b\u1eb1ng sau m\u1edbi c\u00f3 th\u1ec3 \u0111\u1ed5i sang b\u1eb1ng l\u00e1i xe S\u00e9c: b\u1eb1ng l\u00e1i xe n\u01b0\u1edbc ngo\u00e0i c\u1ea5p theo C\u00f4ng \u01b0\u1edbc v\u1ec1 Giao th\u00f4ng \u0111\u01b0\u1eddng b\u1ed9 (Vienna 1968), ho\u1eb7c C\u00f4ng \u01b0\u1edbc v\u1ec1 Giao th\u00f4ng \u0111\u01b0\u1eddng b\u1ed9 (Gen\u00e8ve 1949), ho\u1eb7c b\u1eb1ng l\u00e1i xe c\u1ee7a C\u1ed9ng \u0111\u1ed3ng ch\u00e2u \u00c2u. B\u1ea1n n\u00ean h\u1ecfi Danh b\u1ea1 ng\u01b0\u1eddi l\u00e1i c\u1ee7a T\u00f2a th\u1ecb ch\u00ednh th\u1ee7 \u0111\u00f4 Praha b\u1eb1ng l\u00e1i xe c\u1ee7a b\u1ea1n c\u00f3 \u0111\u1ed5i sang b\u1eb1ng S\u00e9c \u0111\u01b0\u1ee3c kh\u00f4ng hay b\u1ea1n s\u1ebd ph\u1ea3i thi l\u00e1i xe c\u01a1 gi\u1edbi.<\/p>\n<p>Ng\u01b0\u1eddi xin \u0111\u1ed5i b\u1eb1ng l\u00e1i xe ph\u1ea3i tr\u1ef1c ti\u1ebfp (ng\u01b0\u1eddi \u0111\u1ea1i di\u1ec7n kh\u00f4ng \u0111\u01b0\u1ee3c) l\u00ean \u1ee7y ban xu\u1ea5t tr\u00ecnh:<\/p>\n<ul class=\"bullet\">\n<li>\u0110\u01a1n xin c\u1ea5p b\u1eb1ng l\u00e1i xe \u2013 ng\u01b0\u1eddi \u0111\u1ec7 \u0111\u01a1n s\u1ebd nh\u1eadn \u0111\u01b0\u1ee3c m\u1eabu \u0111\u01a1n v\u1edbi th\u00f4ng tin c\u00e1 nh\u00e2n in s\u1eb5n \u1edf qu\u1ea7y c\u1ee7a Danh b\u1ea1 ng\u01b0\u1eddi l\u00e1i (m\u1eabu \u0111\u01a1n l\u00e0 v\u0103n b\u1ea3n \u0111\u1eb7c bi\u1ec7t c\u00f3 s\u1ed1 \u0111\u0103ng k\u00fd v\u00e0 m\u00e3 v\u1ea1ch t\u1eeb l\u00fac s\u1ea3n xu\u1ea5t, v\u00ec v\u1eady kh\u00f4ng th\u1ec3 photo hay t\u1ea3i m\u1eabu \u0111\u01a1n t\u1eeb tr\u00ean m\u1ea1ng v\u1ec1, m\u1eabu \u0111\u01a1n tr\u1edf th\u00e0nh \u0111\u01a1n xin sau khi in nh\u1eefng th\u00f4ng tin c\u00e1 nh\u00e2n v\u00e0 th\u00f4ng tin kh\u00e1c tr\u00ean m\u00e1y t\u00ednh c\u1ee7a Danh b\u1ea1 ng\u01b0\u1eddi l\u00e1i v\u00e0 \u0111\u01b0\u1ee3c ng\u01b0\u1eddi l\u00e1i k\u00fd ch\u1ee9ng nh\u1eadn nh\u1eefng th\u00f4ng tin in tr\u00ean \u0111\u00f3 \u0111\u00fang.<\/li>\n<li>Gi\u1ea5y t\u1edd t\u00f9y th\u00e2n c\u00f3 gi\u00e1 tr\u1ecb c\u1ee7a ng\u01b0\u1eddi xin \u0111\u1ed5i (ng\u01b0\u1eddi di c\u01b0 tr\u00ecnh gi\u1ea5y ph\u00e9p c\u01b0 tr\u00fa v\u00e0 c\u00e1c gi\u1ea5y t\u1edd kh\u00e1c ch\u1ee9ng minh \u0111\u1ecba ch\u1ec9 th\u01b0\u1eddng xuy\u00ean t\u1ea1i CH S\u00e9c. \u0110\u1ecba ch\u1ec9 th\u01b0\u1eddng xuy\u00ean l\u00e0 \u0111\u1ecba ch\u1ec9 th\u01b0\u1eddng tr\u00fa c\u1ee7a c\u00e1 nh\u00e2n tr\u00ean l\u00e3nh th\u1ed5 C\u1ed9ng h\u00f2a S\u00e9c, ho\u1eb7c l\u00e0 n\u01a1i c\u00e1 nh\u00e2n th\u01b0\u1eddng c\u01b0 tr\u00fa (\u0111i\u1ec1u 2 kho\u1ea3n hh) B\u1ed9 lu\u1eadt s\u1ed1 361\/200, b\u1ea3n c\u00f3 hi\u1ec7u l\u1ef1c).<\/li>\n<li>M\u1ed9t t\u1ea5m \u1ea3nh k\u00edch c\u1ee1 35 \u00d7 45 mm<\/li>\n<li>50 cua-ron (h\u1ea1n c\u1ea5p trong v\u00f2ng 20 ng\u00e0y)<\/li>\n<li>500 cua-ron (h\u1ea1n c\u1ea5p trong v\u00f2ng 5 ng\u00e0y l\u00e0m vi\u1ec7c)<\/li>\n<\/ul>\n<p>Ng\u01b0\u1eddi xin \u0111\u1ed5i s\u1ebd \u0111\u01b0\u1ee3c c\u1ea5p b\u1eb1ng l\u00e1i xe m\u1edbi (m\u1eabu ES) theo l\u1ef1a ch\u1ecdn h\u1ea1n trong v\u00f2ng 20 ho\u1eb7c 5 ng\u00e0y l\u00e0m vi\u1ec7c.<\/p>","protected":false},"excerpt":{"rendered":"<p>Ngh\u0129a v\u1ee5 ph\u1ea3i \u0111\u1ed5i b\u1eb1ng l\u00e1i xe n\u01b0\u1edbc ngo\u00e0i sang b\u1eb1ng l\u00e1i xe S\u00e9c \u0111\u01b0\u1ee3c \u00e1p d\u1ee5ng cho t\u1ea5t c\u1ea3 c\u00e1c ng\u01b0\u1eddi di c\u01b0 kh\u00f4ng ph\u1ea3i c\u00f4ng d\u00e2n n\u01b0\u1edbc th\u00e0nh vi\u00ean Li\u00ean minh ch\u00e2u \u00c2u v\u00e0 c\u00f3 v\u0129nh tr\u00fa ho\u1eb7c&#8230;<\/p>\n<a class=\"more-block\" href=\"https:\/\/metropolevsech.eu\/vi\/vymena-ridicskeho-prukazu\/\">\u0110\u1ecdc th\u00eam<\/a>","protected":false},"author":7,"featured_media":0,"parent":0,"menu_order":0,"comment_status":"closed","ping_status":"closed","template":"","meta":[],"acf":[],"_links":{"self":[{"href":"https:\/\/metropolevsech.eu\/vi\/wp-json\/wp\/v2\/pages\/22339"}],"collection":[{"href":"https:\/\/metropolevsech.eu\/vi\/wp-json\/wp\/v2\/pages"}],"about":[{"href":"https:\/\/metropolevsech.eu\/vi\/wp-json\/wp\/v2\/types\/page"}],"author":[{"embeddable":true,"href":"https:\/\/metropolevsech.eu\/vi\/wp-json\/wp\/v2\/users\/7"}],"replies":[{"embeddable":true,"href":"https:\/\/metropolevsech.eu\/vi\/wp-json\/wp\/v2\/comments?post=22339"}],"version-history":[{"count":5,"href":"https:\/\/metropolevsech.eu\/vi\/wp-json\/wp\/v2\/pages\/22339\/revisions"}],"predecessor-version":[{"id":24861,"href":"https:\/\/metropolevsech.eu\/vi\/wp-json\/wp\/v2\/pages\/22339\/revisions\/24861"}],"wp:attachment":[{"href":"https:\/\/metropolevsech.eu\/vi\/wp-json\/wp\/v2\/media?parent=22339"}],"curies":[{"name":"wp","href":"https:\/\/api.w.org\/{rel}","templated":true}]}}