{"id":22343,"date":"2025-03-27T13:59:40","date_gmt":"2025-03-27T12:59:40","guid":{"rendered":"https:\/\/metropolevsech.eu\/?page_id=22343"},"modified":"2026-02-02T19:01:40","modified_gmt":"2026-02-02T18:01:40","slug":"registr-vozidel","status":"publish","type":"page","link":"https:\/\/metropolevsech.eu\/vi\/registr-vozidel\/","title":{"rendered":"Danh b\u1ea1 xe"},"content":{"rendered":"<p>T\u1ea1i CH S\u00e9c, c\u00e1c xe c\u01a1 gi\u1edbi ph\u1ea3i \u0111\u01b0\u1ee3c \u0111\u0103ng k\u00fd t\u1ea1i \u1ee7y ban x\u00e3 t\u01b0\u01a1ng \u1ee9ng. C\u1ea7n ph\u1ea3i l\u00e0m th\u1ee7 t\u1ee5c \u0111\u0103ng k\u00fd xe m\u1edbi mua l\u1eabn sang t\u00ean \u0111\u1ed5i ch\u1ee7.<\/p>\n<p>T\u1eeb 1.6.2017 lu\u1eadt s\u1eeda \u0111\u1ed5i b\u1ed9 lu\u1eadt giao th\u00f4ng \u0111\u01b0\u1eddng b\u1ed9 \u0111\u00e3 c\u00f3 hi\u1ec7u l\u1ef1c. Lu\u1eadt s\u1eeda \u0111\u1ed5i cho ph\u00e9p b\u1ea5t c\u1ee9 \u1ee7y ban c\u1ee7a x\u00e3 c\u00f3 ph\u1ea1m vi m\u1edf r\u1ed9ng c\u0169ng c\u00f3 th\u1ec3 gi\u1ea3i quy\u1ebft vi\u1ec7c sang t\u00ean \u0111\u1ed5i ch\u1ee7 c\u1ee7a chi\u1ebfc xe \u0111\u00e3 \u0111\u01b0\u1ee3c \u0111\u0103ng k\u00fd, \u0111\u0103ng k\u00fd xe m\u1edbi ho\u1eb7c xe nh\u1eadp kh\u1ea9u, lo\u1ea1i b\u1ecf xe, th\u00f4ng b\u00e1o xe h\u1ebft ho\u1ea1t \u0111\u1ed9ng, \u0111\u01a1n xin c\u1ea5p bi\u1ec3n s\u1ed1 xe theo nguy\u1ec7n v\u1ecdng ho\u1eb7c xin bi\u1ec3n cho gi\u00e1 ch\u1edf xe \u0111\u1ea1p, ho\u1eb7c \u0111\u0103ng k\u00fd r\u01a1 mo\u00f3c.<\/p>\n<div class=\"box-ok\"><\/p>\n<p><em>B\u1ed9 Giao th\u00f4ng \u0111\u00e3 chu\u1ea9n b\u1ecb cho ng\u01b0\u1eddi l\u00e1i xe m\u1ed9t b\u1ea3n \u0111\u1ed3 \u0111\u01a1n gi\u1ea3n c\u00f3 t\u1ea5t c\u1ea3 \u1ee7y ban x\u00e3 c\u00f3 ph\u1ea1m vi m\u1edf r\u1ed9ng, \u0111\u1ecba ch\u1ec9 v\u00e0 c\u00e1ch li\u00ean l\u1ea1c. B\u1edfi v\u1eady ai c\u0169ng c\u00f3 th\u1ec3 v\u00e0o trang c\u1ee7a B\u1ed9 \u0111\u1ec3 t\u00ecm \u0111\u1ecba \u0111i\u1ec3m \u0111\u0103ng k\u00fd xe th\u00edch h\u1ee3p nh\u1ea5t v\u00e0 l\u00ean k\u1ebf ho\u1ea1ch \u0111\u1ebfn \u0111\u00f3. \u0110\u01b0\u1eddng link \u0111\u1ebfn b\u1ea3n \u0111\u1ed3 <a href=\"\/\/www.mdcr.cz\/Dokumenty\/Silnicni-doprava\/Registrace-vozidel\/Obecni-urady-s-rozsirenou-pusobnosti\">t\u1ea1i \u0111\u00e2y<\/a>.<\/em><\/p>\n<p><\/div>\n<p>Trong tr\u01b0\u1eddng h\u1ee3p sang t\u00ean \u0111\u1ed5i ch\u1ee7 sang ch\u1ee7 m\u1edbi, ch\u1ee7 c\u0169 l\u1eabn ch\u1ee7 m\u1edbi tr\u1ef1c ti\u1ebfp l\u00ean \u1ee7y ban \u0111\u1ec7 \u0111\u01a1n xin sang t\u00ean \u0111\u1ed5i ch\u1ee7 tr\u00ean m\u1eabu \u0111\u01a1n h\u1ee3p nh\u1ea5t \u0111i k\u00e8m v\u1edbi:<\/p>\n<ul class=\"bullet\">\n<li>S\u1ed5 ch\u1ee9ng nh\u1eadn ki\u1ec3m \u0111\u1ecbnh v\u00e0 ch\u1ee9ng nh\u1eadn \u0111\u0103ng k\u00fd xe<\/li>\n<li>V\u0103n b\u1ea3n ki\u1ec3m tra \u0111\u0103ng k\u00fd kh\u00f4ng c\u0169 qu\u00e1 30 ng\u00e0y<\/li>\n<li>Th\u1ebb xanh (gi\u1ea5y ch\u1ee9ng nh\u1eadn b\u1ea3o hi\u1ec3m xe)<\/li>\n<\/ul>\n<p>Trong tr\u01b0\u1eddng h\u1ee3p m\u1ed9t trong hai ng\u01b0\u1eddi c\u00f3 \u0111\u1ea1i di\u1ec7n tr\u00ean c\u01a1 s\u1edf gi\u1ea5y \u1ee7y quy\u1ec1n b\u1eb1ng v\u0103n b\u1ea3n, gi\u1ea5y \u1ee7y quy\u1ec1n ph\u1ea3i \u0111\u01b0\u1ee3c c\u00f4ng ch\u1ee9ng c\u00e1c ch\u1eef k\u00fd.<\/p>\n<div class=\"box-fixa\"><\/p>\n<p><em>Sang t\u00ean \u0111\u1ed5i ch\u1ee7 xe &#8211; vi\u1ec7c sang t\u00ean \u0111\u1ed5i ch\u1ee7 do ng\u01b0\u1eddi mua v\u00e0 ng\u01b0\u1eddi b\u00e1n c\u00f9ng th\u1ef1c hi\u1ec7n, ho\u1eb7c m\u1ed9t trong hai ng\u01b0\u1eddi tr\u00ean c\u01a1 s\u1edf gi\u1ea5y \u1ee7y quy\u1ec1n \u0111\u01b0\u1ee3c c\u00f4ng ch\u1ee9ng c\u1ee7a ng\u01b0\u1eddi kia. Trong tr\u01b0\u1eddng h\u1ee3p ng\u01b0\u1eddi mua kh\u00f4ng h\u1ee3p t\u00e1c khi \u0111i \u0111\u0103ng k\u00fd, lu\u1eadt s\u1eeda \u0111\u1ed5i c\u00f3 hi\u1ec7u l\u1ef1c t\u1eeb 1.7.2017 ch\u1ec9 y\u00eau c\u1ea7u m\u1ed9t trong hai ng\u01b0\u1eddi mua b\u00e1n xe xin sang t\u00ean \u0111\u1ed5i ch\u1ee7 sau khi th\u1eddi h\u1ea1n 10 ng\u00e0y tr\u00f4i qua.<\/em><\/p>\n<p><\/div>\n<p>Vi\u1ec7c sang t\u00ean \u0111\u1ed5i ch\u1ee7 \u0111\u01b0\u1ee3c ghi v\u00e0o ph\u1ea7n II c\u1ee7a Gi\u1ea5y ch\u1ee9ng nh\u1eadn \u0111\u0103ng k\u00fd xe (Gi\u1ea5y ch\u1ee9ng nh\u1eadn ch\u1ea5t l\u01b0\u1ee3ng an to\u00e0n k\u1ef9 thu\u1eadt v\u00e0 b\u1ea3o v\u1ec7 m\u00f4i tr\u01b0\u1eddng) v\u00e0 xe \u0111\u01b0\u1ee3c c\u1ea5p ph\u1ea7n I m\u1edbi c\u1ee7a Gi\u1ea5y ch\u1ee9ng nh\u1eadn \u0111\u0103ng k\u00fd.<\/p>\n<p>L\u00ean Danh b\u1ea1 xe c\u1ee7a T\u00f2a th\u1ecb ch\u00ednh th\u1ee7 \u0111\u00f4 Praha, b\u1ea1n c\u00f3 th\u1ec3 \u0111\u1eb7t l\u1ecbch h\u1eb9n tr\u00ean m\u1ea1ng tr\u01b0\u1edbc. Tr\u00ean h\u1ec7 th\u1ed1ng tr\u1ef1c tuy\u1ebfn, b\u1ea1n t\u1ef1 ch\u1ecdn ng\u00e0y gi\u1edd cho ph\u00f2ng l\u00e0m vi\u1ec7c b\u1ea1n mu\u1ed1n \u0111\u1ebfn.<\/p>\n<div class=\"box-fixa\"><\/p>\n<p><em>T\u1ea5t c\u1ea3 m\u1ecdi xe c\u01a1 gi\u1edbi t\u1ea1i CH S\u00e9c ph\u1ea3i c\u00f3 b\u1ea3o hi\u1ec3m. \u0110\u1ea5y l\u00e0 b\u1ea3o hi\u1ec3m tr\u00e1ch nhi\u1ec7m t\u1eeb vi\u1ec7c v\u1eadn h\u00e0nh xe (\u0111\u01b0\u1ee3c g\u1ecdi l\u00e0 povinn\u00e9 ru\u010den\u00ed (b\u1ea3o hi\u1ec3m b\u1eaft bu\u1ed9c) hay zelen\u00e1 karta (th\u1ebb xanh)). C\u00e1c xe c\u01a1 gi\u1edbi c\u0169ng ph\u1ea3i \u0111\u01b0\u1ee3c ki\u1ec3m \u0111\u1ecbnh an to\u00e0n k\u1ef9 thu\u1eadt v\u00e0 \u0111o kh\u00ed th\u1ea3i \u0111\u1ecbnh k\u1ef3. Khi s\u1eed d\u1ee5ng xa l\u1ed9 \u1edf CH S\u00e9c, b\u1ea1n c\u1ea7n ph\u1ea3i mua v\u00e0 d\u00e1n tem xa l\u1ed9 l\u00ean k\u00ednh xe.<\/em><\/p>\n<p><\/div>\n<ul class=\"bullet-links\">\n<li><a href=\"\/\/www.praha.eu\/jnp\/cz\/potrebuji_resit\/zivotni_situace\/dopravnespravni_cinnosti\/registr_vozidel\/registr_vozidel-motorova_a_pripojna_vozidla.html\">Ph\u00f2ng l\u00e0m vi\u1ec7c c\u1ee7a Danh b\u1ea1 xe c\u1ee7a T\u00f2a th\u1ecb ch\u00ednh th\u1ee7 \u0111\u00f4 Praha<\/a><\/li>\n<\/ul>\n<p><\/p>","protected":false},"excerpt":{"rendered":"<p>T\u1ea1i CH S\u00e9c, c\u00e1c xe c\u01a1 gi\u1edbi ph\u1ea3i \u0111\u01b0\u1ee3c \u0111\u0103ng k\u00fd t\u1ea1i \u1ee7y ban x\u00e3 t\u01b0\u01a1ng \u1ee9ng. C\u1ea7n ph\u1ea3i l\u00e0m th\u1ee7 t\u1ee5c \u0111\u0103ng k\u00fd xe m\u1edbi mua l\u1eabn sang t\u00ean \u0111\u1ed5i ch\u1ee7. T\u1eeb 1.6.2017 lu\u1eadt s\u1eeda \u0111\u1ed5i b\u1ed9 lu\u1eadt giao&#8230;<\/p>\n<a class=\"more-block\" href=\"https:\/\/metropolevsech.eu\/vi\/registr-vozidel\/\">\u0110\u1ecdc th\u00eam<\/a>","protected":false},"author":7,"featured_media":0,"parent":0,"menu_order":0,"comment_status":"closed","ping_status":"closed","template":"","meta":[],"acf":[],"_links":{"self":[{"href":"https:\/\/metropolevsech.eu\/vi\/wp-json\/wp\/v2\/pages\/22343"}],"collection":[{"href":"https:\/\/metropolevsech.eu\/vi\/wp-json\/wp\/v2\/pages"}],"about":[{"href":"https:\/\/metropolevsech.eu\/vi\/wp-json\/wp\/v2\/types\/page"}],"author":[{"embeddable":true,"href":"https:\/\/metropolevsech.eu\/vi\/wp-json\/wp\/v2\/users\/7"}],"replies":[{"embeddable":true,"href":"https:\/\/metropolevsech.eu\/vi\/wp-json\/wp\/v2\/comments?post=22343"}],"version-history":[{"count":8,"href":"https:\/\/metropolevsech.eu\/vi\/wp-json\/wp\/v2\/pages\/22343\/revisions"}],"predecessor-version":[{"id":24873,"href":"https:\/\/metropolevsech.eu\/vi\/wp-json\/wp\/v2\/pages\/22343\/revisions\/24873"}],"wp:attachment":[{"href":"https:\/\/metropolevsech.eu\/vi\/wp-json\/wp\/v2\/media?parent=22343"}],"curies":[{"name":"wp","href":"https:\/\/api.w.org\/{rel}","templated":true}]}}