{"id":22937,"date":"2025-05-26T09:47:47","date_gmt":"2025-05-26T07:47:47","guid":{"rendered":"https:\/\/metropolevsech.eu\/?page_id=22937"},"modified":"2026-01-23T18:04:44","modified_gmt":"2026-01-23T17:04:44","slug":"postarejme-se-spolecne-o-vase-zdravi-prijdte-se-otestovat","status":"publish","type":"page","link":"https:\/\/metropolevsech.eu\/vi\/potrebuji-resit\/zdravotnictvi-zdravotni-a-socialni-pojisteni\/postarejme-se-spolecne-o-vase-zdravi-prijdte-se-otestovat\/","title":{"rendered":"X\u00e9t nghi\u1ec7m HIV v\u00e0 c\u00e1c b\u1ec7nh l\u00e2y truy\u1ec1n qua \u0111\u01b0\u1eddng t\u00ecnh d\u1ee5c"},"content":{"rendered":"<p><strong>H\u00e3y c\u00f9ng nhau ch\u0103m s\u00f3c s\u1ee9c kh\u1ecfe \u2013 h\u00e3y \u0111i x\u00e9t nghi\u1ec7m<\/strong><\/p>\n<p><em>B\u00e0i vi\u1ebft \u0111\u01b0\u1ee3c th\u1ef1c hi\u1ec7n b\u1edfi H\u1ed9i h\u1ed7 tr\u1ee3 AIDS S\u00e9c (\u010cSAP) trong khu\u00f4n kh\u1ed5 d\u1ef1 \u00e1n t\u1eadp trung v\u00e0o x\u00e9t nghi\u1ec7m HIV v\u00e0 c\u00e1c b\u1ec7nh l\u00e2y truy\u1ec1n qua \u0111\u01b0\u1eddng t\u00ecnh d\u1ee5c mi\u1ec5n ph\u00ed v\u00e0 \u1ea9n danh d\u00e0nh cho ng\u01b0\u1eddi n\u01b0\u1edbc ngo\u00e0i v\u00e0 c\u01b0 d\u00e2n t\u1ea1i S\u00e9c. D\u1ef1 \u00e1n \u0111\u01b0\u1ee3c h\u1ed7 tr\u1ee3 b\u1edfi B\u1ed9 Y t\u1ebf C\u1ed9ng h\u00f2a S\u00e9c. \u010cSAP t\u1eeb l\u00e2u \u0111\u00e3 ho\u1ea1t \u0111\u1ed9ng trong l\u0129nh v\u1ef1c ph\u00f2ng ng\u1eeba, h\u1ed7 tr\u1ee3 v\u00e0 n\u00e2ng cao nh\u1eadn th\u1ee9c v\u1ec1 HIV\/AIDS, \u0111\u1ed3ng th\u1eddi v\u1eadn h\u00e0nh m\u1ea1ng l\u01b0\u1edbi t\u01b0 v\u1ea5n v\u00e0 trung t\u00e2m x\u00e9t nghi\u1ec7m tr\u00ean to\u00e0n CH S\u00e9c.<\/em><\/p>\n<p><em>Trong b\u00e0i vi\u1ebft n\u00e0y, b\u1ea1n s\u1ebd t\u00ecm th\u1ea5y l\u00fd do t\u1ea1i sao vi\u1ec7c x\u00e9t nghi\u1ec7m \u0111\u1ecbnh k\u1ef3 l\u1ea1i quan tr\u1ecdng, quy tr\u00ecnh th\u1ef1c hi\u1ec7n nh\u01b0 th\u1ebf n\u00e0o, bao g\u1ed3m nh\u1eefng l\u1ee3i \u00edch g\u00ec \u2013 k\u1ec3 c\u1ea3 th\u00f4ng tin th\u1ef1c t\u1ebf v\u1ec1 c\u00e1c b\u1ec7nh truy\u1ec1n nhi\u1ec5m, d\u1ecbch v\u1ee5 t\u01b0 v\u1ea5n v\u00e0 h\u1ed7 tr\u1ee3 b\u1eb1ng c\u00e1c g\u00f3i th\u1ef1c ph\u1ea9m v\u00e0 v\u1ec7 sinh c\u00e1 nh\u00e2n.<\/em><\/p>\n<p>S\u1ee9c kh\u1ecfe c\u1ee7a b\u1ea1n x\u1ee9ng \u0111\u00e1ng \u0111\u01b0\u1ee3c quan t\u00e2m v\u00e0 ch\u0103m s\u00f3c. Vi\u1ec7c x\u00e9t nghi\u1ec7m \u0111\u1ecbnh k\u1ef3 HIV, giang mai v\u00e0 vi\u00eam gan si\u00eau vi B v\u00e0 C l\u00e0 m\u1ed9t b\u01b0\u1edbc \u0111i an to\u00e0n v\u00e0 c\u00f3 tr\u00e1ch nhi\u1ec7m, gi\u00fap <strong>ph\u00e1t hi\u1ec7n s\u1edbm nh\u1eefng nguy c\u01a1 ti\u1ec1m \u1ea9n<\/strong>. X\u00e9t nghi\u1ec7m ho\u00e0n to\u00e0n <strong>mi\u1ec5n ph\u00ed, \u1ea9n danh v\u00e0 di\u1ec5n ra trong m\u00f4i tr\u01b0\u1eddng an to\u00e0n<\/strong>. Ch\u00fang t\u00f4i \u1edf \u0111\u00e2y v\u00ec t\u1ea5t c\u1ea3 m\u1ecdi ng\u01b0\u1eddi \u2013 k\u1ec3 c\u1ea3 nh\u1eefng ai m\u1edbi sinh s\u1ed1ng t\u1ea1i S\u00e9c ho\u1eb7c \u0111ang \u0111\u01b0\u1ee3c b\u1ea3o v\u1ec7 t\u1ea1m th\u1eddi.<\/p>\n<p>M\u1ee5c ti\u00eau c\u1ee7a ch\u00fang t\u00f4i r\u1ea5t r\u00f5 r\u00e0ng:<strong> b\u1ea3o v\u1ec7 s\u1ee9c kh\u1ecfe c\u00e1 nh\u00e2n v\u00e0 c\u1ed9ng \u0111\u1ed3ng<\/strong>. V\u00ec v\u1eady, d\u1ef1 \u00e1n \u0111\u01b0\u1ee3c th\u1ef1c hi\u1ec7n v\u1edbi s\u1ef1 h\u1ee3p t\u00e1c c\u1ee7a B\u1ed9 Y t\u1ebf C\u1ed9ng h\u00f2a S\u00e9c. X\u00e9t nghi\u1ec7m c\u0169ng bao g\u1ed3m t\u01b0 v\u1ea5n chuy\u00ean m\u00f4n, gi\u00fap b\u1ea1n hi\u1ec3u r\u00f5 k\u1ebft qu\u1ea3 v\u00e0 \u0111\u01b0a ra \u0111\u1ecbnh h\u01b0\u1edbng ti\u1ebfp theo.<\/p>\n<h4>T\u1ea1i sao x\u00e9t nghi\u1ec7m l\u1ea1i quan tr\u1ecdng?<\/h4>\n<p>N\u1ebfu b\u1ea1n c\u00f3 quan h\u1ec7 t\u00ecnh d\u1ee5c, thay \u0111\u1ed5i b\u1ea1n t\u00ecnh, kh\u00f4ng th\u01b0\u1eddng xuy\u00ean\u00a0 s\u1eed d\u1ee5ng bi\u1ec7n ph\u00e1p b\u1ea3o v\u1ec7 ho\u1eb7c c\u00f3 ti\u1ebfp x\u00fac v\u1edbi ch\u1ea5t ti\u00eam ch\u00edch, th\u00ec x\u00e9t nghi\u1ec7m l\u00e0 \u0111i\u1ec1u c\u1ea7n thi\u1ebft \u0111\u1ec3 b\u1ea3o v\u1ec7<strong> b\u1ea3n th\u00e2n v\u00e0 nh\u1eefng ng\u01b0\u1eddi xung quanh<\/strong>. Nhi\u1ec1u b\u1ec7nh truy\u1ec1n nhi\u1ec5m kh\u00f4ng c\u00f3 tri\u1ec7u ch\u1ee9ng r\u00f5 r\u00e0ng nh\u01b0ng c\u00f3 th\u1ec3 g\u00e2y ra bi\u1ebfn ch\u1ee9ng nghi\u00eam tr\u1ecdng. Ch\u1ea9n \u0111o\u00e1n s\u1edbm \u0111\u1ed3ng ngh\u0129a v\u1edbi vi\u1ec7c <strong>c\u01a1 h\u1ed9i \u0111i\u1ec1u tr\u1ecb hi\u1ec7u qu\u1ea3<\/strong> v\u00e0 gi\u00fap b\u1ea1n y\u00ean t\u00e2m.<\/p>\n<h3>Nh\u1eefng \u0111i\u1ec1u b\u1ea1n n\u00ean bi\u1ebft:<\/h3>\n<ul>\n<li><strong>HIV<\/strong>: L\u00e2y qua m\u00e1u, quan h\u1ec7 t\u00ecnh d\u1ee5c v\u00e0 t\u1eeb m\u1eb9 sang con. N\u1ebfu kh\u00f4ng \u0111i\u1ec1u tr\u1ecb s\u1ebd l\u00e0m suy gi\u1ea3m mi\u1ec5n d\u1ecbch, nh\u01b0ng v\u1edbi ph\u01b0\u01a1ng ph\u00e1p \u0111i\u1ec1u tr\u1ecb hi\u1ec7n \u0111\u1ea1i, ng\u01b0\u1eddi b\u1ec7nh c\u00f3 th\u1ec3 s\u1ed1ng kh\u1ecfe m\u1ea1nh.<\/li>\n<li><strong>Giang mai<\/strong>: B\u1eaft \u0111\u1ea7u b\u1eb1ng v\u1ebft lo\u00e9t nh\u1ecf, sau \u0111\u00f3 \u1ea3nh h\u01b0\u1edfng \u0111\u1ebfn m\u1ea1ch m\u00e1u v\u00e0 h\u1ec7 th\u1ea7n kinh. C\u00f3 th\u1ec3 \u0111i\u1ec1u tr\u1ecb b\u1eb1ng kh\u00e1ng sinh.<\/li>\n<li><strong>Vi\u00eam gan B<\/strong>: G\u00e2y t\u1ed5n th\u01b0\u01a1ng gan, c\u00f3 th\u1ec3 \u0111i\u1ec1u tr\u1ecb v\u00e0 ph\u00f2ng ng\u1eeba b\u1eb1ng v\u1eafc-xin.<\/li>\n<li><strong>Vi\u00eam gan C<\/strong>: L\u00e2y qua m\u00e1u, \u0111\u00f4i khi qua quan h\u1ec7 t\u00ecnh d\u1ee5c. D\u1ea1ng m\u00e3n t\u00ednh c\u00f3 th\u1ec3 g\u00e2y t\u1ed5n th\u01b0\u01a1ng gan nghi\u00eam tr\u1ecdng, nh\u01b0ng hi\u1ec7n nay \u0111\u00e3 c\u00f3 ph\u01b0\u01a1ng ph\u00e1p \u0111i\u1ec1u tr\u1ecb hi\u1ec7u qu\u1ea3.<\/li>\n<\/ul>\n<ul>\n<li style=\"list-style-type: none;\"><\/li>\n<\/ul>\n<h3>Th\u00f4ng tin quan tr\u1ecdng \u0111\u1ec3 b\u1ea1n y\u00ean t\u00e2m:<\/h3>\n<p>Vi\u1ec7c ph\u00e1t hi\u1ec7n k\u1ebft qu\u1ea3 d\u01b0\u01a1ng t\u00ednh <strong>kh\u00f4ng ph\u1ea3i l\u00e0 l\u00fd do \u0111\u1ec3 b\u1ecb tr\u1ee5c xu\u1ea5t kh\u1ecfi S\u00e9c<\/strong> v\u00e0 <strong>kh\u00f4ng d\u1eabn \u0111\u1ebfn m\u1ea5t vi\u1ec7c l\u00e0m<\/strong>. Ng\u01b0\u1ee3c l\u1ea1i \u2013 ch\u0103m s\u00f3c v\u00e0 \u0111i\u1ec1u tr\u1ecb k\u1ecbp th\u1eddi s\u1ebd b\u1ea3o v\u1ec7 b\u1ea1n v\u00e0 c\u1ed9ng \u0111\u1ed3ng. T\u00ecnh tr\u1ea1ng s\u1ee9c kh\u1ecfe c\u1ee7a b\u1ea1n \u0111\u01b0\u1ee3c gi\u1eef b\u00ed m\u1eadt v\u00e0 ch\u00fang t\u00f4i t\u00f4n tr\u1ecdng ph\u1ea9m gi\u00e1 c\u1ee7a b\u1ea1n. Vi\u1ec7c \u0111i\u1ec1u tr\u1ecb c\u00e1c b\u1ec7nh l\u00e2y truy\u1ec1n qua \u0111\u01b0\u1eddng t\u00ecnh d\u1ee5c \u0111\u01b0\u1ee3c chi tr\u1ea3 b\u1edfi b\u1ea3o hi\u1ec3m y t\u1ebf c\u00f4ng c\u1ed9ng t\u1ea1i S\u00e9c.<\/p>\n<h4>Quy tr\u00ecnh x\u00e9t nghi\u1ec7m nh\u01b0 th\u1ebf n\u00e0o?<\/h4>\n<p>To\u00e0n b\u1ed9 quy tr\u00ecnh di\u1ec5n ra nhanh ch\u00f3ng v\u00e0 k\u00edn \u0111\u00e1o. L\u1ea5y m\u1eabu m\u00e1u t\u1eeb \u0111\u1ea7u ng\u00f3n tay ch\u1ec9 m\u1ea5t v\u00e0i gi\u00e2y v\u00e0 b\u1ea1n s\u1ebd bi\u1ebft k\u1ebft qu\u1ea3 trong v\u00f2ng 15 ph\u00fat. Kh\u00f4ng ai h\u1ecfi t\u00ean hay th\u00f4ng tin c\u00e1 nh\u00e2n c\u1ee7a b\u1ea1n \u2013 s\u1ef1 tin t\u01b0\u1edfng c\u1ee7a b\u1ea1n l\u00e0 \u0111i\u1ec1u quan tr\u1ecdng nh\u1ea5t \u0111\u1ed1i v\u1edbi ch\u00fang t\u00f4i.<\/p>\n<h4>Ch\u00fang t\u00f4i \u1edf \u0111\u00e2y v\u00ec b\u1ea1n<\/h4>\n<p>\u0110\u1ec3 gi\u00fap b\u1ea1n c\u1ea3m th\u1ea5y tho\u1ea3i m\u00e1i v\u00e0 \u0111\u01b0\u1ee3c h\u1ed7 tr\u1ee3, ch\u00fang t\u00f4i t\u1eb7ng g\u00f3i th\u1ef1c ph\u1ea9m v\u00e0 \u0111\u1ed3 d\u00f9ng v\u1ec7 sinh c\u00e1 nh\u00e2n tr\u1ecb gi\u00e1 t\u1eeb 500\u20131000 K\u010d. Ch\u00fang t\u00f4i c\u0169ng ngh\u0129 \u0111\u1ebfn c\u00e1c b\u00e0 m\u1eb9 c\u00f3 con nh\u1ecf \u2013 c\u00f3 s\u1eb5n t\u00e3 gi\u1ea5y ho\u1eb7c qu\u1ea7n \u00e1o tr\u1ebb em t\u00f9y theo nhu c\u1ea7u.<\/p>\n<h3>B\u1ea1n c\u1ea7n t\u01b0 v\u1ea5n?<\/h3>\n<p>\u0110\u1eebng \u0111\u1ed1i m\u1eb7t m\u1ed9t m\u00ecnh. H\u00e3y g\u1ecdi cho ch\u00fang t\u00f4i \u1ea9n danh v\u00e0 mi\u1ec5n ph\u00ed theo s\u1ed1 +420 800 800 980 ho\u1eb7c s\u1eed d\u1ee5ng t\u01b0 v\u1ea5n tr\u1ef1c tuy\u1ebfn t\u1ea1i <a href=\"http:\/\/www.aids-pomoc.cz\/poradna\">www.aids-pomoc.cz\/poradna<\/a>. Ch\u00fang ta s\u1ebd c\u00f9ng nhau t\u00ecm ra gi\u1ea3i ph\u00e1p t\u1ed1t nh\u1ea5t.<\/p>\n<div><\/div>\n<p><strong>S\u1ee9c kh\u1ecfe c\u1ee7a b\u1ea1n x\u1ee9ng \u0111\u00e1ng \u0111\u01b0\u1ee3c b\u1ea3o v\u1ec7. Ch\u00fang t\u00f4i \u1edf \u0111\u00e2y v\u00ec b\u1ea1n. H\u00e3y \u0111i x\u00e9t nghi\u1ec7m.<\/strong><\/p>","protected":false},"excerpt":{"rendered":"<p>H\u00e3y c\u00f9ng nhau ch\u0103m s\u00f3c s\u1ee9c kh\u1ecfe \u2013 h\u00e3y \u0111i x\u00e9t nghi\u1ec7m B\u00e0i vi\u1ebft \u0111\u01b0\u1ee3c th\u1ef1c hi\u1ec7n b\u1edfi H\u1ed9i h\u1ed7 tr\u1ee3 AIDS S\u00e9c (\u010cSAP) trong khu\u00f4n kh\u1ed5 d\u1ef1 \u00e1n t\u1eadp trung v\u00e0o x\u00e9t nghi\u1ec7m HIV v\u00e0 c\u00e1c b\u1ec7nh l\u00e2y truy\u1ec1n&#8230;<\/p>\n<a class=\"more-block\" href=\"https:\/\/metropolevsech.eu\/vi\/potrebuji-resit\/zdravotnictvi-zdravotni-a-socialni-pojisteni\/postarejme-se-spolecne-o-vase-zdravi-prijdte-se-otestovat\/\">\u0110\u1ecdc th\u00eam<\/a>","protected":false},"author":7,"featured_media":0,"parent":642,"menu_order":5,"comment_status":"closed","ping_status":"closed","template":"","meta":[],"acf":[],"_links":{"self":[{"href":"https:\/\/metropolevsech.eu\/vi\/wp-json\/wp\/v2\/pages\/22937"}],"collection":[{"href":"https:\/\/metropolevsech.eu\/vi\/wp-json\/wp\/v2\/pages"}],"about":[{"href":"https:\/\/metropolevsech.eu\/vi\/wp-json\/wp\/v2\/types\/page"}],"author":[{"embeddable":true,"href":"https:\/\/metropolevsech.eu\/vi\/wp-json\/wp\/v2\/users\/7"}],"replies":[{"embeddable":true,"href":"https:\/\/metropolevsech.eu\/vi\/wp-json\/wp\/v2\/comments?post=22937"}],"version-history":[{"count":27,"href":"https:\/\/metropolevsech.eu\/vi\/wp-json\/wp\/v2\/pages\/22937\/revisions"}],"predecessor-version":[{"id":24551,"href":"https:\/\/metropolevsech.eu\/vi\/wp-json\/wp\/v2\/pages\/22937\/revisions\/24551"}],"up":[{"embeddable":true,"href":"https:\/\/metropolevsech.eu\/vi\/wp-json\/wp\/v2\/pages\/642"}],"wp:attachment":[{"href":"https:\/\/metropolevsech.eu\/vi\/wp-json\/wp\/v2\/media?parent=22937"}],"curies":[{"name":"wp","href":"https:\/\/api.w.org\/{rel}","templated":true}]}}