{"id":23648,"date":"2025-10-20T17:40:20","date_gmt":"2025-10-20T15:40:20","guid":{"rendered":"https:\/\/metropolevsech.eu\/?page_id=23648"},"modified":"2026-03-11T18:24:26","modified_gmt":"2026-03-11T17:24:26","slug":"informace-clanky-a-infografiky","status":"publish","type":"page","link":"https:\/\/metropolevsech.eu\/vi\/zdravotni-informace-pro-drzitele-docasne-ochrany\/pece-o-dusevni-zdravi\/prevence-a-sebepece\/informace-clanky-a-infografiky\/","title":{"rendered":"(\u010ce\u0161tina) Informace, \u010dl\u00e1nky a infografiky"},"content":{"rendered":"<p class=\"qtranxs-available-languages-message qtranxs-available-languages-message-vi\">R\u1ea5t ti\u1ebfc, m\u1ee5c n\u00e0y ch\u1ec9 t\u1ed3n t\u1ea1i \u1edf <a href=\"https:\/\/metropolevsech.eu\/cs\/wp-json\/wp\/v2\/pages\/23648\" class=\"qtranxs-available-language-link qtranxs-available-language-link-cs\" title=\"\u010ce\u0161tina\">Ti\u1ebfng S\u00e9c<\/a> v\u00e0 <a href=\"https:\/\/metropolevsech.eu\/ua\/wp-json\/wp\/v2\/pages\/23648\" class=\"qtranxs-available-language-link qtranxs-available-language-link-ua\" title=\"\u0423\u043a\u0440\u0430\u0457\u043d\u0441\u044c\u043a\u0430\">\u0423\u043a\u0440\u0430\u0457\u043d\u0441\u044c\u043a\u0430<\/a>.<\/p>","protected":false},"excerpt":{"rendered":"<p>R\u1ea5t ti\u1ebfc, m\u1ee5c n\u00e0y ch\u1ec9 t\u1ed3n t\u1ea1i \u1edf Ti\u1ebfng S\u00e9c v\u00e0 \u0423\u043a\u0440\u0430\u0457\u043d\u0441\u044c\u043a\u0430.<\/p>\n<a class=\"more-block\" href=\"https:\/\/metropolevsech.eu\/vi\/zdravotni-informace-pro-drzitele-docasne-ochrany\/pece-o-dusevni-zdravi\/prevence-a-sebepece\/informace-clanky-a-infografiky\/\">\u0110\u1ecdc th\u00eam<\/a>","protected":false},"author":7,"featured_media":0,"parent":23639,"menu_order":2,"comment_status":"closed","ping_status":"closed","template":"","meta":[],"acf":[],"_links":{"self":[{"href":"https:\/\/metropolevsech.eu\/vi\/wp-json\/wp\/v2\/pages\/23648"}],"collection":[{"href":"https:\/\/metropolevsech.eu\/vi\/wp-json\/wp\/v2\/pages"}],"about":[{"href":"https:\/\/metropolevsech.eu\/vi\/wp-json\/wp\/v2\/types\/page"}],"author":[{"embeddable":true,"href":"https:\/\/metropolevsech.eu\/vi\/wp-json\/wp\/v2\/users\/7"}],"replies":[{"embeddable":true,"href":"https:\/\/metropolevsech.eu\/vi\/wp-json\/wp\/v2\/comments?post=23648"}],"version-history":[{"count":8,"href":"https:\/\/metropolevsech.eu\/vi\/wp-json\/wp\/v2\/pages\/23648\/revisions"}],"predecessor-version":[{"id":25072,"href":"https:\/\/metropolevsech.eu\/vi\/wp-json\/wp\/v2\/pages\/23648\/revisions\/25072"}],"up":[{"embeddable":true,"href":"https:\/\/metropolevsech.eu\/vi\/wp-json\/wp\/v2\/pages\/23639"}],"wp:attachment":[{"href":"https:\/\/metropolevsech.eu\/vi\/wp-json\/wp\/v2\/media?parent=23648"}],"curies":[{"name":"wp","href":"https:\/\/api.w.org\/{rel}","templated":true}]}}