{"id":23743,"date":"2025-10-22T13:24:46","date_gmt":"2025-10-22T11:24:46","guid":{"rendered":"https:\/\/metropolevsech.eu\/?page_id=23743"},"modified":"2026-03-11T18:26:37","modified_gmt":"2026-03-11T17:26:37","slug":"psychiatricke-pohotovosti-a-krizova-centra-v-praze-zdravotnicka-zarizeni","status":"publish","type":"page","link":"https:\/\/metropolevsech.eu\/vi\/zdravotni-informace-pro-drzitele-docasne-ochrany\/pece-o-dusevni-zdravi\/kdy-a-kde-vyhledat-pomoc\/psychiatricke-pohotovosti-a-krizova-centra-v-praze-zdravotnicka-zarizeni\/","title":{"rendered":"(\u010ce\u0161tina) Psychiatrick\u00e9 pohotovosti a krizov\u00e1 centra v Praze (zdravotnick\u00e1 za\u0159\u00edzen\u00ed)"},"content":{"rendered":"<p class=\"qtranxs-available-languages-message qtranxs-available-languages-message-vi\">R\u1ea5t ti\u1ebfc, m\u1ee5c n\u00e0y ch\u1ec9 t\u1ed3n t\u1ea1i \u1edf <a href=\"https:\/\/metropolevsech.eu\/cs\/wp-json\/wp\/v2\/pages\/23743\" class=\"qtranxs-available-language-link qtranxs-available-language-link-cs\" title=\"\u010ce\u0161tina\">Ti\u1ebfng S\u00e9c<\/a> v\u00e0 <a href=\"https:\/\/metropolevsech.eu\/ua\/wp-json\/wp\/v2\/pages\/23743\" class=\"qtranxs-available-language-link qtranxs-available-language-link-ua\" title=\"\u0423\u043a\u0440\u0430\u0457\u043d\u0441\u044c\u043a\u0430\">\u0423\u043a\u0440\u0430\u0457\u043d\u0441\u044c\u043a\u0430<\/a>.<\/p>","protected":false},"excerpt":{"rendered":"<p>R\u1ea5t ti\u1ebfc, m\u1ee5c n\u00e0y ch\u1ec9 t\u1ed3n t\u1ea1i \u1edf Ti\u1ebfng S\u00e9c v\u00e0 \u0423\u043a\u0440\u0430\u0457\u043d\u0441\u044c\u043a\u0430.<\/p>\n<a class=\"more-block\" href=\"https:\/\/metropolevsech.eu\/vi\/zdravotni-informace-pro-drzitele-docasne-ochrany\/pece-o-dusevni-zdravi\/kdy-a-kde-vyhledat-pomoc\/psychiatricke-pohotovosti-a-krizova-centra-v-praze-zdravotnicka-zarizeni\/\">\u0110\u1ecdc th\u00eam<\/a>","protected":false},"author":12,"featured_media":0,"parent":23652,"menu_order":1,"comment_status":"closed","ping_status":"closed","template":"","meta":[],"acf":[],"_links":{"self":[{"href":"https:\/\/metropolevsech.eu\/vi\/wp-json\/wp\/v2\/pages\/23743"}],"collection":[{"href":"https:\/\/metropolevsech.eu\/vi\/wp-json\/wp\/v2\/pages"}],"about":[{"href":"https:\/\/metropolevsech.eu\/vi\/wp-json\/wp\/v2\/types\/page"}],"author":[{"embeddable":true,"href":"https:\/\/metropolevsech.eu\/vi\/wp-json\/wp\/v2\/users\/12"}],"replies":[{"embeddable":true,"href":"https:\/\/metropolevsech.eu\/vi\/wp-json\/wp\/v2\/comments?post=23743"}],"version-history":[{"count":19,"href":"https:\/\/metropolevsech.eu\/vi\/wp-json\/wp\/v2\/pages\/23743\/revisions"}],"predecessor-version":[{"id":25075,"href":"https:\/\/metropolevsech.eu\/vi\/wp-json\/wp\/v2\/pages\/23743\/revisions\/25075"}],"up":[{"embeddable":true,"href":"https:\/\/metropolevsech.eu\/vi\/wp-json\/wp\/v2\/pages\/23652"}],"wp:attachment":[{"href":"https:\/\/metropolevsech.eu\/vi\/wp-json\/wp\/v2\/media?parent=23743"}],"curies":[{"name":"wp","href":"https:\/\/api.w.org\/{rel}","templated":true}]}}