{"id":2421,"date":"2017-02-19T20:24:20","date_gmt":"2017-02-19T19:24:20","guid":{"rendered":"https:\/\/metropolevsech.eu\/?page_id=2421"},"modified":"2026-01-13T07:39:19","modified_gmt":"2026-01-13T06:39:19","slug":"informacni-brozura-pro-migranty","status":"publish","type":"page","link":"https:\/\/metropolevsech.eu\/vi\/potrebuji-resit\/informacni-brozura-pro-migranty\/","title":{"rendered":"Cu\u1ed9c s\u1ed1ng \u1edf Praha &#8211; h\u01b0\u1edbng d\u1eabn th\u1ef1c t\u1ebf"},"content":{"rendered":"<p>\u1ede Praha b\u1ea1n kh\u00f4ng bi\u1ebft ph\u1ea3i b\u1eaft \u0111\u1ea7u t\u1eeb \u0111\u00e2u? Trang web <strong><a href=\"https:\/\/newinprague.cz\/\">&#8220;Praha l\u00e0 nh\u00e0 c\u1ee7a ch\u00fang ta&#8221;<\/a> <\/strong>l\u00e0 h\u01b0\u1edbng d\u1eabn \u0111\u00e1ng tin c\u1eady c\u1ee7a b\u1ea1n v\u1ec1 cu\u1ed9c s\u1ed1ng h\u00e0ng ng\u00e0y \u1edf th\u1ee7 \u0111\u00f4.\u00a0 D\u00e0nh cho t\u1ea5t c\u1ea3 ng\u01b0\u1eddi d\u00e2n t\u1eeb nhi\u1ec1u n\u01a1i tr\u00ean th\u1ebf gi\u1edbi m\u1edbi \u0111\u1ebfn Praha va mu\u1ed1n hi\u1ec3u r\u00f5 h\u01a1n v\u1ec1 cu\u1ed9c s\u1ed1ng \u1edf th\u00e0nh ph\u1ed1 m\u1edbi.<\/p>\n<p>Tr\u00ean trang web nh\u1ecf \u0111\u01b0\u1ee3c t\u1ea1o ra v\u1edbi s\u1ef1 h\u1ee3p t\u00e1c c\u1ee7a <a href=\"http:\/\/icpraha.com\"><strong>Trung t\u00e2m h\u1ed9i nh\u1eadp Praha, o.p.s<\/strong>\u00a0<\/a> v\u00e0 <strong>T\u00f2a th\u1ecb ch\u00ednh Praha<\/strong>, b\u1ea1n s\u1ebd t\u00ecm th\u1ea5y nh\u1eefng h\u01b0\u1edbng d\u1eabn th\u1ef1c t\u1ebf, th\u00f4ng tin li\u00ean l\u1ea1c h\u1eefu \u00edch v\u00e0 m\u1eb9o gi\u00fap b\u1ea1n d\u1ec5 d\u00e0ng t\u00ecm \u0111\u01b0\u1eddng, gi\u1ea3i quy\u1ebft nh\u1eefng t\u00ecnh hu\u1ed1ng th\u01b0\u1eddng g\u1eb7p v\u00e0 h\u1ed9i nh\u1eadp v\u00e0o cu\u1ed9c s\u1ed1ng \u1edf Praha. Trang web cung c\u1ea5p th\u00f4ng tin c\u1ee5 th\u1ec3 ph\u00f9 h\u1ee3p v\u1edbi cu\u1ed9c s\u1ed1ng \u1edf th\u1ee7 \u0111\u00f4, \u0111\u1ec3 m\u1ecdi ng\u01b0\u1eddi \u0111\u1ec1u c\u1ea3m th\u1ea5y nh\u01b0 \u1edf nh\u00e0. N\u1ec1n t\u1ea3ng n\u00e0y b\u1ed5 sung cho n\u1ed9i dung c\u1ee7a trang web Praha th\u1ee7 \u0111\u00f4 c\u1ee7a m\u1ecdi ng\u01b0\u1eddi v\u00e0 d\u00e0nh cho nh\u1eefng c\u01b0 d\u00e2n m\u1edbi \u0111\u1ebfn Praha \u0111ang t\u00ecm ki\u1ebfm l\u1eddi khuy\u00ean v\u00e0 s\u1ef1 h\u1ed7 tr\u1ee3 thi\u1ebft th\u1ef1c. Trang web c\u00f3 s\u1eb5n b\u1eb1ng ti\u1ebfng S\u00e9c, ti\u1ebfng Anh, ti\u1ebfng Nga, ti\u1ebfng Ukraina v\u00e0 ti\u1ebfng Vi\u1ec7t.<\/p>\n<p><strong>Nh\u1eefng g\u00ec b\u1ea1n s\u1ebd t\u00ecm th\u1ea5y tr\u00ean trang web nh\u1ecf:<\/strong><br \/>\n&lt;ulclass=&#8221;li\u00ean k\u1ebft \u0111\u1ea7u d\u00f2ng&#8221;&gt;<\/p>\n<ul>\n<li><strong>Bi\u1ec3n b\u00e1o t\u01b0\u01a1ng t\u00e1c:<\/strong> Ch\u1ec9 c\u1ea7n tr\u1ea3 l\u1eddi m\u1ed9t v\u00e0i c\u00e2u h\u1ecfi \u0111\u1ec3 c\u00f3 \u0111\u01b0\u1ee3c c\u00e1i nh\u00ecn t\u1ed5ng quan v\u1ec1 c\u00e1c ngh\u0129a v\u1ee5 v\u00e0 l\u1eddi khuy\u00ean\u00a0 quan tr\u1ecdng d\u00e0nh cho b\u1ea1n sau khi \u0111\u1ebfn C\u1ed9ng h\u00f2a S\u00e9c.<\/li>\n<li><strong>Video gi\u00e1o d\u1ee5c:<\/strong> Video th\u1ef1c t\u1ebf v\u1ec1 c\u00e1c ch\u1ee7 \u0111\u1ec1 nh\u01b0 kh\u1edfi nghi\u1ec7p, \u0111\u1ecbnh h\u01b0\u1edbng trong h\u1ec7 th\u1ed1ng gi\u00e1o d\u1ee5c S\u00e9c, l\u01b0\u01a1ng h\u01b0u, thai s\u1ea3n ho\u1eb7c kh\u1ea3 n\u0103ng s\u1eed d\u1ee5ng th\u01b0 vi\u1ec7n, trung t\u00e2m d\u00e0nh cho tr\u1ebb em v\u00e0 thanh thi\u1ebfu ni\u00ean.<\/li>\n<li><strong>Th\u1ebb giao ti\u1ebfp song ng\u1eef:<\/strong> Gi\u00fap giao ti\u1ebfp d\u1ec5 d\u00e0ng h\u01a1n t\u1ea1i c\u00e1c v\u0103n ph\u00f2ng v\u00e0 t\u1ed5 ch\u1ee9c b\u1eb1ng c\u00e1c th\u1ebb c\u00f3 ch\u1ee9a c\u1ee5m t\u1eeb v\u00e0 t\u1eeb v\u1ef1ng h\u1eefu \u00edch cho c\u00e1c t\u00ecnh hu\u1ed1ng nh\u01b0 \u0111\u1ebfn th\u0103m C\u1ee5c ch\u00ednh s\u00e1ch t\u1ecb n\u1ea1n v\u00e0 di d\u00e2n, ph\u00f2ng th\u01b0\u01a1ng m\u1ea1i, s\u1edf lao \u0111\u1ed9ng, th\u01b0 vi\u1ec7n ho\u1eb7c c\u01a1 quan \u0111\u0103ng k\u00fd b\u1eb1ng l\u00e1i xe.<\/li>\n<\/ul>\n<h3>Hai trang web ho\u1ea1t \u0111\u1ed9ng c\u00f9ng nhau nh\u01b0 th\u1ebf n\u00e0o?<\/h3>\n<p>Tr\u00ean khi tr\u00ean trang web Praha th\u1ee7 \u0111\u00f4 c\u1ee7a m\u1ecdi ng\u01b0\u1eddi, b\u1ea1n s\u1ebd t\u00ecm th\u1ea5y th\u00f4ng tin chi ti\u1ebft h\u01a1n v\u1ec1 cu\u1ed9c s\u1ed1ng \u1edf Praha, tin t\u1ee9c, l\u1eddi m\u1eddi tham d\u1ef1 s\u1ef1 ki\u1ec7n v\u00e0 nh\u1eefng c\u00e2u chuy\u1ec7n truy\u1ec1n c\u1ea3m h\u1ee9ng c\u1ee7a c\u01b0 d\u00e2n Praha \u0111\u1ebfn t\u1eeb kh\u1eafp n\u01a1i tr\u00ean th\u1ebf gi\u1edbi, trang web nh\u1ecf Praha l\u00e0 nh\u00e0 c\u1ee7a ch\u00fang ta s\u1ebd tr\u1ef1c ti\u1ebfp t\u01b0 v\u1ea5n cho b\u1ea1n v\u1ec1 c\u00e1c b\u01b0\u1edbc quan tr\u1ecdng nh\u1ea5t sau khi \u0111\u1ebfn \u0111\u00e2y th\u00f4ng qua c\u00e1ch s\u1eed d\u1ee5ng bi\u1ec3n b\u00e1o t\u01b0\u01a1ng t\u00e1c v\u00e0 cung c\u1ea5p c\u00e1c c\u00f4ng c\u1ee5 th\u1ef1c t\u1ebf nh\u01b0 th\u1ebb giao ti\u1ebfp v\u00e0 video h\u01b0\u1edbng d\u1eabn. C\u00f9ng nhau, ch\u00fang t\u1ea1o th\u00e0nh m\u1ed9t ngu\u1ed3n th\u00f4ng tin to\u00e0n di\u1ec7n m\u00e0 b\u1ea5t k\u1ef3 ng\u01b0\u1eddi d\u00e2n m\u1edbi \u0111\u1ebfn Praha n\u00e0o c\u0169ng c\u00f3 th\u1ec3 s\u1eed d\u1ee5ng.<\/p>\n<p><strong><div class=\"box-ok\"> H\u00e3y t\u1ef1 m\u00ecnh xem, duy\u1ec7t trang v\u00e0 t\u00ecm hi\u1ec3u xem trang web n\u00e0y c\u00f3 th\u1ec3 gi\u00fap cu\u1ed9c s\u1ed1ng c\u1ee7a b\u1ea1n d\u1ec5 d\u00e0ng h\u01a1n nh\u01b0 th\u1ebf n\u00e0o! <\/div><\/strong><\/p>\n<div class=\"box-ok\"> T\u1ea3i t\u1edd r\u01a1i &#8220;Praha l\u00e0 nh\u00e0 c\u1ee7a ch\u00fang ta&#8221;, trong \u0111\u00f3 cung c\u1ea5p t\u00f3m t\u1eaft ng\u1eafn g\u1ecdn v\u1ec1 c\u00e1c th\u00f4ng tin v\u00e0 \u0111\u1ecba ch\u1ec9 li\u00ean l\u1ea1c c\u01a1 b\u1ea3n,v\u00e0 h\u00e3y lu\u00f4n mang theo ng\u01b0\u1eddi \u0111\u1ec3 lu\u00f4n c\u00f3 nh\u1eefng th\u00f4ng tin m\u1ed9t c\u00e1ch nhanh nh\u1ea5t. <\/div>\n<p>&nbsp;<\/p>","protected":false},"excerpt":{"rendered":"<p>\u1ede Praha b\u1ea1n kh\u00f4ng bi\u1ebft ph\u1ea3i b\u1eaft \u0111\u1ea7u t\u1eeb \u0111\u00e2u? Trang web &#8220;Praha l\u00e0 nh\u00e0 c\u1ee7a ch\u00fang ta&#8221; l\u00e0 h\u01b0\u1edbng d\u1eabn \u0111\u00e1ng tin c\u1eady c\u1ee7a b\u1ea1n v\u1ec1 cu\u1ed9c s\u1ed1ng h\u00e0ng ng\u00e0y \u1edf th\u1ee7 \u0111\u00f4.\u00a0 D\u00e0nh cho t\u1ea5t c\u1ea3 ng\u01b0\u1eddi d\u00e2n&#8230;<\/p>\n<a class=\"more-block\" href=\"https:\/\/metropolevsech.eu\/vi\/potrebuji-resit\/informacni-brozura-pro-migranty\/\">\u0110\u1ecdc th\u00eam<\/a>","protected":false},"author":7,"featured_media":9389,"parent":736,"menu_order":1,"comment_status":"closed","ping_status":"closed","template":"","meta":[],"acf":[],"_links":{"self":[{"href":"https:\/\/metropolevsech.eu\/vi\/wp-json\/wp\/v2\/pages\/2421"}],"collection":[{"href":"https:\/\/metropolevsech.eu\/vi\/wp-json\/wp\/v2\/pages"}],"about":[{"href":"https:\/\/metropolevsech.eu\/vi\/wp-json\/wp\/v2\/types\/page"}],"author":[{"embeddable":true,"href":"https:\/\/metropolevsech.eu\/vi\/wp-json\/wp\/v2\/users\/7"}],"replies":[{"embeddable":true,"href":"https:\/\/metropolevsech.eu\/vi\/wp-json\/wp\/v2\/comments?post=2421"}],"version-history":[{"count":26,"href":"https:\/\/metropolevsech.eu\/vi\/wp-json\/wp\/v2\/pages\/2421\/revisions"}],"predecessor-version":[{"id":24314,"href":"https:\/\/metropolevsech.eu\/vi\/wp-json\/wp\/v2\/pages\/2421\/revisions\/24314"}],"up":[{"embeddable":true,"href":"https:\/\/metropolevsech.eu\/vi\/wp-json\/wp\/v2\/pages\/736"}],"wp:featuredmedia":[{"embeddable":true,"href":"https:\/\/metropolevsech.eu\/vi\/wp-json\/wp\/v2\/media\/9389"}],"wp:attachment":[{"href":"https:\/\/metropolevsech.eu\/vi\/wp-json\/wp\/v2\/media?parent=2421"}],"curies":[{"name":"wp","href":"https:\/\/api.w.org\/{rel}","templated":true}]}}