{"id":24571,"date":"2026-01-25T11:28:46","date_gmt":"2026-01-25T10:28:46","guid":{"rendered":"https:\/\/metropolevsech.eu\/?page_id=24571"},"modified":"2026-02-02T22:22:49","modified_gmt":"2026-02-02T21:22:49","slug":"obecne-ohrozeni","status":"publish","type":"page","link":"https:\/\/metropolevsech.eu\/vi\/obecne-ohrozeni\/","title":{"rendered":"(\u010ce\u0161tina) Obecn\u00e9 ohro\u017een\u00ed"},"content":{"rendered":"<p class=\"qtranxs-available-languages-message qtranxs-available-languages-message-vi\">R\u1ea5t ti\u1ebfc, m\u1ee5c n\u00e0y ch\u1ec9 t\u1ed3n t\u1ea1i \u1edf <a href=\"https:\/\/metropolevsech.eu\/cs\/wp-json\/wp\/v2\/pages\/24571\" class=\"qtranxs-available-language-link qtranxs-available-language-link-cs\" title=\"\u010ce\u0161tina\">Ti\u1ebfng S\u00e9c<\/a>, <a href=\"https:\/\/metropolevsech.eu\/en\/wp-json\/wp\/v2\/pages\/24571\" class=\"qtranxs-available-language-link qtranxs-available-language-link-en\" title=\"English\">Ti\u1ebfng Anh (M\u1ef9)<\/a> v\u00e0 <a href=\"https:\/\/metropolevsech.eu\/ru\/wp-json\/wp\/v2\/pages\/24571\" class=\"qtranxs-available-language-link qtranxs-available-language-link-ru\" title=\"\u0420\u0443\u0441\u0441\u043a\u0438\u0439\">Ti\u1ebfng Nga<\/a>.<\/p>","protected":false},"excerpt":{"rendered":"<p>R\u1ea5t ti\u1ebfc, m\u1ee5c n\u00e0y ch\u1ec9 t\u1ed3n t\u1ea1i \u1edf Ti\u1ebfng S\u00e9c, Ti\u1ebfng Anh (M\u1ef9) v\u00e0 Ti\u1ebfng Nga.<\/p>\n<a class=\"more-block\" href=\"https:\/\/metropolevsech.eu\/vi\/obecne-ohrozeni\/\">\u0110\u1ecdc th\u00eam<\/a>","protected":false},"author":7,"featured_media":0,"parent":0,"menu_order":0,"comment_status":"closed","ping_status":"closed","template":"","meta":[],"acf":[],"_links":{"self":[{"href":"https:\/\/metropolevsech.eu\/vi\/wp-json\/wp\/v2\/pages\/24571"}],"collection":[{"href":"https:\/\/metropolevsech.eu\/vi\/wp-json\/wp\/v2\/pages"}],"about":[{"href":"https:\/\/metropolevsech.eu\/vi\/wp-json\/wp\/v2\/types\/page"}],"author":[{"embeddable":true,"href":"https:\/\/metropolevsech.eu\/vi\/wp-json\/wp\/v2\/users\/7"}],"replies":[{"embeddable":true,"href":"https:\/\/metropolevsech.eu\/vi\/wp-json\/wp\/v2\/comments?post=24571"}],"version-history":[{"count":7,"href":"https:\/\/metropolevsech.eu\/vi\/wp-json\/wp\/v2\/pages\/24571\/revisions"}],"predecessor-version":[{"id":24890,"href":"https:\/\/metropolevsech.eu\/vi\/wp-json\/wp\/v2\/pages\/24571\/revisions\/24890"}],"wp:attachment":[{"href":"https:\/\/metropolevsech.eu\/vi\/wp-json\/wp\/v2\/media?parent=24571"}],"curies":[{"name":"wp","href":"https:\/\/api.w.org\/{rel}","templated":true}]}}