{"id":2971,"date":"2017-03-10T23:20:31","date_gmt":"2017-03-10T22:20:31","guid":{"rendered":"https:\/\/metropolevsech.eu\/?page_id=2971"},"modified":"2025-04-10T19:19:37","modified_gmt":"2025-04-10T17:19:37","slug":"magistrat-hl-m-prahy","status":"publish","type":"page","link":"https:\/\/metropolevsech.eu\/vi\/kontakty\/urady-v-praze\/magistrat-hl-m-prahy\/","title":{"rendered":"T\u00f2a th\u1ecb ch\u00ednh th\u1ee7 \u0111\u00f4 Praha"},"content":{"rendered":"<p><em>T\u00f2a th\u1ecb ch\u00ednh th\u1ee7 \u0111\u00f4 Praha l\u00e0 c\u01a1 quan \u0111\u01b0\u1ee3c qu\u1ea3n l\u00fd h\u00e0nh ch\u00ednh c\u00f4ng b\u1ed5 nhi\u1ec7m. T\u00f2a th\u1ecb ch\u00ednh t\u1eadp chung v\u00e0o vi\u1ec7c cung c\u1ea5p d\u1ecbch v\u1ee5 cho ng\u01b0\u1eddi d\u00e2n th\u1ee7 \u0111\u00f4 Praha. \u0110\u00f3 l\u00e0 \u1ee7y ban x\u00e3 v\u00e0 \u1ee7y ban t\u1ec9nh th\u1ee7 \u0111\u00f4 Praha.<\/em><\/p>\n<div class=\"box-ok\"> \u0110\u1ec3 c\u00f3 c\u00e1i nh\u00ecn t\u1ed5ng quan nhanh v\u1ec1 <strong>T\u00f2a th\u1ecb ch\u00ednh th\u1ee7 \u0111\u00f4 Praha<\/strong> v\u00e0 c\u00e1c d\u1ecbch v\u1ee5 t\u1ea1i \u0111\u00e2y, h\u00e3y xem <a href=\"https:\/\/youtu.be\/mgHxi0Xkn-g\">video ng\u1eafn<\/a> v\u1ec1 Trung t\u00e2m h\u1ed9i nh\u1eadp Praha.\u00a0 <\/div>\n<p>C\u00e1c \u0111\u01a1n v\u1ecb t\u1ed5 ch\u1ee9c c\u01a1 b\u1ea3n c\u1ee7a th\u00e0nh ph\u1ed1 l\u00e0 c\u00e1c s\u1edf, c\u00e1c s\u1edf n\u00e0y l\u1ea1i \u0111\u01b0\u1ee3c chia th\u00e0nh c\u00e1c ph\u00f2ng, ban.<\/p>\n<div class=\"show_more\"><p class=\"wpsm-show\" style=\"color: #cc0000; font-size: 100%; text-align: left;\"> ...TH\u00caM V\u1ec0 TO\u00c0 TH\u1eca CH\u00cdNH<\/p><div class=\"wpsm-content\"><\/p>\n<p><strong>Th\u1ecb tr\u01b0\u1edfng <\/strong>th\u1ee7 \u0111\u00f4 Praha \u0111\u1ea1i di\u1ec7n cho th\u1ee7 \u0111\u00f4 Praha b\u00ean ngo\u00e0i. Khi th\u1ef1c hi\u1ec7n ch\u1ee9c v\u1ee5 c\u1ee7a m\u00ecnh, \u00f4ng ch\u1ecbu tr\u00e1ch nhi\u1ec7m \u0111\u1ed1i v\u1edbi \u1ee6y ban th\u1ee7 \u0111\u00f4 Praha. V\u1ecb tr\u00ed, quy\u1ec1n h\u00e0nh, ngh\u0129a v\u1ee5, tr\u00e1ch nhi\u1ec7m v\u00e0 l\u01b0\u01a1ng b\u1ed5ng c\u1ee7a th\u1ecb tr\u01b0\u1edfng do lu\u1eadt v\u1ec1 th\u1ee7 \u0111\u00f4 Praha quy \u0111\u1ecbnh.<\/p>\n<p><strong>\u1ee6y ban th\u1ee7 \u0111\u00f4 Praha <\/strong>l\u00e0 c\u01a1 quan \u0111\u01b0\u1ee3c b\u1ea7u v\u00e0 bao g\u1ed3m 65 ng\u01b0\u1eddi \u1ee7y vi\u00ean \u0111\u01b0\u1ee3c b\u1ea7u trong k\u1ef3 b\u1ea7u c\u1eed.<\/p>\n<p><strong>H\u1ed9i \u0111\u1ed3ng th\u1ee7 \u0111\u00f4 Praha <\/strong>c\u00f3 11 th\u00e0nh vi\u00ean v\u00e0 \u0111\u01b0\u1ee3c \u1ee7y ban b\u1ea7u. H\u1ed9i \u0111\u1ed3ng ch\u1ecbu tr\u00e1ch nhi\u1ec7m v\u1ec1 nh\u1eefng h\u00e0nh \u0111\u1ed9ng c\u1ee7a m\u00ecnh \u0111\u1ed1i v\u1edbi \u1ee7y ban. H\u1ed9i \u0111\u1ed3ng c\u00f3 th\u1ea9m quy\u1ec1n qu\u1ea3n l\u00fd t\u00e0i ch\u00ednh c\u1ee7a th\u1ee7 \u0111\u00f4 Praha theo ng\u00e2n s\u00e1ch \u0111\u00e3 \u0111\u01b0\u1ee3c ph\u00ea duy\u1ec7t v\u00e0 ki\u1ec3m so\u00e1t ng\u00e2n s\u00e1ch. H\u1ed9i \u0111\u1ed3ng \u0111\u01b0a cho T\u00f2a th\u1ecb ch\u00ednh th\u1ee7 \u0111\u00f4 Praha nh\u1eefng nhi\u1ec7m v\u1ee5 trong quy\u1ec1n h\u1ea1n t\u1ef1 tr\u1ecb c\u1ee7a th\u1ee7 \u0111\u00f4 Praha v\u00e0 ki\u1ec3m tra vi\u1ec7c th\u1ef1c hi\u1ec7n nh\u1eefng nhi\u1ec7m v\u1ee5 \u0111\u00f3. H\u1ed9i \u0111\u1ed3ng \u0111\u01b0a ra nh\u1eefng bi\u1ec7n ph\u00e1p cho ng\u00e2n s\u00e1ch trong ph\u1ea1m vi \u1ee7y ban quy\u1ebft \u0111\u1ecbnh. H\u1ed9i \u0111\u1ed3ng th\u1ea3o lu\u1eadn v\u00e0 gi\u1ea3i quy\u1ebft c\u00e1c \u0111\u1ec1 xu\u1ea5t, nh\u1eadn x\u00e9t v\u00e0 \u00fd ki\u1ebfn \u0111\u00f3ng g\u00f3p do th\u00e0nh vi\u00ean \u1ee7y ban, ban h\u1ed9i \u0111\u1ed3ng ho\u1eb7c c\u00e1c \u1ee7y ban qu\u1eadn. H\u1ed9i \u0111\u1ed3ng thi\u1ebft l\u1eadp ho\u1eb7c b\u00e3i b\u1ecf ban h\u1ed9i \u0111\u1ed3ng t\u00f9y theo nhu c\u1ea7u, b\u1ed5 nhi\u1ec7m ho\u1eb7c b\u00e3i nhi\u1ec7m ch\u1ee7 t\u1ecbch v\u00e0 th\u00e0nh vi\u00ean c\u1ee7a ban h\u1ed9i \u0111\u1ed3ng.<\/p>\n<p><strong>T\u00f2a th\u1ecb ch\u00ednh<\/strong> g\u1ed3m ch\u1ee7 t\u1ecbch T\u00f2a th\u1ecb ch\u00ednh v\u00e0 c\u00e1c c\u00e1n b\u1ed9 kh\u00e1c. T\u00f2a th\u1ecb ch\u00ednh ho\u00e0n th\u00e0nh c\u00e1c nhi\u1ec7m v\u1ee5 do \u1ee7y ban ho\u1eb7c h\u1ed9i \u0111\u1ed3ng giao cho trong quy\u1ec1n h\u1ea1n t\u1ef1 tr\u1ecb c\u1ee7a th\u1ee7 \u0111\u00f4. T\u00f2a th\u1ecb ch\u00ednh thi h\u00e0nh quy\u1ec1n h\u1ea1n \u0111\u01b0\u1ee3c nh\u01b0\u1ee3ng l\u1ea1i cho th\u1ee7 \u0111\u00f4 Praha, n\u1ebfu lu\u1eadt kh\u00f4ng trao quy\u1ec1n h\u1ea1n \u0111\u00f3 cho c\u01a1 quan kh\u00e1c. \u0110\u01a1n v\u1ecb t\u1ed5 ch\u1ee9c c\u01a1 b\u1ea3n c\u1ee7a T\u00f2a th\u1ecb ch\u00ednh l\u00e0 c\u00e1c ph\u00f2ng, chia ti\u1ebfp ra c\u00e1c b\u1ed9 ph\u1eadn. M\u1ed9t ph\u1ea7n n\u1eefa c\u1ee7a T\u00f2a th\u1ecb ch\u00ednh l\u00e0 nh\u1eefng \u0111\u01a1n v\u1ecb t\u1ed5 ch\u1ee9c \u0111\u1eb7c bi\u1ec7t.<\/p>\n<p>T\u00f2a nh\u00e0 ch\u00ednh c\u1ee7a T\u00f2a th\u1ecb ch\u00ednh th\u1ee7 \u0111\u00f4 Praha n\u1eb1m tr\u00ean s\u1ed1 2 qu\u1ea3ng tr\u01b0\u1eddng Mari\u00e1nsk\u00e9, Praha 1. T\u00f2a th\u1ecb ch\u00ednh th\u1ee7 \u0111\u00f4 Praha c\u00f3 c\u1ea5u tr\u00fac h\u00e0nh ch\u00ednh ph\u1ee9c t\u1ea1p v\u00e0 \u0111\u01b0\u1ee3c chia th\u00e0nh nhi\u1ec1u b\u1ed9 ph\u1eadn v\u00e0 d\u1ecbch v\u1ee5. C\u00e1c b\u1ed9 ph\u1eadn (B\u1ed9 ph\u1eadn t\u00e0i ch\u00ednh v\u00e0 qu\u1ea3n l\u00fd t\u00e0i s\u1ea3n, B\u1ed9 ph\u1eadn d\u1ecbch v\u1ee5 ng\u01b0\u1eddi d\u00e2n v.v..) chia ti\u1ebfp th\u00e0nh c\u00e1c ph\u00f2ng (Ph\u00f2ng v\u0103n h\u00f3a, quan h\u1ec7 qu\u1ed1c t\u1ebf v\u00e0 du l\u1ecbch, ph\u00f2ng th\u01b0\u01a1ng m\u1ea1i v\u00e0 qu\u1ea3n l\u00fd d\u00e2n s\u1ef1, ph\u00f2ng ho\u1ea1t \u0111\u1ed9ng qu\u1ea3n l\u00fd giao th\u00f4ng, ph\u00f2ng ho\u1ea1t \u0111\u1ed9ng qu\u1ea3n l\u00fd y t\u1ebf v\u00e0 ch\u0103m s\u00f3c x\u00e3 h\u1ed9i, ph\u00f2ng gi\u00e1o d\u1ee5c v\u00e0 thi\u1ebfu ni\u00ean, ph\u00f2ng th\u1ec3 thao v\u00e0 gi\u1ea3i tr\u00ed ho\u1eb7c ph\u00f2ng y t\u1ebf, ch\u0103m s\u00f3c x\u00e3 h\u1ed9i v\u00e0 ph\u00f2ng ch\u1ed1ng).  <p class=\"wpsm-hide\" style=\"color: #cc0000; font-size: 100%; text-align: left;\"> ...LESS<\/p><\/div><\/div>\n<h3>Ph\u00f2ng c\u00e1c d\u00e2n t\u1ed9c thi\u1ec3u s\u1ed1 v\u00e0 ng\u01b0\u1eddi n\u01b0\u1edbc ngo\u00e0i<\/h3>\n<p>Trong khu\u00e2n kh\u1ed5 c\u00e1c ho\u1ea1t \u0111\u1ed9ng c\u1ee7a T\u00f2a th\u1ecb ch\u00ednh th\u1ee7 \u0111\u00f4 Praha quan t\u00e2m \u0111\u1ebfn s\u1ef1 h\u1ed9i nh\u1eadp c\u1ee7a c\u00e1c d\u00e2n t\u1ed9c thi\u1ec3u s\u1ed1 v\u00e0 ng\u01b0\u1eddi n\u01b0\u1edbc ngo\u00e0i, tr\u1ef1c thu\u1ed9c S\u1edf V\u0103n h\u00f3a v\u00e0 Du l\u1ecbch, ch\u1ecbu tr\u00e1ch nhi\u1ec7m.<\/p>\n<h3>Li\u00ean h\u1ec7<\/h3>\n<ul>\n<li><strong>S\u1edf V\u0103n h\u00f3a v\u00e0 Du l\u1ecbch Th\u00e0nh ph\u1ed1 Praha \u2013 ph\u00f2ng c\u00e1c d\u00e2n t\u1ed9c thi\u1ec3u s\u1ed1 v\u00e0 ng\u01b0\u1eddi n\u01b0\u1edbc ngo\u00e0i<\/strong><\/li>\n<li><strong>Jungmannova 335\/29, 110 00 Praha 1<\/strong><\/li>\n<li>Email:<a href=\"mailto:integrace@praha.eu\"> integrace@praha.eu<\/a><\/li>\n<\/ul>\n<p>B\u1ed9 ph\u1eadn n\u00e0y \u0111i\u1ec1u ph\u1ed1i vi\u1ec7c th\u1ef1c hi\u1ec7n c\u00e1c ho\u1ea1t \u0111\u1ed9ng v\u00e0 bi\u1ec7n ph\u00e1p li\u00ean quan \u0111\u1ebfn h\u1ed9i nh\u1eadp c\u1ee7a ng\u01b0\u1eddi n\u01b0\u1edbc ngo\u00e0i, \u0111\u01b0\u1ee3c n\u00eau trong Kh\u00e1i ni\u1ec7m th\u1ee7 \u0111\u00f4 Praha \u0111\u1ec3 h\u1ed9i nh\u1eadp ng\u01b0\u1eddi n\u01b0\u1edbc ngo\u00e0i. Trung t\u00e2m h\u1ee3p t\u00e1c v\u1edbi t\u1eebng ph\u00f2ng ban c\u1ee7a T\u00f2a th\u1ecb ch\u00ednh th\u00e0nh ph\u1ed1 Praha, \u0111\u1ea3m b\u1ea3o li\u00ean l\u1ea1c v\u00e0 h\u1ee3p t\u00e1c v\u1edbi c\u00e1c t\u1ed5 ch\u1ee9c, qu\u1eadn th\u00e0nh ph\u1ed1, t\u1ed5 ch\u1ee9c phi l\u1ee3i nhu\u1eadn v\u00e0 c\u00e1c t\u1ed5 ch\u1ee9c kh\u00e1c ho\u1ea1t \u0111\u1ed9ng trong l\u0129nh v\u1ef1c n\u00e0y.<\/p>\n<p>Th\u1ee7 \u0111\u00f4 Praha th\u00e0nh l\u1eadp \u0111\u1ed1i t\u00e1c ch\u00ednh <a href=\"https:\/\/icpraha.com\/\">Trung t\u00e2m h\u1ed9i nh\u1eadp Praha, o.p. s.,<\/a> v\u1edbi m\u1ee5c \u0111\u00edch th\u1ef1c hi\u1ec7n c\u00f4ng t\u00e1c to\u00e0n di\u1ec7n v\u00e0 c\u00f3 h\u1ec7 th\u1ed1ng trong l\u0129nh v\u1ef1c h\u1ed9i nh\u1eadp ng\u01b0\u1eddi di c\u01b0. Trung t\u00e2m h\u1ed9i nh\u1eadp Praha ho\u1ea1t \u0111\u1ed9ng theo kh\u1ea9u hi\u1ec7u &#8220;Th\u1ee7 \u0111\u00f4 c\u1ee7a m\u1ecdi ng\u01b0\u1eddi&#8221;, \u00e1m ch\u1ec9 m\u1ed9t trong nh\u1eefng m\u1ee5c ti\u00eau ch\u00ednh &#8211; t\u1ea1o \u0111i\u1ec1u ki\u1ec7n t\u1ea1i th\u1ee7 \u0111\u00f4 Praha \u0111\u1ec3 nh\u1eefng ng\u01b0\u1eddi di c\u01b0 s\u1ed1ng t\u1ea1i \u0111\u00e2y c\u1ea3m th\u1ea5y m\u00ecnh l\u00e0 c\u00f4ng d\u00e2n ch\u00ednh th\u1ee9c c\u1ee7a th\u1ee7 \u0111\u00f4 v\u00e0 tham gia v\u00e0o \u0111\u1eddi s\u1ed1ng c\u00f4ng c\u1ed9ng c\u1ee7a th\u00e0nh ph\u1ed1.<\/p>\n<p><strong>Li\u00ean k\u1ebft<\/strong><\/p>\n<ul>\n<li>Trang web ch\u00ednh th\u1ee9c c\u1ee7a th\u1ee7 \u0111\u00f4 Prague: <a href=\"http:\/\/www.praha.eu\/\">www.praha.eu<\/a><\/li>\n<li><a href=\"https:\/\/metropolevsech.eu\/cs\/o-nas\/hlavni-mesto-praha-a-integrace\/oddeleni-narodnostnich-mensin-a-cizincu\/\">Ph\u00f2ng c\u00e1c d\u00e2n t\u1ed9c thi\u1ec3u s\u1ed1 v\u00e0 ng\u01b0\u1eddi n\u01b0\u1edbc ngo\u00e0i<\/a> c\u1ee7a Th\u1ee7 \u0111\u00f4 Praha v\u00e0 c\u00e1c ch\u01b0\u01a1ng tr\u00ecnh c\u1ee7a s\u1edf<\/li>\n<\/ul>\n<p><\/p>","protected":false},"excerpt":{"rendered":"<p>T\u00f2a th\u1ecb ch\u00ednh th\u1ee7 \u0111\u00f4 Praha l\u00e0 c\u01a1 quan \u0111\u01b0\u1ee3c qu\u1ea3n l\u00fd h\u00e0nh ch\u00ednh c\u00f4ng b\u1ed5 nhi\u1ec7m. T\u00f2a th\u1ecb ch\u00ednh t\u1eadp chung v\u00e0o vi\u1ec7c cung c\u1ea5p d\u1ecbch v\u1ee5 cho ng\u01b0\u1eddi d\u00e2n th\u1ee7 \u0111\u00f4 Praha. \u0110\u00f3 l\u00e0 \u1ee7y ban x\u00e3 v\u00e0&#8230;<\/p>\n<a class=\"more-block\" href=\"https:\/\/metropolevsech.eu\/vi\/kontakty\/urady-v-praze\/magistrat-hl-m-prahy\/\">\u0110\u1ecdc th\u00eam<\/a>","protected":false},"author":7,"featured_media":0,"parent":847,"menu_order":1,"comment_status":"closed","ping_status":"closed","template":"","meta":[],"acf":[],"_links":{"self":[{"href":"https:\/\/metropolevsech.eu\/vi\/wp-json\/wp\/v2\/pages\/2971"}],"collection":[{"href":"https:\/\/metropolevsech.eu\/vi\/wp-json\/wp\/v2\/pages"}],"about":[{"href":"https:\/\/metropolevsech.eu\/vi\/wp-json\/wp\/v2\/types\/page"}],"author":[{"embeddable":true,"href":"https:\/\/metropolevsech.eu\/vi\/wp-json\/wp\/v2\/users\/7"}],"replies":[{"embeddable":true,"href":"https:\/\/metropolevsech.eu\/vi\/wp-json\/wp\/v2\/comments?post=2971"}],"version-history":[{"count":11,"href":"https:\/\/metropolevsech.eu\/vi\/wp-json\/wp\/v2\/pages\/2971\/revisions"}],"predecessor-version":[{"id":22524,"href":"https:\/\/metropolevsech.eu\/vi\/wp-json\/wp\/v2\/pages\/2971\/revisions\/22524"}],"up":[{"embeddable":true,"href":"https:\/\/metropolevsech.eu\/vi\/wp-json\/wp\/v2\/pages\/847"}],"wp:attachment":[{"href":"https:\/\/metropolevsech.eu\/vi\/wp-json\/wp\/v2\/media?parent=2971"}],"curies":[{"name":"wp","href":"https:\/\/api.w.org\/{rel}","templated":true}]}}