{"id":2980,"date":"2017-03-10T23:32:19","date_gmt":"2017-03-10T22:32:19","guid":{"rendered":"https:\/\/metropolevsech.eu\/?page_id=2980"},"modified":"2025-03-04T11:26:58","modified_gmt":"2025-03-04T10:26:58","slug":"o-webove-strance","status":"publish","type":"page","link":"https:\/\/metropolevsech.eu\/vi\/o-nas\/hlavni-mesto-praha-a-integrace\/o-webove-strance\/","title":{"rendered":"Gi\u1edbi thi\u1ec7u trang web"},"content":{"rendered":"<p>Ch\u00fang t\u00f4i xin gi\u1edbi thi\u1ec7u cho c\u00e1c b\u1ea1n m\u1ed9t trang web m\u1edbi ch\u1ee7 y\u1ebfu d\u00e0nh cho ng\u01b0\u1eddi di c\u01b0 s\u1ed1ng t\u1ea1i Praha. Trang web n\u00e0y bao g\u1ed3m c\u1ea3 c\u00e1c th\u00f4ng tin d\u00e0nh cho t\u1ea5t c\u1ea3 m\u1ecdi ng\u01b0\u1eddi d\u00e2n c\u1ee7a th\u1ee7 \u0111\u00f4 Praha c\u00e0ng ng\u00e0y c\u00e0ng \u0111a d\u1ea1ng h\u01a1n v\u1ec1 v\u0103n h\u00f3a gi\u1ed1ng nh\u01b0 nhi\u1ec1u th\u00e0nh ph\u1ed1 ch\u00e2u \u00c2u l\u1edbn kh\u00e1c.<\/p>\n<p>Trang web \u0111\u01b0\u1ee3c d\u1ecbch ra nhi\u1ec1u th\u1ee9 ti\u1ebfng \u2013 nh\u1eefng th\u1ee9 ti\u1ebfng ng\u01b0\u1eddi d\u00e2n Praha m\u1edbi \u0111\u1ebfn s\u1eed d\u1ee5ng nhi\u1ec1u nh\u1ea5t. Trang web \u0111\u01b0\u1ee3c t\u1ea1o ra \u0111\u1ec3 l\u00e0m c\u1ea7u n\u1ed1i quan tr\u1ecdng nh\u1ea5t g\u1ed3m c\u00e1c th\u00f4ng tin v\u00e0 \u0111\u1ecba ch\u1ec9 li\u00ean l\u1ea1c v\u1edbi c\u00e1c t\u1ed5 ch\u1ee9c, \u1ee7y ban v\u00e0 ph\u00f2ng ban v\u1edbi m\u1ee5c \u0111\u00edch cung c\u1ea5p th\u00f4ng tin m\u1ed9t c\u00e1ch t\u1ed1t nh\u1ea5t cho ng\u01b0\u1eddi di c\u01b0 khi gi\u1ea3i quy\u1ebft c\u00e1c t\u00ecnh hu\u1ed1ng h\u00e0ng ng\u00e0y v\u00e0 \u0111\u1ecbnh h\u01b0\u1edbng trong m\u1ed9t th\u00e0nh ph\u1ed1 \u0111\u00e3 tr\u1edf th\u00e0nh qu\u00ea h\u01b0\u01a1ng m\u1edbi c\u1ee7a h\u1ecd. Trang web \u0111\u1ed3ng th\u1eddi cung c\u1ea5p th\u00f4ng tin v\u1ec1 nh\u1eefng kh\u00f3a h\u1ecdc ti\u1ebfng S\u00e9c, s\u1ef1 ki\u1ec7n v\u0103n h\u00f3a v\u00e0 c\u01a1 h\u1ed9i tham gia v\u00e0o \u0111\u1eddi s\u1ed1ng c\u00f4ng c\u1ed9ng \u0111\u1ec3 ng\u01b0\u1eddi di c\u01b0 c\u00f3 th\u1ec3 h\u00f2a nh\u1eadp v\u00e0o cu\u1ed9c s\u1ed1ng \u1edf th\u1ee7 \u0111\u00f4 v\u00e0 CH S\u00e9c m\u1ed9t c\u00e1ch nhanh ch\u00f3ng v\u00e0 t\u1ed1t nh\u1ea5t.<\/p>\n<p>Trang web ra \u0111\u1eddi v\u1edbi s\u1ef1 h\u1ed7 tr\u1ee3 c\u1ee7a T\u00f2a th\u1ecb ch\u00ednh th\u1ee7 \u0111\u00f4 Praha h\u1ee3p t\u00e1c c\u00f9ng c\u00e1c chuy\u00ean gia kh\u00e1c li\u00ean quan \u0111\u1ebfn vi\u1ec7c c\u1ea3i thi\u1ec7n t\u00ecnh h\u00ecnh ng\u01b0\u1eddi di c\u01b0, \u0111\u00f3 l\u00e0 m\u1ed9t trong nh\u1eefng m\u1ee5c ti\u00eau c\u1ee7a <a href=\"https:\/\/metropolevsech.eu\/wp-content\/uploads\/2022\/02\/Koncepce-HMP-pro-oblast-integrace-cizincu-2022-2027.pdf\">\u00a0T\u1ed5ng h\u1ee3p quan \u0111i\u1ec3m v\u00e0 k\u1ebf ho\u1ea1ch c\u1ee7a th\u1ee7 \u0111\u00f4 Praha cho l\u0129nh v\u1ef1c h\u1ed9i nh\u1eadp ng\u01b0\u1eddi n\u01b0\u1edbc ngo\u00e0i<\/a>.<\/p>\n<p>Ch\u00fang t\u00f4i c\u0169ng hoan ngh\u00eanh m\u1ecdi \u00fd t\u01b0\u1edfng thay \u0111\u1ed5i ho\u1eb7c \u00fd ki\u1ebfn v\u1ec1 n\u1ed9i dung hi\u1ec7n t\u1ea1i c\u1ee7a c\u00e1c trang n\u00e0y. Xin li\u00ean h\u1ec7 v\u1edbi v\u1edbi ch\u00fang t\u00f4i qua e-mail <a href=\"mailto:integrace@praha.eu\">integrace@praha.eu<\/a>.<\/p>\n<p>Cu\u1ed1i c\u00f9ng ch\u00fang t\u00f4i xin ch\u00fac c\u00e1c b\u1ea1n \u0111\u1ecbnh h\u01b0\u1edbng d\u1ec5 d\u00e0ng tr\u00ean c\u00e1c trang web v\u00e0 nh\u1eadn \u0111\u01b0\u1ee3c nhi\u1ec1u th\u00f4ng tin truy\u1ec1n c\u1ea3m h\u1ee9ng v\u00e0 quan tr\u1ecdng cho cu\u1ed9c s\u1ed1ng \u1edf Praha.<\/p>","protected":false},"excerpt":{"rendered":"<p>Ch\u00fang t\u00f4i xin gi\u1edbi thi\u1ec7u cho c\u00e1c b\u1ea1n m\u1ed9t trang web m\u1edbi ch\u1ee7 y\u1ebfu d\u00e0nh cho ng\u01b0\u1eddi di c\u01b0 s\u1ed1ng t\u1ea1i Praha. Trang web n\u00e0y bao g\u1ed3m c\u1ea3 c\u00e1c th\u00f4ng tin d\u00e0nh cho t\u1ea5t c\u1ea3 m\u1ecdi ng\u01b0\u1eddi d\u00e2n c\u1ee7a th\u1ee7&#8230;<\/p>\n<a class=\"more-block\" href=\"https:\/\/metropolevsech.eu\/vi\/o-nas\/hlavni-mesto-praha-a-integrace\/o-webove-strance\/\">\u0110\u1ecdc th\u00eam<\/a>","protected":false},"author":7,"featured_media":9392,"parent":16975,"menu_order":0,"comment_status":"closed","ping_status":"closed","template":"","meta":[],"acf":[],"_links":{"self":[{"href":"https:\/\/metropolevsech.eu\/vi\/wp-json\/wp\/v2\/pages\/2980"}],"collection":[{"href":"https:\/\/metropolevsech.eu\/vi\/wp-json\/wp\/v2\/pages"}],"about":[{"href":"https:\/\/metropolevsech.eu\/vi\/wp-json\/wp\/v2\/types\/page"}],"author":[{"embeddable":true,"href":"https:\/\/metropolevsech.eu\/vi\/wp-json\/wp\/v2\/users\/7"}],"replies":[{"embeddable":true,"href":"https:\/\/metropolevsech.eu\/vi\/wp-json\/wp\/v2\/comments?post=2980"}],"version-history":[{"count":7,"href":"https:\/\/metropolevsech.eu\/vi\/wp-json\/wp\/v2\/pages\/2980\/revisions"}],"predecessor-version":[{"id":21977,"href":"https:\/\/metropolevsech.eu\/vi\/wp-json\/wp\/v2\/pages\/2980\/revisions\/21977"}],"up":[{"embeddable":true,"href":"https:\/\/metropolevsech.eu\/vi\/wp-json\/wp\/v2\/pages\/16975"}],"wp:featuredmedia":[{"embeddable":true,"href":"https:\/\/metropolevsech.eu\/vi\/wp-json\/wp\/v2\/media\/9392"}],"wp:attachment":[{"href":"https:\/\/metropolevsech.eu\/vi\/wp-json\/wp\/v2\/media?parent=2980"}],"curies":[{"name":"wp","href":"https:\/\/api.w.org\/{rel}","templated":true}]}}