{"id":3050,"date":"2017-04-12T20:47:02","date_gmt":"2017-04-12T18:47:02","guid":{"rendered":"https:\/\/metropolevsech.eu\/?page_id=3050"},"modified":"2025-03-27T08:15:01","modified_gmt":"2025-03-27T07:15:01","slug":"zakladni-informace-o-meste","status":"publish","type":"page","link":"https:\/\/metropolevsech.eu\/vi\/praha\/zakladni-informace-o-meste\/","title":{"rendered":"Th\u00f4ng tin c\u01a1 b\u1ea3n v\u1ec1 th\u00e0nh ph\u1ed1"},"content":{"rendered":"<p><em>\u0110\u00e2y l\u00e0 ph\u1ea7n gi\u1edbi thi\u1ec7u ng\u1eafn g\u1ecdn v\u1ec1 th\u1ee7 \u0111\u00f4 Praha v\u1edbi nh\u1eefng th\u00f4ng tin chung chung. B\u1ea1n s\u1ebd t\u00ecm th\u1ea5y th\u00f4ng tin \u0111\u1ea7y \u0111\u1ee7 h\u01a1n trong t\u1eebng ph\u1ea7n c\u1ee5 th\u1ec3 c\u1ee7a trang web n\u00e0y. <\/em><\/p>\n<p>Praha l\u00e0 th\u1ee7 \u0111\u00f4 \u0111\u1ed3ng th\u1eddi l\u00e0 th\u00e0nh ph\u1ed1 l\u1edbn nh\u1ea5t c\u1ee7a CH S\u00e9c n\u1eb1m tr\u00ean d\u00f2ng s\u00f4ng Vltava \u1edf gi\u1eefa v\u00f9ng Bohemia. \u0110\u1ec3 c\u00f3 \u0111\u01b0\u1ee3c h\u00ecnh d\u1ea1ng nh\u01b0 ng\u00e0y h\u00f4m nay Praha \u0111\u00e3 ph\u00e1t tri\u1ec3n t\u1eeb th\u1ebf k\u1ef7 11. Hi\u1ec7n nay Praha tr\u1ea3i d\u00e0i tr\u00ean di\u1ec7n t\u00edch 496 km2 v\u00e0 c\u00f3 g\u1ea7n 1 386 000 ng\u01b0\u1eddi d\u00e2n.<\/p>\n<p>T\u1eeb n\u0103m 1920, t\u00ean g\u1ecdi ch\u00ednh th\u1ee9c \u0111\u1ea7y \u0111\u1ee7 c\u1ee7a th\u00e0nh ph\u1ed1 l\u00e0 \u201cTh\u1ee7 \u0111\u00f4 Praha\u201d. C\u1ee5m t\u1eeb \u201cPraha \u2013 tr\u00e1i tim c\u1ee7a ch\u00e2u \u00c2u\u201d \u0111\u1ec1 c\u1eadp \u0111\u1ebfn v\u1ecb tr\u00ed c\u1ee7a th\u1ee7 \u0111\u00f4 \u1edf gi\u1eefa Bohemia v\u00e0 ch\u00e2u \u00c2u c\u00f9ng m\u1ed9t l\u00fac.<\/p>\n<p>Truy\u1ec1n thuy\u1ebft v\u1ec1 vi\u1ec7c th\u00e0nh l\u1eadp Praha k\u1ec3 r\u1eb1ng, <a href=\"\/\/cs.wikipedia.org\/wiki\/Libu%C5%A1e_%28kn%C4%9B%C5%BEna%29\">c\u00f4ng ch\u00faa Libu\u0161e<\/a> th\u1ea7n tho\u1ea1i \u0111\u00e3 ti\u00ean \u0111o\u00e1n s\u1ef1 h\u00ecnh th\u00e0nh c\u1ee7a th\u00e0nh ph\u1ed1 b\u1eb1ng l\u1eddi ti\u00ean tri n\u1ed5i ti\u1ebfng c\u1ee7a m\u00ecnh: \u201c<em>Ta nh\u00ecn th\u1ea5y th\u00e0nh ph\u1ed1 v\u0129 \u0111\u1ea1i, m\u00e0 danh ti\u1ebfng c\u1ee7a n\u00f3 s\u1ebd ch\u1ea1m t\u1edbi c\u00e1c v\u00ec sao. \u1ede xa t\u1ea1i m\u1ed9t ch\u1ed7 trong r\u1eebng ph\u1ea3i \u0111i m\u1ed9t ng\u00e0y m\u1edbi \u0111\u1ebfn, khi c\u00e1c ng\u01b0\u01a1i \u0111\u1ebfn s\u1ebd t\u00ecm th\u1ea5y m\u1ed9t ng\u01b0\u1eddi \u0111\u00e0n \u00f4ng \u0111ang l\u00e0m ng\u01b0\u1ee1ng c\u1eeda t\u1eeb g\u1ed7. H\u00e3y \u0111\u1eb7t t\u00ean \u0111\u1ecba \u0111i\u1ec3m n\u00e0y l\u00e0 Praha theo t\u1eeb ng\u01b0\u1ee1ng c\u1eeda <\/em>pr\u00e1h<em>.<\/em>\u201d<\/p>\n<p>Praha nhanh ch\u00f3ng tr\u1edf th\u00e0nh trung t\u00e2m c\u1ee7a qu\u1ed1c gia S\u00e9c \u0111ang d\u1ea7n h\u00ecnh th\u00e0nh. T\u1eeb L\u00e2u \u0111\u00e0i Praha c\u00e1c ng\u01b0\u1eddi cai tr\u1ecb b\u1eaft \u0111\u1ea7u qu\u1ea3n l\u00fd c\u00e1c khu v\u1ef1c xung quanh. Th\u1eadm ch\u00ed ng\u00e0y nay tr\u00ean L\u00e2u \u0111\u00e0i Praha c\u00f3 dinh c\u1ee7a nguy\u00ean th\u1ee7 qu\u1ed1c gia \u2013 t\u1ed5ng th\u1ed1ng C\u1ed9ng h\u00f2a S\u00e9c.<\/p>\n<p>Praha c\u00f3 l\u00e3nh th\u1ed5 r\u1ed9ng l\u1edbn \u2013 c\u00e1c t\u00f2a nh\u00e0 l\u1ecbch s\u1eed v\u00e0 di t\u00edch ch\u1ee7 y\u1ebfu n\u1eb1m trong trung t\u00e2m l\u1ecbch s\u1eed (ch\u1ee7 y\u1ebf Praha 1, 2), t\u1eeb trung t\u00e2m tr\u1edf ra c\u00e0ng ng\u00e0y c\u00e0ng c\u00f3 nhi\u1ec1u trung t\u00e2m mua s\u1eafm, khu \u0111\u00f4 th\u1ecb v\u00e0 g\u1ea7n \u0111\u00e2y c\u1ea3 nh\u1eefng \u0111\u00f4 th\u1ecb v\u1ec7 tinh (nh\u1eefng c\u0103n nh\u00e0 m\u1edbi x\u00e2y \u1edf ngo\u1ea1i th\u00e0nh t\u1ea1o th\u00e0nh m\u1ed9t t\u1ed5ng th\u1ec3 \u0111\u00f4 th\u1ecb).<\/p>\n<p>Praha c\u0169ng c\u00f3 tr\u1ee5 s\u1edf v\u0103n ph\u00f2ng ch\u00ednh ph\u1ee7 C\u1ed9ng h\u00f2a S\u00e9c. \u0110\u1ea5t \u0111ai c\u1ee7a th\u00e0nh ph\u1ed1 \u0111\u01b0\u1ee3c qu\u1ea3n l\u00fd b\u1edfi T\u00f2a th\u1ecb ch\u00ednh Praha c\u00f3 ch\u1ee9c n\u0103ng \u1ee6y ban x\u00e3 l\u1eabn t\u1ec9nh. Praha \u0111\u01b0\u1ee3c chia th\u00e0nh 57 ph\u01b0\u1eddng v\u00e0 22 qu\u1eadn (Praha 1-22).<\/p>\n<div class=\"box-fixa\">\n<p><em>B\u1ea1n c\u1ea7n ghi nh\u1edb b\u1ea1n s\u1ed1ng\/l\u00e0m vi\u1ec7c t\u1ea1i qu\u1eadn v\u00e0 ph\u01b0\u1eddng n\u00e0o (v\u00ed d\u1ee5 Praha 3 \u2013 \u017di\u017ekov).<\/em><\/p>\n<p><\/div><\/p>","protected":false},"excerpt":{"rendered":"<p>\u0110\u00e2y l\u00e0 ph\u1ea7n gi\u1edbi thi\u1ec7u ng\u1eafn g\u1ecdn v\u1ec1 th\u1ee7 \u0111\u00f4 Praha v\u1edbi nh\u1eefng th\u00f4ng tin chung chung. B\u1ea1n s\u1ebd t\u00ecm th\u1ea5y th\u00f4ng tin \u0111\u1ea7y \u0111\u1ee7 h\u01a1n trong t\u1eebng ph\u1ea7n c\u1ee5 th\u1ec3 c\u1ee7a trang web n\u00e0y. Praha l\u00e0 th\u1ee7 \u0111\u00f4 \u0111\u1ed3ng&#8230;<\/p>\n<a class=\"more-block\" href=\"https:\/\/metropolevsech.eu\/vi\/praha\/zakladni-informace-o-meste\/\">\u0110\u1ecdc th\u00eam<\/a>","protected":false},"author":7,"featured_media":9388,"parent":10,"menu_order":0,"comment_status":"closed","ping_status":"closed","template":"","meta":[],"acf":[],"_links":{"self":[{"href":"https:\/\/metropolevsech.eu\/vi\/wp-json\/wp\/v2\/pages\/3050"}],"collection":[{"href":"https:\/\/metropolevsech.eu\/vi\/wp-json\/wp\/v2\/pages"}],"about":[{"href":"https:\/\/metropolevsech.eu\/vi\/wp-json\/wp\/v2\/types\/page"}],"author":[{"embeddable":true,"href":"https:\/\/metropolevsech.eu\/vi\/wp-json\/wp\/v2\/users\/7"}],"replies":[{"embeddable":true,"href":"https:\/\/metropolevsech.eu\/vi\/wp-json\/wp\/v2\/comments?post=3050"}],"version-history":[{"count":3,"href":"https:\/\/metropolevsech.eu\/vi\/wp-json\/wp\/v2\/pages\/3050\/revisions"}],"predecessor-version":[{"id":22313,"href":"https:\/\/metropolevsech.eu\/vi\/wp-json\/wp\/v2\/pages\/3050\/revisions\/22313"}],"up":[{"embeddable":true,"href":"https:\/\/metropolevsech.eu\/vi\/wp-json\/wp\/v2\/pages\/10"}],"wp:featuredmedia":[{"embeddable":true,"href":"https:\/\/metropolevsech.eu\/vi\/wp-json\/wp\/v2\/media\/9388"}],"wp:attachment":[{"href":"https:\/\/metropolevsech.eu\/vi\/wp-json\/wp\/v2\/media?parent=3050"}],"curies":[{"name":"wp","href":"https:\/\/api.w.org\/{rel}","templated":true}]}}