{"id":3099,"date":"2017-04-20T22:39:55","date_gmt":"2017-04-20T20:39:55","guid":{"rendered":"https:\/\/metropolevsech.eu\/?page_id=3099"},"modified":"2026-02-02T19:44:30","modified_gmt":"2026-02-02T18:44:30","slug":"krizove-situace-2","status":"publish","type":"page","link":"https:\/\/metropolevsech.eu\/vi\/potrebuji-resit\/krizove-situace-2\/","title":{"rendered":"B\u1ecb \u0111e d\u1ecda t\u00ednh m\u1ea1ng v\u00e0 t\u00e0i s\u1ea3n &#8211; ph\u1ea3i l\u00e0m g\u00ec?"},"content":{"rendered":"<p><i><span style=\"font-weight: 400;\">Ch\u01b0\u01a1ng n\u00e0y c\u1ee7a trang web Praha &#8211; Th\u1ee7 \u0111\u00f4 c\u1ee7a m\u1ecdi ng\u01b0\u1eddi\u00a0 t\u1eadp trung v\u00e0o c\u00e1c t\u00ecnh hu\u1ed1ng kh\u1ee7ng ho\u1ea3ng kh\u00e1c nhau m\u00e0 b\u1ea5t k\u1ef3 ai c\u0169ng c\u00f3 th\u1ec3 g\u1eb7p ph\u1ea3i. N\u1ebfu b\u1ea1n l\u00e0 ng\u01b0\u1eddi n\u01b0\u1edbc ngo\u00e0i v\u00e0 kh\u00f4ng bi\u1ebft ti\u1ebfng S\u00e9c t\u1ed1t, th\u00ec ch\u00fang t\u00f4i khuy\u00ean b\u1ea1n n\u00ean ghi l\u1ea1i c\u00e1c s\u1ed1 \u0111i\u1ec7n tho\u1ea1i v\u00e0 th\u00f4ng tin quan tr\u1ecdng \u0111\u1ec3 b\u1ea1n bi\u1ebft ph\u1ea3i l\u00e0m g\u00ec v\u00e0 g\u1ecdi \u0111\u1ebfn \u0111\u00e2u nhanh ch\u00f3ng khi b\u1ea1n c\u1ea7n.<\/span><\/i><\/p>\n<p><i><span style=\"font-weight: 400;\">Ch\u01b0\u01a1ng n\u00e0y c\u1ee7a trang web Th\u1ee7 \u0111\u00f4 c\u1ee7a m\u1ecdi ng\u01b0\u1eddi \u0111\u01b0\u1ee3c chia th\u00e0nh ba ph\u1ea7n. Trong ph\u1ea7n \u0111\u1ea7u ti\u00ean b\u1ea1n s\u1ebd t\u00ecm hi\u1ec3u v\u1ec1 nh\u1eefng t\u00ecnh hu\u1ed1ng n\u00e0o b\u1ea1n c\u00f3 th\u1ec3 g\u1ecdi xe c\u1ea5p c\u1ee9u, c\u1ea3nh s\u00e1t ho\u1eb7c \u0111\u1ed9i c\u1ee9u h\u1ecfa qua s\u1ed1 \u0111i\u1ec7n tho\u1ea1i kh\u1ea9n c\u1ea5p 112.<\/span><\/i><\/p>\n<p><i><span style=\"font-weight: 400;\">Trong ph\u1ea7n th\u1ee9 hai b\u1ea1n s\u1ebd h\u1ecdc c\u00e1ch \u1ee9ng x\u1eed trong tr\u01b0\u1eddng h\u1ee3p c\u00f3 m\u1ed1i \u0111e d\u1ecda chung, t\u1ee9c l\u00e0 n\u1ebfu b\u1ecb m\u1ea5t \u0111i\u1ec7n, r\u00f2 r\u1ec9 ch\u1ea5t \u0111\u1ed9c h\u1ea1i, n\u1ebfu b\u1ea1n ph\u1ea3i s\u01a1 t\u00e1n b\u1ea3n th\u00e2n ho\u1eb7c t\u00e0i s\u1ea3n c\u1ee7a m\u00ecnh v\u00e0 n\u1ebfu b\u1ea1n \u1edf trong khu v\u1ef1c c\u00f3 nguy c\u01a1 l\u0169 l\u1ee5t. \u1ede Praha, ch\u00fang t\u00f4i \u0111\u00e3 tr\u1ea3i qua tr\u1eadn l\u1ee5t th\u1ebf k\u1ef7 v\u00e0o n\u0103m 2002, v\u00e0 k\u1ec3 t\u1eeb \u0111\u00f3, ch\u00ednh quy\u1ec1n th\u1ee7 \u0111\u00f4 Praha \u0111\u00e3 chu\u1ea9n b\u1ecb m\u1ed9t k\u1ebf ho\u1ea1ch x\u1eed l\u00fd kh\u1ee7ng ho\u1ea3ng m\u00e0 b\u1ea1n \u0111\u1eb7c bi\u1ec7t ch\u00fa \u00fd n\u1ebfu s\u1ed1ng g\u1ea7n s\u00f4ng.<\/span><\/i><\/p>\n<p><i><span style=\"font-weight: 400;\">Trong ph\u1ea7n th\u1ee9 ba c\u1ee7a ch\u01b0\u01a1ng n\u00e0y, c\u00f3 t\u00ean l\u00e0 Nh\u1eefng ho\u00e0n c\u1ea3nh kh\u00f3 kh\u0103n trong cu\u1ed9c s\u1ed1ng, b\u1ea1n s\u1ebd t\u00ecm ra ng\u01b0\u1eddi m\u00e0 b\u1ea1n c\u00f3 th\u1ec3 h\u01b0\u1edbng \u0111\u1ebfn trong nh\u1eefng ho\u00e0n c\u1ea3nh kh\u00f3 kh\u0103n trong cu\u1ed9c s\u1ed1ng, ch\u1eb3ng h\u1ea1n nh\u01b0 t\u00ecnh tr\u1ea1ng v\u00f4 gia c\u01b0, cu\u1ed9c s\u1ed1ng v\u00f4 gia c\u01b0, nghi\u1ec7n ma t\u00fay, b\u00f3c l\u1ed9t s\u1ee9c lao \u0111\u1ed9ng, b\u1ea1o l\u1ef1c gia \u0111\u00ecnh, c\u1edd b\u1ea1c ho\u1eb7c n\u1ee3 n\u1ea7n v\u00e0 b\u1ecb t\u1ecbch thu nh\u00e0.<\/span><\/i><\/p>\n<ul>\n<li><a href=\"https:\/\/metropolevsech.eu\/cs\/potrebuji-resit\/krizove-situace-2\/obecne-ohrozeni\/\"><strong>Tr\u01b0\u1eddng h\u1ee3p kh\u1ea9n c\u1ea5p v\u00e0 s\u01a1 t\u00e1n ng\u01b0\u1eddi d\u00e2n <\/strong><\/a><\/li>\n<li><a href=\"\/\/metropolevsech.eu\/vi\/potrebuji-resit\/krizove-situace-2\/krizove-situace\/\"><strong>T\u00ecnh hu\u1ed1ng kh\u00f3 kh\u0103n trong cu\u1ed9c s\u1ed1ng<\/strong><\/a><\/li>\n<li>S\u1ed1 ti\u1ec7n tho\u1ea1i kh\u1ea9n c\u1ea5p 112 &#8211; d\u1ecbc v\u1ee5 c\u1ea5p c\u1ee9u, c\u1ea3nh s\u00e1t, \u0111\u1ed9i c\u1ee9u h\u1ecfa<\/li>\n<\/ul>\n<p><\/p>","protected":false},"excerpt":{"rendered":"<p>Ch\u01b0\u01a1ng n\u00e0y c\u1ee7a trang web Praha &#8211; Th\u1ee7 \u0111\u00f4 c\u1ee7a m\u1ecdi ng\u01b0\u1eddi\u00a0 t\u1eadp trung v\u00e0o c\u00e1c t\u00ecnh hu\u1ed1ng kh\u1ee7ng ho\u1ea3ng kh\u00e1c nhau m\u00e0 b\u1ea5t k\u1ef3 ai c\u0169ng c\u00f3 th\u1ec3 g\u1eb7p ph\u1ea3i. N\u1ebfu b\u1ea1n l\u00e0 ng\u01b0\u1eddi n\u01b0\u1edbc ngo\u00e0i v\u00e0 kh\u00f4ng bi\u1ebft&#8230;<\/p>\n<a class=\"more-block\" href=\"https:\/\/metropolevsech.eu\/vi\/potrebuji-resit\/krizove-situace-2\/\">\u0110\u1ecdc th\u00eam<\/a>","protected":false},"author":7,"featured_media":9377,"parent":736,"menu_order":13,"comment_status":"closed","ping_status":"closed","template":"","meta":[],"acf":[],"_links":{"self":[{"href":"https:\/\/metropolevsech.eu\/vi\/wp-json\/wp\/v2\/pages\/3099"}],"collection":[{"href":"https:\/\/metropolevsech.eu\/vi\/wp-json\/wp\/v2\/pages"}],"about":[{"href":"https:\/\/metropolevsech.eu\/vi\/wp-json\/wp\/v2\/types\/page"}],"author":[{"embeddable":true,"href":"https:\/\/metropolevsech.eu\/vi\/wp-json\/wp\/v2\/users\/7"}],"replies":[{"embeddable":true,"href":"https:\/\/metropolevsech.eu\/vi\/wp-json\/wp\/v2\/comments?post=3099"}],"version-history":[{"count":10,"href":"https:\/\/metropolevsech.eu\/vi\/wp-json\/wp\/v2\/pages\/3099\/revisions"}],"predecessor-version":[{"id":24875,"href":"https:\/\/metropolevsech.eu\/vi\/wp-json\/wp\/v2\/pages\/3099\/revisions\/24875"}],"up":[{"embeddable":true,"href":"https:\/\/metropolevsech.eu\/vi\/wp-json\/wp\/v2\/pages\/736"}],"wp:featuredmedia":[{"embeddable":true,"href":"https:\/\/metropolevsech.eu\/vi\/wp-json\/wp\/v2\/media\/9377"}],"wp:attachment":[{"href":"https:\/\/metropolevsech.eu\/vi\/wp-json\/wp\/v2\/media?parent=3099"}],"curies":[{"name":"wp","href":"https:\/\/api.w.org\/{rel}","templated":true}]}}