{"id":313,"date":"2016-12-18T13:03:18","date_gmt":"2016-12-18T12:03:18","guid":{"rendered":"https:\/\/metropolevsech.eu\/?page_id=313"},"modified":"2022-06-02T19:36:06","modified_gmt":"2022-06-02T17:36:06","slug":"1-2-podpora-integrace-a-souziti-s-migranty-v-praze","status":"publish","type":"page","link":"https:\/\/metropolevsech.eu\/vi\/o-nas\/hlavni-mesto-praha-a-integrace\/1-2-podpora-integrace-a-souziti-s-migranty-v-praze\/","title":{"rendered":"L\u0129nh v\u1ef1c h\u1ed9i nh\u1eadp v\u00e0 chung s\u1ed1ng \u1edf th\u1ee7 \u0111\u00f4 Praha"},"content":{"rendered":"<p>Th\u1ee7 \u0111\u00f4 Praha l\u00e0 m\u1ed9t th\u00e0nh ph\u1ed1 \u0111\u00e1ng s\u1ed1ng c\u00e0ng ng\u00e0y c\u00e0ng h\u1ea5p d\u1eabn nhi\u1ec1u ng\u01b0\u1eddi di c\u01b0 t\u1eeb kh\u1eafp n\u01a1i tr\u00ean th\u1ebf gi\u1edbi. Di c\u01b0 v\u1ec1 b\u1ea3n ch\u1ea5t kh\u00f4ng nh\u1eefng ch\u1ec9 c\u00f3 l\u1ee3i \u00edch v\u1ec1 kinh t\u1ebf m\u00e0 c\u00f2n l\u00e0m gi\u00e0u c\u1ea3 v\u0103n h\u00f3a v\u00e0 l\u00e0m \u0111a d\u1ea1ng th\u00e0nh ph\u1ed1. \u0110\u1ed3ng th\u1eddi n\u00f3 \u0111\u1eb7t ra m\u1ed9t th\u00e1ch th\u1ee9c cho s\u1ef1 chung s\u1ed1ng c\u1ee7a t\u1ea5t c\u1ea3 m\u1ecdi ng\u01b0\u1eddi d\u00e2n.<\/p>\n<p>T\u1eeb kinh nghi\u1ec7m c\u1ee7a nh\u1eefng th\u1ee7 \u0111\u00f4 T\u00e2y \u00c2u \u0111\u00e3 quan t\u00e2m \u0111\u1ebfn ch\u00ednh s\u00e1ch h\u1ed9i nh\u1eadp m\u1ed9t th\u1eddi gian d\u00e0i cho th\u1ea5y r\u1eb1ng, ch\u00fang ta c\u1ea7n t\u1eadp trung nhi\u1ec1u nh\u1ea5t v\u00e0o c\u1ea5p \u0111\u1ecba ph\u01b0\u01a1ng. Ch\u00ednh s\u00e1ch h\u1ed9i nh\u1eadp \u0111\u1ecba ph\u01b0\u01a1ng \u0111\u00f2i h\u1ecfi s\u1ef1 tham gia t\u00edch c\u1ef1c v\u00e0 s\u1ef1 h\u1ee3p t\u00e1c \u0111\u01b0\u1ee3c ph\u1ed1i h\u1ee3p c\u1ee7a t\u1ea5t c\u1ea3 c\u00e1c b\u00ean tham gia \u2013 T\u00f2a th\u1ecb ch\u00ednh th\u1ee7 \u0111\u00f4 Praha, c\u00e1c \u1ee7y ban qu\u1eadn, c\u00e1c t\u1ed5 ch\u1ee9c phi l\u1ee3i nhu\u1eadn, c\u00e1c c\u01a1 quan nh\u00e0 n\u01b0\u1edbc, v\u00e0 c\u1ea3 ch\u00ednh nh\u1eefng ng\u01b0\u1eddi di c\u01b0, c\u00e1c t\u1ed5 ch\u1ee9c c\u1ee7a h\u1ecd v\u00e0 nh\u1eefng ng\u01b0\u1eddi d\u00e2n th\u1ee7 \u0111\u00f4 Praha kh\u00e1c.<\/p>\n<p>Hi\u1ec7n nay th\u1ee7 \u0111\u00f4 Praha quan t\u00e2m \u0111\u1ebfn ti\u1ec1m n\u0103ng c\u1ee7a di c\u01b0, c\u1ea3i thi\u1ec7n \u0111i\u1ec1u ki\u1ec7n s\u1ed1ng c\u1ee7a ng\u01b0\u1eddi di c\u01b0 v\u00e0 th\u00fac \u0111\u1ea9y s\u1ef1 chung s\u1ed1ng h\u1eefu ngh\u1ecb gi\u1eefa t\u1ea5t c\u1ea3 m\u1ecdi ng\u01b0\u1eddi d\u00e2n th\u1ee7 \u0111\u00f4 Praha.<\/p>\n<p>Ch\u00fang t\u00f4i hi v\u1ecdng r\u1eb1ng nh\u1eefng trang web sau c\u0169ng s\u1ebd g\u00f3p ph\u1ea7n v\u00e0o m\u1ee5c ti\u00eau \u0111\u1ea5y. T\u1ea1i \u0111\u00e2y b\u1ea1n s\u1ebd bi\u1ebft \u0111\u01b0\u1ee3c ai ph\u1ee5 tr\u00e1ch l\u0129nh v\u1ef1c h\u1ed9i nh\u1eadp v\u00e0 chung s\u1ed1ng tr\u00ean \u0111\u1ecba b\u00e0n th\u1ee7 \u0111\u00f4 Praha, b\u1ea1n c\u00f3 th\u1ec3 li\u00ean h\u1ec7 v\u1edbi ai tr\u00ean c\u1ea5p T\u00f2a th\u1ecb ch\u00ednh th\u1ee7 \u0111\u00f4 Praha l\u1eabn tr\u00ean c\u1ea5p c\u00e1c \u1ee7y ban qu\u1eadn. Trong ph\u1ea7n tin t\u1ee9c b\u1ea1n c\u00f3 th\u1ec3 theo d\u00f5i c\u00e1c s\u1ef1 ki\u1ec7n \u0111ang di\u1ec5n ra v\u00e0 tr\u00ean nh\u1eefng trang web b\u1ea1n s\u1ebd bi\u1ebft \u0111\u01b0\u1ee3c c\u1ea3 nh\u1eefng c\u00e1ch \u0111\u1ec3 c\u00f3 th\u1ec3 tham gia.<\/p>","protected":false},"excerpt":{"rendered":"<p>Th\u1ee7 \u0111\u00f4 Praha l\u00e0 m\u1ed9t th\u00e0nh ph\u1ed1 \u0111\u00e1ng s\u1ed1ng c\u00e0ng ng\u00e0y c\u00e0ng h\u1ea5p d\u1eabn nhi\u1ec1u ng\u01b0\u1eddi di c\u01b0 t\u1eeb kh\u1eafp n\u01a1i tr\u00ean th\u1ebf gi\u1edbi. Di c\u01b0 v\u1ec1 b\u1ea3n ch\u1ea5t kh\u00f4ng nh\u1eefng ch\u1ec9 c\u00f3 l\u1ee3i \u00edch v\u1ec1 kinh t\u1ebf m\u00e0 c\u00f2n&#8230;<\/p>\n<a class=\"more-block\" href=\"https:\/\/metropolevsech.eu\/vi\/o-nas\/hlavni-mesto-praha-a-integrace\/1-2-podpora-integrace-a-souziti-s-migranty-v-praze\/\">\u0110\u1ecdc th\u00eam<\/a>","protected":false},"author":7,"featured_media":7894,"parent":16975,"menu_order":1,"comment_status":"closed","ping_status":"closed","template":"","meta":[],"acf":[],"_links":{"self":[{"href":"https:\/\/metropolevsech.eu\/vi\/wp-json\/wp\/v2\/pages\/313"}],"collection":[{"href":"https:\/\/metropolevsech.eu\/vi\/wp-json\/wp\/v2\/pages"}],"about":[{"href":"https:\/\/metropolevsech.eu\/vi\/wp-json\/wp\/v2\/types\/page"}],"author":[{"embeddable":true,"href":"https:\/\/metropolevsech.eu\/vi\/wp-json\/wp\/v2\/users\/7"}],"replies":[{"embeddable":true,"href":"https:\/\/metropolevsech.eu\/vi\/wp-json\/wp\/v2\/comments?post=313"}],"version-history":[{"count":22,"href":"https:\/\/metropolevsech.eu\/vi\/wp-json\/wp\/v2\/pages\/313\/revisions"}],"predecessor-version":[{"id":16908,"href":"https:\/\/metropolevsech.eu\/vi\/wp-json\/wp\/v2\/pages\/313\/revisions\/16908"}],"up":[{"embeddable":true,"href":"https:\/\/metropolevsech.eu\/vi\/wp-json\/wp\/v2\/pages\/16975"}],"wp:featuredmedia":[{"embeddable":true,"href":"https:\/\/metropolevsech.eu\/vi\/wp-json\/wp\/v2\/media\/7894"}],"wp:attachment":[{"href":"https:\/\/metropolevsech.eu\/vi\/wp-json\/wp\/v2\/media?parent=313"}],"curies":[{"name":"wp","href":"https:\/\/api.w.org\/{rel}","templated":true}]}}