{"id":331,"date":"2016-12-18T13:20:49","date_gmt":"2016-12-18T12:20:49","guid":{"rendered":"https:\/\/metropolevsech.eu\/?page_id=331"},"modified":"2024-11-26T08:37:44","modified_gmt":"2024-11-26T07:37:44","slug":"2-2-praha-rozmanita","status":"publish","type":"page","link":"https:\/\/metropolevsech.eu\/vi\/praha\/2-2-praha-rozmanita\/","title":{"rendered":"Praha \u0111a d\u1ea1ng"},"content":{"rendered":"<p>Praha t\u1eeb tr\u01b0\u1edbc \u0111\u1ebfn nay lu\u00f4n \u0111a d\u1ea1ng b\u1edfi nh\u1eefng ng\u01b0\u1eddi d\u00e2n s\u1ed1ng t\u1ea1i \u0111\u00e2y. Praha l\u00e0 th\u00e0nh ph\u1ed1 n\u01a1i ng\u01b0\u1eddi d\u00e2n Praha n\u00f3i ti\u1ebfng S\u00e9c v\u00e0 ti\u1ebfng \u0110\u1ee9c chung s\u1ed1ng trong nhi\u1ec1u th\u1ebf k\u1ef7. \u0110\u1eb7c t\u00ednh mong manh c\u1ee7a h\u1ecd \u0111\u01b0\u1ee3c x\u00e1c \u0111\u1ecbnh kh\u00f4ng ch\u1ec9 b\u1eb1ng kh\u00f4ng gian m\u00e0 c\u1ea3 b\u1eb1ng ng\u00f4n ng\u1eef, th\u1eddi gian, b\u1ed1i c\u1ea3nh ch\u00ednh tr\u1ecb, th\u00e0nh ki\u1ebfn v\u00e0 \u0111\u1ecbnh ki\u1ebfn. Praha c\u0169ng ch\u1ecbu \u1ea3nh h\u01b0\u1edfng r\u1ea5t l\u1edbn b\u1edfi ng\u01b0\u1eddi d\u00e2n Do Th\u00e1i. Ch\u00fang ta c\u00f3 th\u1ec3 c\u1ea3m nh\u1eadn nh\u1eefng di t\u00edch t\u1eeb s\u1ef1 chung s\u1ed1ng n\u00e0y khi \u0111i d\u1ea1o khu ph\u1ed1 Do Th\u00e1i Praha. T\u1eeb th\u1eddi trung c\u1ed5, ng\u00e0nh th\u01b0\u01a1ng m\u1ea1i s\u00f4i n\u1ed5i \u0111\u00e3 \u0111\u1ea3m b\u1ea3o cho th\u00e0nh ph\u1ed1 vi\u1ec7c trao \u0111\u1ed5i h\u00e0ng h\u00f3a quan tr\u1ecdng v\u00e0 l\u00e0m cho v\u0103n h\u00f3a th\u00eam phong ph\u00fa. V\u00ed d\u1ee5 nh\u1edd nhi\u1ec1u nh\u00e0 x\u00e2y d\u1ef1ng v\u00e0 ki\u1ebfn tr\u00fac s\u01b0 m\u00e0 b\u00e2y gi\u1edd ch\u00fang ta c\u00f3 th\u1ec3 chi\u00eam ng\u01b0\u1ee1ng nh\u1eefng danh lam th\u1eafng c\u1ea3nh Praha n\u1ed5i ti\u1ebfng t\u1eeb nh\u1eefng th\u1eddi k\u1ef3 l\u1ecbch s\u1eed kh\u00e1c nhau.<\/p>\n<p>Ngay c\u1ea3 sau khi Chi\u1ebfn tranh th\u1ebf gi\u1edbi th\u1ee9 hai, th\u00e0nh ph\u1ed1 c\u0169ng kh\u00f4ng tr\u1edf th\u00e0nh th\u00e0nh ph\u1ed1 t\u0129nh v\u00e0 \u0111\u1ed3ng nh\u1ea5t. Sau khi ng\u01b0\u1eddi \u0110\u1ee9c d\u1eddi \u0111i, nh\u1eefng ng\u01b0\u1eddi d\u00e2n m\u1edbi \u0111\u1ebfn Praha. Trong s\u1ed1 h\u1ecd c\u00f3 nh\u1eefng ng\u01b0\u1eddi Di gan t\u1eeb Slovakia v\u00e0 d\u1ea7n d\u1ea7n c\u00f3 th\u00eam nh\u1eefng d\u00e2n t\u1ed9c kh\u00e1c. Trong th\u1eddi c\u1ed9ng s\u1ea3n, nh\u1eefng sinh vi\u00ean v\u00e0 ng\u01b0\u1eddi lao \u0111\u1ed9ng t\u1eeb nh\u1eefng n\u01b0\u1edbc b\u1ea1n \u0111\u00e3 \u0111\u1ebfn \u0111\u00e2y trong khu\u00f4n kh\u1ed5 trao \u0111\u1ed5i. T\u1eeb nh\u1eefng n\u0103m 50, ng\u01b0\u1eddi S\u00e9c c\u00f3 th\u1ec3 g\u1eb7p ch\u1ee7 y\u1ebfu ng\u01b0\u1eddi Hy L\u1ea1p, Vi\u1ec7t Nam, Cuba v\u00e0 nh\u1eefng ng\u01b0\u1eddi \u0111\u1ebfn t\u1eeb c\u00e1c n\u01b0\u1edbc ch\u00e2u Phi.<\/p>\n<p>Hi\u1ec7n nay, theo th\u1ed1ng k\u00ea c\u1ee7a B\u1ed9 N\u1ed9i v\u1ee5 C\u1ed9ng h\u00f2a S\u00e9c, c\u00f3 t\u1ed5ng c\u1ed9ng 345.000 c\u01b0 d\u00e2n c\u00f3 qu\u1ed1c t\u1ecbch n\u01b0\u1edbc ngo\u00e0i sinh s\u1ed1ng tr\u00ean l\u00e3nh th\u1ed5 th\u1ee7 \u0111\u00f4 Praha. T\u1ef7 l\u1ec7 ng\u01b0\u1eddi n\u01b0\u1edbc ngo\u00e0i \u1edf Praha v\u01b0\u1ee3t qu\u00e1 \u0111\u00e1ng k\u1ec3 m\u1ee9c trung b\u00ecnh qu\u1ed1c gia, h\u1ecd chi\u1ebfm g\u1ea7n 40% t\u1ed5ng s\u1ed1 ng\u01b0\u1eddi n\u01b0\u1edbc ngo\u00e0i \u1edf C\u1ed9ng h\u00f2a S\u00e9c. C\u00e1c nh\u00f3m l\u1edbn nh\u1ea5t l\u00e0 c\u00f4ng d\u00e2n Ukraine (170.000), Slovakia (31.000), Nga (27.000) v\u00e0 Vi\u1ec7t Nam (15.000). S\u1ed1 l\u01b0\u1ee3ng ng\u01b0\u1eddi \u0111\u1ebfn Praha t\u1eeb Romania, Bulgaria hay th\u1eadm ch\u00ed l\u00e0 \u1ea4n \u0110\u1ed9 v\u00e0 Philippines c\u0169ng ng\u00e0y c\u00e0ng t\u0103ng.<\/p>\n<div class=\"box-ok\">\n<p><em><a href=\"\/\/praha.mkc.cz\/cz\/projekt\">D\u1ef1 \u00e1n \u201cPraha chia s\u1ebb \u0111a d\u1ea1ng\u201d<\/a> bao g\u1ed3m l\u1ecbch s\u1eed \u0111a v\u0103n h\u00f3a c\u1ee7a Praha v\u00e0 cung c\u1ea5p b\u1ea3n \u0111\u1ed3 t\u01b0\u01a1ng t\u00e1c v\u00e0 c\u00e1c bu\u1ed5i \u0111i d\u1ea1o gi\u1edbi thi\u1ec7u l\u1ecbch s\u1eed Praha.<\/em><\/p>\n<p><\/div><\/p>","protected":false},"excerpt":{"rendered":"<p>Praha t\u1eeb tr\u01b0\u1edbc \u0111\u1ebfn nay lu\u00f4n \u0111a d\u1ea1ng b\u1edfi nh\u1eefng ng\u01b0\u1eddi d\u00e2n s\u1ed1ng t\u1ea1i \u0111\u00e2y. Praha l\u00e0 th\u00e0nh ph\u1ed1 n\u01a1i ng\u01b0\u1eddi d\u00e2n Praha n\u00f3i ti\u1ebfng S\u00e9c v\u00e0 ti\u1ebfng \u0110\u1ee9c chung s\u1ed1ng trong nhi\u1ec1u th\u1ebf k\u1ef7. \u0110\u1eb7c t\u00ednh mong manh c\u1ee7a&#8230;<\/p>\n<a class=\"more-block\" href=\"https:\/\/metropolevsech.eu\/vi\/praha\/2-2-praha-rozmanita\/\">\u0110\u1ecdc th\u00eam<\/a>","protected":false},"author":7,"featured_media":9379,"parent":10,"menu_order":2,"comment_status":"closed","ping_status":"closed","template":"","meta":[],"acf":[],"_links":{"self":[{"href":"https:\/\/metropolevsech.eu\/vi\/wp-json\/wp\/v2\/pages\/331"}],"collection":[{"href":"https:\/\/metropolevsech.eu\/vi\/wp-json\/wp\/v2\/pages"}],"about":[{"href":"https:\/\/metropolevsech.eu\/vi\/wp-json\/wp\/v2\/types\/page"}],"author":[{"embeddable":true,"href":"https:\/\/metropolevsech.eu\/vi\/wp-json\/wp\/v2\/users\/7"}],"replies":[{"embeddable":true,"href":"https:\/\/metropolevsech.eu\/vi\/wp-json\/wp\/v2\/comments?post=331"}],"version-history":[{"count":7,"href":"https:\/\/metropolevsech.eu\/vi\/wp-json\/wp\/v2\/pages\/331\/revisions"}],"predecessor-version":[{"id":21055,"href":"https:\/\/metropolevsech.eu\/vi\/wp-json\/wp\/v2\/pages\/331\/revisions\/21055"}],"up":[{"embeddable":true,"href":"https:\/\/metropolevsech.eu\/vi\/wp-json\/wp\/v2\/pages\/10"}],"wp:featuredmedia":[{"embeddable":true,"href":"https:\/\/metropolevsech.eu\/vi\/wp-json\/wp\/v2\/media\/9379"}],"wp:attachment":[{"href":"https:\/\/metropolevsech.eu\/vi\/wp-json\/wp\/v2\/media?parent=331"}],"curies":[{"name":"wp","href":"https:\/\/api.w.org\/{rel}","templated":true}]}}