{"id":336,"date":"2016-12-18T13:38:01","date_gmt":"2016-12-18T12:38:01","guid":{"rendered":"https:\/\/metropolevsech.eu\/?page_id=336"},"modified":"2025-03-26T12:11:55","modified_gmt":"2025-03-26T11:11:55","slug":"2-3-prazske-pametihodnosti","status":"publish","type":"page","link":"https:\/\/metropolevsech.eu\/vi\/praha\/2-3-prazske-pametihodnosti\/","title":{"rendered":"Danh lam th\u1eafng c\u1ea3nh Praha"},"content":{"rendered":"<p>Th\u1ee7 \u0111\u00f4 C\u1ed9ng h\u00f2a S\u00e9c t\u1ef1 h\u00e0o v\u1edbi khu b\u1ea3o t\u1ed3n di t\u00edch c\u00f3 di\u1ec7n t\u00edch v\u00e0 \u00fd ngh\u0129a thu\u1ed9c nh\u1eefng di t\u00edch quy m\u00f4 l\u1edbn nh\u1ea5t th\u1ebf gi\u1edbi. Khu b\u1ea3o t\u1ed3n n\u1eb1m tr\u00ean di\u1ec7n t\u00edch 860 ha v\u00e0 bao g\u1ed3m g\u1ea7n 1\u00a0300 di t\u00edch \u0111\u1ed9c \u0111\u00e1o.<\/p>\n<p>Nh\u1eefng khu v\u1ef1c l\u1ecbch s\u1eed quan tr\u1ecdng nh\u1ea5t c\u1ee7a Praha n\u1eb1m tr\u00ean l\u00e3nh th\u1ed5 Praha 1 hi\u1ec7n nay, t\u1ee9c l\u00e0 l\u00e3nh th\u1ed5 trung t\u00e2m th\u00e0nh ph\u1ed1 th\u1eddi trung c\u1ed5, t\u1eeb n\u0103m 1992 \u0111\u01b0\u1ee3c \u0111\u01b0a v\u00e0o danh s\u00e1ch di s\u1ea3n th\u1ebf gi\u1edbi <a href=\"https:\/\/www.unesco-czech.cz\/unesco-pamatky\/\">UNESCO<\/a>. T\u1ea1i \u0111\u00e2y b\u1ea1n c\u00f3 th\u1ec3 t\u00ecm th\u1ea5y h\u1ea7u h\u1ebft t\u1ea5t c\u1ea3 c\u00e1c \u0111\u1ecba \u0111i\u1ec3m du l\u1ecbch Praha ch\u00ednh \u2013 L\u00e2u \u0111\u00e0i Praha v\u00e0 ph\u01b0\u1eddng Hrad\u010dany, ph\u01b0\u1eddng Mal\u00e1 Strana bao g\u1ed3m c\u1ea7u S\u00e1c-l\u01a1 (c\u1ea7u T\u00ecnh), ph\u01b0\u1eddng Star\u00e9 M\u011bsto v\u1edbi khu Josefov (m\u1ed9t ph\u1ea7n c\u1ee7a Th\u00e0nh ph\u1ed1 Do th\u00e1i \u0111\u1eb7c bi\u1ec7t c\u00f2n \u0111\u01b0\u1ee3c l\u01b0u gi\u1eef), ph\u01b0\u1eddng Nov\u00e9 M\u011bsto, ph\u01b0\u1eddng Vy\u0161ehrad.<\/p>\n<p>Praha c\u00f2n \u0111\u01b0\u1ee3c m\u1ecdi ng\u01b0\u1eddi y\u00eau qu\u00fd g\u1ecdi l\u00e0 \u201cPraha tr\u0103m th\u00e1p\u201d, v\u00ec l\u00fd do khi b\u1ea1n nh\u00ecn Praha t\u1eeb m\u1ed9t v\u1ecb tr\u00ed cao (v\u00ed d\u1ee5 t\u1eeb Th\u00e1p Pet\u0159\u00edn), b\u1ea1n s\u1ebd th\u1ea5y trung t\u00e2m th\u00e0nh ph\u1ed1 \u0111\u1ea7y nh\u1eefng ng\u1ecdn th\u00e1p nh\u1ecf v\u00e0 m\u00e1i v\u00f2m c\u1ee7a nh\u00e0 th\u1edd v\u00e0 c\u00e1c t\u00f2a nh\u00e0 l\u1ecbch s\u1eed kh\u00e1c.<\/p>\n<div class=\"box-fixa\"><br \/>\n<em>T\u1ea1i Praha c\u00f3 nhi\u1ec1u d\u1ecbch v\u1ee5 c\u1ee7a c\u00e1c v\u0103n ph\u00f2ng du l\u1ecbch. Trong s\u1ed1 \u0111\u00f3 c\u00f3 th\u1ec3 c\u00f3 c\u1ea3 nh\u1eefng v\u0103n ph\u00f2ng l\u1eeba \u0111\u1ea3o ho\u1eb7c qu\u00e1 \u0111\u1eaft \u0111\u1ecf. N\u1ebfu b\u1ea1n mu\u1ed1n nh\u1eadn th\u00f4ng tin MI\u1ec4N PH\u00cd, h\u00e3y \u0111\u1ebfn c\u00e1c \u0111\u1ecba \u0111i\u1ec3m li\u00ean h\u1ec7 c\u1ee7a <\/em><a href=\"\/\/www.prague.eu\/cs\/prakticke\/turisticke-informace\/turisticka-informacni-centra-1-11472\"><em>Trung t\u00e2m th\u00f4ng tin du l\u1ecbch<\/em><\/a><em> thu\u1ed9c D\u1ecbch v\u1ee5 du l\u1ecbch Praha c\u1ee7a th\u1ee7 \u0111\u00f4 Praha. T\u1ea1i \u0111\u00f3 b\u1ea1n c\u0169ng c\u00f3 th\u1ec3 mua v\u00e9 cho m\u1ed9t s\u1ed1 s\u1ef1 ki\u1ec7n v\u0103n h\u00f3a.<\/em><br \/>\n<\/div>\n<div class=\"box-ok\"><br \/>\n<em>B\u1ea1n th\u00edch t\u00ecm hi\u1ec3u v\u1ec1 Praha nhi\u1ec1u h\u01a1n? Prague City Tourism t\u1ed5 ch\u1ee9c c\u00e1c bu\u1ed5i \u0111i ch\u01a1i quanh Praha v\u00e0 c\u00e1c kh\u00f3a \u0111\u00e0o t\u1ea1o v\u1ec1 l\u1ecbch s\u1eed v\u00e0 hi\u1ec7n t\u1ea1i c\u1ee7a th\u00e0nh ph\u1ed1 d\u00e0nh cho ng\u01b0\u1eddi chuy\u00ean nghi\u1ec7p v\u00e0 nghi\u1ec7p d\u01b0. B\u1ea1n c\u00f3 th\u1ec3 t\u00ecm ch\u01b0\u01a1ng tr\u00ecnh hi\u1ec7n nay tr\u00ean trang web c\u1ee7a <a href=\"\/\/www.praguecitytourism.cz\/\">Prague City Tourism<\/a>. Th\u00f4ng tin v\u1ec1 c\u00e1c trung t\u00e2m th\u00f4ng tin du l\u1ecbch n\u1eb1m tr\u00ean c\u1ed5ng \u0111i\u1ec7n t\u1eed du l\u1ecbch ch\u00ednh th\u1ee9c c\u1ee7a Praha <a href=\"\/\/www.prague.eu\/\">Prague.eu<\/a>. D\u01b0\u1edbi \u0111\u00e2y b\u1ea1n s\u1ebd t\u00ecm th\u1ea5y c\u00e1c \u0111\u1ecba \u0111i\u1ec3m Praha th\u00fa v\u1ecb, \u0111\u1ec3 t\u00ecm hi\u1ec3u th\u00eam b\u1ea1n c\u00f3 th\u1ec3 t\u00ecm \u0111\u1ecdc tr\u00ean c\u00e1c trang c\u1ee7a Prague.eu.<\/em><br \/>\n<\/div>\n<ul class=\"bullet\">\n<li><a href=\"#castles\">C\u00e1c t\u00f2a th\u00e0nh<\/a><\/li>\n<li><a href=\"#bridges\">C\u00e1c c\u00e2y c\u1ea7u<\/a><\/li>\n<li><a href=\"#squares\">C\u00e1c qu\u1ea3ng tr\u01b0\u1eddng<\/a><\/li>\n<li><a href=\"#churches\">C\u00e1c nh\u00e0 th\u1edd<\/a><\/li>\n<li><a href=\"#houses\">C\u00e1c t\u00f2a nh\u00e0<\/a><\/li>\n<\/ul>\n<h3>Li\u00ean k\u1ebft:<\/h3>\n<ul class=\"bullet-links\">\n<li><a href=\"\/\/www.prague.eu\/cs\">Prague.eu \u2013 c\u1ed5ng \u0111i\u1ec7n t\u1eed du l\u1ecbch ch\u00ednh th\u1ee9c c\u1ee7a Praha<\/a><\/li>\n<li><a href=\"\/\/www.praguecitytourism.cz\/cs\">Prague City Tourism<\/a><\/li>\n<li><a href=\"http:\/\/prague.eu\/cs\/turisticka-informacni-centra\/\">Trung t\u00e2m th\u00f4ng tin du l\u1ecbch<\/a><\/li>\n<li><a href=\"\/\/www.unesco-czech.cz\/praha\/predstaveni\/\">Di s\u1ea3n UNESCO c\u1ee7a S\u00e9c \u2013 Praha<\/a><\/li>\n<\/ul>\n<p><\/p>","protected":false},"excerpt":{"rendered":"<p>Th\u1ee7 \u0111\u00f4 C\u1ed9ng h\u00f2a S\u00e9c t\u1ef1 h\u00e0o v\u1edbi khu b\u1ea3o t\u1ed3n di t\u00edch c\u00f3 di\u1ec7n t\u00edch v\u00e0 \u00fd ngh\u0129a thu\u1ed9c nh\u1eefng di t\u00edch quy m\u00f4 l\u1edbn nh\u1ea5t th\u1ebf gi\u1edbi. Khu b\u1ea3o t\u1ed3n n\u1eb1m tr\u00ean di\u1ec7n t\u00edch 860 ha v\u00e0 bao&#8230;<\/p>\n<a class=\"more-block\" href=\"https:\/\/metropolevsech.eu\/vi\/praha\/2-3-prazske-pametihodnosti\/\">\u0110\u1ecdc th\u00eam<\/a>","protected":false},"author":7,"featured_media":9387,"parent":10,"menu_order":3,"comment_status":"closed","ping_status":"closed","template":"","meta":[],"acf":[],"_links":{"self":[{"href":"https:\/\/metropolevsech.eu\/vi\/wp-json\/wp\/v2\/pages\/336"}],"collection":[{"href":"https:\/\/metropolevsech.eu\/vi\/wp-json\/wp\/v2\/pages"}],"about":[{"href":"https:\/\/metropolevsech.eu\/vi\/wp-json\/wp\/v2\/types\/page"}],"author":[{"embeddable":true,"href":"https:\/\/metropolevsech.eu\/vi\/wp-json\/wp\/v2\/users\/7"}],"replies":[{"embeddable":true,"href":"https:\/\/metropolevsech.eu\/vi\/wp-json\/wp\/v2\/comments?post=336"}],"version-history":[{"count":8,"href":"https:\/\/metropolevsech.eu\/vi\/wp-json\/wp\/v2\/pages\/336\/revisions"}],"predecessor-version":[{"id":22308,"href":"https:\/\/metropolevsech.eu\/vi\/wp-json\/wp\/v2\/pages\/336\/revisions\/22308"}],"up":[{"embeddable":true,"href":"https:\/\/metropolevsech.eu\/vi\/wp-json\/wp\/v2\/pages\/10"}],"wp:featuredmedia":[{"embeddable":true,"href":"https:\/\/metropolevsech.eu\/vi\/wp-json\/wp\/v2\/media\/9387"}],"wp:attachment":[{"href":"https:\/\/metropolevsech.eu\/vi\/wp-json\/wp\/v2\/media?parent=336"}],"curies":[{"name":"wp","href":"https:\/\/api.w.org\/{rel}","templated":true}]}}