{"id":3391,"date":"2017-05-14T20:39:36","date_gmt":"2017-05-14T18:39:36","guid":{"rendered":"https:\/\/metropolevsech.eu\/?page_id=3391"},"modified":"2025-02-11T12:07:21","modified_gmt":"2025-02-11T11:07:21","slug":"mestska-cast-praha-1","status":"publish","type":"page","link":"https:\/\/metropolevsech.eu\/vi\/kontakty\/urady-v-praze\/mestske-casti\/jednotlive-mestske-casti\/mestska-cast-praha-1\/","title":{"rendered":"Qu\u1eadn Praha 1"},"content":{"rendered":"<p><\/p>\n<h3>\u1ee6Y BAN QU\u1eacN PRAHA 1<\/h3>\n<p>Vodi\u010dkova 18, 115 68 Praha 1<\/p>\n<p>t\u1ed5ng \u0111\u00e0i: 221 097 111, fax: 222 231 646, e-mail:\u00a0<a href=\"mailto:posta@praha1.cz\">posta@praha1.cz<\/a><\/p>\n<p>trung t\u00e2m th\u00f4ng tin: 221 097 300, 221 097 311, 221 097 280, 221 097 315 (c\u00f4ng ch\u1ee9ng)<\/p>\n<p>trang web:<a href=\"http:\/\/www.praha1.cz\/\">\u00a0www.praha1.cz<\/a><\/p>\n<p>Qu\u1eadn Praha n\u1eb1m gi\u1eefa th\u00e0nh ph\u1ed1 tr\u00ean c\u1ea3 hai b\u1edd s\u00f4ng Vltava l\u00e0 qu\u1eadn th\u00fa v\u1ecb nh\u1ea5t \u0111\u1ed1i v\u1edbi kh\u00e1ch du l\u1ecbch \u0111\u1ed3ng th\u1eddi l\u00e0 trung t\u00e2m h\u00e0nh ch\u00ednh c\u1ee7a C\u1ed9ng h\u00f2a S\u00e9c. \u1ede \u0111\u00e2y c\u00f3 ph\u1ee7 t\u1ed5ng th\u1ed1ng, tr\u1ee5 s\u1edf c\u1ee7a qu\u1ed1c h\u1ed9i v\u00e0 ch\u00ednh ph\u1ee7.<\/p>\n<div class=\"box-ok\"><br \/>\n<em>Trong t\u00f2a nh\u00e0 c\u1ee7a \u1ee6y ban qu\u1eadn Praha 1 b\u1ea1n c\u00f3 th\u1ec3 t\u00ecm th\u1ea5y <a href=\"https:\/\/www.praha1.cz\/odbory-a-oddeleni\/zio_jkm\/\">\u0110i\u1ec3m li\u00ean h\u1ec7 h\u1ee3p nh\u1ea5t<\/a>, n\u01a1i b\u1ea1n s\u1ebd nh\u1eadn \u0111\u01b0\u1ee3c nh\u1eefng th\u00f4ng tin c\u1ea7n thi\u1ebft thu\u1eadn l\u1ee3i cho vi\u1ec7c kinh doanh.<\/em><br \/>\n<\/div>\n<h3>Chi nh\u00e1nh c\u1ee7a S\u1edf Lao \u0111\u1ed9ng<\/h3>\n<ul class=\"bullet\">\n<li><a href=\"https:\/\/www.uradprace.cz\/praha-2\">Praha 2<\/a>\u00a0&#8211; V\u0103n ph\u00f2ng li\u00ean h\u1ec7 Praha 2 (cho Praha 1 v\u00e0 2)<\/li>\n<\/ul>\n<p><a href=\"https:\/\/www.uradprace.cz\/praha-2\">Li\u00ean h\u1ec7<\/a>,\u00a0<a href=\"https:\/\/www.uradprace.cz\/web\/cz\/volna-mista-v-cr\">Tuy\u1ec3n d\u1ee5ng<\/a><\/p>\n<h3>Chi nh\u00e1nh c\u1ee7a C\u1ee5c B\u1ea3o hi\u1ec3m x\u00e3 h\u1ed9i Praha<\/h3>\n<p>C\u1ee5c b\u1ea3o hi\u1ec3m x\u00e3 h\u1ed9i Praha kh\u00f4ng quy \u0111\u1ecbnh ph\u1ea1m vi l\u00e3nh th\u1ed5 quy\u1ec1n h\u00e0nh cho t\u1eebng chi nh\u00e1nh. V\u00ec v\u1eady, b\u1ea1n c\u00f3 th\u1ec3 t\u1edbi b\u1ea5t k\u1ef3 ph\u00f2ng b\u1ea3o hi\u1ec3m x\u00e3 h\u1ed9i n\u00e0o m\u00e0 kh\u00f4ng ph\u1ee5 thu\u1ed9c v\u00e0o \u0111\u1ecba ch\u1ec9 c\u01b0 tr\u00fa c\u1ee7a m\u00ecnh.<\/p>\n<ul class=\"bullet-links\">\n<li><u><a href=\"http:\/\/www.cssz.cz\/cz\/kontakty\/krajska-a-okresni-pracoviste\/praha\/\">Th\u00f4ng tin chi ti\u1ebft v\u1ec1 t\u1eebng chi nh\u00e1nh<\/a><\/u><\/li>\n<\/ul>\n<h3>Chi nh\u00e1nh c\u1ee7a S\u1edf Thu\u1ebf<\/h3>\n<ul class=\"bullet\">\n<li>V\u0103n ph\u00f2ng khu v\u1ef1c\u00a0<a href=\"https:\/\/www.financnisprava.cz\/cs\/financni-sprava\/financni-sprava-cr\/organizacni-struktura\/organy-financni-spravy\/uzemni-pracoviste\/2001-uzemni-pracoviste-pro-prahu-1\">Praha 1<\/a><\/li>\n<\/ul>\n<p>&nbsp;<\/p>\n<h4><\/h4>\n<p><\/p>","protected":false},"excerpt":{"rendered":"<p>\u1ee6Y BAN QU\u1eacN PRAHA 1 Vodi\u010dkova 18, 115 68 Praha 1 t\u1ed5ng \u0111\u00e0i: 221 097 111, fax: 222 231 646, e-mail:\u00a0posta@praha1.cz trung t\u00e2m th\u00f4ng tin: 221 097 300, 221 097 311, 221 097 280, 221 097 315 (c\u00f4ng ch\u1ee9ng) trang&#8230;<\/p>\n<a class=\"more-block\" href=\"https:\/\/metropolevsech.eu\/vi\/kontakty\/urady-v-praze\/mestske-casti\/jednotlive-mestske-casti\/mestska-cast-praha-1\/\">\u0110\u1ecdc th\u00eam<\/a>","protected":false},"author":7,"featured_media":0,"parent":3406,"menu_order":1,"comment_status":"closed","ping_status":"closed","template":"","meta":[],"acf":[],"_links":{"self":[{"href":"https:\/\/metropolevsech.eu\/vi\/wp-json\/wp\/v2\/pages\/3391"}],"collection":[{"href":"https:\/\/metropolevsech.eu\/vi\/wp-json\/wp\/v2\/pages"}],"about":[{"href":"https:\/\/metropolevsech.eu\/vi\/wp-json\/wp\/v2\/types\/page"}],"author":[{"embeddable":true,"href":"https:\/\/metropolevsech.eu\/vi\/wp-json\/wp\/v2\/users\/7"}],"replies":[{"embeddable":true,"href":"https:\/\/metropolevsech.eu\/vi\/wp-json\/wp\/v2\/comments?post=3391"}],"version-history":[{"count":5,"href":"https:\/\/metropolevsech.eu\/vi\/wp-json\/wp\/v2\/pages\/3391\/revisions"}],"predecessor-version":[{"id":21847,"href":"https:\/\/metropolevsech.eu\/vi\/wp-json\/wp\/v2\/pages\/3391\/revisions\/21847"}],"up":[{"embeddable":true,"href":"https:\/\/metropolevsech.eu\/vi\/wp-json\/wp\/v2\/pages\/3406"}],"wp:attachment":[{"href":"https:\/\/metropolevsech.eu\/vi\/wp-json\/wp\/v2\/media?parent=3391"}],"curies":[{"name":"wp","href":"https:\/\/api.w.org\/{rel}","templated":true}]}}