{"id":3406,"date":"2017-05-14T22:24:01","date_gmt":"2017-05-14T20:24:01","guid":{"rendered":"https:\/\/metropolevsech.eu\/?page_id=3406"},"modified":"2026-01-26T10:45:32","modified_gmt":"2026-01-26T09:45:32","slug":"jednotlive-mestske-casti","status":"publish","type":"page","link":"https:\/\/metropolevsech.eu\/vi\/kontakty\/urady-v-praze\/mestske-casti\/jednotlive-mestske-casti\/","title":{"rendered":"Gi\u1edbi thi\u1ec7u v\u1ec1 c\u00e1c qu\u1eadn"},"content":{"rendered":"<p><img loading=\"lazy\" src=\"https:\/\/metropolevsech.eu\/wp-content\/uploads\/2023\/11\/pragueDistricts.png\" alt=\"\" width=\"1200\" height=\"630\" class=\"aligncenter size-full wp-image-19775\" srcset=\"https:\/\/metropolevsech.eu\/wp-content\/uploads\/2023\/11\/pragueDistricts.png 1200w, https:\/\/metropolevsech.eu\/wp-content\/uploads\/2023\/11\/pragueDistricts-300x158.png 300w, https:\/\/metropolevsech.eu\/wp-content\/uploads\/2023\/11\/pragueDistricts-1040x546.png 1040w, https:\/\/metropolevsech.eu\/wp-content\/uploads\/2023\/11\/pragueDistricts-768x403.png 768w, https:\/\/metropolevsech.eu\/wp-content\/uploads\/2023\/11\/pragueDistricts-670x352.png 670w\" sizes=\"(max-width: 1200px) 100vw, 1200px\" \/><\/p>\n<p><em>T\u01b0\u01a1ng t\u1ef1 nh\u01b0 T\u00f2a th\u1ecb ch\u00ednh th\u1ee7 \u0111\u00f4 Praha, c\u00e1c qu\u1eadn t\u1ea1i Praha c\u0169ng b\u1eaft \u0111\u1ea7u c\u00e0ng ng\u00e0y c\u00e0ng quan t\u00e2m \u0111\u1ebfn ch\u1ee7 \u0111\u1ec1 h\u1ed9i nh\u1eadp ng\u01b0\u1eddi di c\u01b0 t\u1ea1i Praha v\u00e0 \u1ee7ng h\u1ed9 s\u1ef1 chung s\u1ed1ng v\u00e0 l\u00e0m quen l\u1eabn nhau v\u1edbi ng\u01b0\u1eddi d\u00e2n \u0111\u1ecba ph\u01b0\u01a1ng c\u1ee7a qu\u1eadn. B\u1edfi v\u1eady t\u1ea1i qu\u1eadn n\u01a1i b\u1ea1n \u0111ang sinh s\u1ed1ng, b\u1ea1n c\u0169ng c\u00f3 th\u1ec3 b\u1eaft g\u1eb7p c\u00e1c s\u1ef1 ki\u1ec7n v\u0103n h\u00f3a v\u00e0 \u0111a v\u0103n h\u00f3a d\u00e0nh cho ng\u01b0\u1eddi di c\u01b0 v\u00e0 ng\u01b0\u1eddi S\u00e9c, n\u01a1i nh\u1eefng nh\u00f3m ng\u01b0\u1eddi n\u00e0y c\u00f3 th\u1ec3 l\u00e0m quen l\u1eabn nhau. M\u1ed9t s\u1ed1 qu\u1eadn t\u00edch c\u1ef1c h\u1ed7 tr\u1ee3 c\u00e1c kh\u00f3a h\u1ecdc ti\u1ebfng S\u00e9c cho nh\u1eefng ng\u01b0\u1eddi d\u00e2n c\u1ee7a m\u00ecnh khi h\u1ecd ch\u01b0a bi\u1ebft ti\u1ebfng S\u00e9c t\u1ed1t. T\u1ea1i m\u1ed9t s\u1ed1 n\u01a1i b\u1ea1n c\u00f3 th\u1ec3 t\u00ecm th\u1ea5y s\u1ef1 h\u1ed7 tr\u1ee3 tr\u1ebb em \u0111ang h\u1ecdc t\u1ea1i c\u00e1c tr\u01b0\u1eddng <\/em><em>ph\u1ed5 th\u00f4ng<\/em><em> c\u01a1 s\u1edf<\/em><em> \u1edf Praha v.v. \u0110\u1ed1i v\u1edbi nh\u1eefng ho\u1ea1t \u0111\u1ed9ng n\u00e0y kh\u00f4ng c\u00f3 ph\u00f2ng ban \u0111\u1eb7c bi\u1ec7t n\u00e0o trong \u1ee7y ban qu\u1eadn, nh\u01b0ng c\u00f3 nh\u1eefng c\u00e1n b\u1ed9 \u0111\u01b0\u1ee3c \u1ee7y th\u00e1c \u0111\u1eb7c bi\u1ec7t. B\u1ea1n c\u00f3 th\u1ec3 t\u00ecm th\u00f4ng tin li\u00ean l\u1ea1c v\u00e0 th\u00f4ng tin chi ti\u1ebft cho t\u1eebng qu\u1eadn d\u01b0\u1edbi \u0111\u00e2y.<\/em><\/p>\n<div class=\"box-ok\"><br \/>\n<em>N\u1ebfu b\u1ea1n kh\u00f4ng n\u00f3i ti\u1ebfng S\u00e9c t\u1ed1t v\u00e0 b\u1ea1n c\u1ea7n bi\u1ebft nhi\u1ec1u th\u00f4ng tin h\u01a1n n\u1eefa t\u1eeb c\u00e1c c\u00f4ng ch\u1ee9c c\u1ee7a T\u00f2a th\u1ecb ch\u00ednh th\u1ee7 \u0111\u00f4 Praha ho\u1eb7c c\u00f4ng ch\u1ee9c qu\u1eadn c\u1ee7a b\u1ea1n, h\u00e3y li\u00ean h\u1ec7 v\u1edbi <a href=\"http:\/\/www.icpraha.com\/\">Trung t\u00e2m h\u1ed9i nh\u1eadp Praha<\/a>. H\u1ecd s\u1ebd gi\u00fap b\u1ea1n d\u1ecbch ho\u1eb7c nh\u00e2n vi\u00ean giao v\u0103n h\u00f3a c\u1ee7a h\u1ecd s\u1ebd h\u1ed7 tr\u1ee3 b\u1ea1n.<\/em><br \/>\n<\/div>\n<ul class=\"bullet-links\">\n<li>T\u00ecm hi\u1ec3u th\u00eam th\u00f4ng tin v\u00e0 c\u00e1ch li\u00ean l\u1ea1c v\u1edbi c\u00e1c \u1ee7y ban qu\u1eadn <a href=\"http:\/\/www.praha.eu\/jnp\/cz\/o_meste\/mestske_casti\/index.html\">t\u1ea1i \u0111\u00e2y<\/a><\/li>\n<li><a href=\"http:\/\/www.praha.eu\/jnp\/cz\/o_meste\/mestske_casti\/index.html\">B\u1ea3n \u0111\u1ed3 c\u00e1c qu\u1eadn<\/a><\/li>\n<\/ul>\n<p><\/p>","protected":false},"excerpt":{"rendered":"<p>T\u01b0\u01a1ng t\u1ef1 nh\u01b0 T\u00f2a th\u1ecb ch\u00ednh th\u1ee7 \u0111\u00f4 Praha, c\u00e1c qu\u1eadn t\u1ea1i Praha c\u0169ng b\u1eaft \u0111\u1ea7u c\u00e0ng ng\u00e0y c\u00e0ng quan t\u00e2m \u0111\u1ebfn ch\u1ee7 \u0111\u1ec1 h\u1ed9i nh\u1eadp ng\u01b0\u1eddi di c\u01b0 t\u1ea1i Praha v\u00e0 \u1ee7ng h\u1ed9 s\u1ef1 chung s\u1ed1ng v\u00e0 l\u00e0m quen&#8230;<\/p>\n<a class=\"more-block\" href=\"https:\/\/metropolevsech.eu\/vi\/kontakty\/urady-v-praze\/mestske-casti\/jednotlive-mestske-casti\/\">\u0110\u1ecdc th\u00eam<\/a>","protected":false},"author":7,"featured_media":0,"parent":856,"menu_order":2,"comment_status":"closed","ping_status":"closed","template":"","meta":[],"acf":[],"_links":{"self":[{"href":"https:\/\/metropolevsech.eu\/vi\/wp-json\/wp\/v2\/pages\/3406"}],"collection":[{"href":"https:\/\/metropolevsech.eu\/vi\/wp-json\/wp\/v2\/pages"}],"about":[{"href":"https:\/\/metropolevsech.eu\/vi\/wp-json\/wp\/v2\/types\/page"}],"author":[{"embeddable":true,"href":"https:\/\/metropolevsech.eu\/vi\/wp-json\/wp\/v2\/users\/7"}],"replies":[{"embeddable":true,"href":"https:\/\/metropolevsech.eu\/vi\/wp-json\/wp\/v2\/comments?post=3406"}],"version-history":[{"count":3,"href":"https:\/\/metropolevsech.eu\/vi\/wp-json\/wp\/v2\/pages\/3406\/revisions"}],"predecessor-version":[{"id":24602,"href":"https:\/\/metropolevsech.eu\/vi\/wp-json\/wp\/v2\/pages\/3406\/revisions\/24602"}],"up":[{"embeddable":true,"href":"https:\/\/metropolevsech.eu\/vi\/wp-json\/wp\/v2\/pages\/856"}],"wp:attachment":[{"href":"https:\/\/metropolevsech.eu\/vi\/wp-json\/wp\/v2\/media?parent=3406"}],"curies":[{"name":"wp","href":"https:\/\/api.w.org\/{rel}","templated":true}]}}