{"id":3410,"date":"2017-05-14T22:26:14","date_gmt":"2017-05-14T20:26:14","guid":{"rendered":"https:\/\/metropolevsech.eu\/?page_id=3410"},"modified":"2025-02-11T12:14:07","modified_gmt":"2025-02-11T11:14:07","slug":"mestska-cast-praha-2","status":"publish","type":"page","link":"https:\/\/metropolevsech.eu\/vi\/kontakty\/urady-v-praze\/mestske-casti\/jednotlive-mestske-casti\/mestska-cast-praha-2\/","title":{"rendered":"Qu\u1eadn Praha 2"},"content":{"rendered":"<p><\/p>\n<h3>\u1ee6Y BAN QU\u1eacN PRAHA 2<\/h3>\n<p>N\u00e1m\u011bst\u00ed M\u00edru 20\/600, 120 39 Praha 2<\/p>\n<p>t\u1ed5ng \u0111\u00e0i: 236 044 111, v\u0103n ph\u00f2ng th\u00f4ng tin: 236 044 246, 236 044 215<\/p>\n<p>ph\u00f2ng nh\u1eadn h\u1ed3 s\u01a1: 236 044 230, e-mail:\u00a0<a href=\"mailto:posta@praha2.cz\">posta@praha2.cz<\/a><\/p>\n<p>trang web:\u00a0<a href=\"http:\/\/www.praha2.cz\">www.praha2.cz<\/a><\/p>\n<p>Qu\u1eadn Praha 2 n\u1eb1m \u1edf trung t\u00e2m th\u1ee7 \u0111\u00f4 tr\u00ean b\u1edd ph\u1ea3i c\u1ee7a s\u00f4ng Vltava bao g\u1ed3m c\u00e1c khu v\u1ef1c Vy\u0161ehrad, Nov\u00e9 M\u011bsto, Vinohrady v\u00e0 Nusle. Praha 2 k\u1ebft h\u1ee3p c\u00e1c ki\u1ec7t t\u00e1c l\u1ecbch s\u1eed v\u1edbi nh\u00e0 d\u00e2n tri\u1ec3n l\u00e3m v\u00e0 c\u00f3 nhi\u1ec1u kh\u00f4ng gian xanh v\u00e0 ti\u1ec7n nghi c\u00f4ng c\u1ed9ng.<\/p>\n<div class=\"box-ok\"><\/p>\n<p><em>B\u1ea1n s\u1ebd nh\u1eadn \u0111\u01b0\u1ee3c nhi\u1ec1u th\u00f4ng tin h\u01a1n t\u1ea1i v\u0103n ph\u00f2ng th\u00f4ng tin c\u1ee7a qu\u1eadn n\u01a1i nh\u00e2n vi\u00ean s\u1ebd t\u00ecm cho b\u1ea1n th\u00f4ng tin li\u00ean h\u1ec7 v\u1edbi c\u00e1c t\u1ed5 ch\u1ee9c gi\u00fap \u0111\u1ee1 x\u1eed l\u00fd c\u00e1c t\u00ecnh hu\u1ed1ng kh\u00f3 kh\u0103n, h\u1eb9n t\u01b0 v\u1ea5n v\u1edbi nh\u00e2n vi\u00ean \u1ee7y ban t\u01b0\u01a1ng \u1ee9ng v\u00e0 cung c\u1ea5p th\u00f4ng tin v\u1ec1 c\u00e1c ho\u1ea1t \u0111\u1ed9ng c\u1ee7a \u1ee7y ban v\u00e0 c\u00e1c s\u1ef1 ki\u1ec7n v\u0103n h\u00f3a.\u00a0<\/em><em>Th\u00f4ng tin li\u00ean h\u1ec7 v\u1edbi v\u0103n ph\u00f2ng th\u00f4ng tin <a href=\"https:\/\/www.praha2.cz\/informacni%2Dkancelare\/ms-28105\/p1=28105\">t\u1ea1i \u0111\u00e2y<\/a>.\u00a0<\/em><\/p>\n<p><\/div>\n<h3>Chi nh\u00e1nh c\u1ee7a S\u1edf Lao \u0111\u1ed9ng<\/h3>\n<ul class=\"bullet\">\n<li><a href=\"https:\/\/www.uradprace.cz\/praha-2\">Praha 2<\/a>\u00a0&#8211; V\u0103n ph\u00f2ng li\u00ean h\u1ec7 Praha 2 (cho Praha 1 v\u00e0 2)<\/li>\n<\/ul>\n<p><a href=\"https:\/\/www.uradprace.cz\/praha-2\">Li\u00ean h\u1ec7<\/a>,\u00a0<a href=\"https:\/\/www.uradprace.cz\/web\/cz\/volna-mista-v-cr\">Tuy\u1ec3n d\u1ee5ng<\/a><a href=\"https:\/\/www.uradprace.cz\/web\/cz\/kontakty-na-zamestnance-1\"><\/a><\/p>\n<h3>Chi nh\u00e1nh c\u1ee7a C\u1ee5c B\u1ea3o hi\u1ec3m x\u00e3 h\u1ed9i Praha<\/h3>\n<p>C\u1ee5c b\u1ea3o hi\u1ec3m x\u00e3 h\u1ed9i Praha kh\u00f4ng quy \u0111\u1ecbnh ph\u1ea1m vi l\u00e3nh th\u1ed5 quy\u1ec1n h\u00e0nh cho t\u1eebng chi nh\u00e1nh. V\u00ec v\u1eady, b\u1ea1n c\u00f3 th\u1ec3 t\u1edbi b\u1ea5t k\u1ef3 ph\u00f2ng b\u1ea3o hi\u1ec3m x\u00e3 h\u1ed9i n\u00e0o m\u00e0 kh\u00f4ng ph\u1ee5 thu\u1ed9c v\u00e0o \u0111\u1ecba ch\u1ec9 c\u01b0 tr\u00fa c\u1ee7a m\u00ecnh.<\/p>\n<ul class=\"bullet-links\">\n<li><u><a href=\"http:\/\/www.cssz.cz\/cz\/kontakty\/krajska-a-okresni-pracoviste\/praha\/\">Th\u00f4ng tin chi ti\u1ebft v\u1ec1 t\u1eebng chi nh\u00e1nh<\/a><\/u><\/li>\n<\/ul>\n<h3>Chi nh\u00e1nh c\u1ee7a S\u1edf Thu\u1ebf<\/h3>\n<ul class=\"bullet\">\n<li>V\u0103n ph\u00f2ng khu v\u1ef1c\u00a0<a href=\"https:\/\/www.financnisprava.cz\/cs\/financni-sprava\/financni-sprava-cr\/organizacni-struktura\/organy-financni-spravy\/uzemni-pracoviste\/2002-uzemni-pracoviste-pro-prahu-2\">Praha 2<\/a><\/li>\n<\/ul>\n<h4><\/h4>\n<p><\/p>","protected":false},"excerpt":{"rendered":"<p>\u1ee6Y BAN QU\u1eacN PRAHA 2 N\u00e1m\u011bst\u00ed M\u00edru 20\/600, 120 39 Praha 2 t\u1ed5ng \u0111\u00e0i: 236 044 111, v\u0103n ph\u00f2ng th\u00f4ng tin: 236 044 246, 236 044 215 ph\u00f2ng nh\u1eadn h\u1ed3 s\u01a1: 236 044 230, e-mail:\u00a0posta@praha2.cz trang web:\u00a0www.praha2.cz Qu\u1eadn Praha 2&#8230;<\/p>\n<a class=\"more-block\" href=\"https:\/\/metropolevsech.eu\/vi\/kontakty\/urady-v-praze\/mestske-casti\/jednotlive-mestske-casti\/mestska-cast-praha-2\/\">\u0110\u1ecdc th\u00eam<\/a>","protected":false},"author":7,"featured_media":0,"parent":3406,"menu_order":2,"comment_status":"closed","ping_status":"closed","template":"","meta":[],"acf":[],"_links":{"self":[{"href":"https:\/\/metropolevsech.eu\/vi\/wp-json\/wp\/v2\/pages\/3410"}],"collection":[{"href":"https:\/\/metropolevsech.eu\/vi\/wp-json\/wp\/v2\/pages"}],"about":[{"href":"https:\/\/metropolevsech.eu\/vi\/wp-json\/wp\/v2\/types\/page"}],"author":[{"embeddable":true,"href":"https:\/\/metropolevsech.eu\/vi\/wp-json\/wp\/v2\/users\/7"}],"replies":[{"embeddable":true,"href":"https:\/\/metropolevsech.eu\/vi\/wp-json\/wp\/v2\/comments?post=3410"}],"version-history":[{"count":4,"href":"https:\/\/metropolevsech.eu\/vi\/wp-json\/wp\/v2\/pages\/3410\/revisions"}],"predecessor-version":[{"id":21849,"href":"https:\/\/metropolevsech.eu\/vi\/wp-json\/wp\/v2\/pages\/3410\/revisions\/21849"}],"up":[{"embeddable":true,"href":"https:\/\/metropolevsech.eu\/vi\/wp-json\/wp\/v2\/pages\/3406"}],"wp:attachment":[{"href":"https:\/\/metropolevsech.eu\/vi\/wp-json\/wp\/v2\/media?parent=3410"}],"curies":[{"name":"wp","href":"https:\/\/api.w.org\/{rel}","templated":true}]}}