{"id":3412,"date":"2017-05-14T22:27:09","date_gmt":"2017-05-14T20:27:09","guid":{"rendered":"https:\/\/metropolevsech.eu\/?page_id=3412"},"modified":"2025-04-01T20:46:11","modified_gmt":"2025-04-01T18:46:11","slug":"mestska-cast-praha-3","status":"publish","type":"page","link":"https:\/\/metropolevsech.eu\/vi\/kontakty\/urady-v-praze\/mestske-casti\/jednotlive-mestske-casti\/mestska-cast-praha-3\/","title":{"rendered":"Qu\u1eadn Praha 3"},"content":{"rendered":"<p><\/p>\n<h3>\u1ee6Y BAN QU\u1eacN PRAHA 3<\/h3>\n<p>Havl\u00ed\u010dkovo n\u00e1m. 700\/9, 130 85 Praha 3<\/p>\n<p>t\u1ed5ng \u0111\u00e0i: 222 116 111, e-mail:\u00a0<a href=\"mailto:podatelna@praha3.cz\">podatelna@praha3.cz<\/a><\/p>\n<p>trang web:<a href=\"\/\/www.praha3.cz\/\">\u00a0www.praha3.cz<\/a><\/p>\n<p>Qu\u1eadn Praha 3 n\u1eb1m tr\u00ean b\u1edd ph\u1ea3i c\u1ee7a s\u00f4ng Vltava bao g\u1ed3m ph\u01b0\u1eddng \u017di\u017ekov v\u00e0 Vinohrady k\u1ebft h\u1ee3p qu\u00e1 kh\u1ee9 n\u00f4ng nghi\u1ec7p, k\u00fd \u1ee9c v\u1ec1 nh\u1eefng tr\u1eadn chi\u1ebfn Hussite v\u00e0 ki\u1ebfn tr\u00fac hi\u1ec7n \u0111\u1ea1i. C\u00e1c nh\u00e0 d\u00e2n ban \u0111\u1ea7u gi\u1edd \u0111\u00e2y l\u00e0 ch\u1ed7 tr\u00fa cho cu\u1ed9c s\u1ed1ng v\u1ec1 \u0111\u00eam phong ph\u00fa, kh\u00f4ng gian xanh l\u1ea1i l\u00e0 n\u01a1i \u0111\u1ec3 s\u1eed d\u1ee5ng th\u1eddi gian r\u1ed7i m\u1ed9t c\u00e1ch t\u00edch c\u1ef1c.<\/p>\n<p>Qu\u1eadn Praha 3 t\u00edch c\u1ef1c h\u1ed7 tr\u1ee3 h\u1ed9i nh\u1eadp ng\u01b0\u1eddi di c\u01b0. Trong n\u0103m 2018, qu\u1eadn \u0111\u00e3 t\u1ed5 ch\u1ee9c c\u00e1c kh\u00f3a h\u1ecdc ti\u1ebfng S\u00e9c v\u00e0 hi\u1ec3u bi\u1ebft v\u1ec1 S\u00e9c cho ng\u01b0\u1eddi n\u01b0\u1edbc ngo\u00e0i (c\u00e1c kh\u00f3a h\u1ecdc kh\u00f4ng ph\u1ea3i \u0111\u0103ng k\u00fd tr\u01b0\u1edbc v\u00e0 kh\u00f3a h\u1ecdc ph\u1ea3i \u0111\u0103ng k\u00fd tr\u01b0\u1edbc), s\u1ef1 ki\u1ec7n v\u0103n h\u00f3a x\u00e3 h\u1ed9i cho gia \u0111\u00ecnh c\u00f3 tr\u1ebb con ng\u01b0\u1eddi n\u01b0\u1edbc ngo\u00e0i v\u00e0 ng\u01b0\u1eddi b\u1ea3n x\u1ee9 c\u00f3 t\u00ean g\u1ecdi &#8220;Poznejme se soused\u00e9&#8221; (H\u00e3y l\u00e0m quen v\u1edbi nhau, h\u1ee1i nh\u1eefng ng\u01b0\u1eddi h\u00e0ng x\u00f3m), d\u1ef1 \u00e1n &#8220;So far, so near 2016&#8221; \u2013 trong \u0111\u00f3 h\u1ed7 tr\u1ee3 tr\u1ebb em n\u01b0\u1edbc ngo\u00e0i h\u1ed9i nh\u1eadp t\u1ea1i Tr\u01b0\u1eddng PTCS Lup\u00e1\u010dova, h\u1ed7 tr\u1ee3 tr\u1ebb em n\u01b0\u1edbc ngo\u00e0i h\u1ed9i nh\u1eadp t\u1ea1i Tr\u01b0\u1eddng PTCS Jeseniova, ph\u1ee5 \u0111\u1ea1o ti\u1ebfng S\u00e9c t\u1ea1i Tr\u01b0\u1eddng PTCS Jeseniova, Tr\u01b0\u1eddng PTCS v\u00e0 m\u1eabu gi\u00e1o Jaroslava Seiferta v\u00e0 Tr\u01b0\u1eddng PTCS v\u00e0 m\u1eabu gi\u00e1o n\u00e1m. Ji\u0159\u00edho z\u00a0Lobkovic t\u1ea1i Praha 3 v\u00e0 c\u00e1c b\u00e0i gi\u1ea3ng \u0111\u1ec3 n\u00e2ng cao nh\u1eadn th\u1ee9c c\u1ee7a c\u00f4ng ch\u00fang.<\/p>\n<p>Tr\u00ean nh\u1eefng trang web sau b\u1ea1n s\u1ebd t\u00ecm th\u1ea5y nh\u1eefng th\u00f4ng tin quan tr\u1ecdng c\u1ee7a \u1ee6y ban qu\u1eadn 3 b\u1eb1ng c\u00e1c ng\u00f4n ng\u1eef kh\u00e1c nhau:<\/p>\n<ul class=\"bullet-links\">\n<li><a href=\"https:\/\/www.praha3.cz\/urad\/informace-pro-cizince\">Ti\u1ebfng Anh<\/a><\/li>\n<li><a href=\"https:\/\/www.praha3.cz\/urad\/informace-pro-cizince\">Ti\u1ebfng Nga<\/a><\/li>\n<li><a href=\"https:\/\/www.praha3.cz\/urad\/informace-pro-cizince\">Ti\u1ebfng Vi\u1ec7t<\/a><\/li>\n<li><a href=\"https:\/\/www.praha3.cz\/urad\/informace-pro-cizince\">Ti\u1ebfng Ukraina<\/a><\/li>\n<\/ul>\n<h3>Chi nh\u00e1nh c\u1ee7a S\u1edf Lao \u0111\u1ed9ng<\/h3>\n<ul class=\"bullet\">\n<li><a href=\"https:\/\/www.uradprace.cz\/praha-2\">Praha 3<\/a>\u00a0&#8211; V\u0103n ph\u00f2ng li\u00ean h\u1ec7 Praha 3<\/li>\n<\/ul>\n<p><a href=\"https:\/\/www.uradprace.cz\/praha-2\">Li\u00ean h\u1ec7<\/a>,\u00a0<a href=\"https:\/\/www.uradprace.cz\/web\/cz\/volna-mista-v-cr\">Tuy\u1ec3n d\u1ee5ng<\/a><a href=\"https:\/\/www.uradprace.cz\/web\/cz\/kontakty-na-zamestnance-1\"><\/a><\/p>\n<h3>Chi nh\u00e1nh c\u1ee7a C\u1ee5c B\u1ea3o hi\u1ec3m x\u00e3 h\u1ed9i Praha<\/h3>\n<p>C\u1ee5c b\u1ea3o hi\u1ec3m x\u00e3 h\u1ed9i Praha kh\u00f4ng quy \u0111\u1ecbnh ph\u1ea1m vi l\u00e3nh th\u1ed5 quy\u1ec1n h\u00e0nh cho t\u1eebng chi nh\u00e1nh. V\u00ec v\u1eady, b\u1ea1n c\u00f3 th\u1ec3 t\u1edbi b\u1ea5t k\u1ef3 ph\u00f2ng b\u1ea3o hi\u1ec3m x\u00e3 h\u1ed9i n\u00e0o m\u00e0 kh\u00f4ng ph\u1ee5 thu\u1ed9c v\u00e0o \u0111\u1ecba ch\u1ec9 c\u01b0 tr\u00fa c\u1ee7a m\u00ecnh.<\/p>\n<ul class=\"bullet-links\">\n<li><u><a href=\"\/\/www.cssz.cz\/cz\/kontakty\/krajska-a-okresni-pracoviste\/praha\/\">Th\u00f4ng tin chi ti\u1ebft v\u1ec1 t\u1eebng chi nh\u00e1nh<\/a><\/u><\/li>\n<\/ul>\n<h3>Chi nh\u00e1nh c\u1ee7a S\u1edf Thu\u1ebf<\/h3>\n<ul class=\"bullet\">\n<li>V\u0103n ph\u00f2ng khu v\u1ef1c\u00a0<a href=\"https:\/\/www.financnisprava.cz\/cs\/financni-sprava\/financni-sprava-cr\/organizacni-struktura\/organy-financni-spravy\/uzemni-pracoviste\/2003-uzemni-pracoviste-pro-prahu-3\">Praha 3<\/a><\/li>\n<\/ul>\n<p><\/p>","protected":false},"excerpt":{"rendered":"<p>\u1ee6Y BAN QU\u1eacN PRAHA 3 Havl\u00ed\u010dkovo n\u00e1m. 700\/9, 130 85 Praha 3 t\u1ed5ng \u0111\u00e0i: 222 116 111, e-mail:\u00a0podatelna@praha3.cz trang web:\u00a0www.praha3.cz Qu\u1eadn Praha 3 n\u1eb1m tr\u00ean b\u1edd ph\u1ea3i c\u1ee7a s\u00f4ng Vltava bao g\u1ed3m ph\u01b0\u1eddng \u017di\u017ekov v\u00e0 Vinohrady k\u1ebft h\u1ee3p qu\u00e1 kh\u1ee9&#8230;<\/p>\n<a class=\"more-block\" href=\"https:\/\/metropolevsech.eu\/vi\/kontakty\/urady-v-praze\/mestske-casti\/jednotlive-mestske-casti\/mestska-cast-praha-3\/\">\u0110\u1ecdc th\u00eam<\/a>","protected":false},"author":7,"featured_media":0,"parent":3406,"menu_order":3,"comment_status":"closed","ping_status":"closed","template":"","meta":[],"acf":[],"_links":{"self":[{"href":"https:\/\/metropolevsech.eu\/vi\/wp-json\/wp\/v2\/pages\/3412"}],"collection":[{"href":"https:\/\/metropolevsech.eu\/vi\/wp-json\/wp\/v2\/pages"}],"about":[{"href":"https:\/\/metropolevsech.eu\/vi\/wp-json\/wp\/v2\/types\/page"}],"author":[{"embeddable":true,"href":"https:\/\/metropolevsech.eu\/vi\/wp-json\/wp\/v2\/users\/7"}],"replies":[{"embeddable":true,"href":"https:\/\/metropolevsech.eu\/vi\/wp-json\/wp\/v2\/comments?post=3412"}],"version-history":[{"count":6,"href":"https:\/\/metropolevsech.eu\/vi\/wp-json\/wp\/v2\/pages\/3412\/revisions"}],"predecessor-version":[{"id":22415,"href":"https:\/\/metropolevsech.eu\/vi\/wp-json\/wp\/v2\/pages\/3412\/revisions\/22415"}],"up":[{"embeddable":true,"href":"https:\/\/metropolevsech.eu\/vi\/wp-json\/wp\/v2\/pages\/3406"}],"wp:attachment":[{"href":"https:\/\/metropolevsech.eu\/vi\/wp-json\/wp\/v2\/media?parent=3412"}],"curies":[{"name":"wp","href":"https:\/\/api.w.org\/{rel}","templated":true}]}}