{"id":3414,"date":"2017-05-14T22:28:04","date_gmt":"2017-05-14T20:28:04","guid":{"rendered":"https:\/\/metropolevsech.eu\/?page_id=3414"},"modified":"2025-04-01T20:55:02","modified_gmt":"2025-04-01T18:55:02","slug":"mestska-cast-praha-4","status":"publish","type":"page","link":"https:\/\/metropolevsech.eu\/vi\/kontakty\/urady-v-praze\/mestske-casti\/jednotlive-mestske-casti\/mestska-cast-praha-4\/","title":{"rendered":"Qu\u1eadn Praha 4"},"content":{"rendered":"<p><\/p>\n<h3>\u1ee6Y BAN QU\u1eacN PRAHA 4<\/h3>\n<p><strong>\u0111\u1ecba ch\u1ec9:<\/strong> Antala Sta\u0161ka 2059\/80b, 140 46 Praha 4 \u2013 Kr\u010d<\/p>\n<p><strong>\u0111i\u1ec7n tho\u1ea1i l\u1ec5 t\u00e2n:<\/strong> 800 194 237<\/p>\n<p><strong>fax<\/strong>: 241 741 743<\/p>\n<p><strong>e-mail:\u00a0<\/strong><a href=\"mailto:radnice@praha4.cz\">radnice@praha4.cz<\/a>, <strong>ph\u00f2ng nh\u1eadn h\u1ed3 s\u01a1:<\/strong>\u00a0<a href=\"mailto:posta@praha4.cz\">posta@praha4.cz<\/a><\/p>\n<p><strong>trang web:<\/strong>\u00a0<a href=\"\/\/www.praha4.cz\">www.praha4.cz<\/a><\/p>\n<p>Qu\u1eadn Praha 4 n\u1eb1m \u1edf ph\u00eda nam th\u1ee7 \u0111\u00f4 tr\u00ean b\u1edd ph\u1ea3i c\u1ee7a s\u00f4ng Vltava k\u1ebft n\u1ed1i c\u00e1c ph\u01b0\u1eddng Nusle, Michle, Podol\u00ed, Bran\u00edk, Hodkovi\u010dky, Kr\u010d v\u00e0 m\u1ed9t ph\u1ea7n c\u1ee7a ph\u01b0\u1eddng Lhotka, m\u1ed9t ph\u1ea7n c\u1ee7a ph\u01b0\u1eddng Z\u00e1b\u011bhlice v\u00e0 m\u1ed9t s\u1ed1 ng\u00f4i nh\u00e0 t\u1ea1i Vinohrady. Qu\u1eadn \u0111\u00e3 t\u1eebng tr\u1ea3i qua th\u1eddi gian th\u1ecbnh v\u01b0\u1ee3ng gi\u1eefa th\u1ebf k\u1ef7 19 v\u00e0 20 li\u00ean quan \u0111\u1ebfn vi\u1ec7c x\u00e2y d\u1ef1ng nh\u1eefng t\u00f2a nh\u00e0 k\u1ef9 thu\u1eadt v\u00e0 t\u00f2a nh\u00e0 c\u00f4ng c\u1ed9ng. Hi\u1ec7n nay qu\u1eadn Praha 4 \u0111\u01b0\u1ee3c m\u1ecdi ng\u01b0\u1eddi t\u00ecm \u0111\u1ebfn \u0111\u1ec3 sinh s\u1ed1ng v\u00e0 gi\u1ea3i tr\u00ed.<\/p>\n<p>\u1ee6y ban qu\u1eadn Praha 4 t\u00edch c\u1ef1c h\u1ed7 tr\u1ee3 h\u1ed9i nh\u1eadp ng\u01b0\u1eddi di c\u01b0 tr\u00ean \u0111\u1ecba b\u00e0n c\u1ee7a m\u00ecnh. Trong n\u0103m 2016, \u1ee7y ban \u0111\u00e3 t\u1ed5 ch\u1ee9c l\u1ec5 h\u1ed9i \u0111a v\u0103n h\u00f3a Kaleidoskop trong c\u00f4ng vi\u00ean Na Pankr\u00e1ci. S\u1ef1 ki\u1ec7n \u0111\u00e3 di\u1ec5n ra v\u00e0o ng\u00e0y 11.6.2016 v\u00e0 trong n\u0103m nay t\u1ea5t c\u1ea3 ng\u01b0\u1eddi d\u00e2n Praha 4 l\u1ea1i c\u00f3 th\u1ec3 ch\u00e0o \u0111\u00f3n c\u00e1c c\u01a1 h\u1ed9i m\u1edbi \u0111\u1ec3 l\u00e0m quen l\u1eabn nhau.<\/p>\n<div class=\"box-ok\"><\/p>\n<p><em>Praha 4 cung c\u1ea5p c\u00e1c kh\u00f3a h\u1ecdc ti\u1ebfng S\u00e9c d\u00e0nh cho ng\u01b0\u1eddi n\u01b0\u1edbc ngo\u00e0i &#8211; tr\u1ebb em v\u00e0 ng\u01b0\u1eddi l\u1edbn- \u00a0h\u1ee3p t\u00e1c c\u00f9ng v\u1edbi Trung t\u00e2m h\u1ed9i nh\u1eadp Praha (ICP). C\u00e1c kh\u00f3a h\u1ecdc cho ng\u01b0\u1eddi n\u01b0\u1edbc ngo\u00e0i \u1edf Praha 4 \u0111\u01b0\u1ee3c cung c\u1ea5p mi\u1ec5n ph\u00ed. C\u00e1c kh\u00f3a h\u1ecdc \u0111\u00e3 di\u1ec5n ra t\u1ea1i Tr\u01b0\u1eddng PTCS Pol\u00e1\u010dkova v\u00e0 Tr\u01b0\u1eddng PTCS B\u00edtovsk\u00e1 t\u1ea1i Praha 4.\u00a0<\/em><em>\u0110\u1ec3 bi\u1ebft th\u00eam th\u00f4ng tin xem trang web\u00a0<\/em><a href=\"\/\/www.praha4.cz\"><em>www.praha4.cz<\/em><\/a><em>\u00a0ho\u1eb7c <a href=\"\/\/www.praha4.cz\/Praha-4-nabizi-kurzy-cestiny-pro-deti-i-dospele-z-rad-cizincu.html\">\u0111\u01b0\u1eddng link n\u00e0y<\/a>.<\/em><\/p>\n<p><\/div>\n<p>Tr\u00ean nh\u1eefng trang web sau b\u1ea1n s\u1ebd t\u00ecm th\u1ea5y nh\u1eefng th\u00f4ng tin quan tr\u1ecdng c\u1ee7a \u1ee6y ban qu\u1eadn 4 b\u1eb1ng c\u00e1c ng\u00f4n ng\u1eef kh\u00e1c nhau:<\/p>\n<ul class=\"bullet-links\">\n<li><a href=\"\/\/www.praha4.cz\/file\/gl921\/RUS.pdf\">Ti\u1ebfng Nga<\/a><\/li>\n<li><a href=\"\/\/www.praha4.cz\/file\/cl921\/GUIDE-FOR-FOREIGNERS-ENG.pdf\">Ti\u1ebfng Anh<\/a><\/li>\n<li><a href=\"\/\/www.praha4.cz\/file\/el921\/HUONG-DAN-CHO-NGUOI-NUOC-NGOAI-VIET.pdf\">Ti\u1ebfng Vi\u1ec7t<\/a><\/li>\n<li><a href=\"https:\/\/www.praha4.cz\/file\/il921\/UKR.pdf\">Ti\u1ebfng Ukraina<\/a><\/li>\n<\/ul>\n<h3>C\u00e1c c\u01a1 quan kh\u00e1c:<\/h3>\n<h4>Chi nh\u00e1nh c\u1ee7a S\u1edf Lao \u0111\u1ed9ng<\/h4>\n<p>V\u0103n ph\u00f2ng li\u00ean h\u1ec7 Praha 4 (cho Praha 4, 11 v\u00e0 12)<\/p>\n<p><a href=\"https:\/\/www.uradprace.cz\/praha-4\">Li\u00ean h\u1ec7<\/a>,\u00a0<a href=\"https:\/\/www.uradprace.cz\/web\/cz\/volna-mista-v-cr\">Tuy\u1ec3n d\u1ee5ng<\/a><a href=\"https:\/\/www.uradprace.cz\/kontakty-na-zamestnance-3\"><\/a><\/p>\n<h3>Chi nh\u00e1nh c\u1ee7a C\u1ee5c B\u1ea3o hi\u1ec3m x\u00e3 h\u1ed9i Praha<\/h3>\n<p>C\u1ee5c b\u1ea3o hi\u1ec3m x\u00e3 h\u1ed9i Praha kh\u00f4ng quy \u0111\u1ecbnh ph\u1ea1m vi l\u00e3nh th\u1ed5 quy\u1ec1n h\u00e0nh cho t\u1eebng chi nh\u00e1nh. V\u00ec v\u1eady, b\u1ea1n c\u00f3 th\u1ec3 t\u1edbi b\u1ea5t k\u1ef3 ph\u00f2ng b\u1ea3o hi\u1ec3m x\u00e3 h\u1ed9i n\u00e0o m\u00e0 kh\u00f4ng ph\u1ee5 thu\u1ed9c v\u00e0o \u0111\u1ecba ch\u1ec9 c\u01b0 tr\u00fa c\u1ee7a m\u00ecnh.<\/p>\n<p><u><a href=\"\/\/www.cssz.cz\/cz\/kontakty\/krajska-a-okresni-pracoviste\/praha\/\">Th\u00f4ng tin chi ti\u1ebft v\u1ec1 t\u1eebng chi nh\u00e1nh<\/a><\/u><\/p>\n<h3>Chi nh\u00e1nh c\u1ee7a S\u1edf Thu\u1ebf<\/h3>\n<p>V\u0103n ph\u00f2ng khu v\u1ef1c Praha 4<\/p>\n<p><strong>\u0110\u1ecba ch\u1ec9:<\/strong> Bud\u011bjovick\u00e1 409\/1, 140 00 Praha 4<\/p>\n<p><a href=\"https:\/\/www.financnisprava.cz\/cs\/financni-sprava\/financni-sprava-cr\/organizacni-struktura\/organy-financni-spravy\/uzemni-pracoviste\/2004-uzemni-pracoviste-pro-prahu-4\">Th\u00f4ng tin li\u00ean l\u1ea1c<\/a><\/p>","protected":false},"excerpt":{"rendered":"<p>\u1ee6Y BAN QU\u1eacN PRAHA 4 \u0111\u1ecba ch\u1ec9: Antala Sta\u0161ka 2059\/80b, 140 46 Praha 4 \u2013 Kr\u010d \u0111i\u1ec7n tho\u1ea1i l\u1ec5 t\u00e2n: 800 194 237 fax: 241 741 743 e-mail:\u00a0radnice@praha4.cz, ph\u00f2ng nh\u1eadn h\u1ed3 s\u01a1:\u00a0posta@praha4.cz trang web:\u00a0www.praha4.cz Qu\u1eadn Praha 4 n\u1eb1m \u1edf ph\u00eda&#8230;<\/p>\n<a class=\"more-block\" href=\"https:\/\/metropolevsech.eu\/vi\/kontakty\/urady-v-praze\/mestske-casti\/jednotlive-mestske-casti\/mestska-cast-praha-4\/\">\u0110\u1ecdc th\u00eam<\/a>","protected":false},"author":7,"featured_media":0,"parent":3406,"menu_order":4,"comment_status":"closed","ping_status":"closed","template":"","meta":[],"acf":[],"_links":{"self":[{"href":"https:\/\/metropolevsech.eu\/vi\/wp-json\/wp\/v2\/pages\/3414"}],"collection":[{"href":"https:\/\/metropolevsech.eu\/vi\/wp-json\/wp\/v2\/pages"}],"about":[{"href":"https:\/\/metropolevsech.eu\/vi\/wp-json\/wp\/v2\/types\/page"}],"author":[{"embeddable":true,"href":"https:\/\/metropolevsech.eu\/vi\/wp-json\/wp\/v2\/users\/7"}],"replies":[{"embeddable":true,"href":"https:\/\/metropolevsech.eu\/vi\/wp-json\/wp\/v2\/comments?post=3414"}],"version-history":[{"count":8,"href":"https:\/\/metropolevsech.eu\/vi\/wp-json\/wp\/v2\/pages\/3414\/revisions"}],"predecessor-version":[{"id":22417,"href":"https:\/\/metropolevsech.eu\/vi\/wp-json\/wp\/v2\/pages\/3414\/revisions\/22417"}],"up":[{"embeddable":true,"href":"https:\/\/metropolevsech.eu\/vi\/wp-json\/wp\/v2\/pages\/3406"}],"wp:attachment":[{"href":"https:\/\/metropolevsech.eu\/vi\/wp-json\/wp\/v2\/media?parent=3414"}],"curies":[{"name":"wp","href":"https:\/\/api.w.org\/{rel}","templated":true}]}}