{"id":3416,"date":"2017-05-14T22:29:06","date_gmt":"2017-05-14T20:29:06","guid":{"rendered":"https:\/\/metropolevsech.eu\/?page_id=3416"},"modified":"2025-02-11T13:50:57","modified_gmt":"2025-02-11T12:50:57","slug":"mestska-cast-praha-5","status":"publish","type":"page","link":"https:\/\/metropolevsech.eu\/vi\/kontakty\/urady-v-praze\/mestske-casti\/jednotlive-mestske-casti\/mestska-cast-praha-5\/","title":{"rendered":"Qu\u1eadn Praha 5"},"content":{"rendered":"<p><\/p>\n<h3>\u1ee6Y BAN QU\u1eacN PRAHA 5<\/h3>\n<p>n\u00e1m. 14. \u0159\u00edjna 381\/4, 150 22 Praha 5<\/p>\n<p>t\u1ed5ng \u0111\u00e0i: 257 000 111, 234 378 111, \u0111\u01b0\u1eddng d\u00e2y th\u00f4ng tin mi\u1ec5n ph\u00ed: 800 800 005,<\/p>\n<p>e-mail:\u00a0<a href=\"mailto:podatelna@praha5.cz\">podatelna@praha5.cz<\/a><\/p>\n<p>trang web:<a href=\"http:\/\/www.praha5.cz\/\">\u00a0www.praha5.cz<\/a><\/p>\n<p>Qu\u1eadn Praha 5 n\u1eb1m tr\u00ean b\u1edd tr\u00e1i c\u1ee7a s\u00f4ng Vltava k\u1ebft n\u1ed1i c\u00e1c ph\u01b0\u1eddng l\u00fac tr\u01b0\u1edbc l\u00e0 c\u00e1c x\u00e3 \u0111\u1ed9c l\u1eadp Sm\u00edchov, Ko\u0161\u00ed\u0159e, Motol, Hlubo\u010depy, Radlice, Jinonice-Butovice v\u00e0 m\u0169i ph\u00eda nam c\u1ee7a ph\u01b0\u1eddng Mal\u00e9 Strany \u2013 \u00dajezd. Khu c\u00f4ng nh\u00e2n v\u00e0 nh\u00e0 vila h\u1ed3i x\u01b0a \u0111\u00e3 bi\u1ebfn th\u00e0nh trung t\u00e2m h\u00e0nh ch\u00ednh th\u01b0\u01a1ng m\u1ea1i hi\u1ec7n \u0111\u1ea1i \u0111\u00e1p \u1ee9ng \u0111\u01b0\u1ee3c nh\u1eefng \u0111\u00f2i h\u1ecfi kh\u1eaft khe c\u1ee7a cu\u1ed9c s\u1ed1ng \u0111\u01b0\u01a1ng \u0111\u1ea1i.<\/p>\n<p>Praha 5 c\u00f3 t\u1ed5 ch\u1ee9c nh\u1eefng kh\u00f3a h\u1ecdc ti\u1ebfng S\u00e9c v\u00e0 c\u00e1c s\u1ef1 ki\u1ec7n c\u00f4ng c\u1ed9ng kh\u00e1c nhau, trong n\u0103m 2016 \u0111\u00e3 di\u1ec5n ra l\u1ec5 h\u1ed9i Ng\u00e0y ng\u01b0\u1eddi di c\u01b0 qu\u1ed1c t\u1ebf.<\/p>\n<div class=\"box-ok\"><\/p>\n<p><em>T\u1ea1i Tr\u01b0\u1eddng PTCS Grafick\u00e1 t\u1ed5 ch\u1ee9c c\u00e2u l\u1ea1c b\u1ed9 bu\u1ed5i chi\u1ec1u Imagion v\u1edbi m\u1ee5c \u0111\u00edch s\u1eed d\u1ee5ng th\u1eddi gian r\u1ed7i m\u1ed9t c\u00e1ch c\u00f3 \u00fd ngh\u0129a v\u00e0 h\u1ecdc t\u1eadp t\u00edch c\u1ef1c trong kh\u00f4ng gian an to\u00e0n v\u1edbi s\u1ef1 tham gia c\u1ee7a nh\u1eefng ng\u01b0\u1eddi \u0111\u1ed3ng l\u1ee9a v\u1edbi c\u01a1 h\u1ed9i tr\u00ecnh b\u00e0y nh\u1eefng vi\u1ec7c l\u00e0m c\u1ee7a m\u00ecnh cho cha m\u1eb9 v\u00e0 ng\u01b0\u1eddi ngo\u00e0i, \u0111\u1ed3ng th\u1eddi h\u1ee3p t\u00e1c v\u1edbi c\u00e1c b\u1eadc ph\u1ee5 huynh, tr\u01b0\u1eddng h\u1ecdc v\u00e0 c\u00e1c t\u1ed5 ch\u1ee9c phi l\u1ee3i nhu\u1eadn kh\u00e1c. C\u00e2u l\u1ea1c b\u1ed9 th\u00edch h\u1ee3p cho tr\u1ebb em c\u1ea7n s\u1ef1 h\u1ed7 tr\u1ee3 khi h\u1ecdc ti\u1ebfng S\u00e9c.<\/em><\/p>\n<p><\/div>\n<h3>Chi nh\u00e1nh c\u1ee7a S\u1edf Lao \u0111\u1ed9ng<\/h3>\n<ul class=\"bullet\">\n<li><a href=\"https:\/\/www.uradprace.cz\/praha-5\">Praha 5<\/a>\u00a0&#8211; V\u0103n ph\u00f2ng li\u00ean h\u1ec7 Praha 5 (cho Praha 5, 13 v\u00e0 16)<\/li>\n<\/ul>\n<p><a href=\"https:\/\/www.uradprace.cz\/praha-5\">Li\u00ean h\u1ec7<\/a>,\u00a0<a href=\"https:\/\/www.uradprace.cz\/web\/cz\/volna-mista-v-cr\">Tuy\u1ec3n d\u1ee5ng<\/a><a href=\"https:\/\/www.uradprace.cz\/kontakty-na-zamestnance-4\"><\/a><\/p>\n<h3>Chi nh\u00e1nh c\u1ee7a C\u1ee5c B\u1ea3o hi\u1ec3m x\u00e3 h\u1ed9i Praha<\/h3>\n<p>C\u1ee5c b\u1ea3o hi\u1ec3m x\u00e3 h\u1ed9i Praha kh\u00f4ng quy \u0111\u1ecbnh ph\u1ea1m vi l\u00e3nh th\u1ed5 quy\u1ec1n h\u00e0nh cho t\u1eebng chi nh\u00e1nh. V\u00ec v\u1eady, b\u1ea1n c\u00f3 th\u1ec3 t\u1edbi b\u1ea5t k\u1ef3 ph\u00f2ng b\u1ea3o hi\u1ec3m x\u00e3 h\u1ed9i n\u00e0o m\u00e0 kh\u00f4ng ph\u1ee5 thu\u1ed9c v\u00e0o \u0111\u1ecba ch\u1ec9 c\u01b0 tr\u00fa c\u1ee7a m\u00ecnh.<\/p>\n<ul class=\"bullet-links\">\n<li><u><a href=\"http:\/\/www.cssz.cz\/cz\/kontakty\/krajska-a-okresni-pracoviste\/praha\/\">Th\u00f4ng tin chi ti\u1ebft v\u1ec1 t\u1eebng chi nh\u00e1nh<\/a><\/u><\/li>\n<\/ul>\n<h3>Chi nh\u00e1nh c\u1ee7a S\u1edf Thu\u1ebf<\/h3>\n<ul class=\"bullet\">\n<li>V\u0103n ph\u00f2ng khu v\u1ef1c\u00a0<a href=\"https:\/\/www.financnisprava.cz\/cs\/financni-sprava\/financni-sprava-cr\/organizacni-struktura\/organy-financni-spravy\/uzemni-pracoviste\/2005-uzemni-pracoviste-pro-prahu-5\">Praha 5<\/a><\/li>\n<\/ul>\n<p><\/p>","protected":false},"excerpt":{"rendered":"<p>\u1ee6Y BAN QU\u1eacN PRAHA 5 n\u00e1m. 14. \u0159\u00edjna 381\/4, 150 22 Praha 5 t\u1ed5ng \u0111\u00e0i: 257 000 111, 234 378 111, \u0111\u01b0\u1eddng d\u00e2y th\u00f4ng tin mi\u1ec5n ph\u00ed: 800 800 005, e-mail:\u00a0podatelna@praha5.cz trang web:\u00a0www.praha5.cz Qu\u1eadn Praha 5 n\u1eb1m tr\u00ean b\u1edd tr\u00e1i&#8230;<\/p>\n<a class=\"more-block\" href=\"https:\/\/metropolevsech.eu\/vi\/kontakty\/urady-v-praze\/mestske-casti\/jednotlive-mestske-casti\/mestska-cast-praha-5\/\">\u0110\u1ecdc th\u00eam<\/a>","protected":false},"author":7,"featured_media":0,"parent":3406,"menu_order":5,"comment_status":"closed","ping_status":"closed","template":"","meta":[],"acf":[],"_links":{"self":[{"href":"https:\/\/metropolevsech.eu\/vi\/wp-json\/wp\/v2\/pages\/3416"}],"collection":[{"href":"https:\/\/metropolevsech.eu\/vi\/wp-json\/wp\/v2\/pages"}],"about":[{"href":"https:\/\/metropolevsech.eu\/vi\/wp-json\/wp\/v2\/types\/page"}],"author":[{"embeddable":true,"href":"https:\/\/metropolevsech.eu\/vi\/wp-json\/wp\/v2\/users\/7"}],"replies":[{"embeddable":true,"href":"https:\/\/metropolevsech.eu\/vi\/wp-json\/wp\/v2\/comments?post=3416"}],"version-history":[{"count":5,"href":"https:\/\/metropolevsech.eu\/vi\/wp-json\/wp\/v2\/pages\/3416\/revisions"}],"predecessor-version":[{"id":21855,"href":"https:\/\/metropolevsech.eu\/vi\/wp-json\/wp\/v2\/pages\/3416\/revisions\/21855"}],"up":[{"embeddable":true,"href":"https:\/\/metropolevsech.eu\/vi\/wp-json\/wp\/v2\/pages\/3406"}],"wp:attachment":[{"href":"https:\/\/metropolevsech.eu\/vi\/wp-json\/wp\/v2\/media?parent=3416"}],"curies":[{"name":"wp","href":"https:\/\/api.w.org\/{rel}","templated":true}]}}