{"id":3418,"date":"2017-05-14T22:29:59","date_gmt":"2017-05-14T20:29:59","guid":{"rendered":"https:\/\/metropolevsech.eu\/?page_id=3418"},"modified":"2025-02-11T13:53:07","modified_gmt":"2025-02-11T12:53:07","slug":"mestska-cast-praha-6","status":"publish","type":"page","link":"https:\/\/metropolevsech.eu\/vi\/kontakty\/urady-v-praze\/mestske-casti\/jednotlive-mestske-casti\/mestska-cast-praha-6\/","title":{"rendered":"Qu\u1eadn Praha 6"},"content":{"rendered":"<p><\/p>\n<h3>\u1ee6Y BAN QU\u1eacN PRAHA 6<\/h3>\n<p>\u010ceskoslovensk\u00e9 arm\u00e1dy 601\/23, 160 52 Praha 6<\/p>\n<p>t\u1ed5ng \u0111\u00e0i: 220 189 111, \u0111\u01b0\u1eddng d\u00e2y th\u00f4ng tin mi\u1ec5n ph\u00ed: 800 800\u00a0001, ph\u00f2ng nh\u1eadn h\u1ed3 s\u01a1: 220 189 202,<\/p>\n<p>e-mail:\u00a0<a href=\"mailto:podatelna@praha6.cz\">podatelna@praha6.cz<\/a><\/p>\n<p>\u0111i\u1ec7n tho\u1ea1i: 220 189 855,\u00a0<a href=\"mailto:ik-csarmady@praha6.cz\">ik-csarmady@praha6.cz<\/a><\/p>\n<p>trang web:<a href=\"http:\/\/www.praha6.cz\/\">\u00a0www.praha6.cz<\/a><\/p>\n<p>Qu\u1eadn Praha 6 bao g\u1ed3m c\u00e1c ph\u01b0\u1eddng Ruzyn\u011b, Liboc, Veleslav\u00edn, Vokovice, Dejvice, St\u0159e\u0161ovice v\u00e0 m\u1ed9t ph\u1ea7n c\u1ee7a ph\u01b0\u1eddng B\u0159evnov, Sedlec, Bubene\u010d v\u00e0 Hrad\u010dany. Qu\u1eadn 6 thu\u1ed9c c\u00e1c qu\u1eadn c\u00f3 t\u00ednh ch\u1ea5t nh\u00e0 \u1edf v\u00e0 gi\u1ea3i tr\u00ed. C\u00f3 nhi\u1ec1u tr\u01b0\u1eddng \u0111\u1ea1i h\u1ecdc v\u00e0 trung h\u1ecdc ph\u1ed5 th\u00f4ng t\u1eadp trung t\u1ea1i \u0111\u00e2y. Praha 6 c\u0169ng l\u00e0 n\u01a1i t\u1eadp trung c\u00e1c v\u0103n ph\u00f2ng \u0111\u1ea1i di\u1ec7n n\u01b0\u1edbc ngo\u00e0i \u1edf CH S\u00e9c. Tr\u00ean \u0111\u1ecba b\u00e0n qu\u1eadn 6 c\u00f3 s\u00e2n bay V\u00e1clava Havla Praha.<\/p>\n<h3>Chi nh\u00e1nh c\u1ee7a S\u1edf Lao \u0111\u1ed9ng<\/h3>\n<ul class=\"bullet\">\n<li><a href=\"https:\/\/www.uradprace.cz\/praha-6\">Praha 6<\/a>\u00a0&#8211; V\u0103n ph\u00f2ng li\u00ean h\u1ec7 Praha 6 (cho Praha 6 v\u00e0 17)<\/li>\n<\/ul>\n<p><a href=\"https:\/\/www.uradprace.cz\/praha-6\">Li\u00ean h\u1ec7<\/a>,\u00a0<a href=\"https:\/\/www.uradprace.cz\/web\/cz\/volna-mista-v-cr\">Tuy\u1ec3n d\u1ee5ng<\/a><a href=\"https:\/\/www.uradprace.cz\/kontakty-na-zamestnance-5\"><\/a><\/p>\n<h3>Chi nh\u00e1nh c\u1ee7a C\u1ee5c B\u1ea3o hi\u1ec3m x\u00e3 h\u1ed9i Praha<\/h3>\n<p>C\u1ee5c b\u1ea3o hi\u1ec3m x\u00e3 h\u1ed9i Praha kh\u00f4ng quy \u0111\u1ecbnh ph\u1ea1m vi l\u00e3nh th\u1ed5 quy\u1ec1n h\u00e0nh cho t\u1eebng chi nh\u00e1nh. V\u00ec v\u1eady, b\u1ea1n c\u00f3 th\u1ec3 t\u1edbi b\u1ea5t k\u1ef3 ph\u00f2ng b\u1ea3o hi\u1ec3m x\u00e3 h\u1ed9i n\u00e0o m\u00e0 kh\u00f4ng ph\u1ee5 thu\u1ed9c v\u00e0o \u0111\u1ecba ch\u1ec9 c\u01b0 tr\u00fa c\u1ee7a m\u00ecnh.<\/p>\n<ul class=\"bullet-links\">\n<li><u><a href=\"http:\/\/www.cssz.cz\/cz\/kontakty\/krajska-a-okresni-pracoviste\/praha\/\">Th\u00f4ng tin chi ti\u1ebft v\u1ec1 t\u1eebng chi nh\u00e1nh<\/a><\/u><\/li>\n<\/ul>\n<h3>Chi nh\u00e1nh c\u1ee7a S\u1edf Thu\u1ebf<\/h3>\n<ul class=\"bullet\">\n<li>V\u0103n ph\u00f2ng khu v\u1ef1c\u00a0<a href=\"https:\/\/www.financnisprava.cz\/cs\/financni-sprava\/financni-sprava-cr\/organizacni-struktura\/organy-financni-spravy\/uzemni-pracoviste\/2006-uzemni-pracoviste-pro-prahu-6\">Praha 6<\/a><\/li>\n<\/ul>\n<p><\/p>","protected":false},"excerpt":{"rendered":"<p>\u1ee6Y BAN QU\u1eacN PRAHA 6 \u010ceskoslovensk\u00e9 arm\u00e1dy 601\/23, 160 52 Praha 6 t\u1ed5ng \u0111\u00e0i: 220 189 111, \u0111\u01b0\u1eddng d\u00e2y th\u00f4ng tin mi\u1ec5n ph\u00ed: 800 800\u00a0001, ph\u00f2ng nh\u1eadn h\u1ed3 s\u01a1: 220 189 202, e-mail:\u00a0podatelna@praha6.cz \u0111i\u1ec7n tho\u1ea1i: 220 189 855,\u00a0ik-csarmady@praha6.cz trang web:\u00a0www.praha6.cz&#8230;<\/p>\n<a class=\"more-block\" href=\"https:\/\/metropolevsech.eu\/vi\/kontakty\/urady-v-praze\/mestske-casti\/jednotlive-mestske-casti\/mestska-cast-praha-6\/\">\u0110\u1ecdc th\u00eam<\/a>","protected":false},"author":7,"featured_media":0,"parent":3406,"menu_order":6,"comment_status":"closed","ping_status":"closed","template":"","meta":[],"acf":[],"_links":{"self":[{"href":"https:\/\/metropolevsech.eu\/vi\/wp-json\/wp\/v2\/pages\/3418"}],"collection":[{"href":"https:\/\/metropolevsech.eu\/vi\/wp-json\/wp\/v2\/pages"}],"about":[{"href":"https:\/\/metropolevsech.eu\/vi\/wp-json\/wp\/v2\/types\/page"}],"author":[{"embeddable":true,"href":"https:\/\/metropolevsech.eu\/vi\/wp-json\/wp\/v2\/users\/7"}],"replies":[{"embeddable":true,"href":"https:\/\/metropolevsech.eu\/vi\/wp-json\/wp\/v2\/comments?post=3418"}],"version-history":[{"count":4,"href":"https:\/\/metropolevsech.eu\/vi\/wp-json\/wp\/v2\/pages\/3418\/revisions"}],"predecessor-version":[{"id":21857,"href":"https:\/\/metropolevsech.eu\/vi\/wp-json\/wp\/v2\/pages\/3418\/revisions\/21857"}],"up":[{"embeddable":true,"href":"https:\/\/metropolevsech.eu\/vi\/wp-json\/wp\/v2\/pages\/3406"}],"wp:attachment":[{"href":"https:\/\/metropolevsech.eu\/vi\/wp-json\/wp\/v2\/media?parent=3418"}],"curies":[{"name":"wp","href":"https:\/\/api.w.org\/{rel}","templated":true}]}}