{"id":3420,"date":"2017-05-14T22:31:59","date_gmt":"2017-05-14T20:31:59","guid":{"rendered":"https:\/\/metropolevsech.eu\/?page_id=3420"},"modified":"2025-04-01T21:09:47","modified_gmt":"2025-04-01T19:09:47","slug":"mestska-cast-praha-7","status":"publish","type":"page","link":"https:\/\/metropolevsech.eu\/vi\/kontakty\/urady-v-praze\/mestske-casti\/jednotlive-mestske-casti\/mestska-cast-praha-7\/","title":{"rendered":"Qu\u1eadn Praha 7"},"content":{"rendered":"<p><\/p>\n<h3>\u1ee6Y BAN QU\u1eacN PRAHA 7<\/h3>\n<p><strong>\u0111\u1ecba ch\u1ec9:<\/strong> n\u00e1b\u0159e\u017e\u00ed Kapit\u00e1na Jaro\u0161e 1000\/7, 170 00 Praha 7<\/p>\n<p><strong>t\u1ed5ng \u0111\u00e0i:<\/strong> 220 141 111<\/p>\n<p><strong> e-mail:<\/strong> <a href=\"mailto:podatelna@p7.mepnet.cz\">podatelna@p7.mepnet.cz<\/a><\/p>\n<p><strong>trang web:\u00a0<\/strong><a href=\"\/\/www.praha7.cz\">www.praha7.cz<\/a><\/p>\n<p><strong>Ph\u00f2ng H\u1ed9i nh\u1eadp x\u00e3 h\u1ed9i &#8211; \u0111i\u1ec7n tho\u1ea1i:<\/strong> 220 144 190<\/p>\n<p>Qu\u1eadn Praha 7 n\u1eb1m \u1edf ph\u00eda b\u1eafc c\u1ee7a trung t\u00e2m l\u1ecbch s\u1eed Praha \u0111a ph\u1ea7n tr\u00ean b\u1edd tr\u00e1i c\u1ee7a s\u00f4ng Vltava bao g\u1ed3m h\u1ea7u h\u1ebft ph\u01b0\u1eddng Hole\u0161ovice, kho\u1ea3ng m\u1ed9t n\u1eeda ph\u01b0\u1eddng Bubene\u010d v\u00e0 m\u1ed9t ph\u1ea7n nh\u1ecf c\u1ee7a ph\u01b0\u1eddng Libe\u0148. \u0110\u00e2y l\u00e0 qu\u1eadn \u0111ang ph\u00e1t tri\u1ec3n, song song v\u1edbi nh\u00e0 d\u00e2n v\u1edbi ti\u1ec7n nghi c\u00f4ng c\u1ed9ng \u0111\u1ea7y \u0111\u1ee7 \u0111\u1ed3ng th\u1eddi l\u00e0 trung t\u00e2m h\u00e0nh ch\u00ednh.<\/p>\n<p><div class=\"box-ok\"><em>T\u1ea1i qu\u1eadn Praha 7 b\u1ea1n c\u00f3 th\u1ec3 t\u00ecm th\u1ea5y <a href=\"https:\/\/www.praha7.cz\/radnice\/organizacni-struktura\/odbor-zivnostensky\/oddeleni-jednotne-kontaktni-misto\/\">\u0110i\u1ec3m li\u00ean h\u1ec7 h\u1ee3p nh\u1ea5t<\/a>, n\u01a1i b\u1ea1n s\u1ebd nh\u1eadn \u0111\u01b0\u1ee3c nh\u1eefng th\u00f4ng tin c\u1ea7n thi\u1ebft thu\u1eadn l\u1ee3i cho vi\u1ec7c kinh doanh.<\/div><\/em><\/p>\n<p>&nbsp;<\/p>\n<h3>C\u00e1c li\u00ean k\u1ebft<\/h3>\n<p>Li\u00ean k\u1ebft d\u01b0\u1edbi \u0111\u00e2y s\u1ebd cung c\u1ea5p cho b\u1ea1n nh\u1eefng th\u00f4ng tin quan tr\u1ecdng c\u1ee7a \u1ee6y ban qu\u1eadn Praha 7 b\u1eb1ng <a href=\"https:\/\/www.praha7.cz\/temata\/cizinci-a-narodnostni-mensiny\/useful-information-for-foreigners-in-prague-7\/\">ti\u1ebfng Anh<\/a><\/p>\n<p>Trong khu\u00e2n kh\u1ed5 kh\u00e1i ni\u1ec7m l\u00e0m c\u00f4ng t\u00e1c x\u00e3 h\u1ed9i v\u1edbi ng\u01b0\u1eddi n\u01b0\u1edbc ngo\u00e0i ph\u00f2ng h\u1ed9i nh\u1eadp x\u00e3 h\u1ed9i t\u1ed5 ch\u1ee9c\u00a0 c\u00e1c kho\u00e1 h\u1ecdc ti\u1ebfng S\u00e9c th\u01b0\u1eddng xuy\u00ean cho tr\u1ebb em t\u1ea1i tr\u01b0\u1eddng h\u1ecdc v\u00e0 nhi\u1ec1u s\u1ef1 ki\u1ec7n v\u0103n h\u00f3a kh\u00e1c nhau. V\u00ed d\u1ee5 h\u1ecd c\u0169ng c\u00f3 th\u1ec3 cung c\u1ea5p cho b\u1ea1n c\u00e1c d\u1ecbch v\u1ee5 nh\u01b0: h\u1ed9 t\u1ed1ng \u0111\u1ebfn u\u1ef7 ban, phi\u00ean d\u1ecbch v\u00e0 c\u00e1c c\u00f4ng vi\u1ec7c li\u00ean v\u0103n h\u00f3a kh\u00e1c c\u0169ng nh\u01b0 cung c\u1ea5p nhi\u1ec1u lo\u1ea1i h\u00ecnh t\u01b0 v\u1ea5n kh\u00e1c nhau. N\u1ebfu c\u1ea7n thi\u1ebft, h\u1ecd s\u1ebd gi\u1edbi thi\u1ec7u c\u00e1c t\u1ed5 ch\u1ee9c h\u1ed7 tr\u1ee3 kh\u00e1c.<\/p>\n<h3>C\u00e1c c\u01a1 quan kh\u00e1c:<\/h3>\n<h3>Chi nh\u00e1nh c\u1ee7a S\u1edf Lao \u0111\u1ed9ng<\/h3>\n<p><a href=\"https:\/\/www.uradprace.cz\/praha-8\">Praha 8<\/a>\u00a0&#8211; V\u0103n ph\u00f2ng li\u00ean h\u1ec7 Praha 8 (cho Praha 7 v\u00e0 8)<\/p>\n<p><a href=\"https:\/\/www.uradprace.cz\/praha-8\">Li\u00ean h\u1ec7<\/a>,\u00a0<a href=\"https:\/\/www.uradprace.cz\/web\/cz\/volna-mista-v-cr\">Tuy\u1ec3n d\u1ee5ng<\/a><a href=\"https:\/\/www.uradprace.cz\/kontakty-na-zamestnance-6\"><\/a><\/p>\n<h3>Chi nh\u00e1nh c\u1ee7a C\u1ee5c B\u1ea3o hi\u1ec3m x\u00e3 h\u1ed9i Praha<\/h3>\n<p>C\u1ee5c b\u1ea3o hi\u1ec3m x\u00e3 h\u1ed9i Praha kh\u00f4ng quy \u0111\u1ecbnh ph\u1ea1m vi l\u00e3nh th\u1ed5 quy\u1ec1n h\u00e0nh cho t\u1eebng chi nh\u00e1nh. V\u00ec v\u1eady, b\u1ea1n c\u00f3 th\u1ec3 t\u1edbi b\u1ea5t k\u1ef3 ph\u00f2ng b\u1ea3o hi\u1ec3m x\u00e3 h\u1ed9i n\u00e0o m\u00e0 kh\u00f4ng ph\u1ee5 thu\u1ed9c v\u00e0o \u0111\u1ecba ch\u1ec9 c\u01b0 tr\u00fa c\u1ee7a m\u00ecnh.<\/p>\n<p><u><a href=\"\/\/www.cssz.cz\/cz\/kontakty\/krajska-a-okresni-pracoviste\/praha\/\">Th\u00f4ng tin chi ti\u1ebft v\u1ec1 t\u1eebng chi nh\u00e1nh<\/a><\/u><\/p>\n<h3>S\u1edf Thu\u1ebf<\/h3>\n<p>V\u0103n ph\u00f2ng khu v\u1ef1c d\u00e0nh cho Praha 7<\/p>\n<p>\u0110\u1ecba ch\u1ec9: n\u00e1b\u0159. Kpt. Jaro\u0161e 1000\/7, 170 00 Praha 7<\/p>\n<p><a href=\"https:\/\/www.financnisprava.cz\/cs\/financni-sprava\/financni-sprava-cr\/organizacni-struktura\/organy-financni-spravy\/uzemni-pracoviste\/2007-uzemni-pracoviste-pro-prahu-7\">Th\u00f4ng tin li\u00ean l\u1ea1c<\/a><\/p>\n<p>&nbsp;<\/p>\n<p>&nbsp;<\/p>","protected":false},"excerpt":{"rendered":"<p>\u1ee6Y BAN QU\u1eacN PRAHA 7 \u0111\u1ecba ch\u1ec9: n\u00e1b\u0159e\u017e\u00ed Kapit\u00e1na Jaro\u0161e 1000\/7, 170 00 Praha 7 t\u1ed5ng \u0111\u00e0i: 220 141 111 e-mail: podatelna@p7.mepnet.cz trang web:\u00a0www.praha7.cz Ph\u00f2ng H\u1ed9i nh\u1eadp x\u00e3 h\u1ed9i &#8211; \u0111i\u1ec7n tho\u1ea1i: 220 144 190 Qu\u1eadn Praha 7 n\u1eb1m \u1edf&#8230;<\/p>\n<a class=\"more-block\" href=\"https:\/\/metropolevsech.eu\/vi\/kontakty\/urady-v-praze\/mestske-casti\/jednotlive-mestske-casti\/mestska-cast-praha-7\/\">\u0110\u1ecdc th\u00eam<\/a>","protected":false},"author":7,"featured_media":0,"parent":3406,"menu_order":7,"comment_status":"closed","ping_status":"closed","template":"","meta":[],"acf":[],"_links":{"self":[{"href":"https:\/\/metropolevsech.eu\/vi\/wp-json\/wp\/v2\/pages\/3420"}],"collection":[{"href":"https:\/\/metropolevsech.eu\/vi\/wp-json\/wp\/v2\/pages"}],"about":[{"href":"https:\/\/metropolevsech.eu\/vi\/wp-json\/wp\/v2\/types\/page"}],"author":[{"embeddable":true,"href":"https:\/\/metropolevsech.eu\/vi\/wp-json\/wp\/v2\/users\/7"}],"replies":[{"embeddable":true,"href":"https:\/\/metropolevsech.eu\/vi\/wp-json\/wp\/v2\/comments?post=3420"}],"version-history":[{"count":8,"href":"https:\/\/metropolevsech.eu\/vi\/wp-json\/wp\/v2\/pages\/3420\/revisions"}],"predecessor-version":[{"id":22419,"href":"https:\/\/metropolevsech.eu\/vi\/wp-json\/wp\/v2\/pages\/3420\/revisions\/22419"}],"up":[{"embeddable":true,"href":"https:\/\/metropolevsech.eu\/vi\/wp-json\/wp\/v2\/pages\/3406"}],"wp:attachment":[{"href":"https:\/\/metropolevsech.eu\/vi\/wp-json\/wp\/v2\/media?parent=3420"}],"curies":[{"name":"wp","href":"https:\/\/api.w.org\/{rel}","templated":true}]}}