{"id":3422,"date":"2017-05-14T22:32:56","date_gmt":"2017-05-14T20:32:56","guid":{"rendered":"https:\/\/metropolevsech.eu\/?page_id=3422"},"modified":"2025-02-11T14:49:33","modified_gmt":"2025-02-11T13:49:33","slug":"mestska-cast-praha-8","status":"publish","type":"page","link":"https:\/\/metropolevsech.eu\/vi\/kontakty\/urady-v-praze\/mestske-casti\/jednotlive-mestske-casti\/mestska-cast-praha-8\/","title":{"rendered":"Qu\u1eadn Praha 8"},"content":{"rendered":"<p><\/p>\n<h3>\u1ee6Y BAN QU\u1eacN PRAHA 8<\/h3>\n<p>Zenklova 1\/35, 180 48 Praha 8<\/p>\n<p>t\u1ed5ng \u0111\u00e0i: 222 805 505, e-mail: <a href=\"mailto:posta@praha8.cz\">posta@praha8.cz<\/a><\/p>\n<p>trang web:\u00a0<a href=\"http:\/\/www.praha8.cz\/\">www.praha8.cz<\/a><\/p>\n<p>\u0110\u1ecba b\u00e0n qu\u1eadn Praha 8 bao g\u1ed3m 9 ph\u01b0\u1eddng: 4 ph\u01b0\u1eddng tr\u1ecdn v\u1eb9n (Bohnice, Kobylisy, \u010cimice, Karl\u00edn) v\u00e0 m\u1ed9t ph\u1ea7n c\u1ee7a 5 ph\u01b0\u1eddng (Libe\u0148, Troja, St\u0159\u00ed\u017ekov, Nov\u00e9 M\u011bsto v\u00e0 \u017di\u017ekov). Do \u0111\u00f3 qu\u1eadn Praha 8 r\u1ea5t \u0111a d\u1ea1ng b\u1edfi di\u1ec7n t\u00edch v\u00e0 t\u00ednh ch\u1ea5t. Khu v\u1ef1c ph\u00eda nam \u2013 Karl\u00edn a Libe\u0148 \u2013 n\u1eb1m ngay s\u00e1t c\u1ea1nh trung t\u00e2m th\u1ee7 \u0111\u00f4, Doln\u00ed Chabry v\u00e0 B\u0159ezin\u011bves l\u00e0 c\u00e1c qu\u1eadn n\u1eb1m \u1edf bi\u00ean gi\u1edbi ph\u00eda b\u1eafc c\u1ee7a th\u00e0nh ph\u1ed1.<\/p>\n<ul class=\"bullet-links\">\n<li>T\u1ea1i \u0111\u00e2y b\u1ea1n c\u00f3 th\u1ec3 t\u00ecm th\u1ea5y c\u00e1c th\u00f4ng tin quan tr\u1ecdng c\u1ee7a \u1ee6y ban qu\u1eadn Praha 8 b\u1eb1ng ti\u1ebfng Anh <a href=\"http:\/\/www.praha8.cz\/?l=9\">t\u1ea1i \u0111\u00e2y<\/a>.<\/li>\n<\/ul>\n<h3>Chi nh\u00e1nh c\u1ee7a S\u1edf Lao \u0111\u1ed9ng<\/h3>\n<ul class=\"bullet\">\n<li><a href=\"https:\/\/www.uradprace.cz\/praha-8\">Praha 8<\/a>\u00a0&#8211; V\u0103n ph\u00f2ng li\u00ean h\u1ec7 Praha 8 (cho Praha 7 v\u00e0 8)<\/li>\n<\/ul>\n<p><a href=\"https:\/\/www.uradprace.cz\/praha-8\">Li\u00ean h\u1ec7<\/a>,\u00a0<a href=\"https:\/\/www.uradprace.cz\/web\/cz\/volna-mista-v-cr\">Tuy\u1ec3n d\u1ee5ng<\/a><a href=\"https:\/\/www.uradprace.cz\/kontakty-na-zamestnance-6\"><\/a><\/p>\n<h3>Chi nh\u00e1nh c\u1ee7a C\u1ee5c B\u1ea3o hi\u1ec3m x\u00e3 h\u1ed9i Praha<\/h3>\n<p>C\u1ee5c b\u1ea3o hi\u1ec3m x\u00e3 h\u1ed9i Praha kh\u00f4ng quy \u0111\u1ecbnh ph\u1ea1m vi l\u00e3nh th\u1ed5 quy\u1ec1n h\u00e0nh cho t\u1eebng chi nh\u00e1nh. V\u00ec v\u1eady, b\u1ea1n c\u00f3 th\u1ec3 t\u1edbi b\u1ea5t k\u1ef3 ph\u00f2ng b\u1ea3o hi\u1ec3m x\u00e3 h\u1ed9i n\u00e0o m\u00e0 kh\u00f4ng ph\u1ee5 thu\u1ed9c v\u00e0o \u0111\u1ecba ch\u1ec9 c\u01b0 tr\u00fa c\u1ee7a m\u00ecnh.<\/p>\n<ul class=\"bullet-links\">\n<li><u><a href=\"http:\/\/www.cssz.cz\/cz\/kontakty\/krajska-a-okresni-pracoviste\/praha\/\">Th\u00f4ng tin chi ti\u1ebft v\u1ec1 t\u1eebng chi nh\u00e1nh<\/a><\/u><\/li>\n<\/ul>\n<h3>Chi nh\u00e1nh c\u1ee7a S\u1edf Thu\u1ebf<\/h3>\n<ul class=\"bullet\">\n<li>V\u0103n ph\u00f2ng khu v\u1ef1c\u00a0<a href=\"https:\/\/www.financnisprava.cz\/cs\/financni-sprava\/financni-sprava-cr\/organizacni-struktura\/organy-financni-spravy\/uzemni-pracoviste\/2008-uzemni-pracoviste-pro-prahu-8\">Praha 8<\/a><\/li>\n<\/ul>\n<h4><\/h4>\n<p><\/p>","protected":false},"excerpt":{"rendered":"<p>\u1ee6Y BAN QU\u1eacN PRAHA 8 Zenklova 1\/35, 180 48 Praha 8 t\u1ed5ng \u0111\u00e0i: 222 805 505, e-mail: posta@praha8.cz trang web:\u00a0www.praha8.cz \u0110\u1ecba b\u00e0n qu\u1eadn Praha 8 bao g\u1ed3m 9 ph\u01b0\u1eddng: 4 ph\u01b0\u1eddng tr\u1ecdn v\u1eb9n (Bohnice, Kobylisy, \u010cimice, Karl\u00edn) v\u00e0 m\u1ed9t ph\u1ea7n&#8230;<\/p>\n<a class=\"more-block\" href=\"https:\/\/metropolevsech.eu\/vi\/kontakty\/urady-v-praze\/mestske-casti\/jednotlive-mestske-casti\/mestska-cast-praha-8\/\">\u0110\u1ecdc th\u00eam<\/a>","protected":false},"author":7,"featured_media":0,"parent":3406,"menu_order":8,"comment_status":"closed","ping_status":"closed","template":"","meta":[],"acf":[],"_links":{"self":[{"href":"https:\/\/metropolevsech.eu\/vi\/wp-json\/wp\/v2\/pages\/3422"}],"collection":[{"href":"https:\/\/metropolevsech.eu\/vi\/wp-json\/wp\/v2\/pages"}],"about":[{"href":"https:\/\/metropolevsech.eu\/vi\/wp-json\/wp\/v2\/types\/page"}],"author":[{"embeddable":true,"href":"https:\/\/metropolevsech.eu\/vi\/wp-json\/wp\/v2\/users\/7"}],"replies":[{"embeddable":true,"href":"https:\/\/metropolevsech.eu\/vi\/wp-json\/wp\/v2\/comments?post=3422"}],"version-history":[{"count":4,"href":"https:\/\/metropolevsech.eu\/vi\/wp-json\/wp\/v2\/pages\/3422\/revisions"}],"predecessor-version":[{"id":21861,"href":"https:\/\/metropolevsech.eu\/vi\/wp-json\/wp\/v2\/pages\/3422\/revisions\/21861"}],"up":[{"embeddable":true,"href":"https:\/\/metropolevsech.eu\/vi\/wp-json\/wp\/v2\/pages\/3406"}],"wp:attachment":[{"href":"https:\/\/metropolevsech.eu\/vi\/wp-json\/wp\/v2\/media?parent=3422"}],"curies":[{"name":"wp","href":"https:\/\/api.w.org\/{rel}","templated":true}]}}