{"id":3424,"date":"2017-05-14T22:33:57","date_gmt":"2017-05-14T20:33:57","guid":{"rendered":"https:\/\/metropolevsech.eu\/?page_id=3424"},"modified":"2025-02-11T14:53:27","modified_gmt":"2025-02-11T13:53:27","slug":"mestska-cast-praha-9","status":"publish","type":"page","link":"https:\/\/metropolevsech.eu\/vi\/kontakty\/urady-v-praze\/mestske-casti\/jednotlive-mestske-casti\/mestska-cast-praha-9\/","title":{"rendered":"Qu\u1eadn Praha 9"},"content":{"rendered":"<p><\/p>\n<h3>\u1ee6Y BAN QU\u1eacN PRAHA 9<\/h3>\n<p>Sokolovsk\u00e1 14\/324, 180 49 Praha 9<\/p>\n<p>t\u1ed5ng \u0111\u00e0i: 283 091 111, th\u00f4ng tin: 283 091 101, 283 091 102<\/p>\n<p>e-mail:\u00a0<a href=\"mailto:podatelna@praha9.cz\">podatelna@praha9.cz<\/a><\/p>\n<p>trang web:\u00a0<a href=\"http:\/\/www.praha9.cz\">www.praha9.cz<\/a><\/p>\n<p>Qu\u1eadn Praha 9 bao g\u1ed3m c\u00e1c ph\u01b0\u1eddng l\u1ecbch s\u1eed: Vyso\u010dany, Prosek, St\u0159\u00ed\u017ekov, Hloub\u011bt\u00edn, Hrdlo\u0159ezy v\u00e0 m\u1ed9t ph\u1ea7n c\u1ee7a Libe\u0148. Khu v\u1ef1c c\u00f4ng nh\u00e2n v\u00e0 nh\u00e0 m\u00e1y tr\u01b0\u1edbc \u0111\u00e2y gi\u1edd tr\u1edf th\u00e0nh khu nh\u00e0 d\u00e2n v\u00e0 l\u00e0 m\u1ed9t v\u1ecb tr\u00ed quan tr\u1ecdng trong giao th\u00f4ng \u0111\u01b0\u1eddng s\u1eaft.<\/p>\n<h3>Chi nh\u00e1nh c\u1ee7a S\u1edf Lao \u0111\u1ed9ng<\/h3>\n<ul class=\"bullet\">\n<li><a href=\"https:\/\/www.uradprace.cz\/praha-9\">Praha 9<\/a>\u00a0&#8211; V\u0103n ph\u00f2ng li\u00ean h\u1ec7 Praha 9 (cho Praha 9, 14, 18, 19, 20 v\u00e0 21)<\/li>\n<\/ul>\n<p><a href=\"https:\/\/www.uradprace.cz\/praha-9\">Li\u00ean h\u1ec7<\/a>,\u00a0<a href=\"https:\/\/www.uradprace.cz\/web\/cz\/volna-mista-v-cr\">Tuy\u1ec3n d\u1ee5ng<\/a><a href=\"https:\/\/www.uradprace.cz\/kontakty-na-zamestnance-7\"><\/a><\/p>\n<h3>Chi nh\u00e1nh c\u1ee7a C\u1ee5c B\u1ea3o hi\u1ec3m x\u00e3 h\u1ed9i Praha<\/h3>\n<p>C\u1ee5c b\u1ea3o hi\u1ec3m x\u00e3 h\u1ed9i Praha kh\u00f4ng quy \u0111\u1ecbnh ph\u1ea1m vi l\u00e3nh th\u1ed5 quy\u1ec1n h\u00e0nh cho t\u1eebng chi nh\u00e1nh. V\u00ec v\u1eady, b\u1ea1n c\u00f3 th\u1ec3 t\u1edbi b\u1ea5t k\u1ef3 ph\u00f2ng b\u1ea3o hi\u1ec3m x\u00e3 h\u1ed9i n\u00e0o m\u00e0 kh\u00f4ng ph\u1ee5 thu\u1ed9c v\u00e0o \u0111\u1ecba ch\u1ec9 c\u01b0 tr\u00fa c\u1ee7a m\u00ecnh.<\/p>\n<ul class=\"bullet-links\">\n<li><u><a href=\"http:\/\/www.cssz.cz\/cz\/kontakty\/krajska-a-okresni-pracoviste\/praha\/\">Th\u00f4ng tin chi ti\u1ebft v\u1ec1 t\u1eebng chi nh\u00e1nh<\/a><\/u><\/li>\n<\/ul>\n<h3>Chi nh\u00e1nh c\u1ee7a S\u1edf Thu\u1ebf<\/h3>\n<ul class=\"bullet\">\n<li>V\u0103n ph\u00f2ng khu v\u1ef1c\u00a0<a href=\"https:\/\/www.financnisprava.cz\/cs\/financni-sprava\/financni-sprava-cr\/organizacni-struktura\/organy-financni-spravy\/uzemni-pracoviste\/2009-uzemni-pracoviste-pro-prahu-9\">Praha 9<\/a><\/li>\n<\/ul>\n<p><\/p>","protected":false},"excerpt":{"rendered":"<p>\u1ee6Y BAN QU\u1eacN PRAHA 9 Sokolovsk\u00e1 14\/324, 180 49 Praha 9 t\u1ed5ng \u0111\u00e0i: 283 091 111, th\u00f4ng tin: 283 091 101, 283 091 102 e-mail:\u00a0podatelna@praha9.cz trang web:\u00a0www.praha9.cz Qu\u1eadn Praha 9 bao g\u1ed3m c\u00e1c ph\u01b0\u1eddng l\u1ecbch s\u1eed: Vyso\u010dany, Prosek, St\u0159\u00ed\u017ekov, Hloub\u011bt\u00edn,&#8230;<\/p>\n<a class=\"more-block\" href=\"https:\/\/metropolevsech.eu\/vi\/kontakty\/urady-v-praze\/mestske-casti\/jednotlive-mestske-casti\/mestska-cast-praha-9\/\">\u0110\u1ecdc th\u00eam<\/a>","protected":false},"author":7,"featured_media":0,"parent":3406,"menu_order":9,"comment_status":"closed","ping_status":"closed","template":"","meta":[],"acf":[],"_links":{"self":[{"href":"https:\/\/metropolevsech.eu\/vi\/wp-json\/wp\/v2\/pages\/3424"}],"collection":[{"href":"https:\/\/metropolevsech.eu\/vi\/wp-json\/wp\/v2\/pages"}],"about":[{"href":"https:\/\/metropolevsech.eu\/vi\/wp-json\/wp\/v2\/types\/page"}],"author":[{"embeddable":true,"href":"https:\/\/metropolevsech.eu\/vi\/wp-json\/wp\/v2\/users\/7"}],"replies":[{"embeddable":true,"href":"https:\/\/metropolevsech.eu\/vi\/wp-json\/wp\/v2\/comments?post=3424"}],"version-history":[{"count":5,"href":"https:\/\/metropolevsech.eu\/vi\/wp-json\/wp\/v2\/pages\/3424\/revisions"}],"predecessor-version":[{"id":21863,"href":"https:\/\/metropolevsech.eu\/vi\/wp-json\/wp\/v2\/pages\/3424\/revisions\/21863"}],"up":[{"embeddable":true,"href":"https:\/\/metropolevsech.eu\/vi\/wp-json\/wp\/v2\/pages\/3406"}],"wp:attachment":[{"href":"https:\/\/metropolevsech.eu\/vi\/wp-json\/wp\/v2\/media?parent=3424"}],"curies":[{"name":"wp","href":"https:\/\/api.w.org\/{rel}","templated":true}]}}