{"id":3426,"date":"2017-05-14T22:35:26","date_gmt":"2017-05-14T20:35:26","guid":{"rendered":"https:\/\/metropolevsech.eu\/?page_id=3426"},"modified":"2025-02-11T15:12:41","modified_gmt":"2025-02-11T14:12:41","slug":"mestska-cast-praha-10","status":"publish","type":"page","link":"https:\/\/metropolevsech.eu\/vi\/kontakty\/urady-v-praze\/mestske-casti\/jednotlive-mestske-casti\/mestska-cast-praha-10\/","title":{"rendered":"Qu\u1eadn Praha 10"},"content":{"rendered":"<p><\/p>\n<h3>\u1ee6Y BAN QU\u1eacN PRAHA 10<\/h3>\n<p>Vr\u0161ovick\u00e1 1429\/68, 101 38 Praha 10<\/p>\n<p>v\u0103n ph\u00f2ng th\u00f4ng tin: 267 093 111, e-mail: <a href=\"mailto:info@praha10.cz\">info@praha10.cz<\/a><\/p>\n<p>ph\u00f2ng nh\u1eadn h\u1ed3 s\u01a1: fax 272 739 587,\u00a0e-mail:\u00a0<a href=\"mailto:posta@praha10.cz\">posta@praha10.cz<\/a><\/p>\n<p>trang web:<a href=\"\/\/www.praha10.cz\/\">\u00a0www.praha10.cz<\/a><\/p>\n<p>Praha 10 n\u1eb1m \u1edf ph\u00eda \u0111\u00f4ng nam c\u1ee7a th\u1ee7 \u0111\u00f4 v\u00e0 bao g\u1ed3m c\u00e1c ph\u01b0\u1eddng l\u1ecbch s\u1eed Vr\u0161ovice, Stra\u0161nice, Male\u0161ice, Z\u00e1b\u011bhlice, Vinohrady v\u00e0 Michle. Qu\u1eadn \u0111a d\u1ea1ng n\u00e0y c\u00f3 c\u00e1c khu bi\u1ec7t th\u1ef1, nh\u00e0 d\u00e2n, chung c\u01b0 v\u00e0 r\u1ea5t nhi\u1ec1u s\u00e2n t\u1eadp th\u1ec3 thao, kh\u00f4ng gian xanh v\u00e0 kh\u00f4ng gian v\u0103n h\u00f3a.<\/p>\n<ul class=\"bullet-links\">\n<li>B\u1ea1n c\u00f3 th\u1ec3 t\u00ecm th\u1ea5y c\u00e1c th\u00f4ng tin quan tr\u1ecdng c\u1ee7a \u1ee6y ban qu\u1eadn Praha 10 b\u1eb1ng ti\u1ebfng Anh <a href=\"\/\/praha10.cz\/\">t\u1ea1i \u0111\u00e2y.<\/a><\/li>\n<\/ul>\n<h3>Chi nh\u00e1nh c\u1ee7a S\u1edf Lao \u0111\u1ed9ng<\/h3>\n<ul class=\"bullet\">\n<li><a href=\"https:\/\/www.uradprace.cz\/praha-10\">Praha 10<\/a>\u00a0&#8211; V\u0103n ph\u00f2ng li\u00ean h\u1ec7 Praha 10 (cho Praha 10, 15 v\u00e0 22)<\/li>\n<\/ul>\n<p><a href=\"https:\/\/www.uradprace.cz\/praha-10\">Li\u00ean h\u1ec7<\/a>,\u00a0<a href=\"https:\/\/www.uradprace.cz\/web\/cz\/volna-mista-v-cr\">Tuy\u1ec3n d\u1ee5ng<\/a><a href=\"https:\/\/www.uradprace.cz\/kontakty-na-zamestnance-8\"><\/a><\/p>\n<h3>Chi nh\u00e1nh c\u1ee7a C\u1ee5c B\u1ea3o hi\u1ec3m x\u00e3 h\u1ed9i Praha<\/h3>\n<p>C\u1ee5c b\u1ea3o hi\u1ec3m x\u00e3 h\u1ed9i Praha kh\u00f4ng quy \u0111\u1ecbnh ph\u1ea1m vi l\u00e3nh th\u1ed5 quy\u1ec1n h\u00e0nh cho t\u1eebng chi nh\u00e1nh. V\u00ec v\u1eady, b\u1ea1n c\u00f3 th\u1ec3 t\u1edbi b\u1ea5t k\u1ef3 ph\u00f2ng b\u1ea3o hi\u1ec3m x\u00e3 h\u1ed9i n\u00e0o m\u00e0 kh\u00f4ng ph\u1ee5 thu\u1ed9c v\u00e0o \u0111\u1ecba ch\u1ec9 c\u01b0 tr\u00fa c\u1ee7a m\u00ecnh.<\/p>\n<ul class=\"bullet-links\">\n<li><u><a href=\"\/\/www.cssz.cz\/cz\/kontakty\/krajska-a-okresni-pracoviste\/praha\/\">Th\u00f4ng tin chi ti\u1ebft v\u1ec1 t\u1eebng chi nh\u00e1nh<\/a><\/u><\/li>\n<\/ul>\n<h3>Chi nh\u00e1nh c\u1ee7a S\u1edf Thu\u1ebf<\/h3>\n<ul class=\"bullet\">\n<li>V\u0103n ph\u00f2ng khu v\u1ef1c\u00a0<a href=\"https:\/\/www.financnisprava.cz\/cs\/financni-sprava\/financni-sprava-cr\/organizacni-struktura\/organy-financni-spravy\/uzemni-pracoviste\/2010-uzemni-pracoviste-pro-prahu-10\">Praha 10<\/a><\/li>\n<\/ul>\n<p><\/p>","protected":false},"excerpt":{"rendered":"<p>\u1ee6Y BAN QU\u1eacN PRAHA 10 Vr\u0161ovick\u00e1 1429\/68, 101 38 Praha 10 v\u0103n ph\u00f2ng th\u00f4ng tin: 267 093 111, e-mail: info@praha10.cz ph\u00f2ng nh\u1eadn h\u1ed3 s\u01a1: fax 272 739 587,\u00a0e-mail:\u00a0posta@praha10.cz trang web:\u00a0www.praha10.cz Praha 10 n\u1eb1m \u1edf ph\u00eda \u0111\u00f4ng nam c\u1ee7a th\u1ee7 \u0111\u00f4&#8230;<\/p>\n<a class=\"more-block\" href=\"https:\/\/metropolevsech.eu\/vi\/kontakty\/urady-v-praze\/mestske-casti\/jednotlive-mestske-casti\/mestska-cast-praha-10\/\">\u0110\u1ecdc th\u00eam<\/a>","protected":false},"author":7,"featured_media":0,"parent":3406,"menu_order":10,"comment_status":"closed","ping_status":"closed","template":"","meta":[],"acf":[],"_links":{"self":[{"href":"https:\/\/metropolevsech.eu\/vi\/wp-json\/wp\/v2\/pages\/3426"}],"collection":[{"href":"https:\/\/metropolevsech.eu\/vi\/wp-json\/wp\/v2\/pages"}],"about":[{"href":"https:\/\/metropolevsech.eu\/vi\/wp-json\/wp\/v2\/types\/page"}],"author":[{"embeddable":true,"href":"https:\/\/metropolevsech.eu\/vi\/wp-json\/wp\/v2\/users\/7"}],"replies":[{"embeddable":true,"href":"https:\/\/metropolevsech.eu\/vi\/wp-json\/wp\/v2\/comments?post=3426"}],"version-history":[{"count":11,"href":"https:\/\/metropolevsech.eu\/vi\/wp-json\/wp\/v2\/pages\/3426\/revisions"}],"predecessor-version":[{"id":21865,"href":"https:\/\/metropolevsech.eu\/vi\/wp-json\/wp\/v2\/pages\/3426\/revisions\/21865"}],"up":[{"embeddable":true,"href":"https:\/\/metropolevsech.eu\/vi\/wp-json\/wp\/v2\/pages\/3406"}],"wp:attachment":[{"href":"https:\/\/metropolevsech.eu\/vi\/wp-json\/wp\/v2\/media?parent=3426"}],"curies":[{"name":"wp","href":"https:\/\/api.w.org\/{rel}","templated":true}]}}