{"id":3428,"date":"2017-05-14T22:36:38","date_gmt":"2017-05-14T20:36:38","guid":{"rendered":"https:\/\/metropolevsech.eu\/?page_id=3428"},"modified":"2025-04-01T21:19:27","modified_gmt":"2025-04-01T19:19:27","slug":"mestska-cast-praha-11","status":"publish","type":"page","link":"https:\/\/metropolevsech.eu\/vi\/kontakty\/urady-v-praze\/mestske-casti\/jednotlive-mestske-casti\/mestska-cast-praha-11\/","title":{"rendered":"Qu\u1eadn Praha 11"},"content":{"rendered":"<p><\/p>\n<h3>\u1ee6Y BAN QU\u1eacN PRAHA 11<\/h3>\n<p><strong>\u0111\u1ecba ch\u1ec9:<\/strong> Ocel\u00edkova 672\/1, 149 41 Prague 415<\/p>\n<p><strong>\u0111i\u1ec7n tho\u1ea1i:<\/strong> 267 902 111<\/p>\n<p><strong>O-line (\u0111\u1ec3 h\u1ecfi \u0111\u00e1p)<\/strong>: 800 104 300, e-mail: obcanskalinka@praha11.cz<\/p>\n<p><strong>v\u0103n ph\u00f2ng n\u1ed9p h\u1ed3 s\u01a1<\/strong>: podatelna@p11.mepnet.cz,<\/p>\n<p><strong>trang web<\/strong>: www.praha11.cz<\/p>\n<p><strong>\u0111i\u1ec7n tho\u1ea1i v\u00e0 li\u00ean h\u1ec7 Ph\u00f2ng X\u00e3 h\u1ed9i v\u00e0 Y t\u1ebf<\/strong>: 267 902 156; <a href=\"mailto:matysovab@praha11.cz\">matysovab@praha11.cz<\/a><\/p>\n<p>&nbsp;<\/p>\n<p>Praha 11 tr\u1ea3i d\u00e0i t\u1eeb ph\u00eda nam \u0111\u1ebfn \u0111\u00f4ng nam c\u1ee7a trung t\u00e2m Praha v\u00e0 bao g\u1ed3m nh\u1eefng ph\u01b0\u1eddng Chodov v\u00e0 H\u00e1je. Ph\u1ea7n l\u1edbn nh\u1ea5t c\u1ee7a Praha 11 l\u00e0 khu chung c\u01b0 Ji\u017en\u00ed M\u011bsto I. v\u00e0 Ji\u017en\u00ed M\u011bsto II.<\/p>\n<p>Praha 11 l\u00e0 ph\u01b0\u1eddng c\u00f3 quy\u1ec1n h\u1ea1n m\u1edf r\u1ed9ng cho cho c\u00e1c ph\u01b0\u1eddng nh\u01b0 Praha &#8211; \u0160eberov, Praha &#8211; \u00dajezd \u200b\u200bu Pr\u016fhonice, Praha \u2013 K\u0159eslice. T\u1ea1i \u1ee7y ban Qu\u1eadn 11 Praha, s\u1ef1 ph\u1ed1i h\u1ee3p c\u00e1c ho\u1ea1t \u0111\u1ed9ng trong l\u0129nh v\u1ef1c h\u1ed9i nh\u1eadp ng\u01b0\u1eddi n\u01b0\u1edbc ngo\u00e0i \u0111\u01b0\u1ee3c ph\u00e2n chia gi\u1eefa hai b\u1ed9 ph\u1eadn: Ph\u00f2ng X\u00e3 h\u1ed9i v\u00e0 Y t\u1ebf (\u0111i\u1ec1u ph\u1ed1i vi\u00ean ph\u00e1t tri\u1ec3n c\u00e1c d\u1ecbch v\u1ee5 x\u00e3 h\u1ed9i, tr\u1ee3 c\u1ea5p t\u1eeb b\u00ean ngo\u00e0i v\u00e0 l\u00e0m vi\u1ec7c v\u1edbi ng\u01b0\u1eddi n\u01b0\u1edbc ngo\u00e0i) v\u00e0 Ph\u00f2ng Gi\u00e1o d\u1ee5c v\u00e0 V\u0103n h\u00f3a (chuy\u00ean gia \u0111\u1ed9c l\u1eadp v\u1ec1 quan ni\u1ec7m v\u00e0 ph\u01b0\u01a1ng ph\u00e1p gi\u00e1o d\u1ee5c &#8211; quan ni\u1ec7m v\u00e0 ph\u01b0\u01a1ng ph\u00e1p lu\u1eadn c\u1ee7a tr\u01b0\u1eddng ti\u1ec3u h\u1ecdc, trung c\u1ea5p ngh\u1ec1, tr\u01b0\u1eddng cao \u0111\u1eb3ng ngh\u1ec1). H\u1ecd c\u00f9ng nhau \u0111i\u1ec1u ph\u1ed1i c\u00e1c ho\u1ea1t \u0111\u1ed9ng h\u1ed9i nh\u1eadp do B\u1ed9 N\u1ed9i v\u1ee5 C\u1ed9ng h\u00f2a S\u00e9c v\u00e0 T\u00f2a th\u1ecb ch\u00ednh th\u1ee7 \u0111\u00f4 Praha h\u1ed7 tr\u1ee3 t\u00e0i ch\u00ednh. Qu\u1eadn th\u00e0nh ph\u1ed1 c\u0169ng cung c\u1ea5p t\u01b0 v\u1ea5n cho c\u00e1c tr\u01b0\u1eddng h\u1ecdc v\u1ec1 kh\u1ea3 n\u0103ng t\u00e0i tr\u1ee3 t\u1eeb c\u00e1c ngu\u1ed3n b\u00ean ngo\u00e0i.<\/p>\n<p>\u1ee6y ban qu\u1eadn Praha 11 \u0111\u00e3 th\u00e0nh l\u1eadp trang Facebook <em><a href=\"\/\/www.facebook.com\/%E1%BB%A6y-ban-Praha-11-104672784646928\/\">\u1ee6y ban Praha 11<\/a><\/em><em> d\u00e0nh <\/em>cho nh\u1eefng ng\u01b0\u1eddi h\u00e0ng x\u00f3m Vi\u1ec7t Nam \u0111\u1ec3 th\u00f4ng b\u00e1o v\u00e0 chia s\u1ebb nh\u1eefng tin t\u1ee9c kh\u00f4ng ch\u1ec9 \u1edf qu\u1eadn Praha 11. Th\u00f4ng tin thi\u1ebft th\u1ef1c cho cu\u1ed9c s\u1ed1ng \u1edf Praha v\u00e0 \u1edf Ji\u017en\u00ed m\u011bsto, c\u0169ng nh\u01b0 th\u00f4ng tin v\u1ec1 c\u00e1c s\u1ef1 ki\u1ec7n v\u0103n h\u00f3a v\u00e0 c\u1ed9ng \u0111\u1ed3ng. Trang Facebook s\u1ebd gi\u00fap nh\u1eefng ng\u01b0\u1eddi h\u00e0ng x\u00f3m Vi\u1ec7t Nam tham gia nhi\u1ec1u h\u01a1n v\u00e0o \u0111\u1eddi s\u1ed1ng x\u00e3 h\u1ed9i Praha 11.<\/p>\n<p><a><\/a><br \/>\n<em><div class=\"box-ok\">Trong v\u0103n ph\u00f2ng c\u1ee7a u\u1ef7 ban c\u00f3 nh\u00e2n vi\u00ean giao v\u0103n h\u00f3a d\u00e0nh cho nh\u1eefng ng\u01b0\u1eddi n\u00f3i ti\u1ebfng Vi\u1ec7t t\u1ea1i th\u00e0nh ph\u1ed1 Praha Qu\u1eadn 11<\/em><\/p>\n<p><em><strong>Tranov\u00e1 V\u00e2n Anh<\/strong><\/em><\/p>\n<p><em>e-mail: <a target=\"_blank\" href=\"mailto:tranovava@praha11.cz\" rel=\"noopener\">tranovava@praha11.cz<\/a><\/em><\/p>\n<p><em>telefon: +420 778 527 939 <\/div><\/em><\/p>\n<h3>C\u00e1c c\u01a1 quan kh\u00e1c:<\/h3>\n<h3>Chi nh\u00e1nh c\u1ee7a S\u1edf Lao \u0111\u1ed9ng<\/h3>\n<p>V\u0103n ph\u00f2ng li\u00ean h\u1ec7 Praha 4 (cho Praha 4, 11 v\u00e0 12)<\/p>\n<p><a href=\"https:\/\/www.uradprace.cz\/praha-4\">Li\u00ean h\u1ec7<\/a>,\u00a0<a href=\"https:\/\/www.uradprace.cz\/web\/cz\/volna-mista-v-cr\">Tuy\u1ec3n d\u1ee5ng<\/a><\/p>\n<h3>Chi nh\u00e1nh c\u1ee7a C\u1ee5c B\u1ea3o hi\u1ec3m x\u00e3 h\u1ed9i Praha<\/h3>\n<div class=\"box-ok\">C\u1ee5c b\u1ea3o hi\u1ec3m x\u00e3 h\u1ed9i Praha kh\u00f4ng quy \u0111\u1ecbnh ph\u1ea1m vi l\u00e3nh th\u1ed5 quy\u1ec1n h\u00e0nh cho t\u1eebng chi nh\u00e1nh. V\u00ec v\u1eady, b\u1ea1n c\u00f3 th\u1ec3 t\u1edbi b\u1ea5t k\u1ef3 ph\u00f2ng b\u1ea3o hi\u1ec3m x\u00e3 h\u1ed9i n\u00e0o m\u00e0 kh\u00f4ng ph\u1ee5 thu\u1ed9c v\u00e0o \u0111\u1ecba ch\u1ec9 c\u01b0 tr\u00fa c\u1ee7a m\u00ecnh.<\/p>\n<p><em><a href=\"\/\/www.cssz.cz\/cz\/kontakty\/krajska-a-okresni-pracoviste\/praha\/\">Th\u00f4ng tin v\u1ec1 t\u1eebng chi nh\u00e1nh<\/a><\/em><\/div>\n<p>&nbsp;<\/p>\n<h3>\u00a0S\u1edf Thu\u1ebf<\/h3>\n<p>V\u0103n ph\u00f2ng khu v\u1ef1c Praha 4<\/p>\n<p>\u0110\u1ecba ch\u1ec9: Bud\u011bjovick\u00e1 409\/1, 140 00 Praha 4<\/p>\n<p><a href=\"https:\/\/www.financnisprava.cz\/cs\/financni-sprava\/financni-sprava-cr\/organizacni-struktura\/organy-financni-spravy\/uzemni-pracoviste\/2004-uzemni-pracoviste-pro-prahu-4\">Th\u00f4ng tin li\u00ean l\u1ea1c<\/a><\/p>\n<p>&nbsp;<\/p>","protected":false},"excerpt":{"rendered":"<p>\u1ee6Y BAN QU\u1eacN PRAHA 11 \u0111\u1ecba ch\u1ec9: Ocel\u00edkova 672\/1, 149 41 Prague 415 \u0111i\u1ec7n tho\u1ea1i: 267 902 111 O-line (\u0111\u1ec3 h\u1ecfi \u0111\u00e1p): 800 104 300, e-mail: obcanskalinka@praha11.cz v\u0103n ph\u00f2ng n\u1ed9p h\u1ed3 s\u01a1: podatelna@p11.mepnet.cz, trang web: www.praha11.cz \u0111i\u1ec7n tho\u1ea1i v\u00e0 li\u00ean&#8230;<\/p>\n<a class=\"more-block\" href=\"https:\/\/metropolevsech.eu\/vi\/kontakty\/urady-v-praze\/mestske-casti\/jednotlive-mestske-casti\/mestska-cast-praha-11\/\">\u0110\u1ecdc th\u00eam<\/a>","protected":false},"author":7,"featured_media":0,"parent":3406,"menu_order":11,"comment_status":"closed","ping_status":"closed","template":"","meta":[],"acf":[],"_links":{"self":[{"href":"https:\/\/metropolevsech.eu\/vi\/wp-json\/wp\/v2\/pages\/3428"}],"collection":[{"href":"https:\/\/metropolevsech.eu\/vi\/wp-json\/wp\/v2\/pages"}],"about":[{"href":"https:\/\/metropolevsech.eu\/vi\/wp-json\/wp\/v2\/types\/page"}],"author":[{"embeddable":true,"href":"https:\/\/metropolevsech.eu\/vi\/wp-json\/wp\/v2\/users\/7"}],"replies":[{"embeddable":true,"href":"https:\/\/metropolevsech.eu\/vi\/wp-json\/wp\/v2\/comments?post=3428"}],"version-history":[{"count":9,"href":"https:\/\/metropolevsech.eu\/vi\/wp-json\/wp\/v2\/pages\/3428\/revisions"}],"predecessor-version":[{"id":22420,"href":"https:\/\/metropolevsech.eu\/vi\/wp-json\/wp\/v2\/pages\/3428\/revisions\/22420"}],"up":[{"embeddable":true,"href":"https:\/\/metropolevsech.eu\/vi\/wp-json\/wp\/v2\/pages\/3406"}],"wp:attachment":[{"href":"https:\/\/metropolevsech.eu\/vi\/wp-json\/wp\/v2\/media?parent=3428"}],"curies":[{"name":"wp","href":"https:\/\/api.w.org\/{rel}","templated":true}]}}