{"id":3430,"date":"2017-05-14T22:37:47","date_gmt":"2017-05-14T20:37:47","guid":{"rendered":"https:\/\/metropolevsech.eu\/?page_id=3430"},"modified":"2025-04-01T21:51:41","modified_gmt":"2025-04-01T19:51:41","slug":"mestska-cast-praha-12","status":"publish","type":"page","link":"https:\/\/metropolevsech.eu\/vi\/kontakty\/urady-v-praze\/mestske-casti\/jednotlive-mestske-casti\/mestska-cast-praha-12\/","title":{"rendered":"Qu\u1eadn Praha 12"},"content":{"rendered":"<p><\/p>\n<ul>\n<li><a href=\"#M\u011bstsk\u00e1 \u010d\u00e1st Praha 12\"><strong>Qu\u1eadn Praha 12<\/strong><\/a><\/li>\n<li><strong><a href=\"#M\u011bstsk\u00e1 \u010d\u00e1st Praha - Libu\u0161\">Qu\u1eadn Praha &#8211; Libu\u0161<\/a>\u00a0 <\/strong><\/li>\n<\/ul>\n<p>&nbsp;<\/p>\n<h3>Qu\u1eadn Praha 12<\/h3>\n<h3>V\u0102N PH\u00d2NG QU\u1eacN TH\u00c0NH PH\u1ed0 PRAHA 12<\/h3>\n<p><strong>\u0111\u1ecba ch\u1ec9:<\/strong> Gener\u00e1la \u0160i\u0161ky 2375\/6, 143 00 Praha 4 &#8211; Mod\u0159any<\/p>\n<p><strong>t\u1ed5ng \u0111\u00e0i \u0111i\u1ec7n tho\u1ea1i, ph\u00f2ng th\u00f4ng tin:<\/strong> 244 028 111<\/p>\n<p><strong>trang web:<\/strong> <a href=\"\/\/www.praha12.cz\/\">www.praha12.cz<\/a><\/p>\n<p><strong>email:<\/strong> <a href=\"mailto:podatelna@praha12.cz\">podatelna@praha12.cz<\/a><\/p>\n<p>Qu\u1eadn Praha 12 bao g\u1ed3m 5 ph\u01b0\u1eddng: Mod\u0159any, Komo\u0159any, Cholupice, To\u010dn\u00e1 v\u00e0 Kam\u00fdk. T\u1ea1i \u0111\u00e2y c\u00f3 nh\u1eefng khu chung c\u01b0 v\u00e0 bi\u1ec7t th\u1ef1, tr\u1ea3i d\u00e0i theo b\u1edd s\u00f4ng Vltava l\u00e0 c\u00e1c x\u00ed nghi\u1ec7p to, nh\u01b0ng tr\u00ean \u0111\u1ecba b\u00e0n c\u0169ng c\u00f3 nh\u1eefng di t\u00edch thi\u00ean nhi\u00ean v\u00e0 c\u00e1c qu\u1ea7n th\u1ec3 th\u1ef1c v\u1eadt v\u00e0 \u0111\u1ed9ng v\u1eadt \u0111\u1ed9c \u0111\u00e1o \u0111\u01b0\u1ee3c b\u1ea3o v\u1ec7 v\u00e0 ch\u1ec9 d\u1eabn tr\u00ean c\u00e1c con \u0111\u01b0\u1eddng gi\u00e1o d\u1ee5c. C\u00e1c khu r\u1eebng, \u0111\u1ed3ng c\u1ecf v\u00e0 s\u00f4ng t\u1ea1o \u0111i\u1ec1u ki\u1ec7n \u0111\u1ec3 ngh\u1ec9 ng\u01a1i v\u00e0 ch\u01a1i th\u1ec3 thao.<\/p>\n<p>Qu\u1eadn Praha 12 \u0111\u00e3 m\u1ed9t th\u1eddi gian d\u00e0i t\u00edch c\u1ef1c h\u1ed7 tr\u1ee3 h\u1ed9i nh\u1eadp ng\u01b0\u1eddi di c\u01b0 v\u00e0o x\u00e3 h\u1ed9i S\u00e9c. T\u1eeb n\u0103m 2009 s\u1ef1 h\u1ed7 tr\u1ee3 t\u1eadp trung v\u00e0o l\u0129nh v\u1ef1c gi\u00e1o d\u1ee5c tr\u1ebb em v\u00e0 h\u1ecdc sinh \u1edf tr\u01b0\u1eddng m\u1eabu gi\u00e1o v\u00e0 ph\u1ed5 th\u00f4ng, v\u00e0o vi\u1ec7c h\u1ee3p t\u00e1c v\u1edbi ph\u1ee5 huynh, cung c\u1ea5p th\u00f4ng tin cho c\u00f4ng ch\u00fang v\u00e0 c\u00e1c l\u0129nh v\u1ef1c kh\u00e1c t\u00f9y theo nhu c\u1ea7u hi\u1ec7n t\u1ea1i c\u1ee7a x\u00e3 h\u1ed9i.<\/p>\n<p>Qu\u1eadn Praha 12 h\u1ee3p t\u00e1c v\u1edbi c\u00e1c t\u1ed5 ch\u1ee9c kh\u00e1c h\u1ed7 tr\u1ee3 vi\u1ec7c gi\u1ea3ng d\u1ea1y ti\u1ebfng S\u00e9c cho tr\u1ebb em v\u00e0 ng\u01b0\u1eddi l\u1edbn n\u00f3i ti\u1ebfng n\u01b0\u1edbc ngo\u00e0i. C\u00e1c b\u00e0i gi\u1ea3ng d\u1ea1y ti\u1ebfng S\u00e9c \u0111\u01b0\u1ee3c l\u00e0m m\u1edbi, b\u1ed5 sung v\u00e0 h\u1ea5p d\u1eabn h\u01a1n, v\u00ed d\u1ee5 nh\u01b0 s\u1eed d\u1ee5ng c\u00e1c tr\u00f2 ch\u01a1i board game. H\u1ecd c\u0169ng ch\u00fa tr\u1ecdng v\u00e0o vi\u1ec7c \u0111\u00e0o t\u1ea1o c\u00e1c gi\u00e1o vi\u00ean chuy\u00ean d\u1ea1y ti\u1ebfng S\u00e9c cho ng\u01b0\u1eddi n\u01b0\u1edbc ngo\u00e0i.<\/p>\n<p>C\u00e1c tr\u01b0\u1eddng h\u1ecdc \u1edf Praha 12 t\u1ed5 ch\u1ee9c c\u00e1c ho\u1ea1t \u0111\u1ed9ng chung cho b\u1ed1 m\u1eb9 v\u00e0 tr\u1ebb em v\u1edbi c\u1ea3 m\u1ee5c \u0111\u00edch k\u1ebft n\u1ed1i ng\u01b0\u1eddi n\u01b0\u1edbc ngo\u00e0i v\u1edbi c\u1ed9ng \u0111\u1ed3ng \u0111\u1ecba ph\u01b0\u01a1ng.<\/p>\n<p>T\u1ea1i Praha 12 hi\u1ec7n gi\u1edd c\u00f3 d\u1ecbch v\u1ee5 t\u01b0 v\u1ea5n x\u00e3 h\u1ed9i v\u00e0 ph\u00e1p l\u00fd d\u00e0nh cho ng\u01b0\u1eddi n\u01b0\u1edbc ngo\u00e0i.<\/p>\n<p>Nh\u1edd s\u1ef1 h\u1ed7 tr\u1ee3 h\u1ed9i nh\u1eadp ng\u01b0\u1eddi n\u01b0\u1edbc ngo\u00e0i l\u00e2u d\u00e0i tr\u00ean \u0111\u1ecba b\u00e0n, c\u00f3 nh\u1eefng d\u1ef1 \u00e1n h\u1ed9i nh\u1eadp \u0111\u1ed9c l\u1eadp ra \u0111\u1eddi, v\u00ed d\u1ee5 nh\u01b0 tr\u01b0\u1eddng m\u1eabu gi\u00e1o S\u00e9c-Trung.<\/p>\n<p>Tr\u01b0\u1eddng PTCS v\u00e0 m\u1eabu gi\u00e1o ANGEL t\u1ea1i Praha 12 c\u00f3 tham gia d\u1ef1 \u00e1n c\u1ee7a Th\u1ee7 \u0111\u00f4 Praha H\u1ed7 tr\u1ee3 gi\u1ea3ng d\u1ea1y ti\u1ebfng S\u00e9c cho ng\u01b0\u1eddi n\u01b0\u1edbc ngo\u00e0i c\u00f3 h\u1ec7 th\u1ed1ng.<\/p>\n<p>Trong qu\u1eadn Praha 12, c\u00e1c sinh vi\u00ean c\u1ee7a ch\u01b0\u01a1ng tr\u00ecnh Erasmus tham gia ph\u1ee5 \u0111\u1ea1o cho c\u00e1c em trong khu\u00f4n kh\u1ed5 m\u1ed9t d\u1ef1 \u00e1n th\u00ed \u0111i\u1ec3m. Nh\u1edd v\u1eady m\u00e0 k\u1ef9 n\u0103ng ng\u00f4n ng\u1eef c\u1ee7a c\u00e1c em h\u1ecdc sinh ti\u1ebfn b\u1ed9, v\u00e0 \u0111\u1ed3ng th\u1eddi gi\u00fap c\u00e1c em ng\u01b0\u1eddi n\u01b0\u1edbc ngo\u00e0i h\u1ed9i nh\u1eadp t\u1ed1t h\u01a1n t\u1eeb ph\u00eda b\u00ean kia. \u0110\u00e2y c\u0169ng l\u00e0 m\u1ed9t trong nh\u1eefng \u0111i\u1ec1u n\u1eb1m trong ch\u01b0\u01a1ng tr\u00ecnh h\u1ed9i nh\u1eadp c\u1ee7a \u1ee6y ban qu\u1eadn Praha 12.<\/p>\n<h4>Th\u00f4ng tin<\/h4>\n<ul>\n<li>T\u00e0i li\u1ec7u th\u00f4ng tin d\u00e0nh cho c\u00e1c tr\u01b0\u1eddng ti\u1ec3u h\u1ecdc v\u00e0 m\u1eabu gi\u00e1o t\u1ea1i Praha 12 trong giai \u0111o\u1ea1n hi\u1ec7n t\u1ea1i 2025\/2026 c\u00f3 th\u1ec3 \u0111\u01b0\u1ee3c t\u00ecm th\u1ea5y <a href=\"https:\/\/www.praha12.cz\/brozury-ms-a-zs-v-praze-12-prijdte-se-podivat\/d-87153\">t\u1ea1i \u0111\u00e2y<\/a>.<\/li>\n<li>B\u1ea1n kh\u00f4ng th\u1ec3 t\u00ecm th\u1ea5y li\u00ean k\u1ebft t\u1edbi t\u1edd b\u00e1o c\u1ee7a qu\u1eadn Praha 12 <a href=\"https:\/\/www.praha12.cz\/noviny%2Dprahy%2D12\/ms-111931\/p1=111931\">t\u1ea1i \u0111\u00e2y<\/a>.<\/li>\n<\/ul>\n<p>B\u1ea1n c\u00f3 th\u1ec3 t\u00ecm th\u1ea5y trang web c\u1ee7a qu\u1eadn Praha 12 b\u1eb1ng m\u1ed9t s\u1ed1 ng\u00f4n ng\u1eef:<\/p>\n<ul class=\"bullet-links\">\n<li><a href=\"https:\/\/www.praha12.cz\/information-for-foreigners\/ds-1432\/p1=67384#en\">Ti\u1ebfng Anh<\/a><\/li>\n<li><a href=\"https:\/\/www.praha12.cz\/information-for-foreigners\/ds-1432\/p1=67384#rus\">Ti\u1ebfng Nga<\/a><\/li>\n<li><a href=\"https:\/\/www.praha12.cz\/information-for-foreigners\/ds-1432\/p1=67384#ukr\">Ti\u1ebfng Ucraina<\/a><\/li>\n<li><a href=\"https:\/\/www.praha12.cz\/information-for-foreigners\/ds-1432\/p1=67384#viet\">Ti\u1ebfng Vi\u1ec7t<\/a><\/li>\n<\/ul>\n<h3><\/h3>\n<h3>Qu\u1eadn th\u00e0nh ph\u1ed1 Praha-ph\u01b0\u1eddng Libu\u0161<\/h3>\n<h3>\u1ee6Y BAN QU\u1eacN PRAHA-LIBU\u0160<\/h3>\n<p><strong>\u0111\u1ecba ch\u1ec9:<\/strong> Libu\u0161sk\u00e1 35\/200, 142 00 Praha 4 \u2013 Libu\u0161<\/p>\n<p><strong>\u0111i\u1ec7n tho\u1ea1i &#8211; V\u0103n ph\u00f2ng Th\u1ecb tr\u01b0\u1edfng v\u00e0 ph\u00f2ng n\u1ed9p h\u1ed3 s\u01a1:<\/strong> + 420 244 471 884<\/p>\n<p><strong>e-mail:<\/strong> mc.libus@praha-libus.cz<\/p>\n<p><strong>trang web:<\/strong> www.praha-libus.cz<\/p>\n<p>Qu\u1eadn Praha-Libu\u0161 bao g\u1ed3m hai ph\u01b0\u1eddng: P\u00edsnice v\u00e0 Libu\u0161. \u1ee6y ban qu\u1eadn ch\u1ec9 cung c\u1ea5p nh\u1eefng d\u1ecbch v\u1ef1 t\u1ed1i thi\u1ec3u cho ng\u01b0\u1eddi d\u00e2n nh\u01b0 \u0111\u0103ng k\u00fd th\u01b0\u1eddng tr\u00fa, c\u1ea5p phi\u1ebfu c\u00e2u c\u00e1, cho ph\u00e9p ch\u1eb7t c\u00e2y b\u00ean ngo\u00e0i r\u1eebng, m\u1ecdi d\u1ecbch v\u1ee5 c\u1ee7a Czech point, qu\u1ea3n l\u00fd c\u00e1c lo\u1ea1i ph\u00ed \u0111\u1ecba ph\u01b0\u01a1ng t\u1eeb nh\u00e0 \u1edf, ngh\u1ec9 d\u01b0\u1ee1ng, nu\u00f4i ch\u00f3, r\u00e0o kh\u00f4ng gian c\u00f4ng c\u1ed9ng v\u00e0 x\u1eed l\u00fd vi ph\u1ea1m h\u00e0nh ch\u00ednh.<\/p>\n<div class=\"box-fixa\">Trong khu\u00f4n kh\u1ed5 ph\u00e2n ph\u1ed1i d\u1ecbch v\u1ee5 cho ng\u01b0\u1eddi d\u00e2n th\u1ee7 \u0111\u00f4 Praha, qu\u1eadn Praha-Libu\u0161 l\u00e0 m\u1ed9t ph\u1ea7n c\u1ee7a qu\u1eadn h\u00e0nh ch\u00ednh Qu\u1eadn Praha 12. T\u1ea1i \u0111\u00e2y ng\u01b0\u1eddi d\u00e2n c\u00f3 th\u1ec3 t\u00ecm th\u1ea5y c\u00e1c d\u1ecbch v\u1ee5 c\u00f2n l\u1ea1i nh\u01b0 th\u1ed1ng k\u00ea d\u00e2n s\u1ed1, c\u1ea5p th\u1ebb ch\u1ee9ng minh nh\u00e2n d\u00e2n v\u00e0 h\u1ed9 chi\u1ebfu, <a href=\"https:\/\/www.praha12.cz\/odbor-zivnostensky\/ms-63101\/p1=63101\">ph\u00f2ng th\u01b0\u01a1ng m\u1ea1i<\/a>, <a href=\"https:\/\/www.praha12.cz\/odbor-socialnich-veci\/ms-63116\/p1=63116\">ph\u00f2ng x\u00e3 h\u1ed9i<\/a>, <a href=\"https:\/\/www.praha12.cz\/odbor-dopravy\/ms-63151\/p1=63151\">ph\u00f2ng giao th\u00f4ng<\/a> v\u00e0 <a href=\"https:\/\/www.praha12.cz\/odbor-zivotniho-prostredi\/ms-63096\/p1=63096\">ph\u00f2ng m\u00f4i tr\u01b0\u1eddng<\/a>.<\/div>\n<p>Trong qu\u1eadn, cu\u1ed9c s\u1ed1ng th\u00e0nh th\u1ecb \u0111an xen cu\u1ed9c s\u1ed1ng l\u00e0ng x\u00e3. \u1ede g\u1ea7n Mod\u0159ansk\u00e1 rokle cho b\u1ea1n c\u01a1 h\u1ed9i \u0111\u01b0\u1ee3c ngh\u1ec9 ng\u01a1i th\u01b0 gi\u00e3n. Nh\u1eefng n\u0103m g\u1ea7n \u0111\u00e2y c\u00f3 m\u1ed9 s\u1ed1 doanh nghi\u1ec7p l\u1eadp tr\u1ee5 s\u1edf t\u1ea1i qu\u1eadn v\u00e0 c\u00e2n b\u1eb1ng s\u1ef1 hi\u1ec7n di\u1ec7n c\u1ee7a trung t\u00e2m th\u01b0\u01a1ng m\u1ea1i Sapa b\u1eb1ng s\u1ef1 \u0111a d\u1ea1ng c\u1ee7a m\u00ecnh.<\/p>\n<p>Qu\u1eadn Praha-ph\u01b0\u1eddng Libu\u0161 t\u1eeb l\u00e2u t\u00edch c\u1ef1c h\u1ed7 tr\u1ee3 h\u1ed9i nh\u1eadp ng\u01b0\u1eddi di c\u01b0 v\u00e0o x\u00e3 h\u1ed9i S\u00e9c tr\u00ean \u0111\u1ecba b\u00e0n c\u1ee7a m\u00ecnh. S\u1ef1 h\u1ed7 tr\u1ee3 t\u1eadp trung v\u00e0o l\u0129nh v\u1ef1c gi\u00e1o d\u1ee5c tr\u1ebb em v\u00e0 h\u1ecdc sinh t\u1ea1i c\u00e1c tr\u01b0\u1eddng m\u1eabu gi\u00e1o v\u00e0 ph\u1ed5 th\u00f4ng, gi\u00e1o d\u1ee5c thanh thi\u1ebfu ni\u00ean v\u00e0 ng\u01b0\u1eddi l\u1edbn n\u01b0\u1edbc ngo\u00e0i v\u00e0 h\u1ee3p t\u00e1c v\u1edbi c\u1ed9ng \u0111\u1ed3ng khi chu\u1ea9n b\u1ecb c\u00e1c s\u1ef1 ki\u1ec7n v\u0103n h\u00f3a x\u00e3 h\u1ed9i. Tr\u00ean c\u01a1 s\u1edf c\u00e1c t\u00e0i tr\u1ee3 m\u1ed9t n\u0103m c\u1ee7a B\u1ed9 N\u1ed9i v\u1ee5 CH S\u00e9c, qu\u1eadn li\u00ean t\u1ee5c t\u00e0i tr\u1ee3 h\u1ec7 th\u1ed1ng c\u00e1c bi\u1ec7n ph\u00e1p h\u1ed7 tr\u1ee3 t\u1ea1i tr\u01b0\u1eddng h\u1ecdc v\u00e0 m\u1eabu gi\u00e1o bao g\u1ed3m c\u1ea3 nh\u1eefng kh\u00f3a h\u1ecdc v\u00e0 ho\u1ea1t \u0111\u1ed9ng d\u1ef1 b\u1ecb cho tr\u1ebb em ch\u01b0a bi\u1ebft ti\u1ebfng S\u00e9c tr\u01b0\u1edbc khi v\u00e0o h\u1ecdc tr\u01b0\u1eddng m\u1eabu gi\u00e1o ho\u1eb7c ph\u1ed5 th\u00f4ng, \u0111\u1ed3ng th\u1eddi qu\u1eadn t\u1ed5 ch\u1ee9c b\u1ed1n kh\u00f3a h\u1ecdc ti\u1ebfng S\u00e9c bu\u1ed5i t\u1ed1i song song cho thanh thi\u1ebfu ni\u00ean v\u00e0 ng\u01b0\u1eddi l\u1edbn Vi\u1ec7t Nam, qu\u1eadn t\u1ed5 ch\u1ee9c b\u1ed1n s\u1ef1 ki\u1ec7n v\u0103n h\u00f3a c\u1ed9ng \u0111\u1ed3ng l\u1edbn v\u00e0 nhi\u1ec1u ho\u1ea1t \u0111\u1ed9ng nh\u1ecf nh\u01b0 c\u00e1c bu\u1ed5i t\u1ed1i theo ch\u1ee7 \u0111\u1ec1, c\u00e1c bu\u1ed5i h\u1ed9i th\u1ea3o v\u00e0 workshop cho c\u00f4ng ch\u00fang.<\/p>\n<h4>Li\u00ean k\u1ebft<\/h4>\n<ul>\n<li>Trong ph\u1ea7n Qu\u1eadn th\u00e0nh ph\u1ed1 Praha-ph\u01b0\u1eddng Libu\u0161, b\u1ea1n s\u1ebd t\u00ecm th\u1ea5y tab <a href=\"https:\/\/www.praha-libus.cz\/informace-pro-cizince\">Th\u00f4ng tin d\u00e0nh cho ng\u01b0\u1eddi n\u01b0\u1edbc ngo\u00e0i.<\/a><\/li>\n<\/ul>\n<p>&nbsp;<\/p>\n<h3>C\u00e1c c\u01a1 quan kh\u00e1c:<\/h3>\n<h3>Chi nh\u00e1nh S\u1edf lao \u0111\u1ed9ng<\/h3>\n<p>V\u0103n ph\u00f2ng li\u00ean h\u1ec7 Praha 4\u00a0 (cho Praha 4, 11 v\u00e0 12)<\/p>\n<p><strong><a href=\"https:\/\/www.uradprace.cz\/web\/cz\/volna-mista-v-cr\">Li\u00ean h\u1ec7 n\u01a1i l\u00e0m vi\u1ec7c, Vi\u1ec7c l\u00e0m<\/a><\/strong><\/p>\n<p>&nbsp;<\/p>\n<p><strong>Ph\u00f2ng An sinh X\u00e3 h\u1ed9i Praha (PSSZ)<\/strong><\/p>\n<div class=\"box-ok\">Ph\u1ea1m vi l\u00e3nh th\u1ed5 c\u1ee7a v\u0103n ph\u00f2ng kh\u00f4ng \u0111\u01b0\u1ee3c x\u00e1c \u0111\u1ecbnh. Do \u0111\u00f3, b\u1ea1n c\u00f3 th\u1ec3 ch\u1ecdn b\u1ea5t k\u1ef3 n\u01a1i l\u00e0m vi\u1ec7c n\u00e0o b\u1ea5t k\u1ec3 n\u01a1i c\u01b0 tr\u00fa ho\u1eb7c v\u0103n ph\u00f2ng \u0111\u00e3 \u0111\u0103ng k\u00fd c\u1ee7a b\u1ea1n.<\/p>\n<p><a href=\"\/\/www.cssz.cz\/cz\/kontakty\/krajska-a-okresni-pracoviste\/praha\/\">Li\u00ean h\u1ec7 v\u1edbi c\u00e1c v\u0103n ph\u00f2ng chi nh\u00e1nh<\/a> <\/div>\n<p><strong>S\u1edf thu\u1ebf<\/strong><\/p>\n<p>V\u0103n ph\u00f2ng khu v\u1ef1c Praha 4<\/p>\n<p><strong>\u0110\u1ecba ch\u1ec9:<\/strong> Bud\u011bjovick\u00e1 409\/1, 140 00 Praha 4<\/p>\n<p><a href=\"https:\/\/www.financnisprava.cz\/cs\/financni-sprava\/financni-sprava-cr\/organizacni-struktura\/organy-financni-spravy\/uzemni-pracoviste\/2004-uzemni-pracoviste-pro-prahu-4\">Th\u00f4ng tin li\u00ean l\u1ea1c<\/a><\/p>","protected":false},"excerpt":{"rendered":"<p>Qu\u1eadn Praha 12 Qu\u1eadn Praha &#8211; Libu\u0161\u00a0 &nbsp; Qu\u1eadn Praha 12 V\u0102N PH\u00d2NG QU\u1eacN TH\u00c0NH PH\u1ed0 PRAHA 12 \u0111\u1ecba ch\u1ec9: Gener\u00e1la \u0160i\u0161ky 2375\/6, 143 00 Praha 4 &#8211; Mod\u0159any t\u1ed5ng \u0111\u00e0i \u0111i\u1ec7n tho\u1ea1i, ph\u00f2ng th\u00f4ng tin: 244 028 111 trang&#8230;<\/p>\n<a class=\"more-block\" href=\"https:\/\/metropolevsech.eu\/vi\/kontakty\/urady-v-praze\/mestske-casti\/jednotlive-mestske-casti\/mestska-cast-praha-12\/\">\u0110\u1ecdc th\u00eam<\/a>","protected":false},"author":7,"featured_media":0,"parent":3406,"menu_order":12,"comment_status":"closed","ping_status":"closed","template":"","meta":[],"acf":[],"_links":{"self":[{"href":"https:\/\/metropolevsech.eu\/vi\/wp-json\/wp\/v2\/pages\/3430"}],"collection":[{"href":"https:\/\/metropolevsech.eu\/vi\/wp-json\/wp\/v2\/pages"}],"about":[{"href":"https:\/\/metropolevsech.eu\/vi\/wp-json\/wp\/v2\/types\/page"}],"author":[{"embeddable":true,"href":"https:\/\/metropolevsech.eu\/vi\/wp-json\/wp\/v2\/users\/7"}],"replies":[{"embeddable":true,"href":"https:\/\/metropolevsech.eu\/vi\/wp-json\/wp\/v2\/comments?post=3430"}],"version-history":[{"count":10,"href":"https:\/\/metropolevsech.eu\/vi\/wp-json\/wp\/v2\/pages\/3430\/revisions"}],"predecessor-version":[{"id":22422,"href":"https:\/\/metropolevsech.eu\/vi\/wp-json\/wp\/v2\/pages\/3430\/revisions\/22422"}],"up":[{"embeddable":true,"href":"https:\/\/metropolevsech.eu\/vi\/wp-json\/wp\/v2\/pages\/3406"}],"wp:attachment":[{"href":"https:\/\/metropolevsech.eu\/vi\/wp-json\/wp\/v2\/media?parent=3430"}],"curies":[{"name":"wp","href":"https:\/\/api.w.org\/{rel}","templated":true}]}}