{"id":3432,"date":"2017-05-14T22:39:02","date_gmt":"2017-05-14T20:39:02","guid":{"rendered":"https:\/\/metropolevsech.eu\/?page_id=3432"},"modified":"2025-02-13T11:41:42","modified_gmt":"2025-02-13T10:41:42","slug":"mestska-cast-praha-13","status":"publish","type":"page","link":"https:\/\/metropolevsech.eu\/vi\/kontakty\/urady-v-praze\/mestske-casti\/jednotlive-mestske-casti\/mestska-cast-praha-13\/","title":{"rendered":"Qu\u1eadn Praha 13"},"content":{"rendered":"<p><\/p>\n<h3>\u1ee6Y BAN QU\u1eacN PRAHA 13<\/h3>\n<p>Slune\u010dn\u00ed n\u00e1m\u011bst\u00ed 2580\/13, 158 00 Praha 5<\/p>\n<p>\u0111i\u1ec7n tho\u1ea1i: 800 130 000, 235 011 111<\/p>\n<p>trang web:\u00a0<a href=\"http:\/\/www.praha13.cz\/\">www.praha13.cz<\/a><\/p>\n<p>Qu\u1eadn Praha 13 bao g\u1ed3m 5 ph\u01b0\u1eddng tr\u1ecdn v\u1eb9n: Stod\u016flky, Lu\u017einy, Nov\u00e9 Butovice, Velk\u00e1 Ohrada v\u00e0 T\u0159ebonice. Tr\u00ean \u0111\u1ecba b\u00e0n c\u1ee7a Praha 13 n\u01a1i k\u1ebft n\u1ed1i khu nh\u00e0 c\u0169 v\u1edbi khu chung c\u01b0 beton c\u00f3 xa l\u1ed9 D5 v\u1ec1 h\u01b0\u1edbng Plze\u0148 ti\u1ebfp \u0111\u1ebfn \u0110\u1ee9c b\u1eaft \u0111\u1ea7u v\u00e0 k\u1ebft th\u00fac.<\/p>\n<p>\u1ee6y ban qu\u1eadn Praha 13 t\u00edch c\u1ef1c h\u1ed7 tr\u1ee3 h\u1ed9i nh\u1eadp ng\u01b0\u1eddi di c\u01b0 v\u00e0o x\u00e3 h\u1ed9i S\u00e9c tr\u00ean \u0111\u1ecba b\u00e0n c\u1ee7a m\u00ecnh. S\u1ef1 h\u1ed7 tr\u1ee3 t\u1eadp trung v\u00e0o l\u0129nh v\u1ef1c gi\u00e1o d\u1ee5c tr\u1ebb em v\u00e0 h\u1ecdc sinh c\u00e1c tr\u01b0\u1eddng m\u1eabu gi\u00e1o v\u00e0 tr\u01b0\u1eddng PTCS v\u00e0 l\u0129nh v\u1ef1c chung s\u1ed1ng. Qu\u1eadn Praha 13 \u0111\u00e3 th\u1ef1c hi\u1ec7n d\u1ef1 \u00e1n\u00a0<em>Spole\u010dn\u00e1 adresa \u2013 Praha 13 (\u0110\u1ecba ch\u1ec9 chung \u2013 Praha 13)<\/em>\u00a0m\u1ea5y n\u0103m nay. Trong khu\u00f4n kh\u1ed5 d\u1ef1 \u00e1n \u0111\u00e3 t\u1ed5 ch\u1ee9c s\u1ef1 ki\u1ec7n v\u0103n h\u00f3a\u00a0<em>Nejsme si ciz\u00ed (Ch\u00fang ta kh\u00f4ng xa l\u1ea1)\u00a0<\/em>v\u00e0o n\u0103m 2016 c\u00f9ng v\u1edbi ch\u01b0\u01a1ng tr\u00ecnh bu\u1ed5i chi\u1ec1u cho tr\u1ebb em v\u00e0 ng\u01b0\u1eddi l\u1edbn. T\u1ea1i qu\u1eadn n\u00e0y c\u0169ng th\u01b0\u1eddng xuy\u00ean di\u1ec5n ra c\u00e1c kh\u00f3a h\u1ecdc ti\u1ebfng S\u00e9c d\u00e0nh cho ng\u01b0\u1eddi l\u1edbn.<\/p>\n<h3>Chi nh\u00e1nh c\u1ee7a S\u1edf Lao \u0111\u1ed9ng<\/h3>\n<ul class=\"bullet\">\n<li><a href=\"https:\/\/www.uradprace.cz\/praha-5\">Praha 5<\/a>\u00a0&#8211; V\u0103n ph\u00f2ng li\u00ean h\u1ec7 Praha 5 (cho Praha 5, 13 v\u00e0 16)<\/li>\n<\/ul>\n<p><a href=\"https:\/\/www.uradprace.cz\/praha-5\">Li\u00ean h\u1ec7<\/a>,\u00a0<a href=\"https:\/\/www.uradprace.cz\/web\/cz\/volna-mista-v-cr\">Tuy\u1ec3n d\u1ee5ng<\/a><a href=\"https:\/\/www.uradprace.cz\/kontakty-na-zamestnance-4\"><\/a><\/p>\n<h3>Chi nh\u00e1nh c\u1ee7a C\u1ee5c B\u1ea3o hi\u1ec3m x\u00e3 h\u1ed9i Praha<\/h3>\n<p>C\u1ee5c b\u1ea3o hi\u1ec3m x\u00e3 h\u1ed9i Praha kh\u00f4ng quy \u0111\u1ecbnh ph\u1ea1m vi l\u00e3nh th\u1ed5 quy\u1ec1n h\u00e0nh cho t\u1eebng chi nh\u00e1nh. V\u00ec v\u1eady, b\u1ea1n c\u00f3 th\u1ec3 t\u1edbi b\u1ea5t k\u1ef3 ph\u00f2ng b\u1ea3o hi\u1ec3m x\u00e3 h\u1ed9i n\u00e0o m\u00e0 kh\u00f4ng ph\u1ee5 thu\u1ed9c v\u00e0o \u0111\u1ecba ch\u1ec9 c\u01b0 tr\u00fa c\u1ee7a m\u00ecnh.<\/p>\n<ul class=\"bullet-links\">\n<li><u><a href=\"http:\/\/www.cssz.cz\/cz\/kontakty\/krajska-a-okresni-pracoviste\/praha\/\">Th\u00f4ng tin chi ti\u1ebft v\u1ec1 t\u1eebng chi nh\u00e1nh<\/a><\/u><\/li>\n<\/ul>\n<h3>Chi nh\u00e1nh c\u1ee7a S\u1edf Thu\u1ebf<\/h3>\n<ul class=\"bullet\">\n<li>V\u0103n ph\u00f2ng khu v\u1ef1c\u00a0<a href=\"https:\/\/www.financnisprava.cz\/cs\/financni-sprava\/financni-sprava-cr\/organizacni-struktura\/organy-financni-spravy\/uzemni-pracoviste\/2005-uzemni-pracoviste-pro-prahu-5\">Praha 5<\/a><\/li>\n<\/ul>\n<p><\/p>","protected":false},"excerpt":{"rendered":"<p>\u1ee6Y BAN QU\u1eacN PRAHA 13 Slune\u010dn\u00ed n\u00e1m\u011bst\u00ed 2580\/13, 158 00 Praha 5 \u0111i\u1ec7n tho\u1ea1i: 800 130 000, 235 011 111 trang web:\u00a0www.praha13.cz Qu\u1eadn Praha 13 bao g\u1ed3m 5 ph\u01b0\u1eddng tr\u1ecdn v\u1eb9n: Stod\u016flky, Lu\u017einy, Nov\u00e9 Butovice, Velk\u00e1 Ohrada v\u00e0 T\u0159ebonice. Tr\u00ean&#8230;<\/p>\n<a class=\"more-block\" href=\"https:\/\/metropolevsech.eu\/vi\/kontakty\/urady-v-praze\/mestske-casti\/jednotlive-mestske-casti\/mestska-cast-praha-13\/\">\u0110\u1ecdc th\u00eam<\/a>","protected":false},"author":7,"featured_media":0,"parent":3406,"menu_order":13,"comment_status":"closed","ping_status":"closed","template":"","meta":[],"acf":[],"_links":{"self":[{"href":"https:\/\/metropolevsech.eu\/vi\/wp-json\/wp\/v2\/pages\/3432"}],"collection":[{"href":"https:\/\/metropolevsech.eu\/vi\/wp-json\/wp\/v2\/pages"}],"about":[{"href":"https:\/\/metropolevsech.eu\/vi\/wp-json\/wp\/v2\/types\/page"}],"author":[{"embeddable":true,"href":"https:\/\/metropolevsech.eu\/vi\/wp-json\/wp\/v2\/users\/7"}],"replies":[{"embeddable":true,"href":"https:\/\/metropolevsech.eu\/vi\/wp-json\/wp\/v2\/comments?post=3432"}],"version-history":[{"count":4,"href":"https:\/\/metropolevsech.eu\/vi\/wp-json\/wp\/v2\/pages\/3432\/revisions"}],"predecessor-version":[{"id":21873,"href":"https:\/\/metropolevsech.eu\/vi\/wp-json\/wp\/v2\/pages\/3432\/revisions\/21873"}],"up":[{"embeddable":true,"href":"https:\/\/metropolevsech.eu\/vi\/wp-json\/wp\/v2\/pages\/3406"}],"wp:attachment":[{"href":"https:\/\/metropolevsech.eu\/vi\/wp-json\/wp\/v2\/media?parent=3432"}],"curies":[{"name":"wp","href":"https:\/\/api.w.org\/{rel}","templated":true}]}}