{"id":3434,"date":"2017-05-14T22:40:50","date_gmt":"2017-05-14T20:40:50","guid":{"rendered":"https:\/\/metropolevsech.eu\/?page_id=3434"},"modified":"2025-02-13T13:30:06","modified_gmt":"2025-02-13T12:30:06","slug":"mestska-cast-praha-14","status":"publish","type":"page","link":"https:\/\/metropolevsech.eu\/vi\/kontakty\/urady-v-praze\/mestske-casti\/jednotlive-mestske-casti\/mestska-cast-praha-14\/","title":{"rendered":"Qu\u1eadn Praha 14"},"content":{"rendered":"<p><\/p>\n<h3>\u1ee6Y BAN QU\u1eacN PRAHA 14<\/h3>\n<p>&nbsp;<\/p>\n<p>Brat\u0159\u00ed Vencl\u00edk\u016f 1073\/8, 198 21 Praha 9 \u2013 \u010cern\u00fd Most<\/p>\n<p><strong>t\u1ed5ng \u0111\u00e0i:<\/strong> 225 295 101, v\u0103n ph\u00f2ng th\u00f4ng tin: 225 295 270, ph\u00f2ng nh\u1eadn h\u1ed3 s\u01a1: 281 912 861<\/p>\n<p><strong>e-mail:<\/strong>\u00a0<a href=\"mailto:podatelna@praha14.cz\">podatelna@praha14.cz<\/a>,\u00a0<a href=\"mailto:informace@praha14.cz\">informace@praha14.cz<\/a><\/p>\n<p><strong>trang web:<\/strong>\u00a0<a href=\"\/\/www.praha14.cz\">www.praha14.cz<\/a><\/p>\n<p>&nbsp;<\/p>\n<p><strong>Ng\u01b0\u1eddi li\u00ean h\u1ec7 trong l\u0129nh v\u1ef1c h\u1ed9i nh\u1eadp:<\/strong><\/p>\n<p><span style=\"font-weight: 400;\">Franti\u0161ek Brad\u00e1\u010d <\/span><a href=\"mailto:frantisek.bradac@praha14.cz\"><span style=\"font-weight: 400;\">frantisek.bradac@praha14.cz<\/span><\/a><span style=\"font-weight: 400;\"> DiS.,\u00a0<\/span><\/p>\n<p><span style=\"font-weight: 400;\">Mgr. Liudmila Gasina <\/span><a href=\"mailto:liudmila.gasina@praha14.cz\"><span style=\"font-weight: 400;\">liudmila.gasina@praha14.cz<\/span><\/a><span style=\"font-weight: 400;\">\u00a0<\/span><\/p>\n<p><strong>\u0111i\u1ec7n tho\u1ea1i:<\/strong> 225\u00a0295\u00a0343<\/p>\n<p>&nbsp;<\/p>\n<p>Qu\u1eadn Praha 14 n\u1eb1m \u1edf ranh gi\u1edbi \u0111\u00f4ng b\u1eafc c\u1ee7a Praha bao g\u1ed3m c\u00e1c ph\u01b0\u1eddng l\u1ecbch s\u1eed ban \u0111\u1ea7u Kyje, Hloub\u011bt\u00edn v\u00e0 Hostavice, v\u00e0 c\u00e1c khu chung c\u01a1 m\u1edbi h\u00ecnh th\u00e0nh sau n\u00e0y \u010cern\u00fd Most I a II.<\/p>\n<p>\u1ee6y ban qu\u1eadn Praha 14 t\u1eeb l\u00e2u \u0111\u00e3 t\u00edch c\u1ef1c h\u1ed7 tr\u1ee3 h\u1ed9i nh\u1eadp ng\u01b0\u1eddi di c\u01b0 v\u00e0o x\u00e3 h\u1ed9i S\u00e9c tr\u00ean \u0111\u1ecba b\u00e0n c\u1ee7a m\u00ecnh. Trong c\u00e1c ho\u1ea1t \u0111\u1ed9ng c\u1ee7a m\u00ecnh, qu\u1eadn ch\u00fa tr\u1ecdng v\u00e0o nh\u1eefng l\u0129nh v\u1ef1c sau:<\/p>\n<ul>\n<li>H\u1ed7 tr\u1ee3 c\u00e1 nh\u00e2n v\u00e0 to\u00e0n di\u1ec7n cho c\u00e1c tr\u1ebb em n\u01b0\u1edbc ngo\u00e0i t\u1ea1i tr\u01b0\u1eddng ph\u1ed5 th\u00f4ng v\u00e0 tr\u01b0\u1eddng m\u1eabu gi\u00e1o, bao g\u1ed3m c\u1ea3 \u0111\u00e0o t\u1ea1o gi\u00e1o vi\u00ean;<\/li>\n<li>D\u1ea1y ti\u1ebfng S\u00e9c, hi\u1ec3u bi\u1ebft \u0111\u1ecba l\u00fd l\u1ecbch s\u1eed S\u00e9c v\u00e0 ph\u00e1p lu\u1eadt li\u00ean quan \u0111\u1ebfn vi\u1ec7c c\u01b0 tr\u00fa t\u1ea1i CH S\u00e9c cho ng\u01b0\u1eddi l\u1edbn n\u01b0\u1edbc ngo\u00e0i;<\/li>\n<li>So\u1ea1n th\u1ea3o v\u00e0 ph\u00e2n ph\u1ed1i c\u00e1c t\u00e0i li\u1ec7u th\u00f4ng tin cho ng\u01b0\u1eddi n\u01b0\u1edbc ngo\u00e0i;<\/li>\n<li>Cung c\u1ea5p d\u1ecbch v\u1ee5 t\u01b0 v\u1ea5n x\u00e3 h\u1ed9i v\u00e0 ph\u00e1p l\u00fd h\u1ee3p t\u00e1c v\u1edbi T\u1ed5 ch\u1ee9c gi\u00fap \u0111\u1ee1 ng\u01b0\u1eddi t\u1ecb n\u1ea1n v\u00e0 Trung t\u00e2m h\u1ed9i nh\u1eadp Praha;<\/li>\n<li>Th\u00fac \u0111\u1ea9y vi\u1ec7c chung s\u1ed1ng th\u00e2n thi\u1ec7n qua c\u00e1c chi\u1ebfn d\u1ecbch, d\u1ef1 \u00e1n v\u00e0 c\u00e1c s\u1ef1 ki\u1ec7n v\u0103n h\u00f3a;<\/li>\n<li>T\u00e0i tr\u1ee3 cho c\u00e1c ho\u1ea1t \u0111\u1ed9ng v\u00e0 d\u1ecbch v\u1ee5 cho ng\u01b0\u1eddi n\u01b0\u1edbc ngo\u00e0i trong ch\u01b0\u01a1ng tr\u00ecnh t\u00e0i tr\u1ee3 c\u1ee7a qu\u1eadn.<\/li>\n<\/ul>\n<p>\u1ee6y ban th\u00e0nh ph\u1ed1 Praha Qu\u1eadn 14 t\u1eeb l\u00e2u \u0111\u00e3 t\u00edch c\u1ef1c trong vi\u1ec7c h\u1ed7 tr\u1ee3 ng\u01b0\u1eddi di c\u01b0 h\u00f2a nh\u1eadp v\u00e0o x\u00e3 h\u1ed9i S\u00e9c tr\u00ean l\u00e3nh th\u1ed5 c\u1ee7a m\u00ecnh. Trong c\u00e1c ho\u1ea1t \u0111\u1ed9ng c\u1ee7a m\u00ecnh, qu\u1eadn th\u00e0nh ph\u1ed1 t\u1eadp trung v\u00e0o c\u00e1c l\u0129nh v\u1ef1c sau:<\/p>\n<ul class=\"bullet\">\n<li>T\u01b0 v\u1ea5n, cung c\u1ea5p th\u00f4ng tin v\u00e0 h\u1ed7 tr\u1ee3 ng\u01b0\u1eddi n\u01b0\u1edbc ngo\u00e0i<\/li>\n<li>H\u1ed7 tr\u1ee3 tr\u1ebb em<\/li>\n<li>\u0110\u00e0o t\u1ea1o ng\u01b0\u1eddi l\u1edbn<\/li>\n<li>T\u01b0 v\u1ea5n chuy\u00ean nghi\u1ec7p<\/li>\n<li>C\u00e1c s\u1ef1 ki\u1ec7n c\u1ed9ng \u0111\u1ed3ng v\u1edbi ti\u1ec1m n\u0103ng h\u1ed9i nh\u1eadp<\/li>\n<li>\u0110\u1eddi s\u1ed1ng v\u0103n h\u00f3a<\/li>\n<li>C\u00e1c d\u1ecbch v\u1ee5 h\u1eefu \u00edch c\u1ee7a \u1ee7y ban Praha 14<\/li>\n<\/ul>\n<p>&nbsp;<\/p>\n<h2><span style=\"color: #ff0000;\">T\u01af V\u1ea4N, CUNG C\u1ea4P TH\u00d4NG TIN V\u00c0 H\u1ed6 TR\u1ee2 NG\u01af\u1edcI N\u01af\u1edaC NGO\u00c0I<\/span><\/h2>\n<p><strong>S\u1eed d\u1ee5ng m\u1ea1ng x\u00e3 h\u1ed9i Praha<\/strong><strong> qu\u1eadn<\/strong><strong> 14<\/strong><\/p>\n<p>H\u1ea7u h\u1ebft c\u00e1c tin t\u1ee9c v\u1ec1 cu\u1ed9c s\u1ed1ng \u1edf qu\u1eadn c\u00f3 tr\u00ean c\u00e1c c\u1ed5ng th\u00f4ng tin ch\u00ednh \u0111\u01b0\u1ee3c cung c\u1ea5p b\u1eb1ng ti\u1ebfng S\u00e9c, \u0111\u00f3 l\u00e0 l\u00fd do t\u1ea1i sao Praha 14 \u0111\u00e3 thi\u1ebft l\u1eadp m\u1ea1ng x\u00e3 h\u1ed9i ri\u00eang, chia s\u1ebb tin t\u1ee9c li\u00ean quan v\u00e0 c\u00e1c s\u1ef1 ki\u1ec7n th\u00fa v\u1ecb b\u1eb1ng ti\u1ebfng Nga (Vkontakte), ti\u1ebfng Anh v\u00e0 ti\u1ebfng Vi\u1ec7t (Facebook).<\/p>\n<p><strong>Prague 14 Neighbours<\/strong><\/p>\n<p><a href=\"\/\/www.facebook.com\/groups\/prague14neighbours\/\">\/\/www.facebook.com\/groups\/prague14neighbours\/<\/a><\/p>\n<p><strong>C\u1ed9ng \u0111\u1ed3ng Praha 14<\/strong><\/p>\n<p><a href=\"\/\/www.facebook.com\/groups\/congdongpraha14\/\">\/\/www.facebook.com\/groups\/congdongpraha14\/<\/a><\/p>\n<p><strong>\u0421\u043e\u0441\u0435\u0434\u0438 \u041f\u0440\u0430\u0433\u0438 14<\/strong><\/p>\n<p><a href=\"\/\/vk.com\/sosediprahy14\">\/\/vk.com\/sosediprahy14<\/a><\/p>\n<p>&nbsp;<\/p>\n<h3><span style=\"color: #ff0000;\"><strong>T<\/strong><strong>h\u1ef1c hi\u1ec7n c\u00e1c c\u00f4ng<\/strong><strong> vi\u1ec7c giao v\u0103n h\u00f3a v\u00e0<\/strong><strong> c\u1ed9ng \u0111\u1ed3ng <\/strong><\/span><\/h3>\n<p>Qu\u1eadn Praha 14 cung c\u1ea5p mi\u1ec5n ph\u00ed c\u00e1c d\u1ecbch v\u1ee5 c\u1ee7a nh\u00e2n vi\u00ean giao v\u0103n h\u00f3a \u0111\u1ec3 h\u1ed7 tr\u1ee3 ng\u01b0\u1eddi di c\u01b0 trong c\u00e1c l\u0129nh v\u1ef1c kh\u00e1c nhau. H\u00e3y li\u00ean h\u1ec7 v\u1edbi nh\u00e2n vi\u00ean c\u1ee7a ch\u00fang t\u00f4i trong c\u00e1c tr\u01b0\u1eddng h\u1ee3p sau:<\/p>\n<ul class=\"bullet\">\n<li>B\u1ea1n m\u1edbi sang v\u00e0 mu\u1ed1n t\u00ecm c\u00e1c th\u00f4ng tin c\u01a1 b\u1ea3n nh\u01b0 t\u00ecm nh\u00e0, t\u00ecm b\u00e1c s\u0129, tr\u01b0\u1eddng h\u1ecdc ho\u1eb7c c\u00f4ng vi\u1ec7c (v.v.)<\/li>\n<li>B\u1ea1n c\u1ea7n t\u01b0 v\u1ea5n ph\u00e1p l\u00fd ho\u1eb7c x\u00e3 h\u1ed9i<\/li>\n<li>B\u1ea1n t\u00ecm c\u00e1c kh\u00f3a h\u1ecdc d\u1ea1y ti\u1ebfng S\u00e9c mi\u1ec5n ph\u00ed<\/li>\n<li>B\u1ea1n c\u1ea7n th\u00f4ng d\u1ecbch vi\u00ean v\u00ec ti\u1ebfng S\u00e9c c\u1ee7a b\u1ea1n ch\u01b0a \u0111\u1ee7 tr\u00ecnh \u0111\u1ed9<\/li>\n<\/ul>\n<p>Nh\u00e2n vi\u00ean giao v\u0103n h\u00f3a c\u00f3 cung c\u1ea5p th\u00f4ng tin v\u1ec1 c\u00e1c ch\u01b0\u01a1ng tr\u00ecnh h\u1ed7 tr\u1ee3 cho ng\u01b0\u1eddi di c\u01b0, do qu\u1eadn Praha 14 t\u1ed5 ch\u1ee9c, v\u1ec1 c\u00e1c ch\u01b0\u01a1ng tr\u00ecnh v\u00e0 s\u1ef1 ki\u1ec7n c\u1ee7a c\u00e1c trung t\u00e2m v\u0103n h\u00f3a nh\u01b0 KC Plech\u00e1rna, KC Karda\u0161ovsk\u00e1, KC H55 v\u00e0 KD Kyje. B\u1ea1n c\u00f3 th\u1ec3 ch\u1ee7 \u0111\u1ed9ng tham gia t\u1ea5t c\u1ea3 c\u00e1c s\u1ef1 ki\u1ec7n n\u00e0y mi\u1ec5n ph\u00ed ho\u1eb7c v\u1edbi m\u1ed9t kho\u1ea3n ph\u00ed t\u1ed1i thi\u1ec3u.<\/p>\n<p>Ngo\u00e0i ra, ch\u00fang t\u00f4i s\u1ebd cung c\u1ea5p cho b\u1ea1n th\u00f4ng tin v\u1ec1 c\u00e1ch th\u1ef1c hi\u1ec7n c\u00e1c s\u1ef1 ki\u1ec7n c\u1ed9ng \u0111\u1ed3ng ho\u1eb7c \u00fd t\u01b0\u1edfng c\u1ee7a b\u1ea1n \u1edf qu\u1eadn Praha 14.<\/p>\n<p>N\u1ebfu b\u1ea1n c\u00f3 b\u1ea5t k\u1ef3 c\u00e2u h\u1ecfi n\u00e0o, h\u00e3y li\u00ean h\u1ec7 v\u1edbi nh\u00e2n vi\u00ean c\u1ee7a ch\u00fang t\u00f4i:<\/p>\n<p>ThS Liudmila Gasina<\/p>\n<p>email: <a href=\"mailto:liudmila.gasina@praha14.cz\">liudmila.gasina@praha14.cz\u00a0<\/a><a href=\"mailto:liudmilagasina@gmail.com\"><\/a><\/p>\n<p>&nbsp;<\/p>\n<h2><span style=\"color: #ff0000;\"><strong>H\u1ed7 tr\u1ee3 tr\u1ebb em h\u1ecdc ti\u1ebfng S\u00e9c<\/strong><\/span><\/h2>\n<p>Trong ch\u01b0\u01a1ng tr\u00ecnh h\u1ed9i nh\u1eadp c\u1ee7a ng\u01b0\u1eddi n\u01b0\u1edbc ngo\u00e0i, vi\u1ec7c h\u1ed7 tr\u1ee3 tr\u1ebb em nh\u1eadp c\u01b0 trong vi\u1ec7c d\u1ea1y ti\u1ebfng S\u00e9c \u0111\u01b0\u1ee3c ch\u00fa tr\u1ecdng. Qu\u1eadn Praha 14 th\u1ef1c hi\u1ec7n m\u1ed9t s\u1ed1 ch\u01b0\u01a1ng tr\u00ecnh nh\u1eb1m \u0111\u01b0a tr\u1ebb em v\u00e0o m\u00f4i tr\u01b0\u1eddng S\u00e9c m\u1ed9t c\u00e1ch hi\u1ec7u qu\u1ea3 nh\u1ea5t.<\/p>\n<p>C\u00e1c gi\u00e1o vi\u00ean v\u00e0 nh\u00e2n vi\u00ean tr\u01b0\u1eddng m\u1eabu gi\u00e1o v\u00e0 ti\u1ec3u h\u1ecdc \u0111\u1ec1u gi\u00fap \u0111\u1ee1 t\u1ea5t c\u1ea3 tr\u1ebb em. Nh\u1edd kinh nghi\u1ec7m phong ph\u00fa trong vi\u1ec7c h\u1ed9i nh\u1eadp ng\u01b0\u1eddi n\u01b0\u1edbc ngo\u00e0i v\u00e0o m\u00f4i tr\u01b0\u1eddng S\u00e9c, tr\u1ebb em nhanh ch\u00f3ng \u0111\u1ecbnh h\u01b0\u1edbng ch\u01b0\u01a1ng tr\u00ecnh h\u1ecdc \u1edf tr\u01b0\u1eddng v\u00e0 giao ti\u1ebfp v\u1edbi c\u00e1c b\u1ea1n c\u00f9ng l\u1edbp. N\u1ebfu b\u1ea1n mu\u1ed1n con m\u00ecnh theo h\u1ecdc t\u1ea1i tr\u01b0\u1eddng c\u00f3 ch\u01b0\u01a1ng tr\u00ecnh h\u1ed9i nh\u1eadp, h\u00e3y li\u00ean h\u1ec7 v\u1edbi m\u1ed9t trong nh\u1eefng \u0111\u1ecba ch\u1ec9 sau:<\/p>\n<ul class=\"bullet\">\n<li>Tr\u01b0\u1eddng ti\u1ec3u h\u1ecdc Praha 9, Lehovec, Chvaletick\u00e1 918<\/li>\n<li>Tr\u01b0\u1eddng ti\u1ec3u h\u1ecdc Praha 9, \u010cern\u00fd Most, Vyb\u00edralova 964<\/li>\n<li>Tr\u01b0\u1eddng ti\u1ec3u h\u1ecdc Hloub\u011bt\u00ednsk\u00e1 700, Lehovec, Chvaletick\u00e1 918<\/li>\n<li>Tr\u01b0\u1eddng ti\u1ec3u h\u1ecdc Brat\u0159\u00ed Vencl\u00edk\u016f, \u010cern\u00fd Most, B\u0159\u00ed. Vencl\u00edk\u016f 1140<\/li>\n<li>Tr\u01b0\u1eddng ti\u1ec3u h\u1ecdc Gener\u00e1la Janou\u0161ek, \u010cern\u00fd Most, Gen. Janou\u0161ka 1006<\/li>\n<li>Tr\u01b0\u1eddng m\u1eabu gi\u00e1o Kor\u00e1lek, Bobkova 766<\/li>\n<li>Tr\u01b0\u1eddng m\u1eabu gi\u00e1o Obl\u00e1\u010dek, \u0160ebelova 874<\/li>\n<li>Tr\u01b0\u1eddng m\u1eabu gi\u00e1o Vyb\u00edralova 968<\/li>\n<li>Tr\u01b0\u1eddng m\u1eabu gi\u00e1o Paculova 1115<\/li>\n<li>Tr\u01b0\u1eddng m\u1eabu gi\u00e1o Slun\u00ed\u010dko, \u010cern\u00fd Most, Gen. Janou\u0161ka 1005<\/li>\n<li>B\u1ea1n c\u00f3 th\u1ec3 tham gia mi\u1ec5n ph\u00ed c\u00e1c kh\u00f3a h\u1ecdc ti\u1ebfng S\u00e9c.<\/li>\n<\/ul>\n<p>&nbsp;<\/p>\n<h2><span style=\"color: #ff0000;\"><strong>\u0110\u00e0o t\u1ea1o ng\u01b0\u1eddi l\u1edbn<\/strong><\/span><\/h2>\n<p>S\u1ef1 h\u1ed9i nh\u1eadp c\u1ee7a ng\u01b0\u1eddi di c\u01b0 tr\u01b0\u1edfng th\u00e0nh c\u0169ng r\u1ea5t quan tr\u1ecdng nh\u01b0 s\u1ef1 h\u1ed9i nh\u1eadp c\u1ee7a tr\u1ebb em. V\u00ec l\u00fd do n\u00e0y, qu\u1eadn Praha 14 \u0111\u00e3 ph\u00e1t tri\u1ec3n l\u0129nh v\u1ef1c n\u00e0y trong v\u00e0i n\u0103m qua.<\/p>\n<p>Ng\u01b0\u1eddi l\u1edbn c\u00f3 th\u1ec3 \u0111\u0103ng k\u00fd c\u00e1c kh\u00f3a h\u1ecdc \u0111\u1ec3 b\u1eaft \u0111\u1ea7u h\u1ecdc ti\u1ebfng S\u00e9c. H\u1ecd c\u0169ng c\u00f3 c\u01a1 h\u1ed9i tham gia c\u00e1c s\u1ef1 ki\u1ec7n kh\u00f4ng ch\u00ednh th\u1ee9c \u0111\u1ec3 c\u00f3 th\u1ec3 g\u1eb7p g\u1ee1 nh\u1eefng ng\u01b0\u1eddi kh\u00e1c v\u00e0 t\u00ecm hi\u1ec3u v\u1ec1 v\u0103n h\u00f3a S\u00e9c.<\/p>\n<p>Ngo\u00e0i nh\u1eefng \u0111i\u1ec1u tr\u00ean, ch\u00fang t\u00f4i c\u00f2n t\u1ed5 ch\u1ee9c c\u00e1c bu\u1ed5i thuy\u1ebft gi\u1ea3ng v\u1ec1 v\u0103n h\u00f3a x\u00e3 h\u1ed9i \u0111\u1ec3 gi\u00fap c\u00e1c b\u1ea1n h\u1ed9i nh\u1eadp v\u00e0o m\u00f4i tr\u01b0\u1eddng \u0111\u1ecba ph\u01b0\u01a1ng v\u00e0 hi\u1ec3u bi\u1ebft v\u1ec1 quy\u1ec1n l\u1ee3i v\u00e0 ngh\u0129a v\u1ee5 c\u1ee7a c\u00f4ng d\u00e2n.<\/p>\n<p>&nbsp;<\/p>\n<h3><span style=\"color: #ff0000;\"><strong>D\u1ea1y ti\u1ebfng S\u00e9c<\/strong><\/span><\/h3>\n<p><strong>T\u1ed5 ch\u1ee9c Charita <\/strong><strong>Gi\u00e1o X\u1ee9 Praha 14<\/strong><\/p>\n<p>C\u00e1c kh\u00f3a h\u1ecdc ti\u1ebfng S\u00e9c mi\u1ec5n ph\u00ed \u0111\u01b0\u1ee3c t\u1ed5 ch\u1ee9c b\u1edfi chi nh\u00e1nh Charita T\u1ed5ng Gi\u00e1o Ph\u1eadn Praha &#8211; Charita Gi\u00e1o X\u1ee9.<\/p>\n<p><a href=\"https:\/\/praha14.charita.cz\/jak-pomahame\/\">praha14.charita.cz\/jak-pomahame\/<\/a><\/p>\n<p>&nbsp;<\/p>\n<h2><span style=\"color: #ff0000;\"><strong>T\u01b0 v\u1ea5n chuy\u00ean nghi\u1ec7p<\/strong><\/span><\/h2>\n<p><strong>T\u1ed5 ch\u1ee9c gi\u00fap \u0111\u1ee1 ng\u01b0\u1eddi t\u1ecb n\u1ea1n (OPU)<\/strong><\/p>\n<p>T\u1ea1i Praha 14, t\u1ed5 ch\u1ee9c phi l\u1ee3i nhu\u1eadn OPU chuy\u00ean gi\u00fap \u0111\u1ee1 ng\u01b0\u1eddi di c\u01b0 v\u00e0 ng\u01b0\u1eddi t\u1ecb n\u1ea1n trong c\u00e1c v\u1ea5n \u0111\u1ec1 li\u00ean quan \u0111\u1ebfn ph\u00e1p l\u00fd v\u00e0 x\u00e3 h\u1ed9i, cung c\u1ea5p d\u1ecbch v\u1ee5 t\u01b0 v\u1ea5n kh\u1ea3o s\u00e1t ngo\u00e0i th\u1ef1c \u0111\u1ecba. N\u1ebfu c\u1ea7n, b\u1ea1n c\u00f3 th\u1ec3 li\u00ean h\u1ec7 v\u1edbi h\u1ecd b\u1ea5t c\u1ee9 l\u00fac n\u00e0o.<\/p>\n<p>Trong khu\u00f4n kh\u1ed5 c\u00f4ng vi\u1ec7c kh\u1ea3o s\u00e1t ngo\u00e0i th\u1ef1c \u0111\u1ecba, nh\u00e2n vi\u00ean c\u00f4ng t\u00e1c x\u00e3 h\u1ed9i \u0111\u1ee7 ti\u00eau chu\u1ea9n v\u00e0 nh\u00e2n vi\u00ean giao v\u0103n h\u00f3a (n\u00f3i ti\u1ebfng Vi\u1ec7t ho\u1eb7c ti\u1ebfng Nga) giao ti\u1ebfp, gi\u00fap \u0111\u1ee1 v\u00e0 t\u01b0 v\u1ea5n ngay t\u1ea1i ch\u1ed7 cho ng\u01b0\u1eddi di c\u01b0.<\/p>\n<p>Li\u00ean h\u1ec7: +420 730 158 779, e-mail: <a href=\"mailto:opu@opu.cz\">opu@opu.cz\u00a0<\/a><\/p>\n<p>&nbsp;<\/p>\n<p><strong>Trung t\u00e2m H\u1ed9i nh\u1eadp Praha (ICP)<\/strong><\/p>\n<p>ICP c\u00f3 chi nh\u00e1nh ri\u00eang t\u1ea1i Praha 14. B\u1ea1n c\u00f3 th\u1ec3 \u0111\u1ebfn \u0111\u00e2y v\u00e0 t\u01b0 v\u1ea5n mi\u1ec5n ph\u00ed v\u1edbi lu\u1eadt s\u01b0 ho\u1eb7c nh\u00e2n vi\u00ean c\u00f4ng t\u00e1c x\u00e3 h\u1ed9i.<\/p>\n<p>\u0110\u1ec3 bi\u1ebft th\u00eam th\u00f4ng tin: <a href=\"\/\/icpraha.com\/vi\/\">icpraha.com\/vi\/<\/a><\/p>\n<p>\u0110\u1ecba ch\u1ec9: Ku\u010derova 727\/3, Praha 14<\/p>\n<p>&nbsp;<\/p>\n<h2><span style=\"color: #ff0000;\"><strong>C\u00e1c d\u1ecbch v\u1ee5 h\u1eefu \u00edch c\u1ee7a \u1ee7y<\/strong><strong> ban Praha 14<\/strong><\/span><\/h2>\n<p><span style=\"color: #ff0000;\"><strong>Chi nh\u00e1nh s\u1edf lao \u0111\u1ed9ng<\/strong><\/span><\/p>\n<p>Li\u00ean h\u1ec7 v\u0103n ph\u00f2ng Praha 9 (d\u00e0nh cho Praha 9, 14, 18, 19, 20 v\u00e0 21)<\/p>\n<p><a href=\"https:\/\/www.uradprace.cz\/kontakty-na-zamestnance-7\">\/\/www.uradprace.cz\/web\/cz\/kontakty-na-zamestnance-9<\/a><\/p>\n<p><a href=\"https:\/\/www.uradprace.cz\/praha-9\">\/\/www.uradprace.cz\/web\/cz\/praha-9<\/a><\/p>\n<p><a href=\"\/\/www.uradprace.cz\/web\/cz\/volna-mista-v-cr\">\/\/www.uradprace.cz\/web\/cz\/volna-mista-v-cr<\/a><\/p>\n<p>&nbsp;<\/p>\n<h3><span style=\"color: #ff0000;\"><strong>\u0110\u1eddi s\u1ed1ng v\u0103n h\u00f3a<\/strong><\/span><\/h3>\n<p>T\u1ea1i Praha 14 c\u00f3 t\u1ed5ng c\u1ed9ng 3 nh\u00e0 v\u0103n h\u00f3a. N\u1ebfu b\u1ea1n l\u00e0 c\u01b0 d\u00e2n c\u1ee7a Praha 14 v\u00e0 kh\u00f4ng bi\u1ebft v\u1ec1 c\u00e1c nh\u00e0 v\u0103n h\u00f3a n\u00e0y th\u00ec n\u00ean t\u00ecm hi\u1ec3u v\u1ec1 c\u00e1c n\u01a1i n\u00e0y v\u00e0 c\u1ea3 v\u1ec1 c\u00e1c ho\u1ea1t \u0111\u1ed9ng c\u1ee7a h\u1ecd.<\/p>\n<p>C\u00e1c nh\u00e0 v\u0103n h\u00f3a c\u00f3 \u0111\u1eb7c \u0111i\u1ec3m l\u00e0 ch\u01b0\u01a1ng tr\u00ecnh phong ph\u00fa (t\u1ed5 ch\u1ee9c c\u00e1c s\u1ef1 ki\u1ec7n v\u0103n h\u00f3a, gi\u1ea3i tr\u00ed, gi\u00e1o d\u1ee5c, th\u1ec3 thao) v\u00e0 thu ph\u00ed \u00edt ho\u1eb7c kh\u00f4ng thu ph\u00ed v\u00e0o c\u1eeda. B\u1ea1n c\u00f3 th\u1ec3 t\u00ecm hi\u1ec3u v\u1ec1 nhi\u1ec1u s\u1ef1 ki\u1ec7n v\u00e0 c\u00e1c l\u1edbp h\u1ecdc c\u1ee7a chuy\u00ean gia, \u0111\u01b0\u1ee3c t\u1ed5 ch\u1ee9c ho\u00e0n to\u00e0n mi\u1ec5n ph\u00ed, tr\u00ean trang web c\u1ee7a m\u1ed9t trong nh\u1eefng nh\u00e0 v\u0103n h\u00f3a n\u00e0y.<\/p>\n<p>H55<\/p>\n<p><a href=\"\/\/www.h55.cz\/\">\/\/www.h55.cz\/<\/a><\/p>\n<p>Plech\u00e1rna<\/p>\n<p><a href=\"http:\/\/www.plecharnacernymost.cz\/cz\">\/\/www.plecharnacernymost.cz\/<\/a><\/p>\n<p>KD Kyje<\/p>\n<p><a href=\"http:\/\/www.kdkyje.cz\/\">\/\/www.kdkyje.cz\/<\/a><\/p>\n<p>&nbsp;<\/p>\n<p>L\u1ecbch s\u1ef1 ki\u1ec7n \u1edf Praha 14<\/p>\n<p>B\u1ea1n kh\u00f4ng bi\u1ebft ph\u1ea3i ch\u1ecdn trung t\u00e2m v\u0103n h\u00f3a n\u00e0o? B\u1ea1n h\u00e3y s\u1eed d\u1ee5ng l\u1ecbch c\u1ee7a Praha 14 v\u00e0 nh\u1eadn th\u00f4ng tin v\u1ec1 c\u00e1c s\u1ef1 ki\u1ec7n v\u0103n h\u00f3a theo s\u1edf th\u00edch v\u00e0 kh\u1ea3 n\u0103ng th\u1eddi gian c\u1ee7a m\u00ecnh, h\u00e3y ch\u1ecdn l\u1ecbch ph\u00f9 h\u1ee3p nh\u1ea5t v\u1edbi b\u1ea1n.<\/p>\n<p><a href=\"\/\/www.praha14.cz\/zivot-na-praze-14\/akce\/\">\/\/www.praha14.cz\/zivot-na-praze-14\/akce\/<\/a><\/p>\n<p>&nbsp;<\/p>\n<h3>C\u00e1c c\u01a1 quan ch\u1ee9c n\u0103ng kh\u00e1c:<\/h3>\n<h4>Chi nh\u00e1nh c\u1ee7a S\u1edf Lao \u0111\u1ed9ng<\/h4>\n<ul class=\"bullet\">\n<li><a href=\"https:\/\/www.uradprace.cz\/praha-9\">Praha 9<\/a>\u00a0&#8211; V\u0103n ph\u00f2ng li\u00ean h\u1ec7 Praha 9 (cho Praha 9, 14, 18, 19, 20 v\u00e0 21)<\/li>\n<\/ul>\n<p><a href=\"https:\/\/www.uradprace.cz\/praha-9\">Li\u00ean h\u1ec7<\/a>,\u00a0<a href=\"https:\/\/www.uradprace.cz\/web\/cz\/volna-mista-v-cr\">Tuy\u1ec3n d\u1ee5ng<\/a><a href=\"https:\/\/www.uradprace.cz\/kontakty-na-zamestnance-7\"><\/a><\/p>\n<h4>Chi nh\u00e1nh c\u1ee7a C\u1ee5c B\u1ea3o hi\u1ec3m x\u00e3 h\u1ed9i Praha<\/h4>\n<p>C\u1ee5c b\u1ea3o hi\u1ec3m x\u00e3 h\u1ed9i Praha kh\u00f4ng quy \u0111\u1ecbnh ph\u1ea1m vi l\u00e3nh th\u1ed5 quy\u1ec1n h\u00e0nh cho t\u1eebng chi nh\u00e1nh. V\u00ec v\u1eady, b\u1ea1n c\u00f3 th\u1ec3 t\u1edbi b\u1ea5t k\u1ef3 ph\u00f2ng b\u1ea3o hi\u1ec3m x\u00e3 h\u1ed9i n\u00e0o m\u00e0 kh\u00f4ng ph\u1ee5 thu\u1ed9c v\u00e0o \u0111\u1ecba ch\u1ec9 c\u01b0 tr\u00fa c\u1ee7a m\u00ecnh.<\/p>\n<ul class=\"bullet-links\">\n<li><u><a href=\"\/\/www.cssz.cz\/cz\/kontakty\/krajska-a-okresni-pracoviste\/praha\/\">Th\u00f4ng tin chi ti\u1ebft v\u1ec1 t\u1eebng chi nh\u00e1nh<\/a><\/u><\/li>\n<\/ul>\n<h4>Chi nh\u00e1nh c\u1ee7a S\u1edf Thu\u1ebf<\/h4>\n<ul class=\"bullet\">\n<li>V\u0103n ph\u00f2ng khu v\u1ef1c\u00a0<a href=\"https:\/\/www.financnisprava.cz\/cs\/financni-sprava\/financni-sprava-cr\/organizacni-struktura\/organy-financni-spravy\/uzemni-pracoviste\/2009-uzemni-pracoviste-pro-prahu-9\">Praha 9<\/a><\/li>\n<\/ul>\n<p><\/p>","protected":false},"excerpt":{"rendered":"<p>\u1ee6Y BAN QU\u1eacN PRAHA 14 &nbsp; Brat\u0159\u00ed Vencl\u00edk\u016f 1073\/8, 198 21 Praha 9 \u2013 \u010cern\u00fd Most t\u1ed5ng \u0111\u00e0i: 225 295 101, v\u0103n ph\u00f2ng th\u00f4ng tin: 225 295 270, ph\u00f2ng nh\u1eadn h\u1ed3 s\u01a1: 281 912 861 e-mail:\u00a0podatelna@praha14.cz,\u00a0informace@praha14.cz trang web:\u00a0www.praha14.cz &nbsp; Ng\u01b0\u1eddi&#8230;<\/p>\n<a class=\"more-block\" href=\"https:\/\/metropolevsech.eu\/vi\/kontakty\/urady-v-praze\/mestske-casti\/jednotlive-mestske-casti\/mestska-cast-praha-14\/\">\u0110\u1ecdc th\u00eam<\/a>","protected":false},"author":7,"featured_media":0,"parent":3406,"menu_order":14,"comment_status":"closed","ping_status":"closed","template":"","meta":[],"acf":[],"_links":{"self":[{"href":"https:\/\/metropolevsech.eu\/vi\/wp-json\/wp\/v2\/pages\/3434"}],"collection":[{"href":"https:\/\/metropolevsech.eu\/vi\/wp-json\/wp\/v2\/pages"}],"about":[{"href":"https:\/\/metropolevsech.eu\/vi\/wp-json\/wp\/v2\/types\/page"}],"author":[{"embeddable":true,"href":"https:\/\/metropolevsech.eu\/vi\/wp-json\/wp\/v2\/users\/7"}],"replies":[{"embeddable":true,"href":"https:\/\/metropolevsech.eu\/vi\/wp-json\/wp\/v2\/comments?post=3434"}],"version-history":[{"count":6,"href":"https:\/\/metropolevsech.eu\/vi\/wp-json\/wp\/v2\/pages\/3434\/revisions"}],"predecessor-version":[{"id":21876,"href":"https:\/\/metropolevsech.eu\/vi\/wp-json\/wp\/v2\/pages\/3434\/revisions\/21876"}],"up":[{"embeddable":true,"href":"https:\/\/metropolevsech.eu\/vi\/wp-json\/wp\/v2\/pages\/3406"}],"wp:attachment":[{"href":"https:\/\/metropolevsech.eu\/vi\/wp-json\/wp\/v2\/media?parent=3434"}],"curies":[{"name":"wp","href":"https:\/\/api.w.org\/{rel}","templated":true}]}}