{"id":3436,"date":"2017-05-14T22:41:51","date_gmt":"2017-05-14T20:41:51","guid":{"rendered":"https:\/\/metropolevsech.eu\/?page_id=3436"},"modified":"2025-02-20T13:07:40","modified_gmt":"2025-02-20T12:07:40","slug":"mestska-cast-praha-15","status":"publish","type":"page","link":"https:\/\/metropolevsech.eu\/vi\/kontakty\/urady-v-praze\/mestske-casti\/jednotlive-mestske-casti\/mestska-cast-praha-15\/","title":{"rendered":"Qu\u1eadn Praha 15"},"content":{"rendered":"<p><\/p>\n<h3>\u1ee6Y BAN QU\u1eacN PRAHA 15<\/h3>\n<p>Bolo\u0148sk\u00e1 478\/1, 109 00 Praha 10 \u2013 Horn\u00ed M\u011bcholupy<\/p>\n<p>t\u1ed5ng \u0111\u00e0i: 281 003 111, v\u0103n ph\u00f2ng th\u00f4ng tin: 281 003 190, 281 003 191<\/p>\n<p>ph\u00f2ng nh\u1eadn h\u1ed3 s\u01a1: 281 003 192, 281 003 193<\/p>\n<p>e-mail:\u00a0<a href=\"mailto:podatelna@praha15.cz\">podatelna@praha15.cz<\/a><\/p>\n<p>trang web:\u00a0<a href=\"\/\/www.praha15.cz\">www.praha15.cz<\/a><\/p>\n<div class=\"box-fixa\"><\/p>\n<p>Qu\u1eadn 15 th\u1ef1c hi\u1ec7n c\u00e1c nhi\u1ec7m v\u1ee5 c\u1ee7a ch\u00ednh quy\u1ec1n th\u00e0nh ph\u1ed1 cho c\u1ea3 c\u00e1c qu\u1eadn Praha &#8211; Doln\u00ed M\u011bcholupy, Dube\u010d, Petrovice v\u00e0 \u0160t\u011brboholy.<\/p>\n<p><\/div>\n<p>Qu\u1eadn Praha 15 v\u1edbi s\u1ed1 d\u00e2n s\u1ed1 h\u01a1n 30\u00a0000 v\u00e0 di\u1ec7n t\u00edch 10,2 km\u00b2 n\u1eb1m \u1edf ph\u00eda \u0111\u00f4ng nam th\u1ee7 \u0111\u00f4 v\u00e0 \u0111\u01b0\u1ee3c h\u00ecnh th\u00e0nh v\u00e0o n\u0103m 1994 b\u1edfi s\u1ef1 s\u00e1t nh\u1eadp c\u1ee7a ph\u01b0\u1eddng Horn\u00ed M\u011bcholupy v\u00e0 Hostiva\u0159. T\u1ea1i \u0111\u00e2y c\u00f3 \u0111\u1eadp Hostiva\u0159 v\u1edbi c\u00f4ng vi\u00ean r\u1eebng li\u1ec1n k\u1ec1 v\u00e0 khu ph\u1ee9c h\u1ee3p th\u1ec3 thao c\u00f3 b\u1ec3 b\u01a1i b\u1ed1n m\u00f9a v\u00e0 s\u00e2n th\u1ec3 thao \u0111a n\u0103ng trong nh\u00e0. Trong v\u00f9ng l\u00e2n c\u1eadn c\u1ee7a \u0111\u1eadp l\u00e0 Kh\u00fac u\u1ed1n Boti\u010d \u0111\u01b0\u1ee3c c\u00f4ng nh\u1eadn l\u00e0 khu v\u1ef1c thi\u00ean nhi\u00ean \u0111\u01b0\u1ee3c b\u1ea3o v\u1ec7, v\u00e0 khu Star\u00e1 Hostiva\u0159 l\u00e0 khu b\u1ea3o t\u1ed3n. Ph\u00eda tr\u00ean \u0111\u1eadp Hostiva\u0159 l\u00e0 di t\u00edch kh\u1ea3o c\u1ed5 h\u1ecdc h\u1ea1ng I Hradi\u0161t\u011b Hostiva\u0159. Di t\u00edch v\u0103n h\u00f3a b\u1ea5t \u0111\u1ed9ng s\u1ea3n n\u1ed5i ti\u1ebfng nh\u1ea5t c\u1ee7a Hostiva\u0159 l\u00e0 Nh\u00e0 th\u1edd St\u011bt\u00ed th\u00e1nh Jan K\u0159titel tr\u00ean \u0111\u01b0\u1eddng Domk\u00e1\u0159sk\u00e1, \u0111\u00e2y l\u00e0 m\u1ed9t trong nh\u1eefng \u0111i\u1ec7n th\u1edd c\u1ed5 k\u00ednh nh\u1ea5t Praha.<\/p>\n<p>Hi\u1ec7n nay, qu\u1eadn Praha 15 l\u00e0 khu v\u1ef1c d\u00e2n c\u01b0 v\u00e0 gi\u1ea3i tr\u00ed \u0111\u01b0\u1ee3c nhi\u1ec1u ng\u01b0\u1eddi t\u00ecm \u0111\u1ebfn. V\u1edbi s\u1ef1 ph\u00e1t tri\u1ec3n c\u1ee7a qu\u1eadn v\u00e0 c\u00f4ng tr\u00ecnh x\u00e2y d\u1ef1ng nh\u00e0 li\u1ec1n k\u1ec1, tr\u00ean \u0111\u1ecba b\u00e0n c\u1ee7a qu\u1eadn h\u00e0nh ch\u00ednh \u0111\u00e3 xu\u1ea5t hi\u1ec7n m\u1ed9t v\u00e0i s\u00e2n th\u1ec3 thao v\u00e0 \u0111\u1ecba \u0111i\u1ec3m vui ch\u01a1i gi\u1ea3i tr\u00ed, v\u00ed d\u1ee5 nh\u01b0 s\u00e2n golf, \u0111\u01b0\u1eddng \u0111i xe \u0111\u1ea1p, c\u00f4ng vi\u00ean leo d\u00e2y v\u00e0 \u0111\u1eadp Hostiva\u0159 \u0111\u01b0\u1ee3c l\u00e0m m\u1edbi. Ng\u01b0\u1eddi d\u00e2n qu\u1eadn Praha 15 c\u00f3 th\u1ec3 g\u1eb7p g\u1ee1 v\u00e0 gi\u1ea3i tr\u00ed trong c\u00e1c c\u00e2u l\u1ea1c b\u1ed9 v\u00e0 t\u1ed5 ch\u1ee9c, v\u00ed d\u1ee5 nh\u01b0 Obec bar\u00e1\u010dn\u00edk\u016f (H\u1ed9i c\u00e1c ch\u1ee7 nh\u00e0 v\u01b0\u1eddn), Ryb\u00e1\u0159sk\u00fd svaz (Hi\u1ec7p h\u1ed9i c\u00e2u c\u00e1), Sbor dobrovoln\u00fdch hasi\u010d\u016f (H\u1ed9i t\u00ecnh nguy\u1ec7n vi\u00ean c\u1ee9u h\u1ecfa), ng\u01b0\u1eddi cao tu\u1ed5i th\u00ec c\u00f3 Klub senior\u016f (C\u00e2u l\u1ea1c b\u1ed9 ng\u01b0\u1eddi cao tu\u1ed5i), ho\u1eb7c Svaz senior\u016f \u2013 Aktivn\u00ed senio\u0159i Praha 15 (Hi\u1ec7p h\u1ed9i ng\u01b0\u1eddi cao tu\u1ed5i \u2013 Ng\u01b0\u1eddi cao tu\u1ed5i t\u00edch c\u1ef1c v\u00e0 nhi\u1ec1u h\u1ed9i kh\u00e1c.<\/p>\n<p>Qu\u1eadn Praha 15 h\u1ed7 tr\u1ee3 c\u00e1c tr\u01b0\u1eddng ph\u1ed5 th\u00f4ng gi\u00e1o d\u1ee5c tr\u1ebb em n\u01b0\u1edbc ngo\u00e0i b\u1eb1ng c\u00e1ch d\u1ea1y ti\u1ebfng S\u00e9c, h\u1ee3p t\u00e1c ch\u1eb7t ch\u1ebd v\u1edbi Interven\u010dn\u00ed centrum Praha (Trung t\u00e2m can thi\u1ec7p Praha) \u0111\u1ec3 gi\u1ea3i quy\u1ebft nh\u1eefng nhu c\u1ea7u c\u00e1 nh\u00e2n c\u1ee7a ng\u01b0\u1eddi n\u01b0\u1edbc ngo\u00e0i, trong khu\u00f4n kh\u1ed5 ch\u01b0\u01a1ng tr\u00ecnh t\u00e0i tr\u1ee3 qu\u1eadn \u0111\u00f3ng g\u00f3p t\u00e0i ch\u00ednh h\u00e0ng n\u0103m cho c\u00e1c s\u1ef1 ki\u1ec7n v\u0103n h\u00f3a d\u00e0nh cho c\u1ed9ng \u0111\u1ed3ng thi\u1ec3u s\u1ed1 \u0111\u01b0\u1ee3c t\u1ed5 ch\u1ee9c t\u1ea1i qu\u1eadn h\u00e0nh ch\u00ednh.<\/p>\n<h3>Chi nh\u00e1nh c\u1ee7a S\u1edf Lao \u0111\u1ed9ng<\/h3>\n<ul class=\"bullet\">\n<li><a href=\"https:\/\/www.uradprace.cz\/praha-10\">Praha 10<\/a>\u00a0&#8211; V\u0103n ph\u00f2ng li\u00ean h\u1ec7 Praha 10 (cho Praha 10, 15 v\u00e0 22)<\/li>\n<\/ul>\n<p><a href=\"https:\/\/www.uradprace.cz\/praha-10\">Li\u00ean h\u1ec7<\/a>,\u00a0<a href=\"https:\/\/www.uradprace.cz\/web\/cz\/volna-mista-v-cr\">Tuy\u1ec3n d\u1ee5ng<\/a><\/p>\n<p>&nbsp;<\/p>\n<h3>Chi nh\u00e1nh c\u1ee7a C\u1ee5c B\u1ea3o hi\u1ec3m x\u00e3 h\u1ed9i Praha<\/h3>\n<p>C\u1ee5c b\u1ea3o hi\u1ec3m x\u00e3 h\u1ed9i Praha kh\u00f4ng quy \u0111\u1ecbnh ph\u1ea1m vi l\u00e3nh th\u1ed5 quy\u1ec1n h\u00e0nh cho t\u1eebng chi nh\u00e1nh. V\u00ec v\u1eady, b\u1ea1n c\u00f3 th\u1ec3 t\u1edbi b\u1ea5t k\u1ef3 ph\u00f2ng b\u1ea3o hi\u1ec3m x\u00e3 h\u1ed9i n\u00e0o m\u00e0 kh\u00f4ng ph\u1ee5 thu\u1ed9c v\u00e0o \u0111\u1ecba ch\u1ec9 c\u01b0 tr\u00fa c\u1ee7a m\u00ecnh.<\/p>\n<ul class=\"bullet-links\">\n<li><u><a href=\"\/\/www.cssz.cz\/cz\/kontakty\/krajska-a-okresni-pracoviste\/praha\/\">Th\u00f4ng tin chi ti\u1ebft v\u1ec1 t\u1eebng chi nh\u00e1nh<\/a><\/u><\/li>\n<\/ul>\n<p>&nbsp;<\/p>\n<h3>Chi nh\u00e1nh c\u1ee7a S\u1edf Thu\u1ebf<\/h3>\n<ul class=\"bullet\">\n<li>V\u0103n ph\u00f2ng khu v\u1ef1c\u00a0<a href=\"https:\/\/www.financnisprava.cz\/cs\/financni-sprava\/financni-sprava-cr\/organizacni-struktura\/organy-financni-spravy\/uzemni-pracoviste\/2010-uzemni-pracoviste-pro-prahu-10\">Praha 10<\/a><\/li>\n<\/ul>\n<p><\/p>","protected":false},"excerpt":{"rendered":"<p>\u1ee6Y BAN QU\u1eacN PRAHA 15 Bolo\u0148sk\u00e1 478\/1, 109 00 Praha 10 \u2013 Horn\u00ed M\u011bcholupy t\u1ed5ng \u0111\u00e0i: 281 003 111, v\u0103n ph\u00f2ng th\u00f4ng tin: 281 003 190, 281 003 191 ph\u00f2ng nh\u1eadn h\u1ed3 s\u01a1: 281 003 192, 281 003 193 e-mail:\u00a0podatelna@praha15.cz&#8230;<\/p>\n<a class=\"more-block\" href=\"https:\/\/metropolevsech.eu\/vi\/kontakty\/urady-v-praze\/mestske-casti\/jednotlive-mestske-casti\/mestska-cast-praha-15\/\">\u0110\u1ecdc th\u00eam<\/a>","protected":false},"author":7,"featured_media":0,"parent":3406,"menu_order":15,"comment_status":"closed","ping_status":"closed","template":"","meta":[],"acf":[],"_links":{"self":[{"href":"https:\/\/metropolevsech.eu\/vi\/wp-json\/wp\/v2\/pages\/3436"}],"collection":[{"href":"https:\/\/metropolevsech.eu\/vi\/wp-json\/wp\/v2\/pages"}],"about":[{"href":"https:\/\/metropolevsech.eu\/vi\/wp-json\/wp\/v2\/types\/page"}],"author":[{"embeddable":true,"href":"https:\/\/metropolevsech.eu\/vi\/wp-json\/wp\/v2\/users\/7"}],"replies":[{"embeddable":true,"href":"https:\/\/metropolevsech.eu\/vi\/wp-json\/wp\/v2\/comments?post=3436"}],"version-history":[{"count":5,"href":"https:\/\/metropolevsech.eu\/vi\/wp-json\/wp\/v2\/pages\/3436\/revisions"}],"predecessor-version":[{"id":21917,"href":"https:\/\/metropolevsech.eu\/vi\/wp-json\/wp\/v2\/pages\/3436\/revisions\/21917"}],"up":[{"embeddable":true,"href":"https:\/\/metropolevsech.eu\/vi\/wp-json\/wp\/v2\/pages\/3406"}],"wp:attachment":[{"href":"https:\/\/metropolevsech.eu\/vi\/wp-json\/wp\/v2\/media?parent=3436"}],"curies":[{"name":"wp","href":"https:\/\/api.w.org\/{rel}","templated":true}]}}